{"id":92,"date":"2020-08-03T13:35:48","date_gmt":"2020-08-03T10:35:48","guid":{"rendered":"https:\/\/blogi.eoppimispalvelut.fi\/etasote\/?page_id=92"},"modified":"2020-12-07T14:07:03","modified_gmt":"2020-12-07T12:07:03","slug":"etasote-hanke","status":"publish","type":"page","link":"https:\/\/blogi.eoppimispalvelut.fi\/etasote\/","title":{"rendered":"Etusivu"},"content":{"rendered":"<h2 class=\"entry-title\"><span style=\"color: #000000\"><strong>ET\u00c4SOTE-HANKE 1.6.-31.12.2020<\/strong><\/span><\/h2>\n<p><a href=\"https:\/\/blogi.eoppimispalvelut.fi\/etasote\/etasote-hanke-1-6-31-12-2020__trashed\/etasote-kuva\/\" rel=\"attachment wp-att-5\"><img loading=\"lazy\" decoding=\"async\" class=\"wp-image-5 alignright\" src=\"https:\/\/blogi.eoppimispalvelut.fi\/etasote\/files\/2020\/07\/Et\u00e4sote-kuva-.jpg\" alt=\"\" width=\"306\" height=\"202\" \/><\/a><\/p>\n<p><strong>Sote-alalla kaivataan osaamista et\u00e4palveluiden k\u00e4ytt\u00f6\u00f6n<\/strong><\/p>\n<p>Alan toimijoilla voi olla v\u00e4lineet ja valmiudet et\u00e4palveluiden tarjoamiseen, mutta ongelmaksi ovat nousseet tietosuojaan, tietoturvaan ja teknisiin ratkaisuihin liittyv\u00e4 osaamisen puute.<\/p>\n<p>Lapissa toimivat sosiaali- ja terveysalan mikro- ja pk-yritykset ovat joutuneet tilanteeseen, jossa perinteinen ty\u00f6skentely asiakkaan kanssa samassa fyysisess\u00e4 tilassa on mahdotonta. Nykyteknologisin et\u00e4yhteyksin voidaan tarjota palveluita, mutta pandemia on tuonut et\u00e4palveluiden toteuttamiselle uudenlaisia haasteita.<\/p>\n<p>COVID-19-pandemian nopea levi\u00e4minen sek\u00e4 sen seurauksena tullut yll\u00e4tt\u00e4v\u00e4 poikkeustila vaikeuttivat alan toimijoiden mahdollisuuksia toiminnan jatkamiseen.<\/p>\n<p>Vaikka joillakin alan toimijalla olisikin tekniset v\u00e4lineet ja valmiudet et\u00e4palveluiden k\u00e4ynnist\u00e4miseen, ongelmaksi ovat nousset suurimmalle osalle alan toimijoita tietosuojaan, tietoturvaan ja k\u00e4ytett\u00e4viin sovelluksiin sek\u00e4 teknisiin ratkaisuihin liittyv\u00e4 osaamisen puute. Palveluita on k\u00e4ynnistetty mm. sovelluksilla, jotka eiv\u00e4t takaa asiakkaan tietojen varmaa ja luotettavaa tallentamista eik\u00e4 tietoliikenteen osalta salattuja ja varmennettuja yhteyksi\u00e4, puhumattakaan palvelun tarjoajan teknisist\u00e4 taidoista.<\/p>\n<p>Et\u00e4sote-hankkeessa ennakoidaan tulevaisuuden ep\u00e4varmuutta ja mahdollisia uusia poikkeustilanteita, joissa kansalaisille tulee turvata sosiaali- ja terveyspalvelujen saaminen yhteiskunnallisesta tilanteesta huolimatta.<\/p>\n<p><strong>Tukea kuntoutus-, sosiaali-, terveys- ja vanhusty\u00f6t\u00e4 tekeville yrityksille<\/strong><\/p>\n<p>Yritykset tarvitsevat apua l\u00f6yt\u00e4\u00e4kseen helppok\u00e4ytt\u00f6isi\u00e4, asiakasyst\u00e4v\u00e4llisi\u00e4, edullisia ja tietoturvallisia v\u00e4lineit\u00e4, jotta selvit\u00e4 t\u00e4m\u00e4nhetkisest\u00e4 tilanteesta ja pandemian j\u00e4lkeisest\u00e4 el\u00e4m\u00e4st\u00e4. Hankkeen avulla varmistetaan kansalaisten yhdenvertaisia mahdollisuuksia saada heille kuuluvat palvelut poikkeustilasta ja v\u00e4limatkoista huolimatta.<\/p>\n<p>Hanke luo yrityksille uudenlaisia toimintamahdollisuuksia sek\u00e4 osaamista. N\u00e4in voidaan parhaalla mahdollisella tavalla varmentaa uudenlaisten toimintatapojen tasalaatuisuus asiakkaalle, jolloin osaamisen kehitt\u00e4minen ei ole yksin riippuvainen yksityisen tietoteknisi\u00e4 palveluja tarjoavan yrityksen osaamisesta ja toimintatavoista.<\/p>\n<p>Hankkeen my\u00f6t\u00e4 saatu osaaminen j\u00e4\u00e4 siin\u00e4 mukana olevien yrityksten voimavaraksi, ja sit\u00e4 voidaan hy\u00f6dynt\u00e4\u00e4 jatkossa laajenevana osana yritysten palvelutarjontaa. Sit\u00e4 kautta osaaminen j\u00e4\u00e4 pysyv\u00e4sti Lappiin ja sen asukkaiden hyv\u00e4ksi.<\/p>\n<p>&nbsp;<\/p>\n<p>Et\u00e4palveluosaaminen lapin sote-alan mikro- ja pk-yrityksille -hanke on Lapin ammattikorkeakoulun toteuttama ja sit\u00e4 rahoittaa Pohjois-Pohjanmaan Ely-keskus Euroopan sosiaalirahastosta (ESR) 82 654 eurolla.<\/p>\n<p>Toiminta-aika: 1.6.-31.12.2020<br \/>\nToiminta-alue: Lappi<br \/>\nRahoitus: ESR, 82 654 \u20ac.<br \/>\nToteutus: Lapin ammattikorkeakoulu Oy<br \/>\nKohderyhm\u00e4: Lapin sote-alan mikro- ja pk-yritykset<\/p>\n<p><strong>Lis\u00e4tietoja<\/strong><br \/>\nprojektip\u00e4\u00e4llikk\u00f6 Heli Katajam\u00e4ki<br \/>\nLapin AMK<br \/>\nheli.katajamaki(\u00e4t)lapinamk.fi<\/p>\n<p>&nbsp;<\/p>\n<p>Hanketiedot LapinAMK:n sivuilla<br \/>\n<a href=\"https:\/\/urly.fi\/1Fd9\">https:\/\/urly.fi\/1Fd9<\/a><\/p>\n<p>&nbsp;<\/p>\n<p>&nbsp;<\/p>\n<p>&nbsp;<\/p>\n<hr \/>\n<p><a href=\"https:\/\/blogi.eoppimispalvelut.fi\/etasote\/etasote-hanke\/logo-rivi\/\" rel=\"attachment wp-att-142\"><img loading=\"lazy\" decoding=\"async\" class=\"alignnone size-medium wp-image-142\" src=\"https:\/\/blogi.eoppimispalvelut.fi\/etasote\/files\/2020\/08\/logo-rivi-900x112.jpg\" alt=\"\" width=\"900\" height=\"112\" srcset=\"https:\/\/blogi.eoppimispalvelut.fi\/etasote\/files\/2020\/08\/logo-rivi-900x112.jpg 900w, https:\/\/blogi.eoppimispalvelut.fi\/etasote\/files\/2020\/08\/logo-rivi-1280x159.jpg 1280w, https:\/\/blogi.eoppimispalvelut.fi\/etasote\/files\/2020\/08\/logo-rivi-768x96.jpg 768w, https:\/\/blogi.eoppimispalvelut.fi\/etasote\/files\/2020\/08\/logo-rivi-1536x191.jpg 1536w, https:\/\/blogi.eoppimispalvelut.fi\/etasote\/files\/2020\/08\/logo-rivi-2048x255.jpg 2048w\" sizes=\"auto, (max-width: 706px) 89vw, (max-width: 767px) 82vw, 740px\" \/><\/a><\/p>\n<hr \/>\n<p><a href=\"https:\/\/blogi.eoppimispalvelut.fi\/etasote\/2020\/07\/14\/etasote-hanke-1-6-31-12-2020\/lapin-amk-logo-lomakekoko\/\" rel=\"attachment wp-att-47\"><img loading=\"lazy\" decoding=\"async\" class=\" wp-image-47\" src=\"https:\/\/blogi.eoppimispalvelut.fi\/etasote\/files\/2020\/07\/lapinamk_rgb_lomakekoko.jpg\" alt=\"\" width=\"160\" height=\"61\" \/><\/a><\/p>\n<p>Lapin AMK<br \/>\nJokiv\u00e4yl\u00e4 11 C<br \/>\n96300 Rovaniemi, Finland<br \/>\n+358 20 798 6000<\/p>\n<p><a href=\"http:\/\/www.lapinamk.fi\">www.lapinamk.fi<\/a><\/p>\n<p>&nbsp;<\/p>\n","protected":false},"excerpt":{"rendered":"<p>ET\u00c4SOTE-HANKE 1.6.-31.12.2020 Sote-alalla kaivataan osaamista et\u00e4palveluiden k\u00e4ytt\u00f6\u00f6n Alan toimijoilla voi olla v\u00e4lineet ja valmiudet et\u00e4palveluiden tarjoamiseen, mutta ongelmaksi ovat nousseet tietosuojaan, tietoturvaan ja teknisiin ratkaisuihin liittyv\u00e4 osaamisen puute. Lapissa toimivat sosiaali- ja terveysalan mikro- ja pk-yritykset ovat joutuneet tilanteeseen, jossa perinteinen ty\u00f6skentely asiakkaan kanssa samassa fyysisess\u00e4 tilassa on mahdotonta. Nykyteknologisin et\u00e4yhteyksin voidaan tarjota palveluita, mutta &hellip; <\/p>\n<p class=\"link-more\"><a href=\"https:\/\/blogi.eoppimispalvelut.fi\/etasote\/\" class=\"more-link\">Jatka lukemista<span class=\"screen-reader-text\"> &#8220;Etusivu&#8221;<\/span><\/a><\/p>\n","protected":false},"author":4411,"featured_media":0,"parent":0,"menu_order":0,"comment_status":"closed","ping_status":"closed","template":"","meta":{"footnotes":""},"class_list":["post-92","page","type-page","status-publish","hentry"],"_links":{"self":[{"href":"https:\/\/blogi.eoppimispalvelut.fi\/etasote\/wp-json\/wp\/v2\/pages\/92","targetHints":{"allow":["GET"]}}],"collection":[{"href":"https:\/\/blogi.eoppimispalvelut.fi\/etasote\/wp-json\/wp\/v2\/pages"}],"about":[{"href":"https:\/\/blogi.eoppimispalvelut.fi\/etasote\/wp-json\/wp\/v2\/types\/page"}],"author":[{"embeddable":true,"href":"https:\/\/blogi.eoppimispalvelut.fi\/etasote\/wp-json\/wp\/v2\/users\/4411"}],"replies":[{"embeddable":true,"href":"https:\/\/blogi.eoppimispalvelut.fi\/etasote\/wp-json\/wp\/v2\/comments?post=92"}],"version-history":[{"count":11,"href":"https:\/\/blogi.eoppimispalvelut.fi\/etasote\/wp-json\/wp\/v2\/pages\/92\/revisions"}],"predecessor-version":[{"id":383,"href":"https:\/\/blogi.eoppimispalvelut.fi\/etasote\/wp-json\/wp\/v2\/pages\/92\/revisions\/383"}],"wp:attachment":[{"href":"https:\/\/blogi.eoppimispalvelut.fi\/etasote\/wp-json\/wp\/v2\/media?parent=92"}],"curies":[{"name":"wp","href":"https:\/\/api.w.org\/{rel}","templated":true}]}}