{"id":2,"date":"2023-06-09T09:30:31","date_gmt":"2023-06-09T06:30:31","guid":{"rendered":"https:\/\/blogi.eoppimispalvelut.fi\/etema\/?page_id=2"},"modified":"2023-06-14T21:38:16","modified_gmt":"2023-06-14T18:38:16","slug":"etusivu","status":"publish","type":"page","link":"https:\/\/blogi.eoppimispalvelut.fi\/etema\/","title":{"rendered":"Etusivu"},"content":{"rendered":"<p>[et_pb_section fb_built=&#8221;1&#8243; _builder_version=&#8221;4.16&#8243; global_colors_info=&#8221;{}&#8221;][et_pb_row _builder_version=&#8221;4.16&#8243; background_size=&#8221;initial&#8221; background_position=&#8221;top_left&#8221; background_repeat=&#8221;repeat&#8221; hover_enabled=&#8221;0&#8243; global_colors_info=&#8221;{}&#8221; sticky_enabled=&#8221;0&#8243;][et_pb_column type=&#8221;4_4&#8243; _builder_version=&#8221;4.16&#8243; custom_padding=&#8221;|||&#8221; global_colors_info=&#8221;{}&#8221; custom_padding__hover=&#8221;|||&#8221;][et_pb_text _builder_version=&#8221;4.20.4&#8243; background_size=&#8221;initial&#8221; background_position=&#8221;top_left&#8221; background_repeat=&#8221;repeat&#8221; global_colors_info=&#8221;{}&#8221;]<\/p>\n<h2><!-- divi:paragraph --><strong>Ota el\u00e4mysteknologiaa haltuun matkailutuotteidesi osaksi!<\/strong><\/h2>\n<p>T\u00e4ll\u00e4 sivustolla olevan oppaan avulla p\u00e4\u00e4set pohtimaan el\u00e4mysteknologian hy\u00f6dynt\u00e4mist\u00e4 osana omia matkailutuotteitasi ja -palveluitasi. Opas on jaettu nelj\u00e4\u00e4n teemaan: tarinallisuus, pelillisyys, el\u00e4mysteknologia ja tietoturva. Linkit osioihin l\u00f6yd\u00e4t sivun yl\u00e4osasta. Jokaisesta osiosta on video-alustus sek\u00e4 teht\u00e4v\u00e4osio, jossa voit pohtia teemaa omien tuotteidesi n\u00e4k\u00f6kulmasta. Katso alta lyhyt esittelyvideo (n. 4 minuuttia)!<\/p>\n<p>&nbsp;<\/p>\n<p><!-- \/divi:paragraph -->[\/et_pb_text][et_pb_video src=&#8221;https:\/\/youtu.be\/yz8txmIJqK8&#8243; _builder_version=&#8221;4.20.4&#8243; _module_preset=&#8221;default&#8221; width=&#8221;75%&#8221; module_alignment=&#8221;center&#8221; custom_margin=&#8221;10px|10px|10px|10px|true|true&#8221; hover_enabled=&#8221;0&#8243; global_colors_info=&#8221;{}&#8221; sticky_enabled=&#8221;0&#8243;][\/et_pb_video][et_pb_text _builder_version=&#8221;4.20.4&#8243; _module_preset=&#8221;default&#8221; global_colors_info=&#8221;{}&#8221;]<\/p>\n<h2>Mit\u00e4 t\u00e4ll\u00e4 sivustolla on?<\/h2>\n<p>T\u00e4ll\u00e4 sivustolla on opas el\u00e4mysteknologian hy\u00f6dynt\u00e4misest\u00e4 matkailutuotteessa. Seuraamalla opasta alusta loppuun, voit halutessasi sunnitella omaa el\u00e4mysteknologiatuotettasi.<\/p>\n<p>Kaikista koulutuksen nelj\u00e4st\u00e4 teemasta on intro, luento ja teht\u00e4v\u00e4.<\/p>\n<ul>\n<li><span data-contrast=\"none\" xml:lang=\"FI-FI\" lang=\"FI-FI\" class=\"TextRun SCXW143603062 BCX8\"><span class=\"NormalTextRun SCXW143603062 BCX8\">Introssa pohjustetaan aihe ja annetaan mahdollisia n\u00e4k\u00f6kulmia, joita k\u00e4ytt\u00e4\u00e4 omassa pohdinnassa<\/span><\/span><span class=\"EOP SCXW143603062 BCX8\" data-ccp-props=\"{&quot;201341983&quot;:0,&quot;335559739&quot;:160,&quot;335559740&quot;:259}\">\u00a0<\/span><\/li>\n<li><span class=\"EOP SCXW143603062 BCX8\" data-ccp-props=\"{&quot;201341983&quot;:0,&quot;335559739&quot;:160,&quot;335559740&quot;:259}\"><span data-contrast=\"none\" xml:lang=\"FI-FI\" lang=\"FI-FI\" class=\"TextRun SCXW200432130 BCX8\"><span class=\"NormalTextRun SCXW200432130 BCX8\">Luennolla aihe k\u00e4yd\u00e4\u00e4n l\u00e4pi tiiviisti ja k\u00e4yt\u00e4nn\u00f6n esimerkkej\u00e4 k\u00e4ytt\u00e4en<\/span><\/span><span class=\"EOP SCXW200432130 BCX8\" data-ccp-props=\"{&quot;201341983&quot;:0,&quot;335559739&quot;:160,&quot;335559740&quot;:259}\">\u00a0<\/span><\/span><\/li>\n<li data-leveltext=\"o\" data-font=\"Courier New\" data-listid=\"1\" data-list-defn-props=\"{&quot;335552541&quot;:1,&quot;335559684&quot;:-2,&quot;335559685&quot;:1440,&quot;335559991&quot;:360,&quot;469769226&quot;:&quot;Courier New&quot;,&quot;469769242&quot;:[9675],&quot;469777803&quot;:&quot;left&quot;,&quot;469777804&quot;:&quot;o&quot;,&quot;469777815&quot;:&quot;hybridMultilevel&quot;}\" data-aria-posinset=\"2\" data-aria-level=\"2\"><span data-contrast=\"none\"><span>Teht\u00e4v\u00e4videolla k\u00e4yd\u00e4\u00e4n l\u00e4pi aihealueeseen liittyv\u00e4 pohdinta-\/suunnitteluteht\u00e4v\u00e4<\/span><\/span><span data-ccp-props=\"{&quot;201341983&quot;:0,&quot;335559739&quot;:160,&quot;335559740&quot;:259}\">\u00a0<\/span><\/li>\n<li data-leveltext=\"o\" data-font=\"Courier New\" data-listid=\"1\" data-list-defn-props=\"{&quot;335552541&quot;:1,&quot;335559684&quot;:-2,&quot;335559685&quot;:1440,&quot;335559991&quot;:360,&quot;469769226&quot;:&quot;Courier New&quot;,&quot;469769242&quot;:[9675],&quot;469777803&quot;:&quot;left&quot;,&quot;469777804&quot;:&quot;o&quot;,&quot;469777815&quot;:&quot;hybridMultilevel&quot;}\" data-aria-posinset=\"3\" data-aria-level=\"2\"><span data-contrast=\"none\"><span>Kirjallisessa materiaalissa on teht\u00e4v\u00e4t tekstimuodossa + tilaa kirjoittaa omia ajatuksia<\/span><\/span><span data-ccp-props=\"{&quot;201341983&quot;:0,&quot;335559739&quot;:160,&quot;335559740&quot;:259}\">\u00a0<\/span><span class=\"EOP SCXW143603062 BCX8\" data-ccp-props=\"{&quot;201341983&quot;:0,&quot;335559739&quot;:160,&quot;335559740&quot;:259}\"><span class=\"EOP SCXW200432130 BCX8\" data-ccp-props=\"{&quot;201341983&quot;:0,&quot;335559739&quot;:160,&quot;335559740&quot;:259}\"><\/span><\/span><\/li>\n<\/ul>\n<p><span data-contrast=\"none\">Kaikkien aiheiden teht\u00e4viss\u00e4 voit mietti\u00e4 aihetta tarkoitus mietti\u00e4 omien tuotteidesi kannalta. Voit tehd\u00e4<\/span><span data-contrast=\"none\"> kaikissa vaiheissa suunnitelmaa yhdelle ja samalle tuotteelle.<\/span><span data-ccp-props=\"{&quot;201341983&quot;:0,&quot;335559739&quot;:160,&quot;335559740&quot;:259}\">\u00a0<\/span><\/p>\n<p><span data-contrast=\"none\">Teht\u00e4vi\u00e4 voi tehd\u00e4 k\u00e4ytt\u00e4en apuna <a href=\"https:\/\/blogi.eoppimispalvelut.fi\/etema\/files\/2023\/06\/matkailijapersoonat.pdf\" target=\"_blank\" rel=\"noopener\" title=\"Nelj\u00e4 matkailijapersoonaa pdf\">nelj\u00e4\u00e4 esimerkkihahmoa, matkailijapersoonaa<\/a>, joiden tarpeisiin ja piirteisiin tuotetta voi peilata. Tutustu heihin vaikka heti!<\/span><span data-ccp-props=\"{&quot;201341983&quot;:0,&quot;335559739&quot;:160,&quot;335559740&quot;:259}\">\u00a0<\/span><\/p>\n<h2>Mit\u00e4 el\u00e4mysteknologiat ovat?<\/h2>\n<p>El\u00e4mysteknologialle ei ole virallista m\u00e4\u00e4ritelm\u00e4\u00e4, mutta se tarkoittaa erilaisia teknologisia keinoja, joilla esimerkiksi matkailijan kokemusta voidaan rikastaa ja parantaa matkalla, ennen matkaa ja matkan j\u00e4lkeen. Tapoja ja teknologioita on monia, mutta merkitt\u00e4v\u00e4 piirre kaikissa on vuorovaikutteisuus. Monelle tulee el\u00e4mysteknologioista mieleen virtuaalitodellisuuden kaltaiset ratkaisut, mutta helpommin ja halvemmalla toteutettavilla keinoilla voi my\u00f6s tehd\u00e4 matkailijoita kiinnostavia asioita.<\/p>\n<p>[\/et_pb_text][et_pb_text _builder_version=&#8221;4.20.4&#8243; _module_preset=&#8221;default&#8221; global_colors_info=&#8221;{}&#8221;]<\/p>\n<h3>Hankkeesta<\/h3>\n<p><span style=\"font-size: 14px\">eTema-hanke (EAKR) oli k\u00e4ynniss\u00e4 01.08.2022-28.02.2023, ja sen tavoitteena oli tuottaa matkailualan yritt\u00e4jille tietoa ja digitaalinen opas teknologioista, joita on mahdollista hy\u00f6dynt\u00e4\u00e4 matalalla kynnyksell\u00e4 osana matkailutuotteita.<\/span><\/p>\n<p>[\/et_pb_text][\/et_pb_column][\/et_pb_row][\/et_pb_section]<\/p>\n","protected":false},"excerpt":{"rendered":"<p>Ota el\u00e4mysteknologiaa haltuun matkailutuotteidesi osaksi! T\u00e4ll\u00e4 sivustolla olevan oppaan avulla p\u00e4\u00e4set pohtimaan el\u00e4mysteknologian hy\u00f6dynt\u00e4mist\u00e4 osana omia matkailutuotteitasi ja -palveluitasi. Opas on jaettu nelj\u00e4\u00e4n teemaan: tarinallisuus, pelillisyys, el\u00e4mysteknologia ja tietoturva. Linkit osioihin l\u00f6yd\u00e4t sivun yl\u00e4osasta. Jokaisesta osiosta on video-alustus sek\u00e4 teht\u00e4v\u00e4osio, jossa voit pohtia teemaa omien tuotteidesi n\u00e4k\u00f6kulmasta. Katso alta lyhyt esittelyvideo (n. 4 minuuttia)! &nbsp; [&hellip;]<\/p>\n","protected":false},"author":31,"featured_media":0,"parent":0,"menu_order":0,"comment_status":"closed","ping_status":"closed","template":"","meta":{"_et_pb_use_builder":"on","_et_pb_old_content":"<!-- wp:paragraph -->\n<p>T\u00e4ll\u00e4 sivustolla olevan oppaan avulla p\u00e4\u00e4set pohtimaan el\u00e4mysteknologian hy\u00f6dynt\u00e4mist\u00e4 osana omia matkailutuotteitasi ja -palveluitasi. Opas on jaettu nelj\u00e4\u00e4n teemaan:  Teknologia, tarinallisuus, pelillisyys ja tietoturva. Jokaisesta osiosta on video-alustus sek\u00e4 teht\u00e4v\u00e4osio, jossa voit pohtia teemaa omien tuotteidesi n\u00e4k\u00f6kulmasta.<\/p>\n<!-- \/wp:paragraph -->\n\n<!-- wp:paragraph -->\n<p><strong>Mit\u00e4 on el\u00e4mysteknologia?<\/strong><\/p>\n<!-- \/wp:paragraph -->\n\n<!-- wp:paragraph -->\n<p>El\u00e4mysteknologialle ei ole virallista m\u00e4\u00e4ritelm\u00e4\u00e4, mutta se tarkoittaa erilaisia teknologisia keinoja, joilla esimerkiksi matkailijan kokemusta voidaan rikastaa ja parantaa matkalla, ennen matkaa ja matkan j\u00e4lkeen. Tapoja ja teknologioita on monia, mutta merkitt\u00e4v\u00e4 piirre kaikissa on vuorovaikutteisuus. Monella tulee el\u00e4mysteknologioista mieleen virtuaalitodellisuuden kaltaiset ratkaisut, mutta helpommin ja halvemmalla toteutetuilla keinoilla voi my\u00f6s tehd\u00e4 matkailijoita kiinnostavia asioita. <\/p>\n<!-- \/wp:paragraph -->\n\n<!-- wp:paragraph -->\n<p><strong>Hankkeesta<\/strong><\/p>\n<!-- \/wp:paragraph -->\n\n<!-- wp:paragraph -->\n<p>eTema-hanke (EAKR) oli k\u00e4ynniss\u00e4 01.08.2022-28.02.2023, ja sen tavoitteena oli tuottaa matkailualan yritt\u00e4jille tietoa ja digitaalinen opas teknologioista, joita on mahdollista hy\u00f6dynt\u00e4\u00e4 matalalla kynnyksell\u00e4 osana matkailutuotteita.<\/p>\n<!-- \/wp:paragraph -->","_et_gb_content_width":"1080","footnotes":""},"class_list":["post-2","page","type-page","status-publish","hentry"],"_links":{"self":[{"href":"https:\/\/blogi.eoppimispalvelut.fi\/etema\/wp-json\/wp\/v2\/pages\/2","targetHints":{"allow":["GET"]}}],"collection":[{"href":"https:\/\/blogi.eoppimispalvelut.fi\/etema\/wp-json\/wp\/v2\/pages"}],"about":[{"href":"https:\/\/blogi.eoppimispalvelut.fi\/etema\/wp-json\/wp\/v2\/types\/page"}],"author":[{"embeddable":true,"href":"https:\/\/blogi.eoppimispalvelut.fi\/etema\/wp-json\/wp\/v2\/users\/31"}],"replies":[{"embeddable":true,"href":"https:\/\/blogi.eoppimispalvelut.fi\/etema\/wp-json\/wp\/v2\/comments?post=2"}],"version-history":[{"count":11,"href":"https:\/\/blogi.eoppimispalvelut.fi\/etema\/wp-json\/wp\/v2\/pages\/2\/revisions"}],"predecessor-version":[{"id":86,"href":"https:\/\/blogi.eoppimispalvelut.fi\/etema\/wp-json\/wp\/v2\/pages\/2\/revisions\/86"}],"wp:attachment":[{"href":"https:\/\/blogi.eoppimispalvelut.fi\/etema\/wp-json\/wp\/v2\/media?parent=2"}],"curies":[{"name":"wp","href":"https:\/\/api.w.org\/{rel}","templated":true}]}}