{"id":22,"date":"2023-06-14T16:24:46","date_gmt":"2023-06-14T13:24:46","guid":{"rendered":"https:\/\/blogi.eoppimispalvelut.fi\/etema\/?page_id=22"},"modified":"2023-06-14T21:36:04","modified_gmt":"2023-06-14T18:36:04","slug":"elamysteknologia","status":"publish","type":"page","link":"https:\/\/blogi.eoppimispalvelut.fi\/etema\/elamysteknologia\/","title":{"rendered":"El\u00e4mysteknologia"},"content":{"rendered":"<p>[et_pb_section fb_built=&#8221;1&#8243; _builder_version=&#8221;4.20.4&#8243; _module_preset=&#8221;default&#8221; global_colors_info=&#8221;{}&#8221;][et_pb_row _builder_version=&#8221;4.20.4&#8243; _module_preset=&#8221;default&#8221;][et_pb_column _builder_version=&#8221;4.20.4&#8243; _module_preset=&#8221;default&#8221; type=&#8221;4_4&#8243;][et_pb_text _builder_version=&#8221;4.20.4&#8243; _module_preset=&#8221;default&#8221; hover_enabled=&#8221;0&#8243; sticky_enabled=&#8221;0&#8243;]<\/p>\n<h1>El\u00e4mysteknologiat<\/h1>\n<p><span>Alta l\u00f6yd\u00e4t lyhyen esittelyn video- ja tekstimuodossa t\u00e4m\u00e4n osion sis\u00e4ll\u00f6st\u00e4, varsinaisen luennon el\u00e4mysteknologioista, ja aiheeseen liittyv\u00e4t teht\u00e4v\u00e4t. Teht\u00e4viss\u00e4 hy\u00f6dynnet\u00e4\u00e4n\u00a0<\/span><a href=\"https:\/\/blogi.eoppimispalvelut.fi\/etema\/files\/2023\/06\/Elamysteknologia_Tehtavakirja.pdf\" target=\"_blank\" rel=\"noopener\" title=\"teht\u00e4v\u00e4kirjaa pdf\">teht\u00e4v\u00e4kirjaa<\/a><span>\u00a0ja\u00a0<\/span><a href=\"https:\/\/blogi.eoppimispalvelut.fi\/etema\/files\/2023\/06\/matkailijapersoonat.pdf\" target=\"_blank\" rel=\"noopener\" title=\"matkailijapersoonat pdf\">matkailijapersoonia<\/a><span>. L\u00f6yd\u00e4t linkit niihin my\u00f6s sivun lopusta.<\/span><\/p>\n<p>[\/et_pb_text][\/et_pb_column][\/et_pb_row][et_pb_row _builder_version=&#8221;4.20.4&#8243; _module_preset=&#8221;default&#8221; column_structure=&#8221;1_2,1_2&#8243;][et_pb_column _builder_version=&#8221;4.20.4&#8243; _module_preset=&#8221;default&#8221; type=&#8221;1_2&#8243;][et_pb_video _builder_version=&#8221;4.20.4&#8243; _module_preset=&#8221;default&#8221; src=&#8221;https:\/\/youtu.be\/VYbbhyl6n7k&#8221; hover_enabled=&#8221;0&#8243; sticky_enabled=&#8221;0&#8243;][\/et_pb_video][\/et_pb_column][et_pb_column _builder_version=&#8221;4.20.4&#8243; _module_preset=&#8221;default&#8221; type=&#8221;1_2&#8243;][et_pb_text _builder_version=&#8221;4.20.4&#8243; _module_preset=&#8221;default&#8221; hover_enabled=&#8221;0&#8243; sticky_enabled=&#8221;0&#8243;]<\/p>\n<h2>Intro: El\u00e4mysteknologiat<\/h2>\n<ul>\n<li data-leveltext=\"\uf0b7\" data-font=\"Symbol\" data-listid=\"1\" data-list-defn-props=\"{&quot;335552541&quot;:1,&quot;335559684&quot;:-2,&quot;335559685&quot;:720,&quot;335559991&quot;:360,&quot;469769226&quot;:&quot;Symbol&quot;,&quot;469769242&quot;:[8226],&quot;469777803&quot;:&quot;left&quot;,&quot;469777804&quot;:&quot;\uf0b7&quot;,&quot;469777815&quot;:&quot;hybridMultilevel&quot;}\" data-aria-posinset=\"1\" data-aria-level=\"1\"><span data-contrast=\"none\">Pid\u00e4 kahdessa aiemmassa osassa suunniteltu el\u00e4mysteknologiatuote mieless\u00e4<\/span><span data-ccp-props=\"{&quot;201341983&quot;:0,&quot;335559739&quot;:160,&quot;335559740&quot;:259}\">\u00a0<\/span><\/li>\n<li data-leveltext=\"\uf0b7\" data-font=\"Symbol\" data-listid=\"1\" data-list-defn-props=\"{&quot;335552541&quot;:1,&quot;335559684&quot;:-2,&quot;335559685&quot;:720,&quot;335559991&quot;:360,&quot;469769226&quot;:&quot;Symbol&quot;,&quot;469769242&quot;:[8226],&quot;469777803&quot;:&quot;left&quot;,&quot;469777804&quot;:&quot;\uf0b7&quot;,&quot;469777815&quot;:&quot;hybridMultilevel&quot;}\" data-aria-posinset=\"1\" data-aria-level=\"1\"><span data-contrast=\"none\">Mitk\u00e4 teknologiat kuulostavat siihen sopivilta?<\/span><span data-ccp-props=\"{&quot;201341983&quot;:0,&quot;335559739&quot;:160,&quot;335559740&quot;:259}\">\u00a0<\/span><\/li>\n<li data-leveltext=\"\uf0b7\" data-font=\"Symbol\" data-listid=\"1\" data-list-defn-props=\"{&quot;335552541&quot;:1,&quot;335559684&quot;:-2,&quot;335559685&quot;:720,&quot;335559991&quot;:360,&quot;469769226&quot;:&quot;Symbol&quot;,&quot;469769242&quot;:[8226],&quot;469777803&quot;:&quot;left&quot;,&quot;469777804&quot;:&quot;\uf0b7&quot;,&quot;469777815&quot;:&quot;hybridMultilevel&quot;}\" data-aria-posinset=\"1\" data-aria-level=\"1\"><span data-contrast=\"none\">Pohdi luennon ja sen esimerkkien pohjalta eri teknologioiden sopivuutta omaan toimintaymp\u00e4rist\u00f6\u00f6si (asiakkaat, s\u00e4\u00e4olosuhteet, verkon kuuluvuus jne.)<\/span><span data-ccp-props=\"{&quot;201341983&quot;:0,&quot;335559739&quot;:160,&quot;335559740&quot;:259}\">\u00a0<\/span><\/li>\n<\/ul>\n<ul><\/ul>\n<ul><\/ul>\n<p>[\/et_pb_text][\/et_pb_column][\/et_pb_row][et_pb_row _builder_version=&#8221;4.20.4&#8243; _module_preset=&#8221;default&#8221;][et_pb_column _builder_version=&#8221;4.20.4&#8243; _module_preset=&#8221;default&#8221; type=&#8221;4_4&#8243;][et_pb_text _builder_version=&#8221;4.20.4&#8243; _module_preset=&#8221;default&#8221; hover_enabled=&#8221;0&#8243; sticky_enabled=&#8221;0&#8243;]<\/p>\n<h2>Luento: El\u00e4mysteknologiat<\/h2>\n<p>Luennoitsija Sanni Mustonen, asiantuntija, ohjelmistotekniikan laboratorio FrostBit<\/p>\n<p>[\/et_pb_text][\/et_pb_column][\/et_pb_row][et_pb_row _builder_version=&#8221;4.20.4&#8243; _module_preset=&#8221;default&#8221;][et_pb_column _builder_version=&#8221;4.20.4&#8243; _module_preset=&#8221;default&#8221; type=&#8221;4_4&#8243;][et_pb_video _builder_version=&#8221;4.20.4&#8243; _module_preset=&#8221;default&#8221; src=&#8221;https:\/\/www.youtube.com\/watch?v=-BUWINJHddQ&#8221; hover_enabled=&#8221;0&#8243; sticky_enabled=&#8221;0&#8243;][\/et_pb_video][\/et_pb_column][\/et_pb_row][et_pb_row _builder_version=&#8221;4.20.4&#8243; _module_preset=&#8221;default&#8221; column_structure=&#8221;1_2,1_2&#8243;][et_pb_column _builder_version=&#8221;4.20.4&#8243; _module_preset=&#8221;default&#8221; type=&#8221;1_2&#8243;][et_pb_video _builder_version=&#8221;4.20.4&#8243; _module_preset=&#8221;default&#8221; src=&#8221;https:\/\/youtu.be\/fWQ-eGg1IJA&#8221; hover_enabled=&#8221;0&#8243; sticky_enabled=&#8221;0&#8243;][\/et_pb_video][\/et_pb_column][et_pb_column _builder_version=&#8221;4.20.4&#8243; _module_preset=&#8221;default&#8221; type=&#8221;1_2&#8243;][et_pb_text _builder_version=&#8221;4.20.4&#8243; _module_preset=&#8221;default&#8221; hover_enabled=&#8221;0&#8243; sticky_enabled=&#8221;0&#8243;]<\/p>\n<h2>Teht\u00e4v\u00e4nanto: El\u00e4mysteknologiat<\/h2>\n<ul>\n<li data-leveltext=\"\uf0b7\" data-font=\"Symbol\" data-listid=\"1\" data-list-defn-props=\"{&quot;335552541&quot;:1,&quot;335559684&quot;:-2,&quot;335559685&quot;:720,&quot;335559991&quot;:360,&quot;469769226&quot;:&quot;Symbol&quot;,&quot;469769242&quot;:[8226],&quot;469777803&quot;:&quot;left&quot;,&quot;469777804&quot;:&quot;\uf0b7&quot;,&quot;469777815&quot;:&quot;hybridMultilevel&quot;}\" data-aria-posinset=\"1\" data-aria-level=\"1\"><span data-contrast=\"none\">Valitse el\u00e4mysteknologiatuotteessasi k\u00e4ytett\u00e4v\u00e4 teknologia (tai useampi)<\/span><span data-ccp-props=\"{&quot;201341983&quot;:0,&quot;335559739&quot;:160,&quot;335559740&quot;:259}\">\u00a0<\/span><\/li>\n<li data-leveltext=\"\uf0b7\" data-font=\"Symbol\" data-listid=\"1\" data-list-defn-props=\"{&quot;335552541&quot;:1,&quot;335559684&quot;:-2,&quot;335559685&quot;:720,&quot;335559991&quot;:360,&quot;469769226&quot;:&quot;Symbol&quot;,&quot;469769242&quot;:[8226],&quot;469777803&quot;:&quot;left&quot;,&quot;469777804&quot;:&quot;\uf0b7&quot;,&quot;469777815&quot;:&quot;hybridMultilevel&quot;}\" data-aria-posinset=\"2\" data-aria-level=\"1\"><span data-contrast=\"none\">Kirjoita <a href=\"https:\/\/blogi.eoppimispalvelut.fi\/etema\/files\/2023\/06\/Elamysteknologia_Tehtavakirja.pdf\" target=\"_blank\" rel=\"noopener\" title=\"Teht\u00e4v\u00e4kirja pdf\">PDF:\u00e4\u00e4n<\/a><\/span><a href=\"https:\/\/blogi.eoppimispalvelut.fi\/etema\/files\/2023\/06\/Elamysteknologia_Tehtavakirja.pdf\" target=\"_blank\" rel=\"noopener\" title=\"Teht\u00e4v\u00e4kirja pdf\"><span data-ccp-props=\"{&quot;201341983&quot;:0,&quot;335559739&quot;:160,&quot;335559740&quot;:259}\">\u00a0<\/span><\/a>\n<ul>\n<li data-leveltext=\"\uf0b7\" data-font=\"Symbol\" data-listid=\"1\" data-list-defn-props=\"{&quot;335552541&quot;:1,&quot;335559684&quot;:-2,&quot;335559685&quot;:720,&quot;335559991&quot;:360,&quot;469769226&quot;:&quot;Symbol&quot;,&quot;469769242&quot;:[8226],&quot;469777803&quot;:&quot;left&quot;,&quot;469777804&quot;:&quot;\uf0b7&quot;,&quot;469777815&quot;:&quot;hybridMultilevel&quot;}\" data-aria-posinset=\"2\" data-aria-level=\"1\"><span data-contrast=\"none\">Mitk\u00e4 teknologiat k\u00e4yt\u00f6ss\u00e4<\/span><\/li>\n<li data-leveltext=\"\uf0b7\" data-font=\"Symbol\" data-listid=\"1\" data-list-defn-props=\"{&quot;335552541&quot;:1,&quot;335559684&quot;:-2,&quot;335559685&quot;:720,&quot;335559991&quot;:360,&quot;469769226&quot;:&quot;Symbol&quot;,&quot;469769242&quot;:[8226],&quot;469777803&quot;:&quot;left&quot;,&quot;469777804&quot;:&quot;\uf0b7&quot;,&quot;469777815&quot;:&quot;hybridMultilevel&quot;}\" data-aria-posinset=\"2\" data-aria-level=\"1\"><span data-contrast=\"none\">Perustele: miksi? Mihin tarpeeseen teknologia vastaa, miten se parantaa matkailutuotetta?<\/span><span data-ccp-props=\"{&quot;201341983&quot;:0,&quot;335559739&quot;:160,&quot;335559740&quot;:259}\">\u00a0<\/span><\/li>\n<\/ul>\n<\/li>\n<li data-leveltext=\"\uf0b7\" data-font=\"Symbol\" data-listid=\"1\" data-list-defn-props=\"{&quot;335552541&quot;:1,&quot;335559684&quot;:-2,&quot;335559685&quot;:720,&quot;335559991&quot;:360,&quot;469769226&quot;:&quot;Symbol&quot;,&quot;469769242&quot;:[8226],&quot;469777803&quot;:&quot;left&quot;,&quot;469777804&quot;:&quot;\uf0b7&quot;,&quot;469777815&quot;:&quot;hybridMultilevel&quot;}\" data-aria-posinset=\"2\" data-aria-level=\"1\"><span data-contrast=\"none\">Tutki aihetta tarpeen ja kiinnostuksen mukaan lis\u00e4\u00e4<\/span><span data-ccp-props=\"{&quot;201341983&quot;:0,&quot;335559739&quot;:160,&quot;335559740&quot;:259}\">\u00a0<\/span><\/li>\n<li data-leveltext=\"\uf0b7\" data-font=\"Symbol\" data-listid=\"1\" data-list-defn-props=\"{&quot;335552541&quot;:1,&quot;335559684&quot;:-2,&quot;335559685&quot;:720,&quot;335559991&quot;:360,&quot;469769226&quot;:&quot;Symbol&quot;,&quot;469769242&quot;:[8226],&quot;469777803&quot;:&quot;left&quot;,&quot;469777804&quot;:&quot;\uf0b7&quot;,&quot;469777815&quot;:&quot;hybridMultilevel&quot;}\" data-aria-posinset=\"2\" data-aria-level=\"1\"><span data-contrast=\"none\">Bonus: hahmottele el\u00e4mysteknologiatuotteen elinkaari<\/span><span data-ccp-props=\"{&quot;201341983&quot;:0,&quot;335559739&quot;:160,&quot;335559740&quot;:259}\">\u00a0<\/span><\/li>\n<\/ul>\n<ul><\/ul>\n<ul><\/ul>\n<p>[\/et_pb_text][\/et_pb_column][\/et_pb_row][et_pb_row _builder_version=&#8221;4.20.4&#8243; _module_preset=&#8221;default&#8221;][et_pb_column _builder_version=&#8221;4.20.4&#8243; _module_preset=&#8221;default&#8221; type=&#8221;4_4&#8243;][et_pb_text _builder_version=&#8221;4.20.4&#8243; _module_preset=&#8221;default&#8221; hover_enabled=&#8221;0&#8243; sticky_enabled=&#8221;0&#8243;]<\/p>\n<h3>Tarvittavat tiedostot<\/h3>\n<p><a href=\"https:\/\/blogi.eoppimispalvelut.fi\/etema\/files\/2023\/06\/Elamysteknologia_Tehtavakirja.pdf\" target=\"_blank\" rel=\"noopener\" title=\"Teht\u00e4v\u00e4kirja pdf\">Teht\u00e4v\u00e4t<\/a><span>\u00a0<\/span>(pdf)<\/p>\n<p><a href=\"https:\/\/blogi.eoppimispalvelut.fi\/etema\/files\/2023\/06\/matkailijapersoonat.pdf\" target=\"_blank\" rel=\"noopener\" title=\"Matkailijapersoonat pdf\">Matkailijapersoonat<\/a><span>\u00a0<\/span>(pdf)<\/p>\n<p>[\/et_pb_text][\/et_pb_column][\/et_pb_row][\/et_pb_section]<\/p>\n","protected":false},"excerpt":{"rendered":"<p>El\u00e4mysteknologiat Alta l\u00f6yd\u00e4t lyhyen esittelyn video- ja tekstimuodossa t\u00e4m\u00e4n osion sis\u00e4ll\u00f6st\u00e4, varsinaisen luennon el\u00e4mysteknologioista, ja aiheeseen liittyv\u00e4t teht\u00e4v\u00e4t. Teht\u00e4viss\u00e4 hy\u00f6dynnet\u00e4\u00e4n\u00a0teht\u00e4v\u00e4kirjaa\u00a0ja\u00a0matkailijapersoonia. L\u00f6yd\u00e4t linkit niihin my\u00f6s sivun lopusta.Intro: El\u00e4mysteknologiat Pid\u00e4 kahdessa aiemmassa osassa suunniteltu el\u00e4mysteknologiatuote mieless\u00e4\u00a0 Mitk\u00e4 teknologiat kuulostavat siihen sopivilta?\u00a0 Pohdi luennon ja sen esimerkkien pohjalta eri teknologioiden sopivuutta omaan toimintaymp\u00e4rist\u00f6\u00f6si (asiakkaat, s\u00e4\u00e4olosuhteet, verkon kuuluvuus jne.)\u00a0 [&hellip;]<\/p>\n","protected":false},"author":3135,"featured_media":0,"parent":0,"menu_order":3,"comment_status":"closed","ping_status":"closed","template":"","meta":{"_et_pb_use_builder":"on","_et_pb_old_content":"","_et_gb_content_width":"","footnotes":""},"class_list":["post-22","page","type-page","status-publish","hentry"],"_links":{"self":[{"href":"https:\/\/blogi.eoppimispalvelut.fi\/etema\/wp-json\/wp\/v2\/pages\/22","targetHints":{"allow":["GET"]}}],"collection":[{"href":"https:\/\/blogi.eoppimispalvelut.fi\/etema\/wp-json\/wp\/v2\/pages"}],"about":[{"href":"https:\/\/blogi.eoppimispalvelut.fi\/etema\/wp-json\/wp\/v2\/types\/page"}],"author":[{"embeddable":true,"href":"https:\/\/blogi.eoppimispalvelut.fi\/etema\/wp-json\/wp\/v2\/users\/3135"}],"replies":[{"embeddable":true,"href":"https:\/\/blogi.eoppimispalvelut.fi\/etema\/wp-json\/wp\/v2\/comments?post=22"}],"version-history":[{"count":6,"href":"https:\/\/blogi.eoppimispalvelut.fi\/etema\/wp-json\/wp\/v2\/pages\/22\/revisions"}],"predecessor-version":[{"id":79,"href":"https:\/\/blogi.eoppimispalvelut.fi\/etema\/wp-json\/wp\/v2\/pages\/22\/revisions\/79"}],"wp:attachment":[{"href":"https:\/\/blogi.eoppimispalvelut.fi\/etema\/wp-json\/wp\/v2\/media?parent=22"}],"curies":[{"name":"wp","href":"https:\/\/api.w.org\/{rel}","templated":true}]}}