{"id":2,"date":"2009-11-16T22:41:17","date_gmt":"2009-11-16T20:41:17","guid":{"rendered":""},"modified":"2014-02-13T15:43:33","modified_gmt":"2014-02-13T13:43:33","slug":"about","status":"publish","type":"page","link":"https:\/\/blogi.eoppimispalvelut.fi\/evinkki\/about\/","title":{"rendered":"About"},"content":{"rendered":"<p><strong>Viikon e-vinkki<\/strong> will display at least one\u00a0 short blog entry per week concerning topics related to eLearning in general and at Lappia in particular.<\/p>\n<p>Blogissa viikoittain verkko-opetuksen toteuttamiseen liittyv\u00e4 tekninen tai pedagogisen k\u00e4ytt\u00f6vinkki, joka kuvaa ty\u00f6v\u00e4lineiden toiminnallisuuksien k\u00e4ytt\u00f6-\/sovellusmahdollisuuksia erilaisiin opetus- ja oppimistarkoituksiin sek\u00e4 avaa sosiaalisen median opetusk\u00e4ytt\u00f6mahdollisuuksia. Vinkki\u00e4 kirjoittavat Lapin AMKin et\u00e4- ja verkko-opintojen tukipalvelutiimien j\u00e4senet.<\/p>\n","protected":false},"excerpt":{"rendered":"<p>Viikon e-vinkki will display at least one\u00a0 short blog entry per week concerning topics related to eLearning in general and at Lappia in particular. Blogissa viikoittain verkko-opetuksen toteuttamiseen liittyv\u00e4 tekninen tai pedagogisen k\u00e4ytt\u00f6vinkki, joka kuvaa ty\u00f6v\u00e4lineiden toiminnallisuuksien k\u00e4ytt\u00f6-\/sovellusmahdollisuuksia erilaisiin opetus- ja oppimistarkoituksiin sek\u00e4 avaa sosiaalisen median opetusk\u00e4ytt\u00f6mahdollisuuksia. Vinkki\u00e4 kirjoittavat Lapin AMKin et\u00e4- ja verkko-opintojen tukipalvelutiimien [&hellip;]<\/p>\n","protected":false},"author":5,"featured_media":0,"parent":0,"menu_order":0,"comment_status":"open","ping_status":"open","template":"","meta":{"_monsterinsights_skip_tracking":false,"_monsterinsights_sitenote_active":false,"_monsterinsights_sitenote_note":"","_monsterinsights_sitenote_category":0,"footnotes":""},"class_list":["post-2","page","type-page","status-publish","hentry"],"_links":{"self":[{"href":"https:\/\/blogi.eoppimispalvelut.fi\/evinkki\/wp-json\/wp\/v2\/pages\/2","targetHints":{"allow":["GET"]}}],"collection":[{"href":"https:\/\/blogi.eoppimispalvelut.fi\/evinkki\/wp-json\/wp\/v2\/pages"}],"about":[{"href":"https:\/\/blogi.eoppimispalvelut.fi\/evinkki\/wp-json\/wp\/v2\/types\/page"}],"author":[{"embeddable":true,"href":"https:\/\/blogi.eoppimispalvelut.fi\/evinkki\/wp-json\/wp\/v2\/users\/5"}],"replies":[{"embeddable":true,"href":"https:\/\/blogi.eoppimispalvelut.fi\/evinkki\/wp-json\/wp\/v2\/comments?post=2"}],"version-history":[{"count":5,"href":"https:\/\/blogi.eoppimispalvelut.fi\/evinkki\/wp-json\/wp\/v2\/pages\/2\/revisions"}],"predecessor-version":[{"id":3734,"href":"https:\/\/blogi.eoppimispalvelut.fi\/evinkki\/wp-json\/wp\/v2\/pages\/2\/revisions\/3734"}],"wp:attachment":[{"href":"https:\/\/blogi.eoppimispalvelut.fi\/evinkki\/wp-json\/wp\/v2\/media?parent=2"}],"curies":[{"name":"wp","href":"https:\/\/api.w.org\/{rel}","templated":true}]}}