{"id":16,"date":"2019-11-28T09:39:48","date_gmt":"2019-11-28T07:39:48","guid":{"rendered":"https:\/\/blogi.eoppimispalvelut.fi\/feelgoodness1\/?page_id=16"},"modified":"2020-01-28T10:52:05","modified_gmt":"2020-01-28T08:52:05","slug":"kotisivu","status":"publish","type":"page","link":"https:\/\/blogi.eoppimispalvelut.fi\/feelgoodness1\/","title":{"rendered":"Kotisivu"},"content":{"rendered":"<p>Olemme hyvinvointi tuotteita sek\u00e4 palveluita myyv\u00e4 oppimisyritys Napalaaksosta, Ottakaa rohkeasti yhteytt\u00e4! Yhteistiedot l\u00f6ytyv\u00e4t omalta sivultansa.<\/p>\n<p>Meilt\u00e4 l\u00f6ytyy seuraavia hyvinvointituotteita.<\/p>\n<p>Kipukoukku, hierontatuolinp\u00e4\u00e4llinen, jumppapallo, sel\u00e4tin, foam ruller, aktivisuusrannekke, jalkarulla, ty\u00f6pistematto, p\u00e4hkin\u00e4rulla ja ergonomiset keng\u00e4npohjalliset.<\/p>\n<p>Palvelut<\/p>\n<p>Jussin jumppa, hieronta ja virkistysp\u00e4iv\u00e4<\/p>\n","protected":false},"excerpt":{"rendered":"<p>Olemme hyvinvointi tuotteita sek\u00e4 palveluita myyv\u00e4 oppimisyritys Napalaaksosta, Ottakaa rohkeasti yhteytt\u00e4! Yhteistiedot l\u00f6ytyv\u00e4t omalta sivultansa. Meilt\u00e4 l\u00f6ytyy seuraavia hyvinvointituotteita. Kipukoukku, hierontatuolinp\u00e4\u00e4llinen, jumppapallo, sel\u00e4tin, foam ruller, aktivisuusrannekke, jalkarulla, ty\u00f6pistematto, p\u00e4hkin\u00e4rulla ja ergonomiset keng\u00e4npohjalliset. Palvelut Jussin jumppa, hieronta ja virkistysp\u00e4iv\u00e4<\/p>\n","protected":false},"author":4098,"featured_media":0,"parent":0,"menu_order":0,"comment_status":"closed","ping_status":"closed","template":"","meta":{"footnotes":""},"class_list":["post-16","page","type-page","status-publish","hentry"],"_links":{"self":[{"href":"https:\/\/blogi.eoppimispalvelut.fi\/feelgoodness1\/wp-json\/wp\/v2\/pages\/16","targetHints":{"allow":["GET"]}}],"collection":[{"href":"https:\/\/blogi.eoppimispalvelut.fi\/feelgoodness1\/wp-json\/wp\/v2\/pages"}],"about":[{"href":"https:\/\/blogi.eoppimispalvelut.fi\/feelgoodness1\/wp-json\/wp\/v2\/types\/page"}],"author":[{"embeddable":true,"href":"https:\/\/blogi.eoppimispalvelut.fi\/feelgoodness1\/wp-json\/wp\/v2\/users\/4098"}],"replies":[{"embeddable":true,"href":"https:\/\/blogi.eoppimispalvelut.fi\/feelgoodness1\/wp-json\/wp\/v2\/comments?post=16"}],"version-history":[{"count":6,"href":"https:\/\/blogi.eoppimispalvelut.fi\/feelgoodness1\/wp-json\/wp\/v2\/pages\/16\/revisions"}],"predecessor-version":[{"id":62,"href":"https:\/\/blogi.eoppimispalvelut.fi\/feelgoodness1\/wp-json\/wp\/v2\/pages\/16\/revisions\/62"}],"wp:attachment":[{"href":"https:\/\/blogi.eoppimispalvelut.fi\/feelgoodness1\/wp-json\/wp\/v2\/media?parent=16"}],"curies":[{"name":"wp","href":"https:\/\/api.w.org\/{rel}","templated":true}]}}