{"id":16,"date":"2025-01-22T14:01:00","date_gmt":"2025-01-22T12:01:00","guid":{"rendered":"https:\/\/blogi.eoppimispalvelut.fi\/frostit\/?page_id=16"},"modified":"2025-02-27T08:48:38","modified_gmt":"2025-02-27T06:48:38","slug":"palvelumme","status":"publish","type":"page","link":"https:\/\/blogi.eoppimispalvelut.fi\/frostit\/palvelumme\/","title":{"rendered":"Palvelumme"},"content":{"rendered":"<p>[et_pb_section fb_built=&#8221;1&#8243; _builder_version=&#8221;4.27.4&#8243; _module_preset=&#8221;e596a04c-1181-4e28-87f0-c450cbd8c516&#8243; custom_css_main_element=&#8221;height: 30px !important;  \/* Asettaa osion korkeudeksi 30px *\/||padding-top: 0px !important;  \/* Poistaa ylimm\u00e4n t\u00e4yt\u00f6n *\/||padding-bottom: 0px !important;  \/* Poistaa alimman t\u00e4yt\u00f6n *\/&#8221; global_colors_info=&#8221;{}&#8221;][et_pb_row column_structure=&#8221;1_2,1_2&#8243; _builder_version=&#8221;4.27.4&#8243; _module_preset=&#8221;default&#8221; width=&#8221;6%&#8221; module_alignment=&#8221;right&#8221; custom_css_main_element=&#8221;height: 25px !important;  \/* Asettaa osion korkeudeksi 25px *\/||padding-top: 0px !important;  \/* Poistaa ylimm\u00e4n t\u00e4yt\u00f6n *\/||padding-bottom: 0px !important;  \/* Poistaa alimman t\u00e4yt\u00f6n *\/&#8221; global_colors_info=&#8221;{}&#8221;][et_pb_column type=&#8221;1_2&#8243; _builder_version=&#8221;4.27.4&#8243; _module_preset=&#8221;default&#8221; global_colors_info=&#8221;{}&#8221;][et_pb_image src=&#8221;https:\/\/cdn.pixabay.com\/photo\/2020\/02\/28\/02\/21\/finland-4886331_1280.png&#8221; url=&#8221;https:\/\/blogi.eoppimispalvelut.fi\/frostit\/palvelumme\/&#8221; _builder_version=&#8221;4.27.4&#8243; _module_preset=&#8221;default&#8221; width=&#8221;50%&#8221; module_alignment=&#8221;center&#8221; custom_margin=&#8221;4px||||false|false&#8221; global_colors_info=&#8221;{}&#8221;][\/et_pb_image][\/et_pb_column][et_pb_column type=&#8221;1_2&#8243; _builder_version=&#8221;4.27.4&#8243; _module_preset=&#8221;default&#8221; global_colors_info=&#8221;{}&#8221;][et_pb_image src=&#8221;https:\/\/cdn.pixabay.com\/photo\/2017\/10\/31\/23\/52\/england-2906827_1280.png&#8221; url=&#8221;https:\/\/blogi.eoppimispalvelut.fi\/frostit\/services\/&#8221; _builder_version=&#8221;4.27.4&#8243; _module_preset=&#8221;default&#8221; width=&#8221;50%&#8221; module_alignment=&#8221;left&#8221; custom_margin=&#8221;4px||||false|false&#8221; global_colors_info=&#8221;{}&#8221;][\/et_pb_image][\/et_pb_column][\/et_pb_row][\/et_pb_section][et_pb_section fb_built=&#8221;1&#8243; _builder_version=&#8221;4.27.4&#8243; _module_preset=&#8221;f83eab5b-2063-4f22-98d2-7b18e92a5278&#8243; background_color_gradient_stops=&#8221;gcid-d119accd-44d7-4f2f-b9d7-599c8463324b 0%|rgba(255,255,255,0) 25%|rgba(7,33,48,0.6) 76%|#072130 100%&#8221; background_image=&#8221;https:\/\/blogi.eoppimispalvelut.fi\/frostit\/files\/2025\/01\/tekoalykuva-kuva-1.jpg&#8221; background_enable_image=&#8221;on&#8221; min_height=&#8221;847.6px&#8221; custom_padding=&#8221;117px|||||&#8221; locked=&#8221;off&#8221; collapsed=&#8221;on&#8221; global_colors_info=&#8221;{%22gcid-1f1bf5fb-a99d-4acc-8d9e-ddac074c158c%22:%91%22background_color_gradient_stops%22,%22background_color_gradient_stops%22%93,%22gcid-4c79ba3d-a281-4fb6-9b14-02f9a4c793f2%22:%91%22background_color_gradient_stops%22,%22background_color_gradient_stops%22%93,%22gcid-688c464a-d6f2-4296-b592-395352c71c79%22:%91%22background_color_gradient_stops%22,%22background_color_gradient_stops%22%93,%22gcid-d119accd-44d7-4f2f-b9d7-599c8463324b%22:%91%22background_color_gradient_stops%22,%22background_color_gradient_stops%22%93}&#8221;][et_pb_row _builder_version=&#8221;4.27.4&#8243; _module_preset=&#8221;default&#8221; background_color=&#8221;RGBA(255,255,255,0)&#8221; global_colors_info=&#8221;{}&#8221;][et_pb_column type=&#8221;4_4&#8243; _builder_version=&#8221;4.27.4&#8243; _module_preset=&#8221;default&#8221; global_colors_info=&#8221;{}&#8221;][et_pb_heading title=&#8221;Palvelumme&#8221; _builder_version=&#8221;4.27.4&#8243; _module_preset=&#8221;a7f387c4-75da-42b8-b766-30f9227e8752&#8243; title_font=&#8221;Urbanist|||on|||||&#8221; title_text_align=&#8221;center&#8221; title_text_color=&#8221;#FFFFFF&#8221; title_font_size=&#8221;80px&#8221; custom_margin=&#8221;-83px||10px||false|false&#8221; custom_padding=&#8221;5px|||||&#8221; title_text_shadow_style=&#8221;preset5&#8243; locked=&#8221;off&#8221; global_colors_info=&#8221;{}&#8221;][\/et_pb_heading][\/et_pb_column][\/et_pb_row][et_pb_row column_structure=&#8221;1_3,1_3,1_3&#8243; make_equal=&#8221;on&#8221; _builder_version=&#8221;4.27.4&#8243; _module_preset=&#8221;default&#8221; background_color=&#8221;RGBA(255,255,255,0)&#8221; locked=&#8221;off&#8221; global_colors_info=&#8221;{}&#8221;][et_pb_column type=&#8221;1_3&#8243; _builder_version=&#8221;4.27.4&#8243; _module_preset=&#8221;fe901303-fc3a-4c5f-a1ec-fdef20ad766c&#8221; background_color=&#8221;#A6CECF&#8221; global_colors_info=&#8221;{}&#8221;][et_pb_heading title=&#8221;Palvelupaketit&#8221; _builder_version=&#8221;4.27.4&#8243; _module_preset=&#8221;1f2011b5-1d70-47d4-9dc4-86f77e4a3973&#8243; title_font=&#8221;Urbanist|||on|||||&#8221; title_text_align=&#8221;center&#8221; title_text_color=&#8221;#FFFFFF&#8221; custom_margin=&#8221;||10px||false|false&#8221; custom_padding=&#8221;|0px||||&#8221; global_colors_info=&#8221;{}&#8221;][\/et_pb_heading][et_pb_text _builder_version=&#8221;4.27.4&#8243; _module_preset=&#8221;b8c79d23-bf8f-4cb8-8222-a8e0446ac51c&#8221; text_orientation=&#8221;center&#8221;]<\/p>\n<p>Tarjoamme teid\u00e4n tarpeisiinne r\u00e4\u00e4t\u00e4l\u00f6ityj\u00e4 pakettiratkaisuja. l\u00f6yd\u00e4t sivuiltamme my\u00f6s valmiita tuotepaketteja.\u00a0<\/p>\n<p>[\/et_pb_text][\/et_pb_column][et_pb_column type=&#8221;1_3&#8243; _builder_version=&#8221;4.25.2&#8243; _module_preset=&#8221;3393a016-ad93-4360-9366-bbfedc325eff&#8221; global_colors_info=&#8221;{}&#8221;][et_pb_heading title=&#8221;IT-Konsultointi&#8221; _builder_version=&#8221;4.27.4&#8243; _module_preset=&#8221;1f2011b5-1d70-47d4-9dc4-86f77e4a3973&#8243; title_font=&#8221;Urbanist|||on|||||&#8221; title_text_align=&#8221;center&#8221; title_text_color=&#8221;gcid-1f1b4e15-7cc6-4e13-8154-74d77a956460&#8243; custom_margin=&#8221;||10px||false|false&#8221; locked=&#8221;off&#8221; global_colors_info=&#8221;{%22gcid-1f1b4e15-7cc6-4e13-8154-74d77a956460%22:%91%22title_text_color%22%93}&#8221;][\/et_pb_heading][et_pb_text quote_border_color=&#8221;#0047ff&#8221; _builder_version=&#8221;4.27.4&#8243; _module_preset=&#8221;bac47e59-9e6a-44f4-8fbe-759f16aaa319&#8243; link_text_color=&#8221;#0047ff&#8221; quote_text_color=&#8221;#0047ff&#8221; text_orientation=&#8221;center&#8221; locked=&#8221;off&#8221; global_colors_info=&#8221;{}&#8221;]<\/p>\n<p><span data-contrast=\"none\" xml:lang=\"FI-FI\" lang=\"FI-FI\" class=\"TextRun SCXW59779418 BCX0\"><span class=\"NormalTextRun SCXW59779418 BCX0\">Autamme valitsemaan parhaiten tarpeitasi vastaavat laitteet ja ratkaisut.<\/span><\/span><\/p>\n<p>[\/et_pb_text][\/et_pb_column][et_pb_column type=&#8221;1_3&#8243; _builder_version=&#8221;4.25.2&#8243; _module_preset=&#8221;a8ac7692-d14c-4c4d-bf1f-4ba888fac095&#8243; global_colors_info=&#8221;{}&#8221;][et_pb_heading title=&#8221;Laitteiden myynti&#8221; _builder_version=&#8221;4.27.4&#8243; _module_preset=&#8221;1f2011b5-1d70-47d4-9dc4-86f77e4a3973&#8243; title_font=&#8221;Urbanist|||on|||||&#8221; title_text_align=&#8221;center&#8221; title_text_color=&#8221;#FFFFFF&#8221; custom_margin=&#8221;||10px||false|false&#8221; locked=&#8221;off&#8221; global_colors_info=&#8221;{}&#8221;][\/et_pb_heading][et_pb_text _builder_version=&#8221;4.27.4&#8243; _module_preset=&#8221;b8c79d23-bf8f-4cb8-8222-a8e0446ac51c&#8221; text_orientation=&#8221;center&#8221; locked=&#8221;off&#8221;]<\/p>\n<p><span data-contrast=\"none\" xml:lang=\"FI-FI\" lang=\"FI-FI\" class=\"TextRun SCXW165407464 BCX0\"><span class=\"NormalTextRun SCXW165407464 BCX0\">Meilt\u00e4 l\u00f6yd\u00e4t uusimmat tietokoneet, puhelimet ja oheislaitteet tarpeesi mukaan.<\/span><\/span><\/p>\n<p>[\/et_pb_text][\/et_pb_column][\/et_pb_row][et_pb_row column_structure=&#8221;1_3,1_3,1_3&#8243; make_equal=&#8221;on&#8221; _builder_version=&#8221;4.27.4&#8243; _module_preset=&#8221;default&#8221; locked=&#8221;off&#8221; global_colors_info=&#8221;{}&#8221;][et_pb_column type=&#8221;1_3&#8243; _builder_version=&#8221;4.27.4&#8243; _module_preset=&#8221;fe901303-fc3a-4c5f-a1ec-fdef20ad766c&#8221; background_color=&#8221;#A6CECF&#8221; global_colors_info=&#8221;{}&#8221;][et_pb_heading title=&#8221;Huolto ja korjaus&#8221; _builder_version=&#8221;4.27.4&#8243; _module_preset=&#8221;1f2011b5-1d70-47d4-9dc4-86f77e4a3973&#8243; title_font=&#8221;Urbanist|||on|||||&#8221; title_text_align=&#8221;center&#8221; title_text_color=&#8221;#FFFFFF&#8221; background_enable_color=&#8221;off&#8221; custom_margin=&#8221;||10px||false|false&#8221; global_colors_info=&#8221;{}&#8221;][\/et_pb_heading][et_pb_text _builder_version=&#8221;4.27.4&#8243; _module_preset=&#8221;b8c79d23-bf8f-4cb8-8222-a8e0446ac51c&#8221; text_orientation=&#8221;center&#8221;]<\/p>\n<p><span data-contrast=\"none\" xml:lang=\"FI-FI\" lang=\"FI-FI\" class=\"TextRun SCXW13158602 BCX0\"><span class=\"NormalTextRun SCXW13158602 BCX0\">Ammattitaitoista huoltoa ja korjausta kaikille <\/span><span class=\"NormalTextRun SpellingErrorV2Themed SCXW13158602 BCX0\">ATK-laitteille<\/span><span class=\"NormalTextRun SCXW13158602 BCX0\">, olipa kyseess\u00e4 tietokoneet, tulostimet tai muut oheislaitteet.<\/span><\/span><span class=\"EOP SCXW13158602 BCX0\" data-ccp-props=\"{&quot;134233117&quot;:false,&quot;134233118&quot;:false,&quot;335551550&quot;:1,&quot;335551620&quot;:1,&quot;335557856&quot;:16777215,&quot;335559738&quot;:0,&quot;335559739&quot;:0}\">\u00a0<\/span><\/p>\n<p>[\/et_pb_text][\/et_pb_column][et_pb_column type=&#8221;1_3&#8243; _builder_version=&#8221;4.25.2&#8243; _module_preset=&#8221;3393a016-ad93-4360-9366-bbfedc325eff&#8221; global_colors_info=&#8221;{}&#8221;][et_pb_heading title=&#8221;Asennus ja p\u00e4ivitykset&#8221; _builder_version=&#8221;4.27.4&#8243; _module_preset=&#8221;1f2011b5-1d70-47d4-9dc4-86f77e4a3973&#8243; title_font=&#8221;Urbanist|||on|||||&#8221; title_text_align=&#8221;center&#8221; title_text_color=&#8221;gcid-1f1b4e15-7cc6-4e13-8154-74d77a956460&#8243; custom_margin=&#8221;||10px||false|false&#8221; locked=&#8221;off&#8221; global_colors_info=&#8221;{%22gcid-1f1b4e15-7cc6-4e13-8154-74d77a956460%22:%91%22title_text_color%22%93}&#8221;][\/et_pb_heading][et_pb_text quote_border_color=&#8221;#0047ff&#8221; _builder_version=&#8221;4.27.4&#8243; _module_preset=&#8221;bac47e59-9e6a-44f4-8fbe-759f16aaa319&#8243; link_text_color=&#8221;#0047ff&#8221; quote_text_color=&#8221;#0047ff&#8221; text_orientation=&#8221;center&#8221; locked=&#8221;off&#8221; global_colors_info=&#8221;{}&#8221;]<\/p>\n<p><span data-contrast=\"none\" xml:lang=\"FI-FI\" lang=\"FI-FI\" class=\"TextRun SCXW52287907 BCX0\"><span class=\"NormalTextRun SCXW52287907 BCX0\">Asennamme ja yll\u00e4pid\u00e4mme ohjelmistoja, sek\u00e4 laitteita toimivuuden varmistamiseksi ja tehokkuuden parantamiseksi.<\/span><\/span><span class=\"EOP SCXW52287907 BCX0\" data-ccp-props=\"{&quot;134233117&quot;:false,&quot;134233118&quot;:false,&quot;335551550&quot;:1,&quot;335551620&quot;:1,&quot;335557856&quot;:16777215,&quot;335559738&quot;:0,&quot;335559739&quot;:0}\">\u00a0<\/span><\/p>\n<p>[\/et_pb_text][\/et_pb_column][et_pb_column type=&#8221;1_3&#8243; _builder_version=&#8221;4.27.4&#8243; _module_preset=&#8221;a8ac7692-d14c-4c4d-bf1f-4ba888fac095&#8243; background_color=&#8221;#A6CECF&#8221; global_colors_info=&#8221;{}&#8221;][et_pb_heading title=&#8221;lIS\u00c4PALVELUT&#8221; _builder_version=&#8221;4.27.4&#8243; _module_preset=&#8221;1f2011b5-1d70-47d4-9dc4-86f77e4a3973&#8243; title_font=&#8221;Urbanist|||on|||||&#8221; title_text_align=&#8221;center&#8221; title_text_color=&#8221;#FFFFFF&#8221; custom_margin=&#8221;||10px||false|false&#8221; locked=&#8221;off&#8221; global_colors_info=&#8221;{}&#8221;][\/et_pb_heading][et_pb_text _builder_version=&#8221;4.27.4&#8243; _module_preset=&#8221;b8c79d23-bf8f-4cb8-8222-a8e0446ac51c&#8221; text_orientation=&#8221;center&#8221; locked=&#8221;off&#8221;]<\/p>\n<p>Vianm\u00e4\u00e4ritys &amp; ongelmanratkaisut<\/p>\n<p>P\u00e4ivystyspalvelu 24\/7<\/p>\n<p>&nbsp;<\/p>\n<p>&nbsp;<\/p>\n<p>[\/et_pb_text][\/et_pb_column][\/et_pb_row][et_pb_row _builder_version=&#8221;4.27.4&#8243; _module_preset=&#8221;default&#8221; global_colors_info=&#8221;{}&#8221;][et_pb_column type=&#8221;4_4&#8243; _builder_version=&#8221;4.27.4&#8243; _module_preset=&#8221;default&#8221; global_colors_info=&#8221;{}&#8221;][et_pb_button button_url=&#8221;https:\/\/blogi.eoppimispalvelut.fi\/frostit\/ota-yhteytta\/&#8221; button_text=&#8221;PYYD\u00c4 TARJOUS&#8221; button_alignment=&#8221;center&#8221; _builder_version=&#8221;4.27.4&#8243; _module_preset=&#8221;69d6e284-95a0-47f2-aec6-816a488584e4&#8243; button_bg_color=&#8221;#A6CECF&#8221; button_icon=&#8221;&#x3d;||divi||400&#8243; locked=&#8221;off&#8221; global_colors_info=&#8221;{}&#8221;][\/et_pb_button][\/et_pb_column][\/et_pb_row][\/et_pb_section][et_pb_section fb_built=&#8221;1&#8243; admin_label=&#8221;Footer&#8221; _builder_version=&#8221;4.25.2&#8243; _module_preset=&#8221;f4c169db-d875-41f4-b3b2-3a0a2efde926&#8243; custom_margin=&#8221;-10px|||||&#8221; custom_padding=&#8221;22px|||||&#8221; saved_tabs=&#8221;all&#8221; locked=&#8221;off&#8221; collapsed=&#8221;on&#8221; global_colors_info=&#8221;{}&#8221;][et_pb_row column_structure=&#8221;1_3,1_3,1_3&#8243; _builder_version=&#8221;4.27.4&#8243; _module_preset=&#8221;default&#8221; locked=&#8221;off&#8221; global_colors_info=&#8221;{}&#8221;][et_pb_column type=&#8221;1_3&#8243; _builder_version=&#8221;4.27.4&#8243; _module_preset=&#8221;default&#8221; global_colors_info=&#8221;{}&#8221;][et_pb_text _builder_version=&#8221;4.27.4&#8243; _module_preset=&#8221;default&#8221; text_text_color=&#8221;#FFFFFF&#8221; hover_enabled=&#8221;0&#8243; global_colors_info=&#8221;{}&#8221; sticky_enabled=&#8221;0&#8243;]<\/p>\n<p>FrostIT &#8211; 7881612-0<\/p>\n<p>Kuusitie 13 A, 96200 Napalaakso<\/p>\n<p><a href=\"mailto:frostit123@outlook.com\">frostit123@outlook.com<\/a><\/p>\n<p>&nbsp;<\/p>\n<p>&nbsp;<\/p>\n<p>[\/et_pb_text][\/et_pb_column][et_pb_column type=&#8221;1_3&#8243; _builder_version=&#8221;4.27.4&#8243; _module_preset=&#8221;default&#8221; global_colors_info=&#8221;{}&#8221;][et_pb_image src=&#8221;https:\/\/blogi.eoppimispalvelut.fi\/frostit\/files\/2025\/01\/FrostIT-logo1-e1737548146377.png&#8221; title_text=&#8221;FrostIT-logo1&#8243; align=&#8221;center&#8221; _builder_version=&#8221;4.27.4&#8243; _module_preset=&#8221;default&#8221; global_colors_info=&#8221;{}&#8221;][\/et_pb_image][\/et_pb_column][et_pb_column type=&#8221;1_3&#8243; _builder_version=&#8221;4.27.4&#8243; _module_preset=&#8221;default&#8221; global_colors_info=&#8221;{}&#8221;][et_pb_social_media_follow follow_button=&#8221;on&#8221; icon_color=&#8221;#FFFFFF&#8221; use_icon_font_size=&#8221;on&#8221; icon_font_size=&#8221;27px&#8221; _builder_version=&#8221;4.27.4&#8243; _module_preset=&#8221;default&#8221; custom_button=&#8221;on&#8221; button_text_size=&#8221;22px&#8221; button_text_color=&#8221;#FFFFFF&#8221; button_border_radius=&#8221;0px&#8221; button_letter_spacing=&#8221;0px&#8221; button_font=&#8221;|||on|||||&#8221; text_orientation=&#8221;center&#8221; width=&#8221;100%&#8221; global_colors_info=&#8221;{}&#8221;][et_pb_social_media_follow_network social_network=&#8221;instagram&#8221; url=&#8221;https:\/\/www.instagram.com\/frost_it\/&#8221; use_icon_font_size=&#8221;on&#8221; icon_font_size=&#8221;33px&#8221; _builder_version=&#8221;4.27.4&#8243; _module_preset=&#8221;default&#8221; background_color=&#8221;RGBA(255,255,255,0)&#8221; background_enable_color=&#8221;on&#8221; custom_button=&#8221;on&#8221; button_text_size=&#8221;19px&#8221; button_text_color=&#8221;#000000&#8243; button_bg_color=&#8221;#FFFFFF&#8221; button_border_width=&#8221;0px&#8221; button_border_radius=&#8221;50px&#8221; button_letter_spacing=&#8221;0px&#8221; button_font=&#8221;||||||||&#8221; button_text_shadow_style=&#8221;preset1&#8243; button_text_shadow_blur_strength=&#8221;0.14em&#8221; global_colors_info=&#8221;{}&#8221; follow_button=&#8221;on&#8221; url_new_window=&#8221;on&#8221;]instagram[\/et_pb_social_media_follow_network][\/et_pb_social_media_follow][\/et_pb_column][\/et_pb_row][\/et_pb_section]<\/p>\n","protected":false},"excerpt":{"rendered":"<p>Tarjoamme teid\u00e4n tarpeisiinne r\u00e4\u00e4t\u00e4l\u00f6ityj\u00e4 pakettiratkaisuja. l\u00f6yd\u00e4t sivuiltamme my\u00f6s valmiita tuotepaketteja.\u00a0Autamme valitsemaan parhaiten tarpeitasi vastaavat laitteet ja ratkaisut.Meilt\u00e4 l\u00f6yd\u00e4t uusimmat tietokoneet, puhelimet ja oheislaitteet tarpeesi mukaan.Ammattitaitoista huoltoa ja korjausta kaikille ATK-laitteille, olipa kyseess\u00e4 tietokoneet, tulostimet tai muut oheislaitteet.\u00a0Asennamme ja yll\u00e4pid\u00e4mme ohjelmistoja, sek\u00e4 laitteita toimivuuden varmistamiseksi ja tehokkuuden parantamiseksi.\u00a0Vianm\u00e4\u00e4ritys &amp; ongelmanratkaisut P\u00e4ivystyspalvelu 24\/7 &nbsp; &nbsp;FrostIT &#8211; 7881612-0 [&hellip;]<\/p>\n","protected":false},"author":48809,"featured_media":0,"parent":0,"menu_order":0,"comment_status":"closed","ping_status":"closed","template":"","meta":{"_et_pb_use_builder":"on","_et_pb_old_content":"<!-- wp:paragraph -->\n<p>Tarjoamme laajan valikoiman ATK-laitteita, laitteiden yll\u00e4pitoa ja huoltopalveluita.<\/p>\n<!-- \/wp:paragraph -->\n\n<!-- wp:paragraph -->\n<p><strong>Palvelupaketti<\/strong>:<\/p>\n<!-- \/wp:paragraph -->\n\n<!-- wp:paragraph -->\n<p> Suositeltu yrityksille. Sis\u00e4lt\u00e4\u00e4 konsultoinnin, laitteiston, ohjelmointi- ja asennuspalvelut ja ohjelmistokoulutus.<\/p>\n<!-- \/wp:paragraph -->\n\n<!-- wp:paragraph -->\n<p><strong>IT konsultointi<\/strong>: <\/p>\n<!-- \/wp:paragraph -->\n\n<!-- wp:paragraph -->\n<p>Autamme valitsemaan parhaiten tarpeitasi vastaavat laitteet ja ratkaisut.<\/p>\n<!-- \/wp:paragraph -->\n\n<!-- wp:paragraph -->\n<p><strong>Laitteiden myynti<\/strong>:<\/p>\n<!-- \/wp:paragraph -->\n\n<!-- wp:paragraph -->\n<p>Meilt\u00e4 l\u00f6yd\u00e4t uusimmat tietokoneet, puhelimet ja oheislaitteet tarpeesi mukaan.<\/p>\n<!-- \/wp:paragraph -->\n\n<!-- wp:paragraph -->\n<p><strong>Huolto ja korjaus<\/strong>: <\/p>\n<!-- \/wp:paragraph -->\n\n<!-- wp:paragraph -->\n<p>Ammattitaitoista huoltoa ja korjausta kaikille ATK-laitteille, olipa kyseess\u00e4 tietokoneet, tulostimet tai muut oheislaitteet. <\/p>\n<!-- \/wp:paragraph -->\n\n<!-- wp:paragraph -->\n<p><strong>Asennus ja p\u00e4ivitykset<\/strong>:<\/p>\n<!-- \/wp:paragraph -->\n\n<!-- wp:paragraph -->\n<p>Asennamme ja yll\u00e4pid\u00e4mme ohjelmistoja, sek\u00e4 laitteita toimivuuden varmistamiseksi ja  tehokkuuden parantamiseksi.<\/p>\n<!-- \/wp:paragraph -->\n\n<!-- wp:paragraph -->\n<p><strong>Vianm\u00e4\u00e4ritys ja ongelmanratkaisut<\/strong> <\/p>\n<!-- \/wp:paragraph -->\n\n<!-- wp:paragraph -->\n<p><\/p>\n<!-- \/wp:paragraph -->","_et_gb_content_width":"","footnotes":""},"class_list":["post-16","page","type-page","status-publish","hentry"],"_links":{"self":[{"href":"https:\/\/blogi.eoppimispalvelut.fi\/frostit\/wp-json\/wp\/v2\/pages\/16","targetHints":{"allow":["GET"]}}],"collection":[{"href":"https:\/\/blogi.eoppimispalvelut.fi\/frostit\/wp-json\/wp\/v2\/pages"}],"about":[{"href":"https:\/\/blogi.eoppimispalvelut.fi\/frostit\/wp-json\/wp\/v2\/types\/page"}],"author":[{"embeddable":true,"href":"https:\/\/blogi.eoppimispalvelut.fi\/frostit\/wp-json\/wp\/v2\/users\/48809"}],"replies":[{"embeddable":true,"href":"https:\/\/blogi.eoppimispalvelut.fi\/frostit\/wp-json\/wp\/v2\/comments?post=16"}],"version-history":[{"count":36,"href":"https:\/\/blogi.eoppimispalvelut.fi\/frostit\/wp-json\/wp\/v2\/pages\/16\/revisions"}],"predecessor-version":[{"id":459,"href":"https:\/\/blogi.eoppimispalvelut.fi\/frostit\/wp-json\/wp\/v2\/pages\/16\/revisions\/459"}],"wp:attachment":[{"href":"https:\/\/blogi.eoppimispalvelut.fi\/frostit\/wp-json\/wp\/v2\/media?parent=16"}],"curies":[{"name":"wp","href":"https:\/\/api.w.org\/{rel}","templated":true}]}}