{"id":14,"date":"2025-03-26T12:19:53","date_gmt":"2025-03-26T10:19:53","guid":{"rendered":"https:\/\/blogi.eoppimispalvelut.fi\/gerodigi\/?page_id=14"},"modified":"2026-03-14T21:16:04","modified_gmt":"2026-03-14T19:16:04","slug":"toimintakykyosaaminen","status":"publish","type":"page","link":"https:\/\/blogi.eoppimispalvelut.fi\/gerodigi\/toimintakykyosaaminen\/","title":{"rendered":"Toimintakykyosaaminen"},"content":{"rendered":"<p>[et_pb_section fb_built=&#8221;1&#8243; admin_label=&#8221;Header&#8221; _builder_version=&#8221;4.27.4&#8243; _module_preset=&#8221;default&#8221; min_height=&#8221;766.5px&#8221; custom_margin=&#8221;||-42px|||&#8221; collapsed=&#8221;on&#8221; global_colors_info=&#8221;{}&#8221;][et_pb_row _builder_version=&#8221;4.27.4&#8243; _module_preset=&#8221;default&#8221; background_color=&#8221;#FFFFFF&#8221; global_colors_info=&#8221;{}&#8221;][et_pb_column type=&#8221;4_4&#8243; _builder_version=&#8221;4.27.4&#8243; _module_preset=&#8221;default&#8221; global_colors_info=&#8221;{}&#8221;][et_pb_text _builder_version=&#8221;4.27.4&#8243; _module_preset=&#8221;42d8cfbb-3715-4304-bf7d-06ee93105d09&#8243; text_text_color=&#8221;#000000&#8243; text_orientation=&#8221;center&#8221; global_colors_info=&#8221;{}&#8221;]<\/p>\n<h2>Toimintakykyosaaminen<\/h2>\n<p>&nbsp;<\/p>\n<p>[\/et_pb_text][et_pb_text _builder_version=&#8221;4.27.4&#8243; _module_preset=&#8221;747bbbd1-31cd-4a0e-ae8e-ece1ca09ce76&#8243; text_font=&#8221;||||||||&#8221; text_text_color=&#8221;#000000&#8243; global_colors_info=&#8221;{}&#8221;]<\/p>\n<p style=\"text-align: justify\">Toimintakyky tarkoittaa yksil\u00f6n fyysist\u00e4, psyykkist\u00e4 ja sosiaalista kyky\u00e4 selviyty\u00e4 arjen toiminnoista ja osallistua yhteiskuntaan omien voimavarojensa mukaisesti. Se on keskeinen osa hyvinvointia ja el\u00e4m\u00e4nlaatua \u2013 toimintakyky mahdollistaa omatoimisen, merkityksellisen el\u00e4m\u00e4n.<\/p>\n<p style=\"text-align: justify\">Toimintakyvyn heikkeneminen vaikuttaa suoraan yksil\u00f6n itsen\u00e4isyyteen, turvallisuuteen ja osallisuuteen. Ik\u00e4\u00e4ntyneiden kohdalla toimintakyvyn tukeminen on erityisen t\u00e4rke\u00e4\u00e4, sill\u00e4 se mahdollistaa kotona asumisen, v\u00e4hent\u00e4\u00e4 palveluiden tarvetta ja edist\u00e4\u00e4 kokonaisvaltaista hyvinvointia. Hoitoty\u00f6n ammattilaisilla on keskeinen rooli toimintakyvyn edist\u00e4misess\u00e4 ja yll\u00e4pit\u00e4misess\u00e4 arjen kohtaamisissa.<\/p>\n<p style=\"text-align: justify\">\u00a0Toimintakyky\u00e4 voidaan vahvistaa monipuolisesti<\/p>\n<ul style=\"text-align: justify\">\n<li>Fyysisen aktiivisuuden tukeminen: liikunta, lihaskuntoharjoittelu, tasapainon kehitt\u00e4minen, ravitsemus<\/li>\n<li>Psyykkisen hyvinvoinnin vahvistaminen: mielenterveyden tukeminen, vuorovaikutus<\/li>\n<li>Sosiaalisen osallisuuden edist\u00e4minen: yhteis\u00f6llisyys, merkitykselliset ihmissuhteet<\/li>\n<li>Arjen toimintojen tukeminen: p\u00e4ivitt\u00e4isten rutiinien vahvistaminen, apuv\u00e4lineiden k\u00e4ytt\u00f6<\/li>\n<\/ul>\n<p style=\"text-align: justify\">Mittareina voidaan k\u00e4ytt\u00e4\u00e4 esimerkiksi toimintakykykyselyj\u00e4, fyysisi\u00e4 testej\u00e4 (esim. k\u00e4velytestit), itsearviointilomakkeita sek\u00e4 ammattilaisten tekemi\u00e4 arviointeja.<\/p>\n<p style=\"text-align: justify\">Toimintakykyosaamisen teema sis\u00e4lt\u00e4\u00e4 kolme aihetta:<\/p>\n<ul>\n<li style=\"text-align: justify\">Hyvinvoinnin edist\u00e4minen<\/li>\n<li style=\"text-align: justify\">Toimijuuden tukeminen<\/li>\n<li style=\"text-align: justify\">Ik\u00e4\u00e4ntymisen lukutaito<\/li>\n<\/ul>\n<p>&nbsp;<\/p>\n<p>[\/et_pb_text][\/et_pb_column][\/et_pb_row][\/et_pb_section][et_pb_section fb_built=&#8221;1&#8243; admin_label=&#8221;How We Work&#8221; _builder_version=&#8221;4.22.0&#8243; _module_preset=&#8221;default&#8221; collapsed=&#8221;on&#8221; global_colors_info=&#8221;{}&#8221;][et_pb_row column_structure=&#8221;1_3,1_3,1_3&#8243; make_equal=&#8221;on&#8221; custom_padding_last_edited=&#8221;on|desktop&#8221; _builder_version=&#8221;4.27.4&#8243; _module_preset=&#8221;default&#8221; background_color=&#8221;#FFFFFF&#8221; custom_padding_tablet=&#8221;||0px||false|false&#8221; custom_padding_phone=&#8221;||0px||false|false&#8221; locked=&#8221;off&#8221;][et_pb_column type=&#8221;1_3&#8243; _builder_version=&#8221;4.22.0&#8243; _module_preset=&#8221;default&#8221; background_color=&#8221;gcid-34807b40-f97e-428a-90f8-6d5ad2ecd8cd&#8221; custom_padding=&#8221;30px|30px|30px|30px|true|true&#8221; custom_padding_tablet=&#8221;30px|30px|30px|30px|true|true&#8221; custom_padding_phone=&#8221;20px|20px|20px|20px|true|true&#8221; custom_padding_last_edited=&#8221;on|tablet&#8221; border_radii=&#8221;on|20px|20px|20px|20px&#8221; global_colors_info=&#8221;{%22gcid-34807b40-f97e-428a-90f8-6d5ad2ecd8cd%22:%91%22background_color%22%93}&#8221;][et_pb_text _builder_version=&#8221;4.27.4&#8243; _module_preset=&#8221;143f1eda-e6cc-4dec-8694-eb3482db7930&#8243; custom_margin=&#8221;||10px||false|false&#8221; global_colors_info=&#8221;{}&#8221;]<\/p>\n<h3 style=\"text-align: center\">Hyvinvoinnin edist\u00e4minen<\/h3>\n<p>[\/et_pb_text][et_pb_image src=&#8221;https:\/\/blogi.eoppimispalvelut.fi\/gerodigi\/files\/2025\/10\/hyvinvoinnin-edistaminen-1.png&#8221; title_text=&#8221;hyvinvoinnin edist\u00e4minen&#8221; align=&#8221;center&#8221; _builder_version=&#8221;4.27.4&#8243; _module_preset=&#8221;default&#8221; global_colors_info=&#8221;{}&#8221;][\/et_pb_image][et_pb_text _builder_version=&#8221;4.27.4&#8243; _module_preset=&#8221;cb0d7a59-56ca-4209-9277-d2aaece38be6&#8243; text_text_color=&#8221;#000000&#8243; custom_padding=&#8221;||0px|||&#8221; global_colors_info=&#8221;{}&#8221;]<\/p>\n<p><strong data-start=\"228\" data-end=\"272\">Osaamismerkki hyvinvoinnin edist\u00e4misest\u00e4<\/strong> osoittaa, ett\u00e4 osaat tukea ik\u00e4\u00e4ntyneiden kokonaisvaltaista hyvinvointia monipuolisesti ravitsemuksen, seksuaalisuuden tukemisen ja kulttuurihyvinvoinnin n\u00e4k\u00f6kulmista. T\u00e4m\u00e4 osaamismerkki sopii sinulle, joka haluat kehitt\u00e4\u00e4 osaamistasi ik\u00e4\u00e4ntyneiden kokonaisvaltaisessa tukemisessa ja edist\u00e4\u00e4 heid\u00e4n hyvinvointiaan arjen eri tilanteissa.<\/p>\n<p>[\/et_pb_text][et_pb_button button_url=&#8221;https:\/\/blogi.eoppimispalvelut.fi\/gerodigi\/hyvinvoinnin-edistaminen\/&#8221; url_new_window=&#8221;on&#8221; button_text=&#8221;Siirry osioon&#8221; button_alignment=&#8221;center&#8221; _builder_version=&#8221;4.27.4&#8243; _module_preset=&#8221;dc71faa0-5694-48a3-9f79-c24320814703&#8243; global_colors_info=&#8221;{}&#8221;][\/et_pb_button][\/et_pb_column][et_pb_column type=&#8221;1_3&#8243; _builder_version=&#8221;4.22.0&#8243; _module_preset=&#8221;default&#8221; background_color=&#8221;gcid-34807b40-f97e-428a-90f8-6d5ad2ecd8cd&#8221; custom_padding=&#8221;30px|30px|30px|30px|true|true&#8221; custom_padding_tablet=&#8221;30px|30px|30px|30px|true|true&#8221; custom_padding_phone=&#8221;20px|20px|20px|20px|true|true&#8221; custom_padding_last_edited=&#8221;on|tablet&#8221; border_radii=&#8221;on|20px|20px|20px|20px&#8221; global_colors_info=&#8221;{%22gcid-34807b40-f97e-428a-90f8-6d5ad2ecd8cd%22:%91%22background_color%22%93}&#8221;][et_pb_text _builder_version=&#8221;4.27.4&#8243; _module_preset=&#8221;143f1eda-e6cc-4dec-8694-eb3482db7930&#8243; custom_margin=&#8221;||10px||false|false&#8221; global_colors_info=&#8221;{}&#8221;]<\/p>\n<h3 style=\"text-align: center\">Toimijuuden tukeminen<\/h3>\n<p>[\/et_pb_text][et_pb_image src=&#8221;https:\/\/blogi.eoppimispalvelut.fi\/gerodigi\/files\/2025\/10\/toimijuuden-tukeminen.png&#8221; title_text=&#8221;toimijuuden tukeminen&#8221; align=&#8221;center&#8221; _builder_version=&#8221;4.27.4&#8243; _module_preset=&#8221;default&#8221; global_colors_info=&#8221;{}&#8221;][\/et_pb_image][et_pb_text _builder_version=&#8221;4.27.4&#8243; _module_preset=&#8221;cb0d7a59-56ca-4209-9277-d2aaece38be6&#8243; text_text_color=&#8221;#000000&#8243; custom_padding=&#8221;||0px|||&#8221; global_colors_info=&#8221;{}&#8221;]<\/p>\n<p><strong data-start=\"1135\" data-end=\"1176\">Osaamismerkki toimijuuden tukemisesta<\/strong> osoittaa, ett\u00e4 osaat vahvistaa ik\u00e4\u00e4ntyneiden mahdollisuuksia tehd\u00e4 valintoja, osallistua ja el\u00e4\u00e4 omann\u00e4k\u00f6ist\u00e4 el\u00e4m\u00e4\u00e4. T\u00e4m\u00e4 osaamismerkki vahvistaa ammatillista osaamistasi ja antaa v\u00e4lineit\u00e4 tukea ik\u00e4\u00e4ntyneen arkea kokonaisvaltaisesti \u2013 niin fyysisesti, psyykkisesti kuin sosiaalisestikin.<\/p>\n<p>[\/et_pb_text][et_pb_button button_url=&#8221;https:\/\/blogi.eoppimispalvelut.fi\/gerodigi\/toimijuuden-tukeminen\/&#8221; url_new_window=&#8221;on&#8221; button_text=&#8221;Siirry osioon&#8221; button_alignment=&#8221;center&#8221; _builder_version=&#8221;4.27.4&#8243; _module_preset=&#8221;dc71faa0-5694-48a3-9f79-c24320814703&#8243; hover_enabled=&#8221;0&#8243; global_colors_info=&#8221;{}&#8221; sticky_enabled=&#8221;0&#8243;][\/et_pb_button][\/et_pb_column][et_pb_column type=&#8221;1_3&#8243; _builder_version=&#8221;4.22.0&#8243; _module_preset=&#8221;default&#8221; background_color=&#8221;gcid-34807b40-f97e-428a-90f8-6d5ad2ecd8cd&#8221; custom_padding=&#8221;30px|30px|30px|30px|true|true&#8221; custom_padding_tablet=&#8221;30px|30px|30px|30px|true|true&#8221; custom_padding_phone=&#8221;20px|20px|20px|20px|true|true&#8221; custom_padding_last_edited=&#8221;on|tablet&#8221; border_radii=&#8221;on|20px|20px|20px|20px&#8221; global_colors_info=&#8221;{%22gcid-34807b40-f97e-428a-90f8-6d5ad2ecd8cd%22:%91%22background_color%22%93}&#8221;][et_pb_text _builder_version=&#8221;4.27.4&#8243; _module_preset=&#8221;143f1eda-e6cc-4dec-8694-eb3482db7930&#8243; custom_margin=&#8221;||10px||false|false&#8221; global_colors_info=&#8221;{}&#8221;]<\/p>\n<h3 style=\"text-align: center\">Terveyden lukutaito<\/h3>\n<p>[\/et_pb_text][et_pb_image src=&#8221;https:\/\/blogi.eoppimispalvelut.fi\/gerodigi\/files\/2025\/10\/terveyden-lukutaito.png&#8221; title_text=&#8221;terveyden lukutaito&#8221; align=&#8221;center&#8221; _builder_version=&#8221;4.27.4&#8243; _module_preset=&#8221;default&#8221; global_colors_info=&#8221;{}&#8221;][\/et_pb_image][et_pb_text _builder_version=&#8221;4.27.4&#8243; _module_preset=&#8221;cb0d7a59-56ca-4209-9277-d2aaece38be6&#8243; text_text_color=&#8221;#000000&#8243; custom_padding=&#8221;||0px|||&#8221; global_colors_info=&#8221;{}&#8221;]<\/p>\n<p><strong data-start=\"1948\" data-end=\"1988\">Osaamismerkki terveyden lukutaidosta<\/strong> osoittaa, ett\u00e4 ymm\u00e4rr\u00e4t terveyteen, toimintakykyyn ja ik\u00e4\u00e4ntymiseen liittyvi\u00e4 ilmi\u00f6it\u00e4 sek\u00e4 osaat hy\u00f6dynt\u00e4\u00e4 tietoa ik\u00e4\u00e4ntyneen hyvinvoinnin tukemisessa. T\u00e4m\u00e4 osaamismerkki sopii sinulle, joka haluat syvent\u00e4\u00e4 ymm\u00e4rryst\u00e4si ik\u00e4\u00e4ntymisest\u00e4 ja kehitt\u00e4\u00e4 valmiuksia toimia terveytt\u00e4 ja hyvinvointia edist\u00e4v\u00e4ll\u00e4 tavalla erilaisissa asiakas- ja hoitoty\u00f6n tilanteissa.<\/p>\n<p>[\/et_pb_text][et_pb_button button_url=&#8221;https:\/\/blogi.eoppimispalvelut.fi\/gerodigi\/&#8221; url_new_window=&#8221;on&#8221; button_text=&#8221;Siirry osioon&#8221; button_alignment=&#8221;center&#8221; _builder_version=&#8221;4.27.4&#8243; _module_preset=&#8221;dc71faa0-5694-48a3-9f79-c24320814703&#8243; global_colors_info=&#8221;{}&#8221;][\/et_pb_button][\/et_pb_column][\/et_pb_row][et_pb_row custom_padding_last_edited=&#8221;on|tablet&#8221; _builder_version=&#8221;4.27.4&#8243; _module_preset=&#8221;default&#8221; background_color=&#8221;gcid-34807b40-f97e-428a-90f8-6d5ad2ecd8cd&#8221; custom_padding=&#8221;60px|60px|60px|60px|true|true&#8221; custom_padding_tablet=&#8221;|30px||30px|true|true&#8221; custom_padding_phone=&#8221;30px|20px|30px|20px|true|true&#8221; border_radii=&#8221;on|20px|20px|20px|20px&#8221; global_colors_info=&#8221;{%22gcid-34807b40-f97e-428a-90f8-6d5ad2ecd8cd%22:%91%22background_color%22%93}&#8221;][et_pb_column type=&#8221;4_4&#8243; _builder_version=&#8221;4.27.4&#8243; _module_preset=&#8221;default&#8221; background_color=&#8221;gcid-34807b40-f97e-428a-90f8-6d5ad2ecd8cd&#8221; global_colors_info=&#8221;{%22gcid-34807b40-f97e-428a-90f8-6d5ad2ecd8cd%22:%91%22background_color%22%93}&#8221;][et_pb_text _builder_version=&#8221;4.27.4&#8243; _module_preset=&#8221;03c36642-2e12-41fa-b199-bb329487c44a&#8221; text_text_color=&#8221;#000000&#8243; text_orientation=&#8221;center&#8221; max_width=&#8221;700px&#8221; module_alignment=&#8221;center&#8221; global_colors_info=&#8221;{}&#8221;]<\/p>\n<h3>L\u00e4hteet<\/h3>\n<p>[\/et_pb_text][et_pb_text _builder_version=&#8221;4.27.4&#8243; _module_preset=&#8221;default&#8221; text_text_color=&#8221;#000000&#8243; global_colors_info=&#8221;{}&#8221;]<\/p>\n<p><span style=\"font-size: large\">Kulmala, J. 2025. Tutkimustieto ik\u00e4\u00e4ntyneiden terveyden edist\u00e4misen hy\u00f6dyist\u00e4 lis\u00e4\u00e4ntyy \u2013 pidet\u00e4\u00e4n ennaltaehk\u00e4isyn ja hyvinvoinnin tukemisen puolta. Gerontologia 39(2), 2025.\u00a0<\/span><\/p>\n<p><span style=\"font-size: large\">Laatusuositus aktiivisen ja toimintakykyisen ik\u00e4\u00e4ntymisen ja kest\u00e4vien palvelujen turvaamiseksi 2024\u20132027. Sosiaali- ja terveysministeri\u00f6n julkaisuja 2024:4. <a href=\"http:\/\/urn.fi\/URN:ISBN:978-952-00-5436-6\u00a0\" target=\"_blank\" rel=\"noopener\">http:\/\/urn.fi\/URN:ISBN:978-952-00-5436-6\u00a0<\/a><\/span><\/p>\n<p><span style=\"font-size: large\">Laki ik\u00e4\u00e4ntyneen v\u00e4est\u00f6n toimintakyvyn tukemisesta sek\u00e4 i\u00e4kk\u00e4iden sosiaali- ja terveyspalveluista 980\/2012. <a href=\"http:\/\/urn.fi\/URN:ISBN:978-952-00-5436-6\u00a0\" target=\"_blank\" rel=\"noopener\">https:\/\/www.finlex.fi\/eli?uri=http:\/\/data.finlex.fi\/eli\/sd\/2012\/980\/ajantasa\/2024-12-05\/fin\u00a0<\/a><\/span><\/p>\n<p><span style=\"font-size: large\">Saarnio, R. &amp; Tuomikoski, A. 2019. Gerontologisen hoitoty\u00f6n osaamisella ja n\u00e4ytt\u00f6\u00f6n perustuvan toiminnan kehitt\u00e4misell\u00e4 laatua ik\u00e4ihmisten hoitoon. ePooki 82\/2019\u00a0<\/span><\/p>\n<p>[\/et_pb_text][\/et_pb_column][\/et_pb_row][\/et_pb_section]<\/p>\n","protected":false},"excerpt":{"rendered":"<p>Toimintakykyosaaminen &nbsp;Toimintakyky tarkoittaa yksil\u00f6n fyysist\u00e4, psyykkist\u00e4 ja sosiaalista kyky\u00e4 selviyty\u00e4 arjen toiminnoista ja osallistua yhteiskuntaan omien voimavarojensa mukaisesti. Se on keskeinen osa hyvinvointia ja el\u00e4m\u00e4nlaatua \u2013 toimintakyky mahdollistaa omatoimisen, merkityksellisen el\u00e4m\u00e4n. Toimintakyvyn heikkeneminen vaikuttaa suoraan yksil\u00f6n itsen\u00e4isyyteen, turvallisuuteen ja osallisuuteen. Ik\u00e4\u00e4ntyneiden kohdalla toimintakyvyn tukeminen on erityisen t\u00e4rke\u00e4\u00e4, sill\u00e4 se mahdollistaa kotona asumisen, v\u00e4hent\u00e4\u00e4 palveluiden tarvetta [&hellip;]<\/p>\n","protected":false},"author":1329,"featured_media":0,"parent":0,"menu_order":0,"comment_status":"closed","ping_status":"closed","template":"","meta":{"_et_pb_use_builder":"on","_et_pb_old_content":"","_et_gb_content_width":"","footnotes":""},"class_list":["post-14","page","type-page","status-publish","hentry"],"_links":{"self":[{"href":"https:\/\/blogi.eoppimispalvelut.fi\/gerodigi\/wp-json\/wp\/v2\/pages\/14","targetHints":{"allow":["GET"]}}],"collection":[{"href":"https:\/\/blogi.eoppimispalvelut.fi\/gerodigi\/wp-json\/wp\/v2\/pages"}],"about":[{"href":"https:\/\/blogi.eoppimispalvelut.fi\/gerodigi\/wp-json\/wp\/v2\/types\/page"}],"author":[{"embeddable":true,"href":"https:\/\/blogi.eoppimispalvelut.fi\/gerodigi\/wp-json\/wp\/v2\/users\/1329"}],"replies":[{"embeddable":true,"href":"https:\/\/blogi.eoppimispalvelut.fi\/gerodigi\/wp-json\/wp\/v2\/comments?post=14"}],"version-history":[{"count":53,"href":"https:\/\/blogi.eoppimispalvelut.fi\/gerodigi\/wp-json\/wp\/v2\/pages\/14\/revisions"}],"predecessor-version":[{"id":2814,"href":"https:\/\/blogi.eoppimispalvelut.fi\/gerodigi\/wp-json\/wp\/v2\/pages\/14\/revisions\/2814"}],"wp:attachment":[{"href":"https:\/\/blogi.eoppimispalvelut.fi\/gerodigi\/wp-json\/wp\/v2\/media?parent=14"}],"curies":[{"name":"wp","href":"https:\/\/api.w.org\/{rel}","templated":true}]}}