{"id":21,"date":"2025-03-26T12:20:24","date_gmt":"2025-03-26T10:20:24","guid":{"rendered":"https:\/\/blogi.eoppimispalvelut.fi\/gerodigi\/?page_id=21"},"modified":"2025-11-12T10:13:27","modified_gmt":"2025-11-12T08:13:27","slug":"teknologiaosaaminen","status":"publish","type":"page","link":"https:\/\/blogi.eoppimispalvelut.fi\/gerodigi\/teknologiaosaaminen\/","title":{"rendered":"Teknologiaosaaminen"},"content":{"rendered":"<p>[et_pb_section fb_built=&#8221;1&#8243; admin_label=&#8221;Call to Action&#8221; _builder_version=&#8221;4.27.4&#8243; _module_preset=&#8221;default&#8221; custom_padding=&#8221;0px||2px|||&#8221; saved_tabs=&#8221;all&#8221; locked=&#8221;off&#8221; collapsed=&#8221;on&#8221; global_colors_info=&#8221;{}&#8221;][et_pb_row _builder_version=&#8221;4.27.4&#8243; _module_preset=&#8221;default&#8221; background_color=&#8221;#FFFFFF&#8221; custom_padding=&#8221;62px|||||&#8221;][et_pb_column type=&#8221;4_4&#8243; _builder_version=&#8221;4.22.0&#8243; _module_preset=&#8221;default&#8221; global_colors_info=&#8221;{}&#8221;][et_pb_text _builder_version=&#8221;4.27.4&#8243; _module_preset=&#8221;42d8cfbb-3715-4304-bf7d-06ee93105d09&#8243; text_text_color=&#8221;#000000&#8243; text_orientation=&#8221;center&#8221; global_colors_info=&#8221;{}&#8221;]<\/p>\n<h2>Teknologialla vahvistetaan ik\u00e4\u00e4ntyneiden hyvinvointia<\/h2>\n<p>&nbsp;<\/p>\n<p>[\/et_pb_text][et_pb_text _builder_version=&#8221;4.27.4&#8243; _module_preset=&#8221;747bbbd1-31cd-4a0e-ae8e-ece1ca09ce76&#8243; text_font=&#8221;||||||||&#8221; text_text_color=&#8221;#000000&#8243; global_colors_info=&#8221;{}&#8221;]<\/p>\n<p style=\"text-align: justify\">Terveysteknologian nopea kehitys tuo uusia mahdollisuuksia ja haasteita ik\u00e4\u00e4ntyneiden hoitoty\u00f6h\u00f6n. Turvallinen teknologian hy\u00f6dynt\u00e4minen edellytt\u00e4\u00e4 osaamista tietosuojasta, tietoturvasta ja ihmisl\u00e4ht\u00f6isest\u00e4 arvioinnista. Digitaalinen hoitosuhde muuttaa sek\u00e4 asiakkaan ett\u00e4 ammattilaisen roolia \u2013 vuorovaikutustaidot ja eettinen toiminta korostuvat digipalveluissa (Valtioneuvosto 2023). Teknologia voi my\u00f6s edist\u00e4\u00e4 ik\u00e4\u00e4ntyneiden terveytt\u00e4 esimerkiksi et\u00e4seurannan, hyvinvointisovellusten ja s\u00e4hk\u00f6isten terveystietojen avulla, kun ratkaisut ovat saavutettavia ja tukevat yksil\u00f6llist\u00e4 toimijuutta. Osaamistarpeita suhteessa teknologian hy\u00f6dynt\u00e4miseen on lukuisia. Siisp\u00e4 t\u00e4ss\u00e4 teemassa k\u00e4sitell\u00e4\u00e4n teknologiaa ja sen hy\u00f6dynt\u00e4mist\u00e4 ik\u00e4\u00e4ntyneiden hoitoty\u00f6ss\u00e4 eri n\u00e4k\u00f6kulmista ja l\u00e4ht\u00f6kohdista.\u00a0 Intoa opiskeluun ja osaamisen kehitt\u00e4miseen!<\/p>\n<p>[\/et_pb_text][\/et_pb_column][\/et_pb_row][\/et_pb_section][et_pb_section fb_built=&#8221;1&#8243; admin_label=&#8221;How We Work&#8221; _builder_version=&#8221;4.22.0&#8243; _module_preset=&#8221;default&#8221; collapsed=&#8221;on&#8221; global_colors_info=&#8221;{}&#8221;][et_pb_row column_structure=&#8221;1_3,1_3,1_3&#8243; make_equal=&#8221;on&#8221; custom_padding_last_edited=&#8221;on|desktop&#8221; _builder_version=&#8221;4.27.4&#8243; _module_preset=&#8221;default&#8221; background_color=&#8221;#FFFFFF&#8221; custom_padding_tablet=&#8221;||0px||false|false&#8221; custom_padding_phone=&#8221;||0px||false|false&#8221; locked=&#8221;off&#8221;][et_pb_column type=&#8221;1_3&#8243; _builder_version=&#8221;4.22.0&#8243; _module_preset=&#8221;default&#8221; background_color=&#8221;gcid-34807b40-f97e-428a-90f8-6d5ad2ecd8cd&#8221; custom_padding=&#8221;30px|30px|30px|30px|true|true&#8221; custom_padding_tablet=&#8221;30px|30px|30px|30px|true|true&#8221; custom_padding_phone=&#8221;20px|20px|20px|20px|true|true&#8221; custom_padding_last_edited=&#8221;on|tablet&#8221; border_radii=&#8221;on|20px|20px|20px|20px&#8221; global_colors_info=&#8221;{%22gcid-34807b40-f97e-428a-90f8-6d5ad2ecd8cd%22:%91%22background_color%22%93}&#8221;][et_pb_text _builder_version=&#8221;4.27.4&#8243; _module_preset=&#8221;143f1eda-e6cc-4dec-8694-eb3482db7930&#8243; text_text_color=&#8221;#000000&#8243; custom_margin=&#8221;||10px||false|false&#8221; global_colors_info=&#8221;{}&#8221;]<\/p>\n<h3 style=\"text-align: center\">Teknologian turvallinen hy\u00f6dynt\u00e4minen<\/h3>\n<p>[\/et_pb_text][et_pb_image src=&#8221;https:\/\/blogi.eoppimispalvelut.fi\/gerodigi\/files\/2025\/10\/turvaa-teknologialla-1.png&#8221; title_text=&#8221;turvaa teknologialla&#8221; align=&#8221;center&#8221; _builder_version=&#8221;4.27.4&#8243; _module_preset=&#8221;default&#8221; global_colors_info=&#8221;{}&#8221;][\/et_pb_image][et_pb_button button_url=&#8221;https:\/\/blogi.eoppimispalvelut.fi\/gerodigi\/teknologian-turvallinen-hyodyntaminen\/&#8221; url_new_window=&#8221;on&#8221; button_text=&#8221;Siirry osioon&#8221; button_alignment=&#8221;center&#8221; _builder_version=&#8221;4.27.4&#8243; _module_preset=&#8221;dc71faa0-5694-48a3-9f79-c24320814703&#8243; global_colors_info=&#8221;{}&#8221;][\/et_pb_button][\/et_pb_column][et_pb_column type=&#8221;1_3&#8243; _builder_version=&#8221;4.22.0&#8243; _module_preset=&#8221;default&#8221; background_color=&#8221;gcid-34807b40-f97e-428a-90f8-6d5ad2ecd8cd&#8221; custom_padding=&#8221;30px|30px|30px|30px|true|true&#8221; custom_padding_tablet=&#8221;30px|30px|30px|30px|true|true&#8221; custom_padding_phone=&#8221;20px|20px|20px|20px|true|true&#8221; custom_padding_last_edited=&#8221;on|tablet&#8221; border_radii=&#8221;on|20px|20px|20px|20px&#8221; global_colors_info=&#8221;{%22gcid-34807b40-f97e-428a-90f8-6d5ad2ecd8cd%22:%91%22background_color%22%93}&#8221;][et_pb_text _builder_version=&#8221;4.27.4&#8243; _module_preset=&#8221;143f1eda-e6cc-4dec-8694-eb3482db7930&#8243; text_text_color=&#8221;#000000&#8243; custom_margin=&#8221;||10px||false|false&#8221; custom_padding=&#8221;|||0px||&#8221; global_colors_info=&#8221;{}&#8221;]<\/p>\n<h3 style=\"text-align: center\">Digitaalinen hoitosuhde<\/h3>\n<p>[\/et_pb_text][et_pb_image src=&#8221;https:\/\/blogi.eoppimispalvelut.fi\/gerodigi\/files\/2025\/10\/Digitaalinen-hoitosuhde-.png&#8221; title_text=&#8221;Digitaalinen hoitosuhde&#8221; align=&#8221;center&#8221; _builder_version=&#8221;4.27.4&#8243; _module_preset=&#8221;default&#8221; global_colors_info=&#8221;{}&#8221;][\/et_pb_image][et_pb_button button_url=&#8221;https:\/\/blogi.eoppimispalvelut.fi\/gerodigi\/digitaalinen-hoitosuhde\/&#8221; url_new_window=&#8221;on&#8221; button_text=&#8221;Siirry osioon&#8221; button_alignment=&#8221;center&#8221; _builder_version=&#8221;4.27.4&#8243; _module_preset=&#8221;dc71faa0-5694-48a3-9f79-c24320814703&#8243; global_colors_info=&#8221;{}&#8221;][\/et_pb_button][\/et_pb_column][et_pb_column type=&#8221;1_3&#8243; _builder_version=&#8221;4.22.0&#8243; _module_preset=&#8221;default&#8221; background_color=&#8221;gcid-34807b40-f97e-428a-90f8-6d5ad2ecd8cd&#8221; custom_padding=&#8221;30px|30px|30px|30px|true|true&#8221; custom_padding_tablet=&#8221;30px|30px|30px|30px|true|true&#8221; custom_padding_phone=&#8221;20px|20px|20px|20px|true|true&#8221; custom_padding_last_edited=&#8221;on|tablet&#8221; border_radii=&#8221;on|20px|20px|20px|20px&#8221; global_colors_info=&#8221;{%22gcid-34807b40-f97e-428a-90f8-6d5ad2ecd8cd%22:%91%22background_color%22%93}&#8221;][et_pb_text _builder_version=&#8221;4.27.4&#8243; _module_preset=&#8221;143f1eda-e6cc-4dec-8694-eb3482db7930&#8243; text_text_color=&#8221;#000000&#8243; custom_margin=&#8221;||10px||false|false&#8221; global_colors_info=&#8221;{}&#8221;]<\/p>\n<h3 style=\"text-align: center\">Terveyden edist\u00e4minen<\/h3>\n<p>[\/et_pb_text][et_pb_image src=&#8221;https:\/\/blogi.eoppimispalvelut.fi\/gerodigi\/files\/2025\/10\/terveydenedistaminen-1.png&#8221; title_text=&#8221;terveydenedist\u00e4minen&#8221; align=&#8221;center&#8221; _builder_version=&#8221;4.27.4&#8243; _module_preset=&#8221;default&#8221; global_colors_info=&#8221;{}&#8221;][\/et_pb_image][\/et_pb_column][\/et_pb_row][et_pb_row custom_padding_last_edited=&#8221;on|tablet&#8221; _builder_version=&#8221;4.27.4&#8243; _module_preset=&#8221;default&#8221; background_color=&#8221;gcid-34807b40-f97e-428a-90f8-6d5ad2ecd8cd&#8221; custom_padding=&#8221;60px|60px|60px|60px|true|true&#8221; custom_padding_tablet=&#8221;|30px||30px|true|true&#8221; custom_padding_phone=&#8221;30px|20px|30px|20px|true|true&#8221; border_radii=&#8221;on|20px|20px|20px|20px&#8221; global_colors_info=&#8221;{%22gcid-34807b40-f97e-428a-90f8-6d5ad2ecd8cd%22:%91%22background_color%22%93}&#8221;][et_pb_column type=&#8221;4_4&#8243; _builder_version=&#8221;4.27.4&#8243; _module_preset=&#8221;default&#8221; background_color=&#8221;gcid-34807b40-f97e-428a-90f8-6d5ad2ecd8cd&#8221; global_colors_info=&#8221;{%22gcid-34807b40-f97e-428a-90f8-6d5ad2ecd8cd%22:%91%22background_color%22%93}&#8221;][et_pb_text _builder_version=&#8221;4.27.4&#8243; _module_preset=&#8221;03c36642-2e12-41fa-b199-bb329487c44a&#8221; text_text_color=&#8221;#000000&#8243; text_orientation=&#8221;center&#8221; max_width=&#8221;700px&#8221; module_alignment=&#8221;center&#8221; global_colors_info=&#8221;{}&#8221;]<\/p>\n<h3>L\u00e4hteet<\/h3>\n<p>[\/et_pb_text][et_pb_text _builder_version=&#8221;4.27.4&#8243; _module_preset=&#8221;default&#8221; text_text_color=&#8221;#000000&#8243; hover_enabled=&#8221;0&#8243; global_colors_info=&#8221;{}&#8221; sticky_enabled=&#8221;0&#8243;]<\/p>\n<p><span style=\"font-size: large\">Valtioneuvosto 2023. Digitaalisten palvelujen vaikutukset sosiaali- ja terveydenhuollossa. Valtioneuvoston selvitys- ja tutkimustoiminnan julkaisusarja<\/span><span style=\"font-size: large\">\u00a02023:52. <a href=\"https:\/\/julkaisut.valtioneuvosto.fi\/bitstream\/handle\/10024\/165147\/VNTEAS_2023_52.pdf\">Digitaalisten palvelujen vaikutukset sosiaali- ja terveydenhuollossa<\/a><\/span><\/p>\n<p>&nbsp;<\/p>\n<p>&nbsp;<\/p>\n<p>[\/et_pb_text][\/et_pb_column][\/et_pb_row][\/et_pb_section]<\/p>\n","protected":false},"excerpt":{"rendered":"<p>Teknologialla vahvistetaan ik\u00e4\u00e4ntyneiden hyvinvointia &nbsp;Terveysteknologian nopea kehitys tuo uusia mahdollisuuksia ja haasteita ik\u00e4\u00e4ntyneiden hoitoty\u00f6h\u00f6n. Turvallinen teknologian hy\u00f6dynt\u00e4minen edellytt\u00e4\u00e4 osaamista tietosuojasta, tietoturvasta ja ihmisl\u00e4ht\u00f6isest\u00e4 arvioinnista. Digitaalinen hoitosuhde muuttaa sek\u00e4 asiakkaan ett\u00e4 ammattilaisen roolia \u2013 vuorovaikutustaidot ja eettinen toiminta korostuvat digipalveluissa (Valtioneuvosto 2023). Teknologia voi my\u00f6s edist\u00e4\u00e4 ik\u00e4\u00e4ntyneiden terveytt\u00e4 esimerkiksi et\u00e4seurannan, hyvinvointisovellusten ja s\u00e4hk\u00f6isten terveystietojen avulla, kun [&hellip;]<\/p>\n","protected":false},"author":1329,"featured_media":0,"parent":0,"menu_order":0,"comment_status":"closed","ping_status":"closed","template":"","meta":{"_et_pb_use_builder":"on","_et_pb_old_content":"<!-- wp:divi\/placeholder \/-->","_et_gb_content_width":"","footnotes":""},"class_list":["post-21","page","type-page","status-publish","hentry"],"_links":{"self":[{"href":"https:\/\/blogi.eoppimispalvelut.fi\/gerodigi\/wp-json\/wp\/v2\/pages\/21","targetHints":{"allow":["GET"]}}],"collection":[{"href":"https:\/\/blogi.eoppimispalvelut.fi\/gerodigi\/wp-json\/wp\/v2\/pages"}],"about":[{"href":"https:\/\/blogi.eoppimispalvelut.fi\/gerodigi\/wp-json\/wp\/v2\/types\/page"}],"author":[{"embeddable":true,"href":"https:\/\/blogi.eoppimispalvelut.fi\/gerodigi\/wp-json\/wp\/v2\/users\/1329"}],"replies":[{"embeddable":true,"href":"https:\/\/blogi.eoppimispalvelut.fi\/gerodigi\/wp-json\/wp\/v2\/comments?post=21"}],"version-history":[{"count":72,"href":"https:\/\/blogi.eoppimispalvelut.fi\/gerodigi\/wp-json\/wp\/v2\/pages\/21\/revisions"}],"predecessor-version":[{"id":2675,"href":"https:\/\/blogi.eoppimispalvelut.fi\/gerodigi\/wp-json\/wp\/v2\/pages\/21\/revisions\/2675"}],"wp:attachment":[{"href":"https:\/\/blogi.eoppimispalvelut.fi\/gerodigi\/wp-json\/wp\/v2\/media?parent=21"}],"curies":[{"name":"wp","href":"https:\/\/api.w.org\/{rel}","templated":true}]}}