{"id":222,"date":"2025-04-10T13:24:13","date_gmt":"2025-04-10T10:24:13","guid":{"rendered":"https:\/\/blogi.eoppimispalvelut.fi\/gerodigi\/?page_id=222"},"modified":"2026-03-16T10:24:10","modified_gmt":"2026-03-16T08:24:10","slug":"hyvinvoinnin-edistaminen","status":"publish","type":"page","link":"https:\/\/blogi.eoppimispalvelut.fi\/gerodigi\/hyvinvoinnin-edistaminen\/","title":{"rendered":"Hyvinvoinnin edist\u00e4minen"},"content":{"rendered":"<p>[et_pb_section fb_built=&#8221;1&#8243; admin_label=&#8221;Header&#8221; _builder_version=&#8221;4.22.0&#8243; _module_preset=&#8221;default&#8221; collapsed=&#8221;on&#8221; global_colors_info=&#8221;{}&#8221;][et_pb_row _builder_version=&#8221;4.27.4&#8243; _module_preset=&#8221;default&#8221; background_color=&#8221;RGBA(255,255,255,0)&#8221;][et_pb_column type=&#8221;4_4&#8243; _builder_version=&#8221;4.27.4&#8243; _module_preset=&#8221;default&#8221; global_colors_info=&#8221;{}&#8221;][et_pb_text _builder_version=&#8221;4.27.4&#8243; _module_preset=&#8221;42d8cfbb-3715-4304-bf7d-06ee93105d09&#8243; text_text_color=&#8221;#000000&#8243; text_orientation=&#8221;center&#8221; global_colors_info=&#8221;{}&#8221;]<\/p>\n<h2>Hyvinvoinnin edist\u00e4minen<\/h2>\n<p>[\/et_pb_text][\/et_pb_column][\/et_pb_row][et_pb_row _builder_version=&#8221;4.27.4&#8243; _module_preset=&#8221;default&#8221; background_color=&#8221;RGBA(255,255,255,0)&#8221; global_colors_info=&#8221;{}&#8221;][et_pb_column type=&#8221;4_4&#8243; _builder_version=&#8221;4.27.4&#8243; _module_preset=&#8221;default&#8221; global_colors_info=&#8221;{}&#8221;][et_pb_text _builder_version=&#8221;4.27.4&#8243; _module_preset=&#8221;default&#8221; text_text_color=&#8221;#000000&#8243; text_font_size=&#8221;18px&#8221; text_line_height=&#8221;1.5em&#8221; background_color=&#8221;RGBA(255,255,255,0)&#8221; global_colors_info=&#8221;{}&#8221;]<\/p>\n<p style=\"text-align: justify\">Ik\u00e4\u00e4ntyneiden hyvinvoinnin edist\u00e4minen on kokonaisvaltainen l\u00e4hestymistapa, jossa huomioidaan fyysisen, psyykkisen, sosiaalisen ja kognitiivisen n\u00e4k\u00f6kulmia. Terveelliset elintavat \u2013 kuten liikunta, ravitsemus, sosiaalinen aktiivisuus ja aivojen harjoittaminen \u2013 vaikuttavat merkitt\u00e4v\u00e4sti ik\u00e4\u00e4ntyneiden hyvinvointiin ja toimintakykyyn. T\u00e4st\u00e4 esimerkkin\u00e4 useita terveytt\u00e4 tukevia toimenpiteit\u00e4 yhdist\u00e4v\u00e4 FINGER-elintapaohjelma, joka on osoittautunut tehokkaaksi muisti- ja ajattelutoimintojen, fyysisen toimintakyvyn ja el\u00e4m\u00e4nlaadun parantamisessa.<\/p>\n<p style=\"text-align: justify\">Lains\u00e4\u00e4d\u00e4nt\u00f6 ja laatusuositukset, kuten Laki ik\u00e4\u00e4ntyneen v\u00e4est\u00f6n toimintakyvyn tukemisesta sek\u00e4 i\u00e4kk\u00e4iden sosiaali- ja terveyspalveluista sek\u00e4 Laatusuositus aktiivisen ja toimintakykyisen ik\u00e4\u00e4ntymisen ja kest\u00e4vien palvelujen turvaamiseksi 2024\u20132027, ohjaavat palvelujen toteutusta. Lakien ja suositusten tavoitteena on tukea i\u00e4kk\u00e4iden aktiivisuutta, toimintakyky\u00e4 ja osallistumista sek\u00e4 edist\u00e4\u00e4 teknologian hy\u00f6dynt\u00e4mist\u00e4 ja asumisen ik\u00e4yst\u00e4v\u00e4llisyytt\u00e4, korostaen ik\u00e4ihmisten osallisuutta, yksil\u00f6llisyytt\u00e4 ja mahdollisuutta vaikuttaa omiin palveluihinsa.<\/p>\n<p style=\"text-align: justify\">T\u00e4ss\u00e4 aiheessa on kolme sis\u00e4lt\u00f6\u00e4:<\/p>\n<ul>\n<li style=\"text-align: justify\">Ravitsemuksen merkitys ik\u00e4\u00e4ntyneelle<\/li>\n<li style=\"text-align: justify\">Ik\u00e4\u00e4tyneen seksuaalisuuden tukeminen<\/li>\n<li style=\"text-align: justify\">Kulttuurihyvinvoinnin merkitys ik\u00e4\u00e4ntyneelle<\/li>\n<\/ul>\n<p>Osaamistavoitteet:<\/p>\n<ul>\n<li>Osaat tukea ik\u00e4\u00e4ntyneen hyvinvointia ravitsemuksen, seksuaalisuuden ja kulttuurihyvinvoinnin n\u00e4k\u00f6kulmista.<\/li>\n<li>Osaat kohdata ik\u00e4\u00e4ntyneen arvostavasti ja edist\u00e4\u00e4 kokonaisvaltaista hyvinvointia arjen tilanteissa.<\/li>\n<\/ul>\n<p>Opiskele seuraavien sis\u00e4lt\u00f6jen avulla hyvinvoinnin edist\u00e4mist\u00e4.<\/p>\n<p>[\/et_pb_text][\/et_pb_column][\/et_pb_row][et_pb_row _builder_version=&#8221;4.27.4&#8243; _module_preset=&#8221;default&#8221; background_color=&#8221;RGBA(255,255,255,0)&#8221;][et_pb_column type=&#8221;4_4&#8243; _builder_version=&#8221;4.27.4&#8243; _module_preset=&#8221;default&#8221; global_colors_info=&#8221;{}&#8221;][et_pb_image src=&#8221;https:\/\/blogi.eoppimispalvelut.fi\/gerodigi\/files\/2025\/10\/cc-by-sa-e1761723985743.png&#8221; title_text=&#8221;cc-by-sa&#8221; _builder_version=&#8221;4.27.4&#8243; _module_preset=&#8221;default&#8221; global_colors_info=&#8221;{}&#8221;][\/et_pb_image][\/et_pb_column][\/et_pb_row][et_pb_row _builder_version=&#8221;4.27.4&#8243; _module_preset=&#8221;default&#8221; background_color=&#8221;RGBA(255,255,255,0)&#8221; global_colors_info=&#8221;{}&#8221;][et_pb_column type=&#8221;4_4&#8243; _builder_version=&#8221;4.27.4&#8243; _module_preset=&#8221;default&#8221; global_colors_info=&#8221;{}&#8221;][et_pb_text _builder_version=&#8221;4.27.4&#8243; _module_preset=&#8221;46b2bb26-0a34-45f3-a0a2-3402af90a97f&#8221; text_text_color=&#8221;#000000&#8243; background_color=&#8221;#FFFFFF&#8221; text_orientation=&#8221;center&#8221; min_height=&#8221;161px&#8221; custom_margin=&#8221;3px|||||&#8221; custom_padding=&#8221;39px|||||&#8221; border_style_all=&#8221;none&#8221; global_colors_info=&#8221;{}&#8221;]<\/p>\n<h2><span style=\"font-size: xx-large\">Ravitsemuksen merkitys ik\u00e4\u00e4ntyneen terveydelle<\/span><\/h2>\n<p>[\/et_pb_text][\/et_pb_column][\/et_pb_row][et_pb_row _builder_version=&#8221;4.27.4&#8243; _module_preset=&#8221;default&#8221; background_color=&#8221;RGBA(255,255,255,0)&#8221; global_colors_info=&#8221;{}&#8221;][et_pb_column type=&#8221;4_4&#8243; _builder_version=&#8221;4.27.4&#8243; _module_preset=&#8221;default&#8221; global_colors_info=&#8221;{}&#8221;][et_pb_accordion icon_color=&#8221;#000000&#8243; use_icon_font_size=&#8221;on&#8221; icon_font_size=&#8221;40px&#8221; _builder_version=&#8221;4.27.4&#8243; _module_preset=&#8221;default&#8221; toggle_text_color=&#8221;#000000&#8243; toggle_font_size=&#8221;18px&#8221; body_text_color=&#8221;#000000&#8243; background_color=&#8221;RGBA(255,255,255,0)&#8221; custom_margin=&#8221;-36px||95px|||&#8221; border_color_all=&#8221;#FFFFFF&#8221; box_shadow_style=&#8221;none&#8221; global_colors_info=&#8221;{}&#8221;][et_pb_accordion_item title=&#8221;Aloita t\u00e4st\u00e4&#8221; open=&#8221;on&#8221; _builder_version=&#8221;4.27.4&#8243; _module_preset=&#8221;default&#8221; background_color=&#8221;#9ec7ab&#8221; background_enable_color=&#8221;on&#8221; global_colors_info=&#8221;{}&#8221;]<\/p>\n<p><span style=\"color: #000000\">Miten ravitsemus vaikuttaa ik\u00e4\u00e4ntyneen toimintakykyyn, mielialaan ja kotona selviytymiseen \u2013 ja miksi sen merkitys kasvaa i\u00e4n my\u00f6t\u00e4? Tutustumalla aiheeseen, perehdyt siihen, miten ravitsemuksella voidaan tukea kokonaisvaltaista hyvinvointia.<\/span><\/p>\n<p>[\/et_pb_accordion_item][et_pb_accordion_item title=&#8221;Ruokailutilanteen sosiaalisuus &#8221; _builder_version=&#8221;4.27.4&#8243; _module_preset=&#8221;default&#8221; background_color=&#8221;#9ec7ab&#8221; background_enable_color=&#8221;on&#8221; global_colors_info=&#8221;{}&#8221; open=&#8221;off&#8221;]<\/p>\n<div class=\"h5p-iframe-wrapper\"><iframe id=\"h5p-iframe-51\" class=\"h5p-iframe\" data-content-id=\"51\" style=\"height:1px\" src=\"about:blank\" frameBorder=\"0\" scrolling=\"no\" title=\"Ruokailutilanteen sosiaalisuus\"><\/iframe><\/div>\n<p>[\/et_pb_accordion_item][et_pb_accordion_item title=&#8221;Ruokavaliohoidon toteuttaminen &#8221; _builder_version=&#8221;4.27.4&#8243; _module_preset=&#8221;default&#8221; background_color=&#8221;#9ec7ab&#8221; background_enable_color=&#8221;on&#8221; global_colors_info=&#8221;{}&#8221; open=&#8221;off&#8221;]<\/p>\n<div class=\"h5p-iframe-wrapper\"><iframe id=\"h5p-iframe-50\" class=\"h5p-iframe\" data-content-id=\"50\" style=\"height:1px\" src=\"about:blank\" frameBorder=\"0\" scrolling=\"no\" title=\"Ruokavaliohoidon toteuttaminen\"><\/iframe><\/div>\n<p>[\/et_pb_accordion_item][et_pb_accordion_item title=&#8221;Ravitsemushoito gerastenian ennaltaehk\u00e4isyss\u00e4 &#8221; _builder_version=&#8221;4.27.4&#8243; _module_preset=&#8221;default&#8221; background_color=&#8221;#9ec7ab&#8221; background_enable_color=&#8221;on&#8221; global_colors_info=&#8221;{}&#8221; open=&#8221;off&#8221;]<\/p>\n<div class=\"h5p-iframe-wrapper\"><iframe id=\"h5p-iframe-56\" class=\"h5p-iframe\" data-content-id=\"56\" style=\"height:1px\" src=\"about:blank\" frameBorder=\"0\" scrolling=\"no\" title=\"Ravitsemushoito gerastenian ennaltaehk\u00e4isyss\u00e4\"><\/iframe><\/div>\n<p>[\/et_pb_accordion_item][\/et_pb_accordion][\/et_pb_column][\/et_pb_row][et_pb_row _builder_version=&#8221;4.27.4&#8243; _module_preset=&#8221;default&#8221; background_color=&#8221;RGBA(255,255,255,0)&#8221; min_height=&#8221;2108.9px&#8221; custom_margin=&#8221;|auto|-94px|auto||&#8221; global_colors_info=&#8221;{}&#8221;][et_pb_column type=&#8221;4_4&#8243; _builder_version=&#8221;4.27.4&#8243; _module_preset=&#8221;default&#8221; global_colors_info=&#8221;{}&#8221;][et_pb_text _builder_version=&#8221;4.27.4&#8243; _module_preset=&#8221;46b2bb26-0a34-45f3-a0a2-3402af90a97f&#8221; background_color=&#8221;#FFFFFF&#8221; text_orientation=&#8221;center&#8221; min_height=&#8221;161px&#8221; custom_margin=&#8221;3px|||||&#8221; custom_padding=&#8221;39px|||||&#8221; border_style_all=&#8221;none&#8221; global_colors_info=&#8221;{}&#8221;]<\/p>\n<h2><span style=\"font-size: xx-large\">Ik\u00e4\u00e4ntyneen seksuaalisuuden tukeminen<\/span><\/h2>\n<p>[\/et_pb_text][et_pb_accordion icon_color=&#8221;#000000&#8243; use_icon_font_size=&#8221;on&#8221; icon_font_size=&#8221;40px&#8221; _builder_version=&#8221;4.27.4&#8243; _module_preset=&#8221;default&#8221; toggle_font_size=&#8221;18px&#8221; background_color=&#8221;RGBA(255,255,255,0)&#8221; custom_margin=&#8221;||||false|false&#8221; border_color_all=&#8221;#FFFFFF&#8221; box_shadow_style=&#8221;none&#8221; global_colors_info=&#8221;{%22gcid-34807b40-f97e-428a-90f8-6d5ad2ecd8cd%22:%91%22box_shadow_color%22%93}&#8221;][et_pb_accordion_item title=&#8221;Aloita t\u00e4st\u00e4&#8221; open=&#8221;on&#8221; _builder_version=&#8221;4.27.4&#8243; _module_preset=&#8221;default&#8221; body_text_color=&#8221;#000000&#8243; background_color=&#8221;#9ec7ab&#8221; background_enable_color=&#8221;on&#8221; global_colors_info=&#8221;{}&#8221; toggle_text_color=&#8221;#000000&#8243;]<\/p>\n<p><span style=\"color: #000000\">Miten seksuaalisuus ilmenee ik\u00e4\u00e4ntyess\u00e4 ja miksi sen tunnistaminen on t\u00e4rke\u00e4\u00e4 osana kokonaisvaltaista hoitoa? Tutustumalla aiheeseen opit, kuinka seksuaalisuuden tukeminen voi vahvistaa ik\u00e4\u00e4ntyneen hyvinvointia, itsetuntoa ja el\u00e4m\u00e4nlaatua \u2013 my\u00f6s hoivaymp\u00e4rist\u00f6iss\u00e4.<\/span><\/p>\n<p>[\/et_pb_accordion_item][et_pb_accordion_item title=&#8221;Seksuaalisuuden tukeminen &#8221; _builder_version=&#8221;4.27.4&#8243; _module_preset=&#8221;default&#8221; background_color=&#8221;#9ec7ab&#8221; background_enable_color=&#8221;on&#8221; global_colors_info=&#8221;{}&#8221; toggle_text_color=&#8221;#000000&#8243; open=&#8221;off&#8221;]<\/p>\n<div class=\"h5p-iframe-wrapper\"><iframe id=\"h5p-iframe-28\" class=\"h5p-iframe\" data-content-id=\"28\" style=\"height:1px\" src=\"about:blank\" frameBorder=\"0\" scrolling=\"no\" title=\"Seksuaalisuuden tukeminen\"><\/iframe><\/div>\n<p>[\/et_pb_accordion_item][et_pb_accordion_item title=&#8221;I\u00e4n my\u00f6t\u00e4 muuttunut seksuaalisuus &#8221; _builder_version=&#8221;4.27.4&#8243; _module_preset=&#8221;default&#8221; background_color=&#8221;#9ec7ab&#8221; background_enable_color=&#8221;on&#8221; global_colors_info=&#8221;{}&#8221; toggle_text_color=&#8221;#000000&#8243; open=&#8221;off&#8221;]<\/p>\n<div class=\"h5p-iframe-wrapper\"><iframe id=\"h5p-iframe-30\" class=\"h5p-iframe\" data-content-id=\"30\" style=\"height:1px\" src=\"about:blank\" frameBorder=\"0\" scrolling=\"no\" title=\"I\u00e4n my\u00f6t\u00e4 muuttuva seksuaalisuus\"><\/iframe><\/div>\n<p>[\/et_pb_accordion_item][et_pb_accordion_item title=&#8221;Seksuaalisuuden ja sukupuolen moninaisuus &#8221; _builder_version=&#8221;4.27.4&#8243; _module_preset=&#8221;default&#8221; background_color=&#8221;#9ec7ab&#8221; background_enable_color=&#8221;on&#8221; global_colors_info=&#8221;{}&#8221; toggle_text_color=&#8221;#000000&#8243; open=&#8221;off&#8221;]<\/p>\n<div class=\"h5p-iframe-wrapper\"><iframe id=\"h5p-iframe-31\" class=\"h5p-iframe\" data-content-id=\"31\" style=\"height:1px\" src=\"about:blank\" frameBorder=\"0\" scrolling=\"no\" title=\"Seksuaalisuuden ja sukupuolen moninaisuus\"><\/iframe><\/div>\n<p>[\/et_pb_accordion_item][et_pb_accordion_item title=&#8221;Seksuaalisuuden ja sukupuolen sanasto &#8221; _builder_version=&#8221;4.27.4&#8243; _module_preset=&#8221;default&#8221; background_color=&#8221;#9ec7ab&#8221; background_enable_color=&#8221;on&#8221; global_colors_info=&#8221;{}&#8221; toggle_text_color=&#8221;#000000&#8243; open=&#8221;off&#8221;]<\/p>\n<div class=\"h5p-iframe-wrapper\"><iframe id=\"h5p-iframe-16\" class=\"h5p-iframe\" data-content-id=\"16\" style=\"height:1px\" src=\"about:blank\" frameBorder=\"0\" scrolling=\"no\" title=\"Seksuaalisuuden ja sukupuolen sanaston puuttuvat sanat\"><\/iframe><\/div>\n<p>[\/et_pb_accordion_item][et_pb_accordion_item title=&#8221;Sukupuoli-identiteetin ja seksuaalisen suuntautumisen sanasto &#8221; _builder_version=&#8221;4.27.4&#8243; _module_preset=&#8221;default&#8221; background_color=&#8221;#9ec7ab&#8221; background_enable_color=&#8221;on&#8221; global_colors_info=&#8221;{}&#8221; toggle_text_color=&#8221;#000000&#8243; open=&#8221;off&#8221;]<\/p>\n<p><a href=\"https:\/\/blogi.eoppimispalvelut.fi\/gerodigi\/sukupuoli-identiteetin-ristikko\" target=\"_blank\" rel=\"noopener\" title=\"Sanastoteht\u00e4v\u00e4\">Sanastoteht\u00e4v\u00e4<\/a><\/p>\n<p>[\/et_pb_accordion_item][et_pb_accordion_item title=&#8221;Lukitut tabut -pakopeli seksuaalisuudesta osoitteesta &#8221; _builder_version=&#8221;4.27.4&#8243; _module_preset=&#8221;default&#8221; background_color=&#8221;#9ec7ab&#8221; background_enable_color=&#8221;on&#8221; global_colors_info=&#8221;{}&#8221; toggle_text_color=&#8221;#000000&#8243; open=&#8221;off&#8221;]<\/p>\n<div style=\"width: 100%\"><a href=\"https:\/\/view.genially.com\/67dab85424407269720accdf\/interactive-content-lukitut-tabut\">Lukitut tabut | Genially<\/a><\/div>\n<p>[\/et_pb_accordion_item][et_pb_accordion_item title=&#8221;Pohdi&#8221; _builder_version=&#8221;4.27.4&#8243; _module_preset=&#8221;default&#8221; background_color=&#8221;#9ec7ab&#8221; background_enable_color=&#8221;on&#8221; global_colors_info=&#8221;{}&#8221; toggle_text_color=&#8221;#000000&#8243; open=&#8221;off&#8221;]<\/p>\n<p>Miten ik\u00e4\u00e4ntyneen seksuaalisuuden tukemisen osio vaikutti omaan ammatilliseen ajatteluusi ja miten omat ennakkok\u00e4sityksesi muuttuivat?<\/p>\n<p>[\/et_pb_accordion_item][\/et_pb_accordion][et_pb_text _builder_version=&#8221;4.27.4&#8243; _module_preset=&#8221;46b2bb26-0a34-45f3-a0a2-3402af90a97f&#8221; background_color=&#8221;#FFFFFF&#8221; text_orientation=&#8221;center&#8221; min_height=&#8221;161px&#8221; custom_margin=&#8221;3px|||||&#8221; custom_padding=&#8221;39px|||||&#8221; border_style_all=&#8221;none&#8221; global_colors_info=&#8221;{}&#8221;]<\/p>\n<h2><span style=\"font-size: xx-large\">Kulttuurihyvinvoinnin tukeminen<\/span><\/h2>\n<p>[\/et_pb_text][et_pb_accordion open_toggle_text_color=&#8221;#000000&#8243; icon_color=&#8221;#000000&#8243; use_icon_font_size=&#8221;on&#8221; icon_font_size=&#8221;40px&#8221; _builder_version=&#8221;4.27.4&#8243; _module_preset=&#8221;default&#8221; toggle_text_color=&#8221;#000000&#8243; toggle_font_size=&#8221;18px&#8221; background_color=&#8221;RGBA(255,255,255,0)&#8221; custom_margin=&#8221;||||false|false&#8221; border_color_all=&#8221;#FFFFFF&#8221; box_shadow_style=&#8221;none&#8221; global_colors_info=&#8221;{}&#8221;][et_pb_accordion_item title=&#8221;Aloita t\u00e4st\u00e4&#8221; open=&#8221;on&#8221; _builder_version=&#8221;4.27.4&#8243; _module_preset=&#8221;default&#8221; background_color=&#8221;#9ec7ab&#8221; background_enable_color=&#8221;on&#8221; global_colors_info=&#8221;{}&#8221;]<\/p>\n<p><span style=\"color: #000000\">Miten kulttuuriset kokemukset, kuten musiikki, taide tai yhteis\u00f6lliset tapahtumat, voivat vaikuttaa ik\u00e4\u00e4ntyneen hyvinvointiin ja el\u00e4m\u00e4nlaatuun? Tutustumalla aiheeseen opit, kuinka kulttuuri voi tukea muistia, mielialaa ja sosiaalista osallisuutta \u2013 ja miksi se on t\u00e4rke\u00e4 osa ik\u00e4\u00e4ntyv\u00e4n ihmisen kokonaisvaltaista hyvinvointia.<\/span><\/p>\n<p>[\/et_pb_accordion_item][et_pb_accordion_item title=&#8221;Taiteen ja kulttuurin vaikutukset terveyteen ja hyvinvointiin &#8221; _builder_version=&#8221;4.27.4&#8243; _module_preset=&#8221;default&#8221; background_color=&#8221;#9ec7ab&#8221; background_enable_color=&#8221;on&#8221; global_colors_info=&#8221;{}&#8221; open=&#8221;off&#8221;]<div class=\"h5p-iframe-wrapper\"><iframe id=\"h5p-iframe-14\" class=\"h5p-iframe\" data-content-id=\"14\" style=\"height:1px\" src=\"about:blank\" frameBorder=\"0\" scrolling=\"no\" title=\"Taiteen ja kulttuurin vaikutukset terveyteen ja hyvinvointiin\"><\/iframe><\/div>[\/et_pb_accordion_item][et_pb_accordion_item title=&#8221;Taide- ja kulttuuritoiminnan toteutus &#8221; _builder_version=&#8221;4.27.4&#8243; _module_preset=&#8221;default&#8221; background_color=&#8221;#9ec7ab&#8221; background_enable_color=&#8221;on&#8221; global_colors_info=&#8221;{}&#8221; open=&#8221;off&#8221;]<div class=\"h5p-iframe-wrapper\"><iframe id=\"h5p-iframe-24\" class=\"h5p-iframe\" data-content-id=\"24\" style=\"height:1px\" src=\"about:blank\" frameBorder=\"0\" scrolling=\"no\" title=\"Taide- ja kulttuuritoiminnan toteutus\"><\/iframe><\/div>[\/et_pb_accordion_item][et_pb_accordion_item title=&#8221;Tutustu N\u00e4k\u00f6kulmiin taiteen ja kulttuurin terveysvaikutuksista &#8221; _builder_version=&#8221;4.27.4&#8243; _module_preset=&#8221;default&#8221; background_color=&#8221;#9ec7ab&#8221; background_enable_color=&#8221;on&#8221; global_colors_info=&#8221;{}&#8221; open=&#8221;off&#8221;][\/et_pb_accordion_item][et_pb_accordion_item title=&#8221;Musiikki vuorovaikutuksen tukena&#8221; _builder_version=&#8221;4.27.4&#8243; _module_preset=&#8221;default&#8221; background_color=&#8221;#9ec7ab&#8221; background_enable_color=&#8221;on&#8221; global_colors_info=&#8221;{}&#8221; open=&#8221;off&#8221;]<div class=\"h5p-iframe-wrapper\"><iframe id=\"h5p-iframe-36\" class=\"h5p-iframe\" data-content-id=\"36\" style=\"height:1px\" src=\"about:blank\" frameBorder=\"0\" scrolling=\"no\" title=\"Musiikki vuorovaikutuksen tukena\"><\/iframe><\/div>[\/et_pb_accordion_item][et_pb_accordion_item title=&#8221;Luonto hyvinvoinnin tuojana ik\u00e4\u00e4ntyneill\u00e4&#8221; _builder_version=&#8221;4.27.4&#8243; _module_preset=&#8221;default&#8221; background_color=&#8221;#9ec7ab&#8221; background_enable_color=&#8221;on&#8221; global_colors_info=&#8221;{}&#8221; open=&#8221;off&#8221;]<div class=\"h5p-iframe-wrapper\"><iframe id=\"h5p-iframe-17\" class=\"h5p-iframe\" data-content-id=\"17\" style=\"height:1px\" src=\"about:blank\" frameBorder=\"0\" scrolling=\"no\" title=\"Luonto hyvinvoinnin tuojana ik\u00e4\u00e4ntyneill\u00e4\"><\/iframe><\/div>[\/et_pb_accordion_item][et_pb_accordion_item title=&#8221;Pohdintateht\u00e4v\u00e4 1:  Taiteen hoitavat ja terveytt\u00e4 edist\u00e4v\u00e4t vaikutukset ik\u00e4\u00e4ntyneiden hoitoty\u00f6ss\u00e4&#8221; _builder_version=&#8221;4.27.4&#8243; _module_preset=&#8221;default&#8221; background_color=&#8221;#9ec7ab&#8221; background_enable_color=&#8221;on&#8221; global_colors_info=&#8221;{}&#8221; open=&#8221;off&#8221;]<\/p>\n<p>Pohdi ja kirjoita:<\/p>\n<ul>\n<li>Mill\u00e4 tavoin taide (esim. musiikki, kuvataide, tanssi, kirjallisuus) voisi olla osa ik\u00e4\u00e4ntyneiden hoitoty\u00f6t\u00e4 omassa ty\u00f6ymp\u00e4rist\u00f6ss\u00e4si?<\/li>\n<li>Mit\u00e4 mahdollisia hy\u00f6tyj\u00e4 taiteen k\u00e4yt\u00f6ll\u00e4 voisi olla ik\u00e4\u00e4ntyneen toimintakyvyn, mielenterveyden ja hyvinvoinnin tukemisessa?<\/li>\n<li>Mit\u00e4 haasteita tai esteit\u00e4 taiteen hy\u00f6dynt\u00e4miseen liittyy, ja miten niit\u00e4 voisi ratkaista?<\/li>\n<\/ul>\n<p>[\/et_pb_accordion_item][et_pb_accordion_item title=&#8221;Pohdintateht\u00e4v\u00e4 2: Omatoimisuuden ja toimijuuden tukeminen taiteen keinoin&#8221; _builder_version=&#8221;4.27.4&#8243; _module_preset=&#8221;default&#8221; background_color=&#8221;#9ec7ab&#8221; background_enable_color=&#8221;on&#8221; global_colors_info=&#8221;{}&#8221; open=&#8221;off&#8221;]<\/p>\n<p>Pohdi ja kirjoita:<\/p>\n<ul>\n<li>Miten voisit hoitoty\u00f6n ammattilaisena tukea ik\u00e4\u00e4ntyneen omaa toimijuutta taiteen ja kulttuuriosallistumisen avulla?<\/li>\n<li>Millaisia konkreettisia menetelmi\u00e4, ryhmi\u00e4 tai palveluja voisi hy\u00f6dynt\u00e4\u00e4?<\/li>\n<li>Kuinka voisit arvioida taidel\u00e4ht\u00f6isen toiminnan vaikutuksia ik\u00e4\u00e4ntyneen hyvinvointiin ja hoidon tuloksiin?<\/li>\n<\/ul>\n<p>[\/et_pb_accordion_item][et_pb_accordion_item title=&#8221;Aktivointihetki tai toimintatuokio yksikk\u00f6\u00f6si&#8221; _builder_version=&#8221;4.27.4&#8243; _module_preset=&#8221;default&#8221; background_color=&#8221;#9ec7ab&#8221; background_enable_color=&#8221;on&#8221; global_colors_info=&#8221;{}&#8221; open=&#8221;off&#8221;]<\/p>\n<p>Tutustu Suomen luonnonsuojeluliiton <a href=\"https:\/\/www.sll.fi\/materiaalipankki\/pappa-pitkospuille-mummo-marjaan-opas\/\">oppaaseen<\/a>\u00a0ja valitse 3\u20145 kiinnostavaa tietolastua ja suunnittele aiheen pohjalta aktivointihetki tai toimintatuokio ty\u00f6yksikk\u00f6\u00f6si<\/p>\n<p>[\/et_pb_accordion_item][\/et_pb_accordion][\/et_pb_column][\/et_pb_row][et_pb_row _builder_version=&#8221;4.27.4&#8243; _module_preset=&#8221;default&#8221; hover_enabled=&#8221;0&#8243; global_colors_info=&#8221;{}&#8221; background_enable_color=&#8221;off&#8221; sticky_enabled=&#8221;0&#8243;][et_pb_column type=&#8221;4_4&#8243; _builder_version=&#8221;4.27.4&#8243; _module_preset=&#8221;default&#8221; hover_enabled=&#8221;0&#8243; global_colors_info=&#8221;{}&#8221; background_color=&#8221;#FEFDFB&#8221; sticky_enabled=&#8221;0&#8243;][\/et_pb_column][\/et_pb_row][et_pb_row custom_padding_last_edited=&#8221;on|tablet&#8221; _builder_version=&#8221;4.27.4&#8243; _module_preset=&#8221;default&#8221; background_color=&#8221;gcid-34807b40-f97e-428a-90f8-6d5ad2ecd8cd&#8221; custom_padding=&#8221;60px|60px|60px|60px|true|true&#8221; custom_padding_tablet=&#8221;|30px||30px|true|true&#8221; custom_padding_phone=&#8221;30px|20px|30px|20px|true|true&#8221; border_radii=&#8221;on|20px|20px|20px|20px&#8221; global_colors_info=&#8221;{%22gcid-34807b40-f97e-428a-90f8-6d5ad2ecd8cd%22:%91%22background_color%22%93}&#8221;][et_pb_column type=&#8221;4_4&#8243; _builder_version=&#8221;4.22.0&#8243; _module_preset=&#8221;default&#8221; global_colors_info=&#8221;{}&#8221;][et_pb_text _builder_version=&#8221;4.27.4&#8243; _module_preset=&#8221;3e790d3e-8313-4cca-9e21-a9750bb2c782&#8243; text_orientation=&#8221;center&#8221; max_width=&#8221;700px&#8221; module_alignment=&#8221;center&#8221; global_colors_info=&#8221;{}&#8221;]<\/p>\n<h3 style=\"text-align: center\">Suorita Hyvinvoinnin edist\u00e4minen -osaamismerkki<\/h3>\n<p style=\"text-align: center\"><img loading=\"lazy\" decoding=\"async\" src=\"https:\/\/blogi.eoppimispalvelut.fi\/gerodigi\/files\/2025\/10\/hyvinvoinnin-edistaminen-1-300x300.png\" width=\"300\" height=\"300\" alt=\"\" class=\"wp-image-1926 aligncenter size-medium\" \/><\/p>\n<p>[\/et_pb_text][et_pb_button button_url=&#8221;https:\/\/openbadgefactory.com\/c\/earnablebadge\/T5CYJYaNXGXaBT4\/apply&#8221; url_new_window=&#8221;on&#8221; button_text=&#8221;Hae osaamismerkki t\u00e4st\u00e4&#8221; button_alignment=&#8221;center&#8221; _builder_version=&#8221;4.27.4&#8243; _module_preset=&#8221;a1657d72-bab0-4f0e-9187-52be00016600&#8243; button_text_size=&#8221;20px&#8221; button_text_color=&#8221;#000000&#8243; button_bg_color=&#8221;#7ecc20&#8243; global_colors_info=&#8221;{}&#8221;][\/et_pb_button][\/et_pb_column][\/et_pb_row][\/et_pb_section][et_pb_section fb_built=&#8221;1&#8243; _builder_version=&#8221;4.27.4&#8243; _module_preset=&#8221;default&#8221; global_colors_info=&#8221;{}&#8221;][et_pb_row _builder_version=&#8221;4.27.4&#8243; _module_preset=&#8221;default&#8221; global_colors_info=&#8221;{}&#8221;][et_pb_column type=&#8221;4_4&#8243; _builder_version=&#8221;4.27.4&#8243; _module_preset=&#8221;default&#8221; global_colors_info=&#8221;{}&#8221;][\/et_pb_column][\/et_pb_row][\/et_pb_section]<\/p>\n","protected":false},"excerpt":{"rendered":"<p>Hyvinvoinnin edist\u00e4minenIk\u00e4\u00e4ntyneiden hyvinvoinnin edist\u00e4minen on kokonaisvaltainen l\u00e4hestymistapa, jossa huomioidaan fyysisen, psyykkisen, sosiaalisen ja kognitiivisen n\u00e4k\u00f6kulmia. Terveelliset elintavat \u2013 kuten liikunta, ravitsemus, sosiaalinen aktiivisuus ja aivojen harjoittaminen \u2013 vaikuttavat merkitt\u00e4v\u00e4sti ik\u00e4\u00e4ntyneiden hyvinvointiin ja toimintakykyyn. T\u00e4st\u00e4 esimerkkin\u00e4 useita terveytt\u00e4 tukevia toimenpiteit\u00e4 yhdist\u00e4v\u00e4 FINGER-elintapaohjelma, joka on osoittautunut tehokkaaksi muisti- ja ajattelutoimintojen, fyysisen toimintakyvyn ja el\u00e4m\u00e4nlaadun parantamisessa. Lains\u00e4\u00e4d\u00e4nt\u00f6 ja [&hellip;]<\/p>\n","protected":false},"author":1329,"featured_media":0,"parent":0,"menu_order":0,"comment_status":"closed","ping_status":"closed","template":"","meta":{"_et_pb_use_builder":"on","_et_pb_old_content":"","_et_gb_content_width":"","footnotes":""},"class_list":["post-222","page","type-page","status-publish","hentry"],"_links":{"self":[{"href":"https:\/\/blogi.eoppimispalvelut.fi\/gerodigi\/wp-json\/wp\/v2\/pages\/222","targetHints":{"allow":["GET"]}}],"collection":[{"href":"https:\/\/blogi.eoppimispalvelut.fi\/gerodigi\/wp-json\/wp\/v2\/pages"}],"about":[{"href":"https:\/\/blogi.eoppimispalvelut.fi\/gerodigi\/wp-json\/wp\/v2\/types\/page"}],"author":[{"embeddable":true,"href":"https:\/\/blogi.eoppimispalvelut.fi\/gerodigi\/wp-json\/wp\/v2\/users\/1329"}],"replies":[{"embeddable":true,"href":"https:\/\/blogi.eoppimispalvelut.fi\/gerodigi\/wp-json\/wp\/v2\/comments?post=222"}],"version-history":[{"count":96,"href":"https:\/\/blogi.eoppimispalvelut.fi\/gerodigi\/wp-json\/wp\/v2\/pages\/222\/revisions"}],"predecessor-version":[{"id":2818,"href":"https:\/\/blogi.eoppimispalvelut.fi\/gerodigi\/wp-json\/wp\/v2\/pages\/222\/revisions\/2818"}],"wp:attachment":[{"href":"https:\/\/blogi.eoppimispalvelut.fi\/gerodigi\/wp-json\/wp\/v2\/media?parent=222"}],"curies":[{"name":"wp","href":"https:\/\/api.w.org\/{rel}","templated":true}]}}