{"id":239,"date":"2025-04-10T13:33:29","date_gmt":"2025-04-10T10:33:29","guid":{"rendered":"https:\/\/blogi.eoppimispalvelut.fi\/gerodigi\/?page_id=239"},"modified":"2026-05-08T10:05:41","modified_gmt":"2026-05-08T07:05:41","slug":"ikaantymisen-lukutaito","status":"publish","type":"page","link":"https:\/\/blogi.eoppimispalvelut.fi\/gerodigi\/ikaantymisen-lukutaito\/","title":{"rendered":"Ik\u00e4\u00e4ntymisen lukutaito"},"content":{"rendered":"<p>[et_pb_section fb_built=&#8221;1&#8243; _builder_version=&#8221;4.27.4&#8243; _module_preset=&#8221;default&#8221; global_colors_info=&#8221;{}&#8221;][et_pb_row _builder_version=&#8221;4.27.4&#8243; _module_preset=&#8221;default&#8221; background_color=&#8221;#FFFFFF&#8221; max_width=&#8221;700px&#8221; global_colors_info=&#8221;{}&#8221;][et_pb_column type=&#8221;4_4&#8243; _builder_version=&#8221;4.22.0&#8243; _module_preset=&#8221;default&#8221; global_colors_info=&#8221;{}&#8221;][et_pb_text _builder_version=&#8221;4.27.4&#8243; _module_preset=&#8221;46b2bb26-0a34-45f3-a0a2-3402af90a97f&#8221; custom_margin=&#8221;||10px||false|false&#8221; global_colors_info=&#8221;{}&#8221;]<\/p>\n<h2 style=\"text-align: center;\">Ik\u00e4\u00e4ntymisen lukutaito<\/h2>\n<p>[\/et_pb_text][\/et_pb_column][\/et_pb_row][et_pb_row _builder_version=&#8221;4.27.4&#8243; _module_preset=&#8221;default&#8221; background_color=&#8221;RGBA(255,255,255,0)&#8221; border_style_all=&#8221;none&#8221; global_colors_info=&#8221;{}&#8221;][et_pb_column type=&#8221;4_4&#8243; _builder_version=&#8221;4.27.4&#8243; _module_preset=&#8221;default&#8221; global_colors_info=&#8221;{}&#8221;][et_pb_text _builder_version=&#8221;4.27.4&#8243; _module_preset=&#8221;default&#8221; text_text_color=&#8221;#000000&#8243; text_font_size=&#8221;18px&#8221; text_line_height=&#8221;1.5em&#8221; background_color=&#8221;#FFFFFF&#8221; global_colors_info=&#8221;{}&#8221;]<\/p>\n<p style=\"text-align: justify;\">Ik\u00e4\u00e4ntyv\u00e4n ihmisen kokonaisvaltainen kohtaaminen edellytt\u00e4\u00e4 ymm\u00e4rryst\u00e4 h\u00e4nen el\u00e4m\u00e4nkulustaan, yksil\u00f6llisist\u00e4 kokemuksistaan sek\u00e4 ik\u00e4\u00e4ntymiseen liittyvist\u00e4 muutoksista. El\u00e4m\u00e4nhistorian tunteminen auttaa tunnistamaan ne tapahtumat, arvot ja merkitykselliset ihmissuhteet, jotka vaikuttavat ihmisen identiteettiin, hyvinvointiin ja arjen valintoihin my\u00f6s my\u00f6hemm\u00e4ss\u00e4 el\u00e4m\u00e4ss\u00e4. Samalla se vahvistaa yksil\u00f6llist\u00e4, arvostavaa ja voimavaral\u00e4ht\u00f6ist\u00e4 ty\u00f6otetta.<\/p>\n<p style=\"text-align: justify;\">Ik\u00e4\u00e4ntymisen lukutaito on kyky\u00e4 ymm\u00e4rt\u00e4\u00e4 ik\u00e4\u00e4ntymist\u00e4 biologisena, psykologisena, sosiaalisena ja kulttuurisena ilmi\u00f6n\u00e4 yksil\u00f6n, yhteis\u00f6n ja yhteiskunnan n\u00e4k\u00f6kulmista. Se auttaa tunnistamaan ik\u00e4\u00e4ntymiseen liittyvi\u00e4 mahdollisuuksia, haasteita ja moninaisuutta sek\u00e4 tukee my\u00f6nteist\u00e4 ja realistista suhtautumista vanhenemiseen. Vanhenemisen vaiheiden tunteminen puolestaan antaa valmiuksia ymm\u00e4rt\u00e4\u00e4 ik\u00e4\u00e4ntyneiden ihmisten erilaisia tarpeita, el\u00e4m\u00e4ntilanteita ja tuen muotoja eri el\u00e4m\u00e4nvaiheissa. Opiskeltavien teemojen avulla rakentuu perusta asiakasl\u00e4ht\u00f6iselle, eettiselle ja n\u00e4ytt\u00f6\u00f6n perustuvalle ty\u00f6skentelylle ik\u00e4\u00e4ntyvien ihmisten parissa.<\/p>\n<p style=\"text-align: justify;\"><span style=\"color: #000000;\">T\u00e4ss\u00e4 aiheessa on kolme sis\u00e4lt\u00f6\u00e4:<\/span><\/p>\n<ul style=\"text-align: justify;\">\n<li>El\u00e4m\u00e4nhistorian tuntemisen merkitys<\/li>\n<li><span style=\"color: #000000;\">Ik\u00e4\u00e4ntymisen lukutaidon vahvistaminen<\/span><\/li>\n<li>Vanhenemisen vaiheisiin.<\/li>\n<\/ul>\n<p style=\"text-align: justify;\"><span style=\"color: #000000;\">Osaamistavoitteet:<\/span><\/p>\n<ol style=\"text-align: justify;\">\n<li>Osaat kuvata el\u00e4m\u00e4nhistorian merkityksen ik\u00e4\u00e4ntyv\u00e4n ihmisen identiteetin, hyvinvoinnin ja yksil\u00f6llisen kohtaamisen n\u00e4k\u00f6kulmasta.<\/li>\n<li>\u00a0Tunnistat ik\u00e4\u00e4ntymisen lukutaidon keskeiset elementit ja osaat tukea ik\u00e4\u00e4ntyneen henkil\u00f6n ik\u00e4\u00e4ntymisen lukutaitoa.<\/li>\n<li>Osaa j\u00e4sent\u00e4\u00e4 vanhenemisen eri vaiheet ja arvioida niiden vaikutuksia ik\u00e4\u00e4ntyv\u00e4n ihmisen toimintakykyyn, tarpeisiin ja el\u00e4m\u00e4nlaatuun.<\/li>\n<\/ol>\n<ul style=\"text-align: justify;\"><\/ul>\n<p style=\"text-align: justify;\"><span style=\"color: #000000;\">Opiskele seuraavien sis\u00e4lt\u00f6jen avulla ik\u00e4\u00e4ntymisen lukutaitoa.<\/span><\/p>\n<p>[\/et_pb_text][\/et_pb_column][\/et_pb_row][et_pb_row _builder_version=&#8221;4.27.4&#8243; _module_preset=&#8221;default&#8221; background_color=&#8221;RGBA(255,255,255,0)&#8221;][et_pb_column type=&#8221;4_4&#8243; _builder_version=&#8221;4.27.4&#8243; _module_preset=&#8221;default&#8221; global_colors_info=&#8221;{}&#8221;][et_pb_text _builder_version=&#8221;4.27.4&#8243; _module_preset=&#8221;46b2bb26-0a34-45f3-a0a2-3402af90a97f&#8221; background_color=&#8221;#FFFFFF&#8221; text_orientation=&#8221;center&#8221; min_height=&#8221;161px&#8221; custom_margin=&#8221;3px|||||&#8221; custom_padding=&#8221;39px|||||&#8221; border_style_all=&#8221;none&#8221; global_colors_info=&#8221;{}&#8221;]<\/p>\n<h2><span style=\"font-size: xx-large;\">El\u00e4m\u00e4nhistorian tuntemisen merkitys<\/span><\/h2>\n<p>[\/et_pb_text][et_pb_accordion open_toggle_text_color=&#8221;#000000&#8243; open_toggle_background_color=&#8221;#9ec7ab&#8221; closed_toggle_background_color=&#8221;#9ec7ab&#8221; icon_color=&#8221;#000000&#8243; use_icon_font_size=&#8221;on&#8221; icon_font_size=&#8221;40px&#8221; _builder_version=&#8221;4.27.4&#8243; _module_preset=&#8221;default&#8221; toggle_text_color=&#8221;#000000&#8243; toggle_font_size=&#8221;18px&#8221; body_text_color=&#8221;#000000&#8243; background_color=&#8221;rgba(255,255,255,0)&#8221; custom_margin=&#8221;-36px||95px|||&#8221; border_color_all=&#8221;#FFFFFF&#8221; box_shadow_style=&#8221;none&#8221; global_colors_info=&#8221;{}&#8221;][et_pb_accordion_item title=&#8221;Aloita t\u00e4st\u00e4&#8221; open=&#8221;on&#8221; _builder_version=&#8221;4.27.4&#8243; _module_preset=&#8221;default&#8221; background_color=&#8221;#9ec7ab&#8221; background_enable_color=&#8221;on&#8221; global_colors_info=&#8221;{}&#8221;]<\/p>\n<p>Your content goes here. Edit or remove this text inline or in the module Content settings. You can also style every aspect of this content in the module Design settings and even apply custom CSS to this text in the module Advanced settings.<\/p>\n<p>[\/et_pb_accordion_item][et_pb_accordion_item title=&#8221;Arvostavan kohtaamisen elementit&#8221; _builder_version=&#8221;4.27.4&#8243; _module_preset=&#8221;default&#8221; global_colors_info=&#8221;{}&#8221; open=&#8221;off&#8221;]<\/p>\n<div class=\"h5p-iframe-wrapper\"><iframe id=\"h5p-iframe-108\" class=\"h5p-iframe\" data-content-id=\"108\" style=\"height:1px\" src=\"about:blank\" frameBorder=\"0\" scrolling=\"no\" title=\"Arvostavan kohtaamisen elementit\"><\/iframe><\/div>\n<p>[\/et_pb_accordion_item][et_pb_accordion_item title=&#8221;Muistelun merkitys&#8221; _builder_version=&#8221;4.27.4&#8243; _module_preset=&#8221;default&#8221; global_colors_info=&#8221;{}&#8221; open=&#8221;off&#8221;]<\/p>\n<div class=\"h5p-iframe-wrapper\"><iframe id=\"h5p-iframe-112\" class=\"h5p-iframe\" data-content-id=\"112\" style=\"height:1px\" src=\"about:blank\" frameBorder=\"0\" scrolling=\"no\" title=\"Muistelun merkitys\"><\/iframe><\/div>\n<p>[\/et_pb_accordion_item][et_pb_accordion_item title=&#8221;Keskustelukorttien k\u00e4ytt\u00f6 muistelussa&#8221; _builder_version=&#8221;4.27.4&#8243; _module_preset=&#8221;default&#8221; global_colors_info=&#8221;{}&#8221; open=&#8221;off&#8221;]<\/p>\n<div class=\"h5p-iframe-wrapper\"><iframe id=\"h5p-iframe-113\" class=\"h5p-iframe\" data-content-id=\"113\" style=\"height:1px\" src=\"about:blank\" frameBorder=\"0\" scrolling=\"no\" title=\"Keskustelukorttien k\u00e4ytt\u00f6 muistelussa\"><\/iframe><\/div>\n<p>[\/et_pb_accordion_item][\/et_pb_accordion][\/et_pb_column][\/et_pb_row][et_pb_row _builder_version=&#8221;4.27.4&#8243; _module_preset=&#8221;default&#8221; background_color=&#8221;RGBA(255,255,255,0)&#8221;][et_pb_column type=&#8221;4_4&#8243; _builder_version=&#8221;4.27.4&#8243; _module_preset=&#8221;default&#8221; global_colors_info=&#8221;{}&#8221;][et_pb_text _builder_version=&#8221;4.27.4&#8243; _module_preset=&#8221;46b2bb26-0a34-45f3-a0a2-3402af90a97f&#8221; background_color=&#8221;#FFFFFF&#8221; text_orientation=&#8221;center&#8221; min_height=&#8221;161px&#8221; custom_margin=&#8221;3px|||||&#8221; custom_padding=&#8221;39px|||||&#8221; border_style_all=&#8221;none&#8221; global_colors_info=&#8221;{}&#8221;]<\/p>\n<h2><span style=\"font-size: xx-large;\">Ik\u00e4\u00e4ntymisen lukutaidon tukeminen<\/span><\/h2>\n<p>[\/et_pb_text][\/et_pb_column][\/et_pb_row][et_pb_row _builder_version=&#8221;4.27.4&#8243; _module_preset=&#8221;default&#8221; background_color=&#8221;RGBA(255,255,255,0)&#8221;][et_pb_column type=&#8221;4_4&#8243; _builder_version=&#8221;4.27.4&#8243; _module_preset=&#8221;default&#8221; global_colors_info=&#8221;{}&#8221;][et_pb_accordion open_toggle_text_color=&#8221;#000000&#8243; open_toggle_background_color=&#8221;#9ec7ab&#8221; closed_toggle_background_color=&#8221;#9ec7ab&#8221; icon_color=&#8221;#000000&#8243; use_icon_font_size=&#8221;on&#8221; icon_font_size=&#8221;40px&#8221; _builder_version=&#8221;4.27.4&#8243; _module_preset=&#8221;default&#8221; toggle_text_color=&#8221;#000000&#8243; toggle_font_size=&#8221;18px&#8221; body_text_color=&#8221;#000000&#8243; background_color=&#8221;rgba(255,255,255,0)&#8221; custom_margin=&#8221;-36px||95px|||&#8221; border_color_all=&#8221;#FFFFFF&#8221; box_shadow_style=&#8221;none&#8221; global_colors_info=&#8221;{}&#8221;][et_pb_accordion_item title=&#8221;Aloita t\u00e4st\u00e4&#8221; open=&#8221;on&#8221; _builder_version=&#8221;4.27.4&#8243; _module_preset=&#8221;default&#8221; background_color=&#8221;#9ec7ab&#8221; background_enable_color=&#8221;on&#8221; global_colors_info=&#8221;{}&#8221;]<\/p>\n<p>Your content goes here. Edit or remove this text inline or in the module Content settings. You can also style every aspect of this content in the module Design settings and even apply custom CSS to this text in the module Advanced settings.<\/p>\n<p>[\/et_pb_accordion_item][et_pb_accordion_item title=&#8221;Hoitaja ik\u00e4\u00e4ntymisen lukutaidon tukijana &#8221; _builder_version=&#8221;4.27.4&#8243; _module_preset=&#8221;default&#8221; global_colors_info=&#8221;{}&#8221; open=&#8221;off&#8221;]<\/p>\n<div class=\"h5p-iframe-wrapper\"><iframe id=\"h5p-iframe-117\" class=\"h5p-iframe\" data-content-id=\"117\" style=\"height:1px\" src=\"about:blank\" frameBorder=\"0\" scrolling=\"no\" title=\"Hoitaja ik\u00e4\u00e4ntymisen lukutaidon tukijana\"><\/iframe><\/div>\n<p>[\/et_pb_accordion_item][et_pb_accordion_item title=&#8221;Toimintakykyisyys henkil\u00f6n ik\u00e4\u00e4ntymisen lukutaidon vahvistajana &#8221; _builder_version=&#8221;4.27.4&#8243; _module_preset=&#8221;default&#8221; global_colors_info=&#8221;{}&#8221; open=&#8221;off&#8221;]<\/p>\n<div class=\"h5p-iframe-wrapper\"><iframe id=\"h5p-iframe-116\" class=\"h5p-iframe\" data-content-id=\"116\" style=\"height:1px\" src=\"about:blank\" frameBorder=\"0\" scrolling=\"no\" title=\"Toimintakykyisyys ik\u00e4\u00e4ntymisen lukutaidon vahvistajana\"><\/iframe><\/div>\n<h3>Case Aino<\/h3>\n<div class=\"h5p-iframe-wrapper\"><iframe id=\"h5p-iframe-118\" class=\"h5p-iframe\" data-content-id=\"118\" style=\"height:1px\" src=\"about:blank\" frameBorder=\"0\" scrolling=\"no\" title=\"Case Aino - miten tuet ik\u00e4\u00e4ntymisen lukutaitoa\"><\/iframe><\/div>\n<p>[\/et_pb_accordion_item][et_pb_accordion_item title=&#8221;Ik\u00e4\u00e4ntymisen lukutaito ik\u00e4\u00e4ntyneen muistitietoisuuden edist\u00e4j\u00e4n\u00e4 &#8221; _builder_version=&#8221;4.27.4&#8243; _module_preset=&#8221;default&#8221; global_colors_info=&#8221;{}&#8221; open=&#8221;off&#8221;]<\/p>\n<div class=\"h5p-iframe-wrapper\"><iframe id=\"h5p-iframe-111\" class=\"h5p-iframe\" data-content-id=\"111\" style=\"height:1px\" src=\"about:blank\" frameBorder=\"0\" scrolling=\"no\" title=\"Ik\u00e4\u00e4ntymisen lukutaito\"><\/iframe><\/div>\n<p>[\/et_pb_accordion_item][\/et_pb_accordion][et_pb_text _builder_version=&#8221;4.27.4&#8243; _module_preset=&#8221;46b2bb26-0a34-45f3-a0a2-3402af90a97f&#8221; background_color=&#8221;#FFFFFF&#8221; text_orientation=&#8221;center&#8221; min_height=&#8221;161px&#8221; custom_margin=&#8221;3px|||||&#8221; custom_padding=&#8221;39px|||||&#8221; border_style_all=&#8221;none&#8221; global_colors_info=&#8221;{}&#8221;]<\/p>\n<h2><span style=\"font-size: xx-large;\">Vanhenemisen vaiheet<\/span><\/h2>\n<p>[\/et_pb_text][et_pb_accordion open_toggle_text_color=&#8221;#000000&#8243; open_toggle_background_color=&#8221;#9ec7ab&#8221; closed_toggle_background_color=&#8221;#9ec7ab&#8221; icon_color=&#8221;#000000&#8243; use_icon_font_size=&#8221;on&#8221; icon_font_size=&#8221;40px&#8221; _builder_version=&#8221;4.27.4&#8243; _module_preset=&#8221;default&#8221; toggle_text_color=&#8221;#000000&#8243; toggle_font_size=&#8221;18px&#8221; body_text_color=&#8221;#000000&#8243; background_color=&#8221;rgba(255,255,255,0)&#8221; custom_margin=&#8221;-36px||95px|||&#8221; hover_enabled=&#8221;0&#8243; border_color_all=&#8221;#FFFFFF&#8221; box_shadow_style=&#8221;none&#8221; global_colors_info=&#8221;{}&#8221; sticky_enabled=&#8221;0&#8243;][et_pb_accordion_item title=&#8221;Aloita t\u00e4st\u00e4&#8221; _builder_version=&#8221;4.27.4&#8243; _module_preset=&#8221;default&#8221; background_color=&#8221;#9ec7ab&#8221; background_enable_color=&#8221;on&#8221; global_colors_info=&#8221;{}&#8221; open=&#8221;off&#8221;]<\/p>\n<p>Your content goes here. Edit or remove this text inline or in the module Content settings. You can also style every aspect of this content in the module Design settings and even apply custom CSS to this text in the module Advanced settings.<\/p>\n<p>[\/et_pb_accordion_item][et_pb_accordion_item title=&#8221;Ik\u00e4\u00e4ntyminen el\u00e4m\u00e4nkulussa &#8221; _builder_version=&#8221;4.27.4&#8243; _module_preset=&#8221;default&#8221; global_colors_info=&#8221;{}&#8221; open=&#8221;off&#8221;]<\/p>\n<div class=\"h5p-iframe-wrapper\"><iframe id=\"h5p-iframe-114\" class=\"h5p-iframe\" data-content-id=\"114\" style=\"height:1px\" src=\"about:blank\" frameBorder=\"0\" scrolling=\"no\" title=\"Ik\u00e4\u00e4ntymismuutosten tarinat\"><\/iframe><\/div>\n<p>[\/et_pb_accordion_item][et_pb_accordion_item title=&#8221;Prim\u00e4\u00e4rinen ja sekund\u00e4\u00e4rinen vanheneminen &#8221; open=&#8221;off&#8221; _builder_version=&#8221;4.27.4&#8243; _module_preset=&#8221;default&#8221; global_colors_info=&#8221;{}&#8221;]<\/p>\n<div class=\"h5p-iframe-wrapper\"><iframe id=\"h5p-iframe-106\" class=\"h5p-iframe\" data-content-id=\"106\" style=\"height:1px\" src=\"about:blank\" frameBorder=\"0\" scrolling=\"no\" title=\"Ik\u00e4\u00e4ntymismuutokset\"><\/iframe><\/div>\n<h3>Kortit<\/h3>\n<div class=\"h5p-iframe-wrapper\"><iframe id=\"h5p-iframe-119\" class=\"h5p-iframe\" data-content-id=\"119\" style=\"height:1px\" src=\"about:blank\" frameBorder=\"0\" scrolling=\"no\" title=\"Ik\u00e4\u00e4ntymismuutokset\"><\/iframe><\/div>\n<p>[\/et_pb_accordion_item][et_pb_accordion_item title=&#8221;Uusiin tilanteisiin sopeutumisen tukeminen &#8221; _builder_version=&#8221;4.27.4&#8243; _module_preset=&#8221;default&#8221; global_colors_info=&#8221;{}&#8221; open=&#8221;on&#8221;]<\/p>\n<div class=\"h5p-iframe-wrapper\"><iframe id=\"h5p-iframe-115\" class=\"h5p-iframe\" data-content-id=\"115\" style=\"height:1px\" src=\"about:blank\" frameBorder=\"0\" scrolling=\"no\" title=\"Ik\u00e4\u00e4ntyneen\u00e4 kohdattavat uudet tilanteet - niihin sopeutuminen ja niiss\u00e4 tukeminen\"><\/iframe><\/div>\n<p>[\/et_pb_accordion_item][\/et_pb_accordion][\/et_pb_column][\/et_pb_row][\/et_pb_section][et_pb_section fb_built=&#8221;1&#8243; _builder_version=&#8221;4.27.4&#8243; _module_preset=&#8221;default&#8221; background_color=&#8221;RGBA(255,255,255,0)&#8221; global_colors_info=&#8221;{}&#8221;][et_pb_row custom_padding_last_edited=&#8221;on|tablet&#8221; _builder_version=&#8221;4.22.0&#8243; _module_preset=&#8221;default&#8221; background_color=&#8221;gcid-46e54cc2-2550-449e-a151-e85c3a835795&#8243; custom_padding=&#8221;60px|60px|60px|60px|true|true&#8221; custom_padding_tablet=&#8221;|30px||30px|true|true&#8221; custom_padding_phone=&#8221;30px|20px|30px|20px|true|true&#8221; border_radii=&#8221;on|20px|20px|20px|20px&#8221; global_colors_info=&#8221;{%22gcid-46e54cc2-2550-449e-a151-e85c3a835795%22:%91%22background_color%22%93}&#8221;][et_pb_column type=&#8221;4_4&#8243; _builder_version=&#8221;4.22.0&#8243; _module_preset=&#8221;default&#8221; global_colors_info=&#8221;{}&#8221;][et_pb_text _builder_version=&#8221;4.27.4&#8243; _module_preset=&#8221;3e790d3e-8313-4cca-9e21-a9750bb2c782&#8243; text_orientation=&#8221;center&#8221; max_width=&#8221;700px&#8221; module_alignment=&#8221;center&#8221; global_colors_info=&#8221;{}&#8221;]<\/p>\n<h3 style=\"text-align: center\">Suorita Terveyden lukutaito -osaamismerkki<\/h3>\n<p style=\"text-align: center\"><img loading=\"lazy\" decoding=\"async\" src=\"https:\/\/blogi.eoppimispalvelut.fi\/gerodigi\/files\/2025\/10\/terveyden-lukutaito-300x300.png\" width=\"300\" height=\"300\" alt=\"\" class=\"wp-image-1928 aligncenter size-medium\" \/><\/p>\n<p>[\/et_pb_text][et_pb_button button_url=&#8221;https:\/\/openbadgefactory.com\/c\/earnablebadge\/SJY1RSa1MM1MaDL\/apply&#8221; url_new_window=&#8221;on&#8221; button_text=&#8221;Hae osaamismerkki t\u00e4st\u00e4&#8221; button_alignment=&#8221;center&#8221; _builder_version=&#8221;4.27.4&#8243; _module_preset=&#8221;a1657d72-bab0-4f0e-9187-52be00016600&#8243; button_text_size=&#8221;20px&#8221; button_text_color=&#8221;#000000&#8243; button_bg_color=&#8221;#7ecc20&#8243; global_colors_info=&#8221;{}&#8221;][\/et_pb_button][\/et_pb_column][\/et_pb_row][\/et_pb_section]<\/p>\n","protected":false},"excerpt":{"rendered":"<p>Ik\u00e4\u00e4ntymisen lukutaitoIk\u00e4\u00e4ntyv\u00e4n ihmisen kokonaisvaltainen kohtaaminen edellytt\u00e4\u00e4 ymm\u00e4rryst\u00e4 h\u00e4nen el\u00e4m\u00e4nkulustaan, yksil\u00f6llisist\u00e4 kokemuksistaan sek\u00e4 ik\u00e4\u00e4ntymiseen liittyvist\u00e4 muutoksista. El\u00e4m\u00e4nhistorian tunteminen auttaa tunnistamaan ne tapahtumat, arvot ja merkitykselliset ihmissuhteet, jotka vaikuttavat ihmisen identiteettiin, hyvinvointiin ja arjen valintoihin my\u00f6s my\u00f6hemm\u00e4ss\u00e4 el\u00e4m\u00e4ss\u00e4. Samalla se vahvistaa yksil\u00f6llist\u00e4, arvostavaa ja voimavaral\u00e4ht\u00f6ist\u00e4 ty\u00f6otetta. Ik\u00e4\u00e4ntymisen lukutaito on kyky\u00e4 ymm\u00e4rt\u00e4\u00e4 ik\u00e4\u00e4ntymist\u00e4 biologisena, psykologisena, sosiaalisena ja kulttuurisena [&hellip;]<\/p>\n","protected":false},"author":1329,"featured_media":0,"parent":0,"menu_order":0,"comment_status":"closed","ping_status":"closed","template":"","meta":{"_et_pb_use_builder":"on","_et_pb_old_content":"","_et_gb_content_width":"","footnotes":""},"class_list":["post-239","page","type-page","status-publish","hentry"],"_links":{"self":[{"href":"https:\/\/blogi.eoppimispalvelut.fi\/gerodigi\/wp-json\/wp\/v2\/pages\/239","targetHints":{"allow":["GET"]}}],"collection":[{"href":"https:\/\/blogi.eoppimispalvelut.fi\/gerodigi\/wp-json\/wp\/v2\/pages"}],"about":[{"href":"https:\/\/blogi.eoppimispalvelut.fi\/gerodigi\/wp-json\/wp\/v2\/types\/page"}],"author":[{"embeddable":true,"href":"https:\/\/blogi.eoppimispalvelut.fi\/gerodigi\/wp-json\/wp\/v2\/users\/1329"}],"replies":[{"embeddable":true,"href":"https:\/\/blogi.eoppimispalvelut.fi\/gerodigi\/wp-json\/wp\/v2\/comments?post=239"}],"version-history":[{"count":26,"href":"https:\/\/blogi.eoppimispalvelut.fi\/gerodigi\/wp-json\/wp\/v2\/pages\/239\/revisions"}],"predecessor-version":[{"id":2921,"href":"https:\/\/blogi.eoppimispalvelut.fi\/gerodigi\/wp-json\/wp\/v2\/pages\/239\/revisions\/2921"}],"wp:attachment":[{"href":"https:\/\/blogi.eoppimispalvelut.fi\/gerodigi\/wp-json\/wp\/v2\/media?parent=239"}],"curies":[{"name":"wp","href":"https:\/\/api.w.org\/{rel}","templated":true}]}}