{"id":25,"date":"2025-03-26T12:21:00","date_gmt":"2025-03-26T10:21:00","guid":{"rendered":"https:\/\/blogi.eoppimispalvelut.fi\/gerodigi\/?page_id=25"},"modified":"2025-11-10T14:02:50","modified_gmt":"2025-11-10T12:02:50","slug":"tyokykyosaaminen","status":"publish","type":"page","link":"https:\/\/blogi.eoppimispalvelut.fi\/gerodigi\/tyokykyosaaminen\/","title":{"rendered":"Ty\u00f6kykyosaaminen"},"content":{"rendered":"<p>[et_pb_section fb_built=&#8221;1&#8243; admin_label=&#8221;Header&#8221; _builder_version=&#8221;4.27.4&#8243; _module_preset=&#8221;default&#8221; custom_padding=&#8221;||5px|||&#8221; collapsed=&#8221;on&#8221; global_colors_info=&#8221;{}&#8221;][et_pb_row _builder_version=&#8221;4.27.4&#8243; _module_preset=&#8221;default&#8221; background_color=&#8221;#FFFFFF&#8221;][et_pb_column type=&#8221;4_4&#8243; _builder_version=&#8221;4.27.4&#8243; _module_preset=&#8221;default&#8221; global_colors_info=&#8221;{}&#8221;][et_pb_text _builder_version=&#8221;4.27.4&#8243; _module_preset=&#8221;42d8cfbb-3715-4304-bf7d-06ee93105d09&#8243; text_text_color=&#8221;#000000&#8243; text_orientation=&#8221;center&#8221; global_colors_info=&#8221;{}&#8221;]<\/p>\n<h2>Ty\u00f6kykyosaamista ik\u00e4\u00e4ntyneiden hoitoty\u00f6h\u00f6n<\/h2>\n<p>&nbsp;<\/p>\n<p>[\/et_pb_text][et_pb_text _builder_version=&#8221;4.27.4&#8243; _module_preset=&#8221;747bbbd1-31cd-4a0e-ae8e-ece1ca09ce76&#8243; text_font=&#8221;||||||||&#8221; text_text_color=&#8221;#000000&#8243; global_colors_info=&#8221;{}&#8221;]<\/p>\n<p style=\"text-align: justify\">Hoitoty\u00f6 on vaativa ja vastuullinen ammatti, jossa jaksaminen ja ty\u00f6ss\u00e4 viihtyminen ovat ratkaisevia sek\u00e4 omalle hyvinvoinnillesi ett\u00e4 potilaiden hoidolle. Ty\u00f6hyvinvointi on hoitoty\u00f6n laadun ja turvallisuuden perusta. Ty\u00f6hyvinvointi syntyy, kun ty\u00f6n vaatimukset ja voimavarat ovat tasapainossa, ja ty\u00f6ntekij\u00e4n fyysiset ja psyykkiset voimavarat riitt\u00e4v\u00e4t ty\u00f6n tekemiseen. (Ty\u00f6terveyslaitos. Ty\u00f6hyvinvointi.)<\/p>\n<p style=\"text-align: justify\">Ty\u00f6kyky rakentuu monesta tekij\u00e4st\u00e4: terveydest\u00e4, osaamisesta ja motivaatiosta, mutta my\u00f6s ty\u00f6olosuhteista ja johtamisesta. Kun n\u00e4m\u00e4 tekij\u00e4t tukevat toisiaan, hoitoty\u00f6ntekij\u00e4 jaksaa paremmin ja voi tehd\u00e4 ty\u00f6ns\u00e4 hyvin. (Ty\u00f6terveyslaitos. Ty\u00f6kyky.)<\/p>\n<p style=\"text-align: justify\">Ty\u00f6hyvinvoinnin edist\u00e4misess\u00e4 johtamisella ja ty\u00f6yhteis\u00f6n toimivuudella on keskeinen rooli, mutta my\u00f6s ty\u00f6ntekij\u00e4ll\u00e4 itsell\u00e4\u00e4n on vastuu oman ty\u00f6kyvyn yll\u00e4pit\u00e4misest\u00e4. Ty\u00f6ntekij\u00e4n terveys ja toimintakyky muodostavat ty\u00f6kyvyn perustan ja ty\u00f6ntekij\u00e4 voi kantaa vastuuta omasta ty\u00f6kyvyst\u00e4\u00e4n ja terveydest\u00e4\u00e4n sek\u00e4 kehitt\u00e4\u00e4 ammattitaitoaan ja osaamistaan, jotta h\u00e4nen voimavaransa vastaavat ty\u00f6n vaatimuksiin. (Ty\u00f6terveyslaitos. Ty\u00f6hyvinvointi.) Oman ty\u00f6kyvyn vaaliminen on olennainen osa ammattitaitoa.<\/p>\n<p style=\"text-align: justify\">Ik\u00e4\u00e4ntyneiden palveluissa ty\u00f6skentelevien ammattilaisten ty\u00f6hyvinvointi on erityisen t\u00e4rke\u00e4\u00e4. My\u00f6nteinen kokemus omasta ty\u00f6st\u00e4 ja voimavarojen riitt\u00e4vyydest\u00e4 lis\u00e4\u00e4 motivaatiota ja parantaa ty\u00f6n laatua. Hyvinvoiva ty\u00f6ntekij\u00e4 suoriutuu teht\u00e4vist\u00e4\u00e4n, mik\u00e4 n\u00e4kyy potilasturvallisuudessa ja hoidon laadussa ja vaikuttaa koko alan vetovoimaisuuteen. Ty\u00f6n kuormitustekij\u00f6iden hallinta ja voimavarojen vahvistaminen ovat keskeisi\u00e4 keinoja, joilla varmistetaan, ett\u00e4 alalla ty\u00f6skentelee riitt\u00e4v\u00e4sti osaavia ja motivoituneita ammattilaisia. (Sosiaali- ja terveysministeri\u00f6 2024.)<\/p>\n<p style=\"text-align: justify\">Tutustu oppimateriaaliin ja l\u00f6yd\u00e4 tietoa sek\u00e4 k\u00e4yt\u00e4nn\u00f6n vinkkej\u00e4, joiden avulla vahvistat jaksamistasi sek\u00e4 yll\u00e4pid\u00e4t ty\u00f6kyky\u00e4si ja ty\u00f6hyvinvointiasi.<\/p>\n<p style=\"text-align: justify\">Hyvinvoiva hoitaja on paras hoitaja.<\/p>\n<p>[\/et_pb_text][\/et_pb_column][\/et_pb_row][et_pb_row _builder_version=&#8221;4.27.4&#8243; _module_preset=&#8221;default&#8221; background_color=&#8221;RGBA(255,255,255,0)&#8221; global_colors_info=&#8221;{}&#8221;][et_pb_column type=&#8221;4_4&#8243; _builder_version=&#8221;4.27.4&#8243; _module_preset=&#8221;default&#8221; global_colors_info=&#8221;{}&#8221;][et_pb_image src=&#8221;https:\/\/blogi.eoppimispalvelut.fi\/gerodigi\/files\/2025\/10\/cc-by-sa-e1761723985743.png&#8221; title_text=&#8221;cc-by-sa&#8221; _builder_version=&#8221;4.27.4&#8243; _module_preset=&#8221;default&#8221; global_colors_info=&#8221;{}&#8221;][\/et_pb_image][\/et_pb_column][\/et_pb_row][et_pb_row column_structure=&#8221;1_3,1_3,1_3&#8243; make_equal=&#8221;on&#8221; custom_padding_last_edited=&#8221;on|desktop&#8221; _builder_version=&#8221;4.27.4&#8243; _module_preset=&#8221;default&#8221; background_color=&#8221;#FFFFFF&#8221; custom_padding_tablet=&#8221;||0px||false|false&#8221; custom_padding_phone=&#8221;||0px||false|false&#8221; locked=&#8221;off&#8221;][et_pb_column type=&#8221;1_3&#8243; _builder_version=&#8221;4.22.0&#8243; _module_preset=&#8221;default&#8221; background_color=&#8221;gcid-34807b40-f97e-428a-90f8-6d5ad2ecd8cd&#8221; custom_padding=&#8221;30px|30px|30px|30px|true|true&#8221; custom_padding_tablet=&#8221;30px|30px|30px|30px|true|true&#8221; custom_padding_phone=&#8221;20px|20px|20px|20px|true|true&#8221; custom_padding_last_edited=&#8221;on|tablet&#8221; border_radii=&#8221;on|20px|20px|20px|20px&#8221; global_colors_info=&#8221;{%22gcid-34807b40-f97e-428a-90f8-6d5ad2ecd8cd%22:%91%22background_color%22%93}&#8221;][et_pb_text _builder_version=&#8221;4.27.4&#8243; _module_preset=&#8221;143f1eda-e6cc-4dec-8694-eb3482db7930&#8243; text_text_color=&#8221;#000000&#8243; custom_margin=&#8221;||10px||false|false&#8221; global_colors_info=&#8221;{}&#8221;]<\/p>\n<h3 style=\"text-align: center\">Virtaa hoitoty\u00f6h\u00f6n<\/h3>\n<p>[\/et_pb_text][et_pb_image src=&#8221;https:\/\/blogi.eoppimispalvelut.fi\/gerodigi\/files\/2025\/10\/virtaa-hoitotyohon-1.png&#8221; title_text=&#8221;virtaa hoitoty\u00f6h\u00f6n&#8221; align=&#8221;center&#8221; _builder_version=&#8221;4.27.4&#8243; _module_preset=&#8221;default&#8221; global_colors_info=&#8221;{}&#8221;][\/et_pb_image][et_pb_text _builder_version=&#8221;4.27.4&#8243; _module_preset=&#8221;d9d84544-059c-499c-bbaf-549c534f201f&#8221; text_font=&#8221;||||||||&#8221; text_text_color=&#8221;#000000&#8243; custom_padding=&#8221;||0px|||&#8221; global_colors_info=&#8221;{}&#8221;]<\/p>\n<p>Hyv\u00e4 ravitsemus, s\u00e4\u00e4nn\u00f6llinen liikunta ja ergonomiset ty\u00f6skentelytavat antavat voimaa ja vireytt\u00e4 hoitoty\u00f6h\u00f6n. Pienill\u00e4 valinnoilla voit lis\u00e4t\u00e4 jaksamista, v\u00e4hent\u00e4\u00e4 fyysist\u00e4 kuormitusta ja vahvistaa ty\u00f6hyvinvointiasi joka p\u00e4iv\u00e4.<\/p>\n<p><span data-contrast=\"auto\" xml:lang=\"FI-FI\" lang=\"FI-FI\" class=\"TextRun SCXW124757187 BCX8\"><span class=\"NormalTextRun SCXW124757187 BCX8\">Voit suorittaa Virtaa hoitoty\u00f6h\u00f6n -osaamismerkin perehtym\u00e4ll\u00e4 itsen\u00e4isesti <\/span><span class=\"NormalTextRun SCXW124757187 BCX8\">oppi<\/span><span class=\"NormalTextRun SCXW124757187 BCX8\">materiaaliin ja tekem\u00e4ll\u00e4 sen j\u00e4lkeen osaamismerkkitestin.<\/span><\/span><span class=\"EOP SCXW124757187 BCX8\" data-ccp-props=\"{}\">\u00a0<\/span><\/p>\n<p>[\/et_pb_text][et_pb_button button_url=&#8221;https:\/\/blogi.eoppimispalvelut.fi\/gerodigi\/virtaa-hoitotyohon\/&#8221; url_new_window=&#8221;on&#8221; button_text=&#8221;Siirry osioon&#8221; button_alignment=&#8221;center&#8221; _builder_version=&#8221;4.27.4&#8243; _module_preset=&#8221;dc71faa0-5694-48a3-9f79-c24320814703&#8243; global_colors_info=&#8221;{}&#8221;][\/et_pb_button][\/et_pb_column][et_pb_column type=&#8221;1_3&#8243; _builder_version=&#8221;4.22.0&#8243; _module_preset=&#8221;default&#8221; background_color=&#8221;gcid-34807b40-f97e-428a-90f8-6d5ad2ecd8cd&#8221; custom_padding=&#8221;30px|30px|30px|30px|true|true&#8221; custom_padding_tablet=&#8221;30px|30px|30px|30px|true|true&#8221; custom_padding_phone=&#8221;20px|20px|20px|20px|true|true&#8221; custom_padding_last_edited=&#8221;on|tablet&#8221; border_radii=&#8221;on|20px|20px|20px|20px&#8221; global_colors_info=&#8221;{%22gcid-34807b40-f97e-428a-90f8-6d5ad2ecd8cd%22:%91%22background_color%22%93}&#8221;][et_pb_text _builder_version=&#8221;4.27.4&#8243; _module_preset=&#8221;143f1eda-e6cc-4dec-8694-eb3482db7930&#8243; text_text_color=&#8221;#000000&#8243; custom_margin=&#8221;||10px||false|false&#8221; global_colors_info=&#8221;{}&#8221;]<\/p>\n<h3 style=\"text-align: center\">Palautumisen taito<\/h3>\n<p>[\/et_pb_text][et_pb_image src=&#8221;https:\/\/blogi.eoppimispalvelut.fi\/gerodigi\/files\/2025\/10\/palautumisen-taito.png&#8221; title_text=&#8221;palautumisen taito&#8221; align=&#8221;center&#8221; _builder_version=&#8221;4.27.4&#8243; _module_preset=&#8221;default&#8221; global_colors_info=&#8221;{}&#8221;][\/et_pb_image][et_pb_text _builder_version=&#8221;4.27.4&#8243; _module_preset=&#8221;cb0d7a59-56ca-4209-9277-d2aaece38be6&#8243; text_font=&#8221;||||||||&#8221; text_text_color=&#8221;#000000&#8243; global_colors_info=&#8221;{}&#8221;]<\/p>\n<p>Hyvinvoiva hoitoty\u00f6ntekij\u00e4 tekee parasta ty\u00f6t\u00e4, joka n\u00e4kyy potilaiden hyv\u00e4ss\u00e4 hoidossa. Kun hallitset kuormitustasi ja huolehdit palautumisesta, jaksat paremmin ja koet ty\u00f6si mielekk\u00e4\u00e4mm\u00e4ksi.<\/p>\n<p><span data-contrast=\"auto\" xml:lang=\"FI-FI\" lang=\"FI-FI\" class=\"TextRun SCXW124757187 BCX8\"><span class=\"NormalTextRun SCXW124757187 BCX8\">Voit suorittaa Palautumisen taito -osaamismerkin perehtym\u00e4ll\u00e4 itsen\u00e4isesti <\/span><span class=\"NormalTextRun SCXW124757187 BCX8\">oppi<\/span><span class=\"NormalTextRun SCXW124757187 BCX8\">materiaaliin ja tekem\u00e4ll\u00e4 sen j\u00e4lkeen osaamismerkkitestin.<\/span><\/span><span class=\"EOP SCXW124757187 BCX8\" data-ccp-props=\"{}\">\u00a0<\/span><\/p>\n<p>[\/et_pb_text][et_pb_button button_url=&#8221;https:\/\/blogi.eoppimispalvelut.fi\/gerodigi\/palautumisen-taito\/&#8221; url_new_window=&#8221;on&#8221; button_text=&#8221;Siirry osioon&#8221; button_alignment=&#8221;center&#8221; _builder_version=&#8221;4.27.4&#8243; _module_preset=&#8221;dc71faa0-5694-48a3-9f79-c24320814703&#8243; global_colors_info=&#8221;{}&#8221;][\/et_pb_button][\/et_pb_column][et_pb_column type=&#8221;1_3&#8243; _builder_version=&#8221;4.22.0&#8243; _module_preset=&#8221;default&#8221; background_color=&#8221;gcid-34807b40-f97e-428a-90f8-6d5ad2ecd8cd&#8221; custom_padding=&#8221;30px|30px|30px|30px|true|true&#8221; custom_padding_tablet=&#8221;30px|30px|30px|30px|true|true&#8221; custom_padding_phone=&#8221;20px|20px|20px|20px|true|true&#8221; custom_padding_last_edited=&#8221;on|tablet&#8221; border_radii=&#8221;on|20px|20px|20px|20px&#8221; global_colors_info=&#8221;{%22gcid-34807b40-f97e-428a-90f8-6d5ad2ecd8cd%22:%91%22background_color%22%93}&#8221;][et_pb_text _builder_version=&#8221;4.27.4&#8243; _module_preset=&#8221;143f1eda-e6cc-4dec-8694-eb3482db7930&#8243; text_text_color=&#8221;#000000&#8243; custom_margin=&#8221;||10px||false|false&#8221; global_colors_info=&#8221;{}&#8221;]<\/p>\n<h3 style=\"text-align: center\">Vahvuudet k\u00e4ytt\u00f6\u00f6n<\/h3>\n<p>[\/et_pb_text][et_pb_image src=&#8221;https:\/\/blogi.eoppimispalvelut.fi\/gerodigi\/files\/2025\/10\/vahvuudet-kayttoon.png&#8221; title_text=&#8221;vahvuudet k\u00e4ytt\u00f6\u00f6n&#8221; align=&#8221;center&#8221; _builder_version=&#8221;4.27.4&#8243; _module_preset=&#8221;default&#8221; global_colors_info=&#8221;{}&#8221;][\/et_pb_image][et_pb_text _builder_version=&#8221;4.27.4&#8243; _module_preset=&#8221;d9d84544-059c-499c-bbaf-549c534f201f&#8221; text_font=&#8221;||||||||&#8221; text_text_color=&#8221;#000000&#8243; custom_padding=&#8221;||4px|||&#8221; global_colors_info=&#8221;{}&#8221;]<\/p>\n<p>Tunnistatko omat vahvuutesi hoitoty\u00f6n ammattilaisena? Oletko pys\u00e4htynyt miettim\u00e4\u00e4n, miss\u00e4 olet parhaimmillasi, mit\u00e4 osaat ja mik\u00e4 saa sinut innostumaan? Kun tied\u00e4t, mik\u00e4 lis\u00e4\u00e4 voimavarojasi ja mit\u00e4 arvostat, ty\u00f6st\u00e4 tulee merkityksellisemp\u00e4\u00e4.<\/p>\n<p><span data-contrast=\"auto\" xml:lang=\"FI-FI\" lang=\"FI-FI\" class=\"TextRun SCXW124757187 BCX8\"><span class=\"NormalTextRun SCXW124757187 BCX8\">Voit suorittaa Vahvuudet k\u00e4ytt\u00f6\u00f6n -osaamismerkin perehtym\u00e4ll\u00e4 itsen\u00e4isesti <\/span><span class=\"NormalTextRun SCXW124757187 BCX8\">oppi<\/span><span class=\"NormalTextRun SCXW124757187 BCX8\">materiaaliin ja tekem\u00e4ll\u00e4 sen j\u00e4lkeen osaamismerkkitestin.<\/span><\/span><span class=\"EOP SCXW124757187 BCX8\" data-ccp-props=\"{}\">\u00a0<\/span><\/p>\n<p>[\/et_pb_text][et_pb_button button_url=&#8221;https:\/\/blogi.eoppimispalvelut.fi\/gerodigi\/vahvuudet-kayttoon\/&#8221; url_new_window=&#8221;on&#8221; button_text=&#8221;Siirry osioon&#8221; button_alignment=&#8221;center&#8221; _builder_version=&#8221;4.27.4&#8243; _module_preset=&#8221;dc71faa0-5694-48a3-9f79-c24320814703&#8243; global_colors_info=&#8221;{}&#8221;][\/et_pb_button][\/et_pb_column][\/et_pb_row][et_pb_row custom_padding_last_edited=&#8221;on|tablet&#8221; _builder_version=&#8221;4.27.4&#8243; _module_preset=&#8221;default&#8221; background_color=&#8221;#F5F6F1&#8243; min_height=&#8221;583px&#8221; custom_margin=&#8221;90px|auto|-23px|auto||&#8221; custom_padding=&#8221;60px|60px|60px|60px|true|true&#8221; custom_padding_tablet=&#8221;|30px||30px|true|true&#8221; custom_padding_phone=&#8221;30px|20px|30px|20px|true|true&#8221; border_radii=&#8221;on|20px|20px|20px|20px&#8221; global_colors_info=&#8221;{}&#8221;][et_pb_column type=&#8221;4_4&#8243; _builder_version=&#8221;4.22.0&#8243; _module_preset=&#8221;default&#8221; global_colors_info=&#8221;{}&#8221;][et_pb_text _builder_version=&#8221;4.27.4&#8243; _module_preset=&#8221;93bd40ca-465c-4118-a2fd-7575edfdc67c&#8221; text_font=&#8221;||||||||&#8221; text_text_color=&#8221;#000000&#8243; text_font_size=&#8221;16px&#8221; text_orientation=&#8221;center&#8221; max_width=&#8221;700px&#8221; module_alignment=&#8221;center&#8221; global_colors_info=&#8221;{}&#8221;]<\/p>\n<h3 style=\"text-align: center\">Ty\u00f6kykyosaamisen osoittaminen digitaalisten osaamismerkkien avulla<\/h3>\n<p>[\/et_pb_text][et_pb_text _builder_version=&#8221;4.27.4&#8243; _module_preset=&#8221;93bd40ca-465c-4118-a2fd-7575edfdc67c&#8221; text_font=&#8221;||||||||&#8221; text_text_color=&#8221;#000000&#8243; text_font_size=&#8221;16px&#8221; text_orientation=&#8221;center&#8221; max_width=&#8221;700px&#8221; module_alignment=&#8221;center&#8221; hover_enabled=&#8221;0&#8243; global_colors_info=&#8221;{}&#8221; sticky_enabled=&#8221;0&#8243;]<\/p>\n<p style=\"text-align: justify\">Digitaalinen osaamismerkki on s\u00e4hk\u00f6inen todiste hankkimastasi osaamisesta.<\/p>\n<p style=\"text-align: justify\">Voit suorittaa yksitt\u00e4isi\u00e4 osaamismerkkej\u00e4 tai koota Ty\u00f6kykyosaaminen-kokonaisuudesta koontimerkin.<\/p>\n<p style=\"text-align: justify\"><b><span data-contrast=\"auto\">Ty\u00f6kykyosaaminen-koontimerkin suorittaminen<\/span><\/b><span data-ccp-props=\"{}\">\u00a0<\/span><\/p>\n<p style=\"text-align: justify\"><span data-contrast=\"auto\">Suorita\u202fensin kaikki kolme osaamismerkki\u00e4:<\/span><span data-ccp-props=\"{}\">\u00a0<\/span><\/p>\n<ol style=\"text-align: justify\">\n<li><span data-contrast=\"auto\">Virtaa hoitoty\u00f6h\u00f6n -osaamismerkki<\/span><span data-ccp-props=\"{}\">\u00a0<\/span><\/li>\n<li><span data-contrast=\"auto\">Palautumisen taito \u2013osaamismerkki<\/span><span data-ccp-props=\"{}\">\u00a0<\/span><\/li>\n<li><span data-contrast=\"auto\">Vahvuudet k\u00e4ytt\u00f6\u00f6n -osaamismerkki<\/span><span data-ccp-props=\"{}\">\u00a0<\/span><\/li>\n<\/ol>\n<p style=\"text-align: justify\"><span data-ccp-props=\"{}\">Voit suorittaa osaamismerkit haluamassasi j\u00e4rjestyksess\u00e4.<\/span><\/p>\n<p style=\"text-align: justify\"><span data-contrast=\"auto\">Kun olet saanut hyv\u00e4ksytysti suoritettua kaikki kolme osaamismerkki\u00e4, saat s\u00e4hk\u00f6postiisi automaattisesti Ty\u00f6kykyosaaminen-koontimerkin.\u202f<\/span><span data-ccp-props=\"{}\"> Merkki toimii todisteena osaamisestasi ty\u00f6hyvinvointiin ja ty\u00f6kykyyn liittyvist\u00e4 sis\u00e4ll\u00f6ist\u00e4.<\/span><span data-ccp-props=\"{}\">\u00a0<\/span><\/p>\n<p style=\"text-align: justify\"><span data-ccp-props=\"{}\"><\/span><\/p>\n<h3><img loading=\"lazy\" decoding=\"async\" src=\"https:\/\/blogi.eoppimispalvelut.fi\/gerodigi\/files\/2025\/09\/Tyokykyosaaminen-metamerkki-1.png\" width=\"200\" height=\"200\" alt=\"\" class=\"wp-image-1509 aligncenter size-full\" srcset=\"https:\/\/blogi.eoppimispalvelut.fi\/gerodigi\/files\/2025\/09\/Tyokykyosaaminen-metamerkki-1.png 200w, https:\/\/blogi.eoppimispalvelut.fi\/gerodigi\/files\/2025\/09\/Tyokykyosaaminen-metamerkki-1-150x150.png 150w\" sizes=\"(max-width: 200px) 100vw, 200px\" \/><\/h3>\n<p>[\/et_pb_text][\/et_pb_column][\/et_pb_row][et_pb_row custom_padding_last_edited=&#8221;on|tablet&#8221; _builder_version=&#8221;4.27.4&#8243; _module_preset=&#8221;default&#8221; background_color=&#8221;gcid-34807b40-f97e-428a-90f8-6d5ad2ecd8cd&#8221; min_height=&#8221;362.4px&#8221; custom_margin=&#8221;48px||||false|false&#8221; custom_padding=&#8221;53px|60px|53px|60px|true|true&#8221; custom_padding_tablet=&#8221;|30px||30px|true|true&#8221; custom_padding_phone=&#8221;30px|20px|30px|20px|true|true&#8221; border_radii=&#8221;on|20px|20px|20px|20px&#8221; global_colors_info=&#8221;{%22gcid-34807b40-f97e-428a-90f8-6d5ad2ecd8cd%22:%91%22background_color%22%93}&#8221;][et_pb_column type=&#8221;4_4&#8243; _builder_version=&#8221;4.22.0&#8243; _module_preset=&#8221;default&#8221; global_colors_info=&#8221;{}&#8221;][et_pb_text _builder_version=&#8221;4.27.4&#8243; _module_preset=&#8221;03c36642-2e12-41fa-b199-bb329487c44a&#8221; text_orientation=&#8221;center&#8221; max_width=&#8221;700px&#8221; module_alignment=&#8221;center&#8221; global_colors_info=&#8221;{}&#8221;]<\/p>\n<h3>L\u00e4hteet<\/h3>\n<p>[\/et_pb_text][et_pb_text _builder_version=&#8221;4.27.4&#8243; _module_preset=&#8221;default&#8221; text_text_color=&#8221;#000000&#8243; text_font_size=&#8221;16px&#8221; global_colors_info=&#8221;{}&#8221;]<\/p>\n<ul>\n<ul>\n<li>Sosiaali- ja terveysministeri\u00f6. 2024. Laatusuositus aktiivisen ja toimintakykyisen ik\u00e4\u00e4ntymisen ja kest\u00e4vien palvelujen turvaamiseksi 2024\u20132027. Sosiaali- ja terveysministeri\u00f6n julkaisuja 2024:4.\u00a0<a href=\"http:\/\/urn.fi\/URN:ISBN:978-952-00-5436-6\">http:\/\/urn.fi\/URN:ISBN:978-952-00-5436-6<\/a><\/li>\n<li>Ty\u00f6terveyslaitos. Ty\u00f6hyvinvointi<em>, <\/em>Saatavilla: <a href=\"https:\/\/www.ttl.fi\/oppimateriaalit\/tyohyvinvoinnin-tiedolla-johtaminen-sote-alalla\/osa-1-strateginen-tyohyvinvoinnin-johtaminen-ja-kasitteet\/11-tyohyvinvointi\">https:\/\/www.ttl.fi\/oppimateriaalit\/tyohyvinvoinnin-tiedolla-johtaminen-sote-alalla\/osa-1-strateginen-tyohyvinvoinnin-johtaminen-ja-kasitteet\/11-tyohyvinvointi<\/a><\/li>\n<li>Ty\u00f6terveyslaitos. Ty\u00f6kyky. Saatavilla: <a href=\"https:\/\/www.ttl.fi\/teemat\/tyohyvinvointi-ja-tyokyky\/tyokyky\">https:\/\/www.ttl.fi\/teemat\/tyohyvinvointi-ja-tyokyky\/tyokyky<\/a><\/li>\n<\/ul>\n<\/ul>\n<p>&nbsp;<\/p>\n<p>[\/et_pb_text][\/et_pb_column][\/et_pb_row][\/et_pb_section]<\/p>\n","protected":false},"excerpt":{"rendered":"<p>Ty\u00f6kykyosaamista ik\u00e4\u00e4ntyneiden hoitoty\u00f6h\u00f6n &nbsp;Hoitoty\u00f6 on vaativa ja vastuullinen ammatti, jossa jaksaminen ja ty\u00f6ss\u00e4 viihtyminen ovat ratkaisevia sek\u00e4 omalle hyvinvoinnillesi ett\u00e4 potilaiden hoidolle. Ty\u00f6hyvinvointi on hoitoty\u00f6n laadun ja turvallisuuden perusta. Ty\u00f6hyvinvointi syntyy, kun ty\u00f6n vaatimukset ja voimavarat ovat tasapainossa, ja ty\u00f6ntekij\u00e4n fyysiset ja psyykkiset voimavarat riitt\u00e4v\u00e4t ty\u00f6n tekemiseen. (Ty\u00f6terveyslaitos. Ty\u00f6hyvinvointi.) Ty\u00f6kyky rakentuu monesta tekij\u00e4st\u00e4: terveydest\u00e4, osaamisesta [&hellip;]<\/p>\n","protected":false},"author":1329,"featured_media":148,"parent":0,"menu_order":0,"comment_status":"closed","ping_status":"closed","template":"","meta":{"_et_pb_use_builder":"on","_et_pb_old_content":"<!-- wp:divi\/placeholder \/-->","_et_gb_content_width":"","footnotes":""},"class_list":["post-25","page","type-page","status-publish","has-post-thumbnail","hentry"],"_links":{"self":[{"href":"https:\/\/blogi.eoppimispalvelut.fi\/gerodigi\/wp-json\/wp\/v2\/pages\/25","targetHints":{"allow":["GET"]}}],"collection":[{"href":"https:\/\/blogi.eoppimispalvelut.fi\/gerodigi\/wp-json\/wp\/v2\/pages"}],"about":[{"href":"https:\/\/blogi.eoppimispalvelut.fi\/gerodigi\/wp-json\/wp\/v2\/types\/page"}],"author":[{"embeddable":true,"href":"https:\/\/blogi.eoppimispalvelut.fi\/gerodigi\/wp-json\/wp\/v2\/users\/1329"}],"replies":[{"embeddable":true,"href":"https:\/\/blogi.eoppimispalvelut.fi\/gerodigi\/wp-json\/wp\/v2\/comments?post=25"}],"version-history":[{"count":120,"href":"https:\/\/blogi.eoppimispalvelut.fi\/gerodigi\/wp-json\/wp\/v2\/pages\/25\/revisions"}],"predecessor-version":[{"id":2670,"href":"https:\/\/blogi.eoppimispalvelut.fi\/gerodigi\/wp-json\/wp\/v2\/pages\/25\/revisions\/2670"}],"wp:featuredmedia":[{"embeddable":true,"href":"https:\/\/blogi.eoppimispalvelut.fi\/gerodigi\/wp-json\/wp\/v2\/media\/148"}],"wp:attachment":[{"href":"https:\/\/blogi.eoppimispalvelut.fi\/gerodigi\/wp-json\/wp\/v2\/media?parent=25"}],"curies":[{"name":"wp","href":"https:\/\/api.w.org\/{rel}","templated":true}]}}