{"id":1171,"date":"2022-01-20T10:02:31","date_gmt":"2022-01-20T08:02:31","guid":{"rendered":"https:\/\/blogi.eoppimispalvelut.fi\/globaleducationlapland\/?page_id=1171"},"modified":"2022-08-10T09:22:24","modified_gmt":"2022-08-10T06:22:24","slug":"ota-yhteytta","status":"publish","type":"page","link":"https:\/\/blogi.eoppimispalvelut.fi\/globaleducationlapland\/ota-yhteytta\/","title":{"rendered":"OTA YHTEYTT\u00c4!"},"content":{"rendered":"<p>[et_pb_section fb_built=&#8221;1&#8243; _builder_version=&#8221;4.16&#8243; _module_preset=&#8221;default&#8221; custom_margin=&#8221;0px||||false|false&#8221; custom_padding=&#8221;2px||0px||false|false&#8221; global_colors_info=&#8221;{}&#8221;][et_pb_row _builder_version=&#8221;4.16&#8243; _module_preset=&#8221;default&#8221; module_alignment=&#8221;left&#8221; global_colors_info=&#8221;{}&#8221;][et_pb_column type=&#8221;4_4&#8243; _builder_version=&#8221;4.16&#8243; _module_preset=&#8221;default&#8221; global_colors_info=&#8221;{}&#8221;][et_pb_image src=&#8221;https:\/\/blogi.eoppimispalvelut.fi\/globaleducationlapland\/files\/2022\/02\/kaikki-logot_1.png&#8221; alt=&#8221;Kaikkien rahoittajien logot&#8221; title_text=&#8221;Kaikkien rahoittajien logot&#8221; _builder_version=&#8221;4.16&#8243; _module_preset=&#8221;default&#8221; width=&#8221;25%&#8221; width_tablet=&#8221;50%&#8221; width_phone=&#8221;75%&#8221; width_last_edited=&#8221;on|phone&#8221; max_width=&#8221;100%&#8221; module_alignment=&#8221;left&#8221; custom_margin=&#8221;|||0px|false|false&#8221; custom_padding=&#8221;0px|||15px|false|false&#8221; global_colors_info=&#8221;{}&#8221;][\/et_pb_image][\/et_pb_column][\/et_pb_row][et_pb_row column_structure=&#8221;1_6,1_6,1_6,1_6,1_6,1_6&#8243; use_custom_gutter=&#8221;on&#8221; gutter_width=&#8221;1&#8243; disabled_on=&#8221;on|on|off&#8221; _builder_version=&#8221;4.16&#8243; _module_preset=&#8221;default&#8221; transform_translate=&#8221;0px|-100px&#8221; transform_translate_linked=&#8221;off&#8221; width=&#8221;55%&#8221; module_alignment=&#8221;center&#8221; global_colors_info=&#8221;{}&#8221;][et_pb_column type=&#8221;1_6&#8243; _builder_version=&#8221;4.16&#8243; _module_preset=&#8221;default&#8221; global_colors_info=&#8221;{}&#8221;][et_pb_blurb use_icon=&#8221;on&#8221; font_icon=&#8221;&#xe074;||divi||400&#8243; icon_color=&#8221;#FFFFFF&#8221; image_icon_background_color=&#8221;#73BBBD&#8221; image_icon_width=&#8221;30px&#8221; _builder_version=&#8221;4.16&#8243; _module_preset=&#8221;default&#8221; image_icon_custom_padding=&#8221;25px|25px|25px|25px|false|false&#8221; width=&#8221;80%&#8221; module_alignment=&#8221;center&#8221; link_option_url=&#8221;https:\/\/blogi.eoppimispalvelut.fi\/globaleducationlapland\/&#8221; border_radii_image=&#8221;on|100%|100%|100%|100%&#8221; border_width_all_image=&#8221;3px&#8221; border_color_all_image=&#8221;#FFFFFF&#8221; icon_font_size=&#8221;30px&#8221; use_circle=&#8221;on&#8221; use_circle_border=&#8221;on&#8221; circle_border_color=&#8221;#FFFFFF&#8221; circle_border_color__hover=&#8221;#73BBBD&#8221; circle_border_color__hover_enabled=&#8221;on|hover&#8221; circle_color=&#8221;#73BBBD&#8221; circle_color__hover=&#8221;#005A66&#8243; circle_color__hover_enabled=&#8221;on|hover&#8221; global_colors_info=&#8221;{}&#8221; transform_styles__hover_enabled=&#8221;on|desktop&#8221; transform_scale__hover_enabled=&#8221;on|desktop&#8221; transform_translate__hover_enabled=&#8221;on|hover&#8221; transform_rotate__hover_enabled=&#8221;on|hover&#8221; transform_skew__hover_enabled=&#8221;on|hover&#8221; transform_origin__hover_enabled=&#8221;on|hover&#8221; transform_scale__hover=&#8221;90%|90%&#8221; font_icon__hover_enabled=&#8221;on|hover&#8221; font_icon__hover=&#8221;&#xe03b;||divi||400&#8243; icon_color__hover_enabled=&#8221;on|hover&#8221; icon_color__hover=&#8221;#FFFFFF&#8221; border_color_all_image__hover=&#8221;#73BBBD&#8221; border_color_all_image__hover_enabled=&#8221;on|hover&#8221; image_icon_background_color__hover=&#8221;#005A66&#8243; image_icon_background_color__hover_enabled=&#8221;on|hover&#8221; image_icon_background_color__sticky_enabled=&#8221;#007e8f&#8221; image_icon_background_color__sticky=&#8221;#007e8f&#8221;][\/et_pb_blurb][\/et_pb_column][et_pb_column type=&#8221;1_6&#8243; _builder_version=&#8221;4.16&#8243; _module_preset=&#8221;default&#8221; global_colors_info=&#8221;{}&#8221;][et_pb_blurb use_icon=&#8221;on&#8221; font_icon=&#8221;&#x55;||divi||400&#8243; icon_color=&#8221;#FFFFFF&#8221; image_icon_background_color=&#8221;#73BBBD&#8221; image_icon_width=&#8221;30px&#8221; _builder_version=&#8221;4.16&#8243; _module_preset=&#8221;default&#8221; body_font=&#8221;|700|||||||&#8221; body_text_align=&#8221;center&#8221; body_text_color=&#8221;#007e8f&#8221; body_font_size=&#8221;13px&#8221; body_line_height=&#8221;1.2em&#8221; image_icon_custom_padding=&#8221;25px|25px|25px|25px|false|false&#8221; width=&#8221;80%&#8221; module_alignment=&#8221;center&#8221; link_option_url=&#8221;https:\/\/blogi.eoppimispalvelut.fi\/globaleducationlapland\/mika\/&#8221; custom_css_blurb_image=&#8221;margin-bottom: 20px&#8221; border_color_bottom=&#8221;#73BBBD&#8221; border_style_bottom=&#8221;double&#8221; border_radii_image=&#8221;on|100%|100%|100%|100%&#8221; icon_font_size=&#8221;30px&#8221; use_circle=&#8221;on&#8221; circle_color=&#8221;#73BBBD&#8221; circle_color__hover=&#8221;#005A66&#8243; circle_color__hover_enabled=&#8221;on|hover&#8221; global_colors_info=&#8221;{}&#8221; transform_styles__hover_enabled=&#8221;on|hover&#8221; transform_scale__hover_enabled=&#8221;on|hover&#8221; transform_translate__hover_enabled=&#8221;on|hover&#8221; transform_rotate__hover_enabled=&#8221;on|hover&#8221; transform_skew__hover_enabled=&#8221;on|hover&#8221; transform_origin__hover_enabled=&#8221;on|hover&#8221; transform_scale__hover=&#8221;90%|90%&#8221; border_width_bottom__hover_enabled=&#8221;on|hover&#8221; border_width_bottom__hover=&#8221;5px&#8221; image_icon_background_color__hover=&#8221;#005A66&#8243; image_icon_background_color__hover_enabled=&#8221;on|hover&#8221; image_icon_background_color__sticky_enabled=&#8221;#007e8f&#8221; image_icon_background_color__sticky=&#8221;#007e8f&#8221;]<\/p>\n<p>MIK\u00c4 LED?<\/p>\n<p>[\/et_pb_blurb][\/et_pb_column][et_pb_column type=&#8221;1_6&#8243; _builder_version=&#8221;4.16&#8243; _module_preset=&#8221;default&#8221; global_colors_info=&#8221;{}&#8221;][et_pb_blurb use_icon=&#8221;on&#8221; font_icon=&#8221;&#xe08d;||divi||400&#8243; icon_color=&#8221;#FFFFFF&#8221; image_icon_background_color=&#8221;#73BBBD&#8221; image_icon_width=&#8221;30px&#8221; _builder_version=&#8221;4.16&#8243; _module_preset=&#8221;default&#8221; body_font=&#8221;|700|||||||&#8221; body_text_align=&#8221;center&#8221; body_text_color=&#8221;#007e8f&#8221; body_font_size=&#8221;13px&#8221; body_line_height=&#8221;1.2em&#8221; image_icon_custom_padding=&#8221;25px|25px|25px|25px|false|false&#8221; width=&#8221;80%&#8221; module_alignment=&#8221;center&#8221; link_option_url=&#8221;https:\/\/blogi.eoppimispalvelut.fi\/globaleducationlapland\/verkosto\/&#8221; custom_css_blurb_image=&#8221;margin-bottom: 20px&#8221; border_color_bottom=&#8221;#73BBBD&#8221; border_style_bottom=&#8221;double&#8221; border_radii_image=&#8221;on|100%|100%|100%|100%&#8221; icon_font_size=&#8221;30px&#8221; use_circle=&#8221;on&#8221; circle_color=&#8221;#73BBBD&#8221; circle_color__hover=&#8221;#005A66&#8243; circle_color__hover_enabled=&#8221;on|hover&#8221; global_colors_info=&#8221;{}&#8221; transform_styles__hover_enabled=&#8221;on|hover&#8221; transform_scale__hover_enabled=&#8221;on|hover&#8221; transform_translate__hover_enabled=&#8221;on|hover&#8221; transform_rotate__hover_enabled=&#8221;on|hover&#8221; transform_skew__hover_enabled=&#8221;on|hover&#8221; transform_origin__hover_enabled=&#8221;on|hover&#8221; transform_scale__hover=&#8221;90%|90%&#8221; border_width_bottom__hover_enabled=&#8221;on|hover&#8221; border_width_bottom__hover=&#8221;5px&#8221; image_icon_background_color__hover=&#8221;#005A66&#8243; image_icon_background_color__hover_enabled=&#8221;on|hover&#8221; image_icon_background_color__sticky_enabled=&#8221;#007e8f&#8221; image_icon_background_color__sticky=&#8221;#007e8f&#8221;]<\/p>\n<p>LED-VERKOSTO<\/p>\n<p>[\/et_pb_blurb][\/et_pb_column][et_pb_column type=&#8221;1_6&#8243; _builder_version=&#8221;4.16&#8243; _module_preset=&#8221;default&#8221; global_colors_info=&#8221;{}&#8221;][et_pb_blurb use_icon=&#8221;on&#8221; font_icon=&#8221;&#xe0e3;||divi||400&#8243; icon_color=&#8221;#FFFFFF&#8221; image_icon_background_color=&#8221;#73BBBD&#8221; image_icon_width=&#8221;30px&#8221; _builder_version=&#8221;4.16&#8243; _module_preset=&#8221;default&#8221; body_font=&#8221;|700|||||||&#8221; body_text_align=&#8221;center&#8221; body_text_color=&#8221;#007e8f&#8221; body_font_size=&#8221;13px&#8221; body_line_height=&#8221;1.2em&#8221; image_icon_custom_padding=&#8221;25px|25px|25px|25px|false|false&#8221; transform_translate=&#8221;0px|-1px&#8221; transform_translate_linked=&#8221;off&#8221; width=&#8221;90%&#8221; module_alignment=&#8221;center&#8221; link_option_url=&#8221;https:\/\/blogi.eoppimispalvelut.fi\/globaleducationlapland\/mita-on-koulutusvienti\/&#8221; custom_css_blurb_image=&#8221;margin-bottom: 5px&#8221; border_color_bottom=&#8221;#FFCCF5&#8243; border_style_bottom=&#8221;double&#8221; border_radii_image=&#8221;on|100%|100%|100%|100%&#8221; icon_font_size=&#8221;30px&#8221; use_circle=&#8221;on&#8221; circle_color=&#8221;#73BBBD&#8221; circle_color__hover=&#8221;#005A66&#8243; circle_color__hover_enabled=&#8221;on|hover&#8221; global_colors_info=&#8221;{}&#8221; transform_styles__hover_enabled=&#8221;on|desktop&#8221; transform_scale__hover_enabled=&#8221;on|hover&#8221; transform_translate__hover_enabled=&#8221;on|desktop&#8221; transform_rotate__hover_enabled=&#8221;on|hover&#8221; transform_skew__hover_enabled=&#8221;on|hover&#8221; transform_origin__hover_enabled=&#8221;on|hover&#8221; transform_scale__hover=&#8221;90%|90%&#8221; border_width_bottom__hover_enabled=&#8221;on|desktop&#8221; border_width_bottom__hover=&#8221;5px&#8221; width__hover_enabled=&#8221;on|hover&#8221; border_color_bottom__hover_enabled=&#8221;on|hover&#8221; border_color_bottom__hover=&#8221;#73BBBD&#8221; image_icon_background_color__hover=&#8221;#005A66&#8243; image_icon_background_color__hover_enabled=&#8221;on|hover&#8221; image_icon_background_color__sticky_enabled=&#8221;#007e8f&#8221; image_icon_background_color__sticky=&#8221;#007e8f&#8221; transform_translate__hover=&#8221;0px|-1px&#8221; width__hover=&#8221;90%&#8221;]<\/p>\n<p>MIT\u00c4 ON KOULUTUSVIENTI?<\/p>\n<p>[\/et_pb_blurb][\/et_pb_column][et_pb_column type=&#8221;1_6&#8243; _builder_version=&#8221;4.16&#8243; _module_preset=&#8221;default&#8221; global_colors_info=&#8221;{}&#8221;][et_pb_blurb use_icon=&#8221;on&#8221; font_icon=&#8221;&#xe072;||divi||400&#8243; icon_color=&#8221;#FFFFFF&#8221; image_icon_background_color=&#8221;#73BBBD&#8221; image_icon_width=&#8221;30px&#8221; _builder_version=&#8221;4.16&#8243; _module_preset=&#8221;default&#8221; body_font=&#8221;|700|||||||&#8221; body_text_align=&#8221;center&#8221; body_text_color=&#8221;#007e8f&#8221; body_font_size=&#8221;13px&#8221; body_line_height=&#8221;1.2em&#8221; image_icon_custom_padding=&#8221;25px|25px|25px|25px|false|false&#8221; width=&#8221;80%&#8221; module_alignment=&#8221;center&#8221; link_option_url=&#8221;https:\/\/blogi.eoppimispalvelut.fi\/globaleducationlapland\/visio-2030\/&#8221; custom_css_blurb_image=&#8221;margin-bottom: 20px&#8221; border_color_bottom=&#8221;#73BBBD&#8221; border_style_bottom=&#8221;double&#8221; border_radii_image=&#8221;on|100%|100%|100%|100%&#8221; icon_font_size=&#8221;30px&#8221; use_circle=&#8221;on&#8221; circle_color=&#8221;#73BBBD&#8221; circle_color__hover=&#8221;#005A66&#8243; circle_color__hover_enabled=&#8221;on|hover&#8221; global_colors_info=&#8221;{}&#8221; transform_styles__hover_enabled=&#8221;on|hover&#8221; transform_scale__hover_enabled=&#8221;on|hover&#8221; transform_translate__hover_enabled=&#8221;on|hover&#8221; transform_rotate__hover_enabled=&#8221;on|hover&#8221; transform_skew__hover_enabled=&#8221;on|hover&#8221; transform_origin__hover_enabled=&#8221;on|hover&#8221; transform_scale__hover=&#8221;90%|90%&#8221; border_width_bottom__hover_enabled=&#8221;on|hover&#8221; border_width_bottom__hover=&#8221;5px&#8221; image_icon_background_color__hover=&#8221;#005A66&#8243; image_icon_background_color__hover_enabled=&#8221;on|hover&#8221; image_icon_background_color__sticky_enabled=&#8221;#007e8f&#8221; image_icon_background_color__sticky=&#8221;#007e8f&#8221;]<\/p>\n<p>VISIO 2030<\/p>\n<p>[\/et_pb_blurb][\/et_pb_column][et_pb_column type=&#8221;1_6&#8243; _builder_version=&#8221;4.16&#8243; _module_preset=&#8221;default&#8221; global_colors_info=&#8221;{}&#8221;][et_pb_blurb use_icon=&#8221;on&#8221; font_icon=&#8221;&#xe076;||divi||400&#8243; icon_color=&#8221;#FFFFFF&#8221; image_icon_background_color=&#8221;#005A66&#8243; image_icon_width=&#8221;30px&#8221; _builder_version=&#8221;4.16&#8243; _module_preset=&#8221;default&#8221; body_font=&#8221;|700|||||||&#8221; body_text_align=&#8221;center&#8221; body_text_color=&#8221;#007e8f&#8221; body_font_size=&#8221;13px&#8221; body_line_height=&#8221;1.2em&#8221; image_icon_custom_padding=&#8221;25px|25px|25px|25px|false|false&#8221; width=&#8221;80%&#8221; module_alignment=&#8221;center&#8221; link_option_url=&#8221;https:\/\/blogi.eoppimispalvelut.fi\/globaleducationlapland\/ota-yhteytta\/&#8221; custom_css_blurb_image=&#8221;margin-bottom: 20px&#8221; border_width_bottom=&#8221;5px&#8221; border_color_bottom=&#8221;#73BBBD&#8221; border_style_bottom=&#8221;double&#8221; border_radii_image=&#8221;on|100%|100%|100%|100%&#8221; border_width_all_image=&#8221;3px&#8221; border_color_all_image=&#8221;#73BBBD&#8221; icon_font_size=&#8221;30px&#8221; use_circle=&#8221;on&#8221; use_circle_border=&#8221;on&#8221; circle_border_color=&#8221;#73BBBD&#8221; circle_color=&#8221;#005A66&#8243; circle_color__hover=&#8221;#005A66&#8243; circle_color__hover_enabled=&#8221;on|hover&#8221; global_colors_info=&#8221;{}&#8221; transform_styles__hover_enabled=&#8221;on|hover&#8221; transform_scale__hover_enabled=&#8221;on|hover&#8221; transform_translate__hover_enabled=&#8221;on|hover&#8221; transform_rotate__hover_enabled=&#8221;on|hover&#8221; transform_skew__hover_enabled=&#8221;on|hover&#8221; transform_origin__hover_enabled=&#8221;on|hover&#8221; transform_scale__hover=&#8221;90%|90%&#8221; border_width_bottom__hover_enabled=&#8221;on|hover&#8221; border_width_bottom__hover=&#8221;5px&#8221; image_icon_background_color__hover=&#8221;#005A66&#8243; image_icon_background_color__hover_enabled=&#8221;on|hover&#8221; image_icon_background_color__sticky_enabled=&#8221;#007e8f&#8221; image_icon_background_color__sticky=&#8221;#007e8f&#8221;]<\/p>\n<p>OTA YHTEYTT\u00c4!<\/p>\n<p>[\/et_pb_blurb][\/et_pb_column][\/et_pb_row][\/et_pb_section][et_pb_section fb_built=&#8221;1&#8243; _builder_version=&#8221;4.16&#8243; _module_preset=&#8221;default&#8221; transform_scale_tablet=&#8221;&#8221; transform_scale_phone=&#8221;&#8221; transform_scale_last_edited=&#8221;on|desktop&#8221; transform_translate=&#8221;0px|-40px&#8221; transform_translate_tablet=&#8221;&#8221; transform_translate_phone=&#8221;0px|0px&#8221; transform_translate_last_edited=&#8221;on|tablet&#8221; transform_translate_linked=&#8221;off&#8221; transform_rotate_tablet=&#8221;&#8221; transform_rotate_phone=&#8221;&#8221; transform_rotate_last_edited=&#8221;on|desktop&#8221; transform_skew_tablet=&#8221;&#8221; transform_skew_phone=&#8221;&#8221; transform_skew_last_edited=&#8221;on|desktop&#8221; transform_origin_tablet=&#8221;&#8221; transform_origin_phone=&#8221;&#8221; transform_origin_last_edited=&#8221;on|desktop&#8221; transform_styles_last_edited=&#8221;on|tablet&#8221; custom_padding=&#8221;0px||344px|||&#8221; transform_styles_tablet=&#8221;&#8221; transform_styles_phone=&#8221;&#8221; global_colors_info=&#8221;{}&#8221;][et_pb_row column_structure=&#8221;2_5,3_5&#8243; custom_padding_last_edited=&#8221;on|phone&#8221; _builder_version=&#8221;4.16&#8243; _module_preset=&#8221;default&#8221; custom_padding=&#8221;30px|30px|30px|30px|false|false&#8221; custom_padding_tablet=&#8221;&#8221; custom_padding_phone=&#8221;|15px||15px|false|false&#8221; border_radii=&#8221;on|20px|20px|20px|20px&#8221; box_shadow_style=&#8221;preset1&#8243; global_colors_info=&#8221;{}&#8221;][et_pb_column type=&#8221;2_5&#8243; _builder_version=&#8221;4.16&#8243; _module_preset=&#8221;default&#8221; global_colors_info=&#8221;{}&#8221;][et_pb_image src=&#8221;https:\/\/blogi.eoppimispalvelut.fi\/globaleducationlapland\/files\/2022\/03\/LED-logo-tekstilla.png&#8221; alt=&#8221;LED logo tekstill\u00e4&#8221; title_text=&#8221;LED logo tekstill\u00e4&#8221; align=&#8221;center&#8221; _builder_version=&#8221;4.16&#8243; _module_preset=&#8221;default&#8221; width=&#8221;130%&#8221; width_tablet=&#8221;&#8221; width_phone=&#8221;&#8221; width_last_edited=&#8221;on|desktop&#8221; max_width=&#8221;120%&#8221; max_width_tablet=&#8221;100%&#8221; max_width_phone=&#8221;100%&#8221; max_width_last_edited=&#8221;on|tablet&#8221; module_alignment=&#8221;center&#8221; custom_padding=&#8221;0px||||false|false&#8221; global_colors_info=&#8221;{}&#8221;][\/et_pb_image][\/et_pb_column][et_pb_column type=&#8221;3_5&#8243; _builder_version=&#8221;4.16&#8243; _module_preset=&#8221;default&#8221; transform_scale_tablet=&#8221;&#8221; transform_scale_phone=&#8221;&#8221; transform_scale_last_edited=&#8221;on|desktop&#8221; transform_translate=&#8221;0px|15px&#8221; transform_translate_tablet=&#8221;&#8221; transform_translate_phone=&#8221;0px|35px&#8221; transform_translate_last_edited=&#8221;on|phone&#8221; transform_translate_linked=&#8221;off&#8221; transform_rotate_tablet=&#8221;&#8221; transform_rotate_phone=&#8221;&#8221; transform_rotate_last_edited=&#8221;on|desktop&#8221; transform_skew_tablet=&#8221;&#8221; transform_skew_phone=&#8221;&#8221; transform_skew_last_edited=&#8221;on|desktop&#8221; transform_origin_tablet=&#8221;&#8221; transform_origin_phone=&#8221;&#8221; transform_origin_last_edited=&#8221;on|desktop&#8221; transform_styles_last_edited=&#8221;on|phone&#8221; custom_padding=&#8221;||20px||false|false&#8221; custom_padding_tablet=&#8221;&#8221; custom_padding_phone=&#8221;||30px||false|false&#8221; custom_padding_last_edited=&#8221;on|phone&#8221; transform_styles_tablet=&#8221;&#8221; transform_styles_phone=&#8221;&#8221; global_colors_info=&#8221;{}&#8221;][et_pb_blurb title=&#8221;OTA YHTEYTT\u00c4!&#8221; icon_placement=&#8221;left&#8221; _builder_version=&#8221;4.16&#8243; _module_preset=&#8221;default&#8221; header_level=&#8221;h3&#8243; header_font=&#8221;|700|||||||&#8221; header_text_color=&#8221;#007E8F&#8221; global_colors_info=&#8221;{}&#8221;][\/et_pb_blurb][et_pb_blurb title=&#8221;Puheenjohtajaorganisaatio (kiert\u00e4v\u00e4):&#8221; use_icon=&#8221;on&#8221; font_icon=&#8221;&#xe0fd;||divi||400&#8243; icon_color=&#8221;#73BBBD&#8221; icon_placement=&#8221;left&#8221; image_icon_width=&#8221;30px&#8221; _builder_version=&#8221;4.16&#8243; _module_preset=&#8221;default&#8221; header_level=&#8221;h5&#8243; header_font=&#8221;|700|||||||&#8221; header_text_color=&#8221;#007E8F&#8221; body_text_color=&#8221;#9e007e&#8221; custom_margin=&#8221;|0px|||false|false&#8221; custom_padding=&#8221;|||0px|false|false&#8221; custom_padding_tablet=&#8221;&#8221; custom_padding_phone=&#8221;|0px||0px|false|false&#8221; custom_padding_last_edited=&#8221;on|phone&#8221; header_font_size_tablet=&#8221;&#8221; header_font_size_phone=&#8221;14px&#8221; header_font_size_last_edited=&#8221;on|phone&#8221; body_font_size_tablet=&#8221;&#8221; body_font_size_phone=&#8221;14px&#8221; body_font_size_last_edited=&#8221;on|phone&#8221; icon_font_size=&#8221;30px&#8221; global_colors_info=&#8221;{}&#8221;]<\/p>\n<p><strong><a href=\"https:\/\/www.finncredible.com\/en\/\" target=\"_blank\" rel=\"noopener noreferrer\">Finncredible Oy<\/a><\/strong><\/p>\n<p>[\/et_pb_blurb][et_pb_blurb title=&#8221;Yhteyshenkil\u00f6:&#8221; use_icon=&#8221;on&#8221; font_icon=&#8221;&#xe08a;||divi||400&#8243; icon_color=&#8221;#73BBBD&#8221; icon_placement=&#8221;left&#8221; image_icon_width=&#8221;30px&#8221; _builder_version=&#8221;4.16&#8243; _module_preset=&#8221;default&#8221; header_level=&#8221;h5&#8243; header_font=&#8221;|700|||||||&#8221; header_text_color=&#8221;#007E8F&#8221; module_alignment=&#8221;center&#8221; header_font_size_tablet=&#8221;&#8221; header_font_size_phone=&#8221;14px&#8221; header_font_size_last_edited=&#8221;on|phone&#8221; body_font_size_tablet=&#8221;&#8221; body_font_size_phone=&#8221;14px&#8221; body_font_size_last_edited=&#8221;on|phone&#8221; icon_font_size=&#8221;30px&#8221; global_colors_info=&#8221;{}&#8221;]<\/p>\n<p>Kimmo Tuunala<\/p>\n<p>[\/et_pb_blurb][et_pb_blurb title=&#8221;Puh.nro:&#8221; use_icon=&#8221;on&#8221; font_icon=&#8221;&#xe090;||divi||400&#8243; icon_color=&#8221;#73BBBD&#8221; icon_placement=&#8221;left&#8221; image_icon_width=&#8221;30px&#8221; _builder_version=&#8221;4.16&#8243; _module_preset=&#8221;default&#8221; header_level=&#8221;h5&#8243; header_font=&#8221;|700|||||||&#8221; header_text_color=&#8221;#007E8F&#8221; module_alignment=&#8221;center&#8221; header_font_size_tablet=&#8221;&#8221; header_font_size_phone=&#8221;14px&#8221; header_font_size_last_edited=&#8221;on|phone&#8221; body_font_size_tablet=&#8221;&#8221; body_font_size_phone=&#8221;14px&#8221; body_font_size_last_edited=&#8221;on|phone&#8221; icon_font_size=&#8221;30px&#8221; global_colors_info=&#8221;{}&#8221;]<\/p>\n<p>+358 50 3536311<\/p>\n<p>[\/et_pb_blurb][et_pb_blurb title=&#8221;e-mail:&#8221; use_icon=&#8221;on&#8221; font_icon=&#8221;&#xe076;||divi||400&#8243; icon_color=&#8221;#73BBBD&#8221; icon_placement=&#8221;left&#8221; image_icon_width=&#8221;30px&#8221; _builder_version=&#8221;4.16&#8243; _module_preset=&#8221;default&#8221; header_level=&#8221;h5&#8243; header_font=&#8221;|700|||||||&#8221; header_text_color=&#8221;#007E8F&#8221; module_alignment=&#8221;center&#8221; header_font_size_tablet=&#8221;&#8221; header_font_size_phone=&#8221;14px&#8221; header_font_size_last_edited=&#8221;on|phone&#8221; body_font_size_tablet=&#8221;&#8221; body_font_size_phone=&#8221;14px&#8221; body_font_size_last_edited=&#8221;on|phone&#8221; icon_font_size=&#8221;30px&#8221; global_colors_info=&#8221;{}&#8221;]<\/p>\n<p><span>kimmo.tuunala@finncredible.com<\/span><\/p>\n<p>[\/et_pb_blurb][\/et_pb_column][\/et_pb_row][\/et_pb_section]<\/p>\n","protected":false},"excerpt":{"rendered":"<p>MIK\u00c4 LED?LED-VERKOSTOMIT\u00c4 ON KOULUTUSVIENTI?VISIO 2030OTA YHTEYTT\u00c4!Finncredible OyKimmo Tuunala+358 50 3536311kimmo.tuunala@finncredible.com<\/p>\n","protected":false},"author":4132,"featured_media":0,"parent":0,"menu_order":0,"comment_status":"closed","ping_status":"closed","template":"","meta":{"_et_pb_use_builder":"on","_et_pb_old_content":"","_et_gb_content_width":"","footnotes":""},"class_list":["post-1171","page","type-page","status-publish","hentry"],"_links":{"self":[{"href":"https:\/\/blogi.eoppimispalvelut.fi\/globaleducationlapland\/wp-json\/wp\/v2\/pages\/1171","targetHints":{"allow":["GET"]}}],"collection":[{"href":"https:\/\/blogi.eoppimispalvelut.fi\/globaleducationlapland\/wp-json\/wp\/v2\/pages"}],"about":[{"href":"https:\/\/blogi.eoppimispalvelut.fi\/globaleducationlapland\/wp-json\/wp\/v2\/types\/page"}],"author":[{"embeddable":true,"href":"https:\/\/blogi.eoppimispalvelut.fi\/globaleducationlapland\/wp-json\/wp\/v2\/users\/4132"}],"replies":[{"embeddable":true,"href":"https:\/\/blogi.eoppimispalvelut.fi\/globaleducationlapland\/wp-json\/wp\/v2\/comments?post=1171"}],"version-history":[{"count":78,"href":"https:\/\/blogi.eoppimispalvelut.fi\/globaleducationlapland\/wp-json\/wp\/v2\/pages\/1171\/revisions"}],"predecessor-version":[{"id":242979,"href":"https:\/\/blogi.eoppimispalvelut.fi\/globaleducationlapland\/wp-json\/wp\/v2\/pages\/1171\/revisions\/242979"}],"wp:attachment":[{"href":"https:\/\/blogi.eoppimispalvelut.fi\/globaleducationlapland\/wp-json\/wp\/v2\/media?parent=1171"}],"curies":[{"name":"wp","href":"https:\/\/api.w.org\/{rel}","templated":true}]}}