{"id":1472,"date":"2022-01-25T12:42:23","date_gmt":"2022-01-25T10:42:23","guid":{"rendered":"https:\/\/blogi.eoppimispalvelut.fi\/globaleducationlapland\/?page_id=1472"},"modified":"2022-03-25T10:25:14","modified_gmt":"2022-03-25T08:25:14","slug":"redu","status":"publish","type":"page","link":"https:\/\/blogi.eoppimispalvelut.fi\/globaleducationlapland\/redu\/","title":{"rendered":"REDU"},"content":{"rendered":"<p>[et_pb_section fb_built=&#8221;1&#8243; _builder_version=&#8221;4.8.2&#8243; _module_preset=&#8221;default&#8221; custom_margin=&#8221;0px||||false|false&#8221; custom_padding=&#8221;2px||0px||false|false&#8221;][et_pb_row _builder_version=&#8221;4.8.2&#8243; _module_preset=&#8221;default&#8221; module_alignment=&#8221;left&#8221;][et_pb_column type=&#8221;4_4&#8243; _builder_version=&#8221;4.8.2&#8243; _module_preset=&#8221;default&#8221;][et_pb_image src=&#8221;https:\/\/blogi.eoppimispalvelut.fi\/globaleducationlapland\/files\/2022\/02\/kaikki-logot.png&#8221; title_text=&#8221;kaikki logot&#8221; _builder_version=&#8221;4.8.2&#8243; _module_preset=&#8221;default&#8221; width=&#8221;25%&#8221; width_tablet=&#8221;50%&#8221; width_phone=&#8221;75%&#8221; width_last_edited=&#8221;on|phone&#8221; max_width=&#8221;100%&#8221; module_alignment=&#8221;left&#8221; custom_margin=&#8221;|||0px|false|false&#8221; custom_padding=&#8221;0px|||15px|false|false&#8221;][\/et_pb_image][\/et_pb_column][\/et_pb_row][\/et_pb_section][et_pb_section fb_built=&#8221;1&#8243; admin_label=&#8221;section&#8221; _builder_version=&#8221;4.8.2&#8243; background_enable_image=&#8221;off&#8221; background_size=&#8221;initial&#8221; background_position=&#8221;top_left&#8221; max_width=&#8221;100%&#8221; custom_padding=&#8221;29px|||||&#8221;][et_pb_row column_structure=&#8221;1_2,1_2&#8243; use_custom_gutter=&#8221;on&#8221; gutter_width=&#8221;2&#8243; make_equal=&#8221;on&#8221; module_id=&#8221;contact&#8221; _builder_version=&#8221;4.8.2&#8243; _module_preset=&#8221;default&#8221; background_enable_image=&#8221;off&#8221; background_size=&#8221;initial&#8221; background_position=&#8221;bottom_center&#8221; transform_scale=&#8221;90%|90%&#8221; custom_padding=&#8221;3px|||||&#8221; animation_style=&#8221;fade&#8221;][et_pb_column type=&#8221;1_2&#8243; _builder_version=&#8221;4.8.2&#8243; _module_preset=&#8221;default&#8221; background_color=&#8221;#FFFFFF&#8221; custom_padding=&#8221;|||0px|false|false&#8221; border_radii=&#8221;on|20px|20px|20px|20px&#8221; border_width_all=&#8221;5px&#8221; border_color_all=&#8221;#1c8750&#8243; border_style_all=&#8221;double&#8221; box_shadow_style=&#8221;preset3&#8243;][et_pb_image src=&#8221;https:\/\/blogi.eoppimispalvelut.fi\/globaleducationlapland\/files\/2022\/03\/redu3.png&#8221; title_text=&#8221;redu3&#8243; _builder_version=&#8221;4.8.2&#8243; _module_preset=&#8221;default&#8221; width=&#8221;70%&#8221; max_width=&#8221;100%&#8221; module_alignment=&#8221;center&#8221; custom_margin=&#8221;5px||18px|0px|false|false&#8221; custom_padding=&#8221;0px||||false|false&#8221;][\/et_pb_image][et_pb_button button_url=&#8221;https:\/\/www.redu.fi\/en&#8221; url_new_window=&#8221;on&#8221; button_text=&#8221;TUTUSTU MEIHIN!&#8221; button_alignment=&#8221;center&#8221; _builder_version=&#8221;4.8.2&#8243; _module_preset=&#8221;default&#8221; custom_button=&#8221;on&#8221; button_text_size=&#8221;18px&#8221; button_text_color=&#8221;#ffffff&#8221; button_bg_color=&#8221;#1c8750&#8243; button_border_width=&#8221;2px&#8221; button_border_radius=&#8221;30px&#8221; button_font=&#8221;|700|||||||&#8221; button_icon=&#8221;%%180%%&#8221; button_on_hover=&#8221;off&#8221; custom_margin=&#8221;15px||25px||false|false&#8221; custom_padding=&#8221;|34px|||false|false&#8221; button_bg_color__hover_enabled=&#8221;off|desktop&#8221; button_bg_color__hover=&#8221;#ffffff&#8221; button_bg_enable_color__hover=&#8221;on&#8221; button_text_color__hover_enabled=&#8221;off|desktop&#8221; button_text_color__hover=&#8221;#1c8750&#8243; button_border_color__hover_enabled=&#8221;on|hover&#8221; button_border_color__hover=&#8221;#1c8750&#8243; button_border_width__hover_enabled=&#8221;on|hover&#8221; button_border_width__hover=&#8221;2px&#8221; transform_styles__hover_enabled=&#8221;on|hover&#8221; transform_scale__hover_enabled=&#8221;on|hover&#8221; transform_translate__hover_enabled=&#8221;on|hover&#8221; transform_rotate__hover_enabled=&#8221;on|desktop&#8221; transform_skew__hover_enabled=&#8221;on|desktop&#8221; transform_origin__hover_enabled=&#8221;on|desktop&#8221; transform_scale__hover=&#8221;90%|90%&#8221;][\/et_pb_button][et_pb_blurb content_max_width=&#8221;300px&#8221; _builder_version=&#8221;4.8.2&#8243; _module_preset=&#8221;default&#8221; header_font=&#8221;||||||||&#8221; header_text_color=&#8221;#FFDFCF&#8221; header_font_size=&#8221;20px&#8221; body_text_align=&#8221;left&#8221; body_text_color=&#8221;#2e5f61&#8243; background_enable_color=&#8221;off&#8221; background_enable_image=&#8221;off&#8221; background_size=&#8221;contain&#8221; background_position=&#8221;top_right&#8221; transform_scale=&#8221;98%|98%&#8221; transform_translate_linked=&#8221;off&#8221; width=&#8221;100%&#8221; module_alignment=&#8221;center&#8221; custom_margin=&#8221;-32px|||-29px||&#8221; custom_padding=&#8221;40px|30px|40px|40px|false|false&#8221; animation_direction=&#8221;right&#8221; hover_enabled=&#8221;0&#8243; border_radii=&#8221;on|20px|20px|20px|20px&#8221; border_color_all=&#8221;#bd462a&#8221; border_style_all=&#8221;double&#8221; sticky_enabled=&#8221;0&#8243;]<\/p>\n<h4><span class=\"et-pb-icon\" style=\"font-size: 30px;color: #1c8750\">\ue010\u00a0 <\/span><span style=\"color: #1c8750\"><strong>OTA YHTEYTT\u00c4:<\/strong><\/span><\/h4>\n<p><span style=\"color: #ffdfcf\"><strong><\/strong><\/span><\/p>\n<p><strong><span style=\"color: #1c8750\">Yhteyshenkil\u00f6: <\/span><\/strong><span style=\"color: #054956\">Eija Pahtakari<\/span><strong style=\"color: #1c8750\"><br \/> <\/strong><\/p>\n<p><span style=\"color: #1c8750\"><strong>pun.nro:<\/strong> <span style=\"color: #054956\"><span>+358 04 3521440<\/span><\/span><strong> <\/strong><\/span><\/p>\n<p><span style=\"color: #1c8750\"><strong>e-mail: <\/strong><span style=\"color: #054956\">eija.pahtakari@redu.fi<\/span><strong><br \/> <\/strong><\/span><\/p>\n<p>[\/et_pb_blurb][\/et_pb_column][et_pb_column type=&#8221;1_2&#8243; _builder_version=&#8221;4.8.2&#8243; _module_preset=&#8221;default&#8221; background_color=&#8221;#FFFFFF&#8221; custom_padding=&#8221;|||0px|false|false&#8221; border_radii=&#8221;on|20px|20px|20px|20px&#8221; border_width_all=&#8221;5px&#8221; border_color_all=&#8221;#1c8750&#8243; border_style_all=&#8221;double&#8221; box_shadow_style=&#8221;preset3&#8243;][et_pb_image src=&#8221;https:\/\/blogi.eoppimispalvelut.fi\/globaleducationlapland\/files\/2022\/03\/santasport4.png&#8221; title_text=&#8221;santasport4&#8243; _builder_version=&#8221;4.8.2&#8243; _module_preset=&#8221;default&#8221; width=&#8221;38%&#8221; module_alignment=&#8221;center&#8221; custom_margin=&#8221;32px||0px||false|false&#8221; custom_padding=&#8221;0px||||false|false&#8221;][\/et_pb_image][et_pb_button button_url=&#8221;https:\/\/santasport.fi\/en\/%20&#8243; url_new_window=&#8221;on&#8221; button_text=&#8221;TUTUSTU MEIHIN!&#8221; button_alignment=&#8221;center&#8221; _builder_version=&#8221;4.8.2&#8243; _module_preset=&#8221;default&#8221; custom_button=&#8221;on&#8221; button_text_size=&#8221;18px&#8221; button_text_color=&#8221;#ffffff&#8221; button_bg_color=&#8221;#1c8750&#8243; button_border_width=&#8221;2px&#8221; button_border_radius=&#8221;30px&#8221; button_font=&#8221;|700|||||||&#8221; button_icon=&#8221;%%180%%&#8221; button_on_hover=&#8221;off&#8221; custom_margin=&#8221;15px||25px||false|false&#8221; custom_padding=&#8221;|34px|||false|false&#8221; button_bg_color__hover_enabled=&#8221;off|desktop&#8221; button_bg_color__hover=&#8221;#ffffff&#8221; button_bg_enable_color__hover=&#8221;on&#8221; button_text_color__hover_enabled=&#8221;off|desktop&#8221; button_text_color__hover=&#8221;#1c8750&#8243; button_border_color__hover_enabled=&#8221;on|hover&#8221; button_border_color__hover=&#8221;#1c8750&#8243; button_border_width__hover_enabled=&#8221;on|hover&#8221; button_border_width__hover=&#8221;2px&#8221; transform_styles__hover_enabled=&#8221;on|hover&#8221; transform_scale__hover_enabled=&#8221;on|hover&#8221; transform_translate__hover_enabled=&#8221;on|hover&#8221; transform_rotate__hover_enabled=&#8221;on|desktop&#8221; transform_skew__hover_enabled=&#8221;on|desktop&#8221; transform_origin__hover_enabled=&#8221;on|desktop&#8221; transform_scale__hover=&#8221;90%|90%&#8221;][\/et_pb_button][et_pb_blurb content_max_width=&#8221;300px&#8221; _builder_version=&#8221;4.8.2&#8243; _module_preset=&#8221;default&#8221; header_font=&#8221;||||||||&#8221; header_text_color=&#8221;#FFDFCF&#8221; header_font_size=&#8221;20px&#8221; body_text_align=&#8221;left&#8221; body_text_color=&#8221;#2e5f61&#8243; background_enable_color=&#8221;off&#8221; background_enable_image=&#8221;off&#8221; background_size=&#8221;contain&#8221; background_position=&#8221;top_right&#8221; transform_scale=&#8221;98%|98%&#8221; transform_translate_linked=&#8221;off&#8221; width=&#8221;100%&#8221; module_alignment=&#8221;center&#8221; custom_margin=&#8221;-32px|||-29px||&#8221; custom_padding=&#8221;40px|30px|40px|40px|false|false&#8221; animation_direction=&#8221;right&#8221; border_radii=&#8221;on|20px|20px|20px|20px&#8221; border_color_all=&#8221;#bd462a&#8221; border_style_all=&#8221;double&#8221;]<\/p>\n<h4><span class=\"et-pb-icon\" style=\"font-size: 30px;color: #1c8750\">\ue010\u00a0 <\/span><span style=\"color: #1c8750\"><strong>OTA YHTEYTT\u00c4:<\/strong><\/span><\/h4>\n<p><span style=\"color: #ffdfcf\"><strong><\/strong><\/span><\/p>\n<p><strong><span style=\"color: #1c8750\">Yhteyshenkil\u00f6: <\/span><span><span style=\"color: #054956\">xxx xxxxxxx<\/span><\/span><\/strong><strong style=\"color: #1c8750\"><br \/> <\/strong><\/p>\n<p><span style=\"color: #1c8750\"><strong>pun.nro:<\/strong> <span style=\"color: #054956\">+358 xx xxxxxxx<\/span><strong> <\/strong><\/span><\/p>\n<p><span style=\"color: #1c8750\"><strong>e-mail: <\/strong><span style=\"color: #054956\">henkil\u00f6inen@organisaatio.fi<\/span><strong><br \/> <\/strong><\/span><\/p>\n<p>[\/et_pb_blurb][\/et_pb_column][\/et_pb_row][et_pb_row column_structure=&#8221;1_6,1_6,1_6,1_6,1_6,1_6&#8243; disabled_on=&#8221;on|on|off&#8221; _builder_version=&#8221;4.8.2&#8243; _module_preset=&#8221;default&#8221; transform_scale_tablet=&#8221;&#8221; transform_scale_phone=&#8221;&#8221; transform_scale_last_edited=&#8221;on|desktop&#8221; transform_translate=&#8221;-51px|-160px&#8221; transform_translate_tablet=&#8221;&#8221; transform_translate_phone=&#8221;&#8221; transform_translate_last_edited=&#8221;on|desktop&#8221; transform_translate_linked=&#8221;off&#8221; transform_rotate_tablet=&#8221;&#8221; transform_rotate_phone=&#8221;&#8221; transform_rotate_last_edited=&#8221;on|desktop&#8221; transform_skew_tablet=&#8221;&#8221; transform_skew_phone=&#8221;&#8221; transform_skew_last_edited=&#8221;on|desktop&#8221; transform_origin_tablet=&#8221;&#8221; transform_origin_phone=&#8221;&#8221; transform_origin_last_edited=&#8221;on|desktop&#8221; transform_styles_last_edited=&#8221;on|desktop&#8221; z_index=&#8221;10&#8243; custom_padding=&#8221;||1px|||&#8221; hover_enabled=&#8221;0&#8243; transform_styles_tablet=&#8221;&#8221; transform_styles_phone=&#8221;&#8221; sticky_enabled=&#8221;0&#8243;][et_pb_column type=&#8221;1_6&#8243; _builder_version=&#8221;4.8.2&#8243; _module_preset=&#8221;default&#8221;][et_pb_blurb title=&#8221;TAKAISIN&#8221; url=&#8221;https:\/\/blogi.eoppimispalvelut.fi\/globaleducationlapland\/verkosto\/&#8221; use_icon=&#8221;on&#8221; font_icon=&#8221;%%179%%&#8221; icon_color=&#8221;#007E8F&#8221; icon_alignment=&#8221;left&#8221; use_icon_font_size=&#8221;on&#8221; icon_font_size=&#8221;60px&#8221; _builder_version=&#8221;4.8.2&#8243; _module_preset=&#8221;default&#8221; header_level=&#8221;h6&#8243; header_font=&#8221;|700|||||||&#8221; header_text_align=&#8221;left&#8221; header_font_size=&#8221;14px&#8221; positioning=&#8221;fixed&#8221; link_option_url=&#8221;https:\/\/blogi.eoppimispalvelut.fi\/globaleducationlapland\/verkosto\/&#8221; custom_css_blurb_image=&#8221;margin-bottom: 10px&#8221; icon_color__hover_enabled=&#8221;on|hover&#8221; icon_color__hover=&#8221;#FFCCF5&#8243; transform_styles__hover_enabled=&#8221;on|hover&#8221; transform_scale__hover_enabled=&#8221;on|hover&#8221; transform_translate__hover_enabled=&#8221;on|desktop&#8221; transform_rotate__hover_enabled=&#8221;on|desktop&#8221; transform_skew__hover_enabled=&#8221;on|desktop&#8221; transform_origin__hover_enabled=&#8221;on|desktop&#8221; transform_scale__hover=&#8221;90%|90%&#8221;][\/et_pb_blurb][\/et_pb_column][et_pb_column type=&#8221;1_6&#8243; _builder_version=&#8221;4.8.2&#8243; _module_preset=&#8221;default&#8221;][\/et_pb_column][et_pb_column type=&#8221;1_6&#8243; _builder_version=&#8221;4.8.2&#8243; _module_preset=&#8221;default&#8221;][\/et_pb_column][et_pb_column type=&#8221;1_6&#8243; _builder_version=&#8221;4.8.2&#8243; _module_preset=&#8221;default&#8221;][\/et_pb_column][et_pb_column type=&#8221;1_6&#8243; _builder_version=&#8221;4.8.2&#8243; _module_preset=&#8221;default&#8221;][\/et_pb_column][et_pb_column type=&#8221;1_6&#8243; _builder_version=&#8221;4.8.2&#8243; _module_preset=&#8221;default&#8221;][\/et_pb_column][\/et_pb_row][\/et_pb_section]<\/p>\n","protected":false},"excerpt":{"rendered":"<p>\ue010\u00a0 OTA YHTEYTT\u00c4: Yhteyshenkil\u00f6: Eija Pahtakari pun.nro: +358 04 3521440 e-mail: eija.pahtakari@redu.fi \ue010\u00a0 OTA YHTEYTT\u00c4: Yhteyshenkil\u00f6: xxx xxxxxxx pun.nro: +358 xx xxxxxxx e-mail: henkil\u00f6inen@organisaatio.fi<\/p>\n","protected":false},"author":4132,"featured_media":0,"parent":0,"menu_order":0,"comment_status":"closed","ping_status":"closed","template":"","meta":{"_et_pb_use_builder":"on","_et_pb_old_content":"","_et_gb_content_width":"","footnotes":""},"class_list":["post-1472","page","type-page","status-publish","hentry"],"_links":{"self":[{"href":"https:\/\/blogi.eoppimispalvelut.fi\/globaleducationlapland\/wp-json\/wp\/v2\/pages\/1472","targetHints":{"allow":["GET"]}}],"collection":[{"href":"https:\/\/blogi.eoppimispalvelut.fi\/globaleducationlapland\/wp-json\/wp\/v2\/pages"}],"about":[{"href":"https:\/\/blogi.eoppimispalvelut.fi\/globaleducationlapland\/wp-json\/wp\/v2\/types\/page"}],"author":[{"embeddable":true,"href":"https:\/\/blogi.eoppimispalvelut.fi\/globaleducationlapland\/wp-json\/wp\/v2\/users\/4132"}],"replies":[{"embeddable":true,"href":"https:\/\/blogi.eoppimispalvelut.fi\/globaleducationlapland\/wp-json\/wp\/v2\/comments?post=1472"}],"version-history":[{"count":36,"href":"https:\/\/blogi.eoppimispalvelut.fi\/globaleducationlapland\/wp-json\/wp\/v2\/pages\/1472\/revisions"}],"predecessor-version":[{"id":242825,"href":"https:\/\/blogi.eoppimispalvelut.fi\/globaleducationlapland\/wp-json\/wp\/v2\/pages\/1472\/revisions\/242825"}],"wp:attachment":[{"href":"https:\/\/blogi.eoppimispalvelut.fi\/globaleducationlapland\/wp-json\/wp\/v2\/media?parent=1472"}],"curies":[{"name":"wp","href":"https:\/\/api.w.org\/{rel}","templated":true}]}}