{"id":134,"date":"2016-04-28T11:34:45","date_gmt":"2016-04-28T08:34:45","guid":{"rendered":"https:\/\/blogi.eoppimispalvelut.fi\/greencare\/?page_id=134"},"modified":"2016-08-09T11:01:28","modified_gmt":"2016-08-09T08:01:28","slug":"1-green-care-perusteet-5op","status":"publish","type":"page","link":"https:\/\/blogi.eoppimispalvelut.fi\/greencare\/1-green-care-perusteet-5op\/","title":{"rendered":"1. Green Care -perusteet 5 opintopistett\u00e4"},"content":{"rendered":"<p><span class=\"TextRun SCX267994347\" xml:lang=\"FI-FI\"><span class=\"NormalTextRun SCX267994347\">Tule hankkimaan perustieto<\/span><\/span><span class=\"TextRun SCX267994347\" xml:lang=\"FI-FI\"><span class=\"NormalTextRun SCX267994347\">a<\/span><\/span><span class=\"TextRun SCX267994347\" xml:lang=\"FI-FI\"><span class=\"NormalTextRun SCX267994347\"> Green Caresta. Tutustu opintojaksolla siihen<\/span><\/span><span class=\"TextRun SCX267994347\" xml:lang=\"FI-FI\"><span class=\"NormalTextRun SCX267994347\">,<\/span><\/span><span class=\"TextRun SCX267994347\" xml:lang=\"FI-FI\"><span class=\"NormalTextRun SCX267994347\"> mik\u00e4 tekee toiminnasta Green Carea ja keit\u00e4 alalla toimii.<br \/>\nLuonnon hyvinvointi<\/span><\/span><span class=\"TextRun SCX267994347\" xml:lang=\"FI-FI\"><span class=\"NormalTextRun SCX267994347\">vaikutukset tulevat tutuiksi ja ymm\u00e4rr\u00e4t paremmin oman luontosuhteesi muodostumista.<br \/>\n<\/span><\/span><span class=\"TextRun SCX267994347\" xml:lang=\"FI-FI\"><span class=\"NormalTextRun SCX267994347\">Perusteet <\/span><\/span><span class=\"TextRun SCX267994347\" xml:lang=\"FI-FI\"><span class=\"NormalTextRun SCX267994347\">&#8211;<\/span><\/span><span class=\"TextRun SCX267994347\" xml:lang=\"FI-FI\"><span class=\"NormalTextRun SCX267994347\">opintojakso luo perustan <\/span><\/span><span class=\"TextRun SCX267994347\" xml:lang=\"FI-FI\"><span class=\"NormalTextRun SCX267994347\">toimintasi kehitt\u00e4miseen ja mahdollistaa <\/span><\/span><span class=\"TextRun SCX267994347\" xml:lang=\"FI-FI\"><span class=\"NormalTextRun SCX267994347\">Green Care <\/span><\/span><span class=\"TextRun SCX267994347\" xml:lang=\"FI-FI\"><span class=\"NormalTextRun SCX267994347\">&#8211;<\/span><\/span><span class=\"TextRun SCX267994347\" xml:lang=\"FI-FI\"><span class=\"NormalTextRun SCX267994347\">opintojen jatk<\/span><\/span><span class=\"TextRun SCX267994347\" xml:lang=\"FI-FI\"><span class=\"NormalTextRun SCX267994347\">amisen<\/span><\/span><span class=\"TextRun SCX267994347\" xml:lang=\"FI-FI\"><span class=\"NormalTextRun SCX267994347\">.<\/span><\/span><\/p>\n<p><b>Opintojakso<\/b><b>n <\/b><b>sis\u00e4lt\u00f6<\/b><\/p>\n<ul>\n<li>Green Care -k\u00e4site ja -toimialan kehittyminen<\/li>\n<li>Green Care -peruselementit ja -perusedellytykset<\/li>\n<li>Green Care -menetelm\u00e4t ja -toiminnan osapuolet<\/li>\n<li>Green Care -toiminta Suomessa ja esimerkkej\u00e4 kansainv\u00e4lisesti<\/li>\n<li>Green Care -laatu<\/li>\n<li>Luonnon hyvinvointivaikutukset<\/li>\n<li>Luontosuhde<\/li>\n<li>Tutustuminen Green Care -toimijoihin<\/li>\n<\/ul>\n<p><b>Osaamistavoitteet<\/b><\/p>\n<ul>\n<li>Osaa selitt\u00e4\u00e4 ja j\u00e4sennell\u00e4 Green Caren keskeiset termit ja k\u00e4sitteet<\/li>\n<li>Osaa analysoida Green Care -perusedellytyksi\u00e4 ja -elementtej\u00e4<\/li>\n<li>Osaa analysoida Green Care -toiminnan erityispiirteit\u00e4 ja erottaa sen muista hyvinvointia edist\u00e4vist\u00e4 menetelmist\u00e4 ja muusta luontol\u00e4ht\u00f6isest\u00e4 toiminnasta<\/li>\n<li>Osaa nimet\u00e4 Green Care -toiminnan tuottamia hyvinvointivaikutuksia ja tunnistaa niiden syntymekanismeja<\/li>\n<li>Osaa tunnistaa alan itses\u00e4\u00e4telyn osa-alueet ja toimintaan liittyv\u00e4t keskeiset lait<\/li>\n<li>Osaa nimet\u00e4 Green Care -menetelmien ja -toimintaymp\u00e4rist\u00f6jen p\u00e4\u00e4kohdat<\/li>\n<li>Osaa tarkastella Green Care -toimialan nykytilaa ja arvioida kehitt\u00e4mismahdollisuuksia<\/li>\n<li>Osaa m\u00e4\u00e4ritell\u00e4 omaa luontosuhdetta ja tunnistaa erilaisia luontosuhteen muodostumiseen vaikuttavia osatekij\u00f6it\u00e4<\/li>\n<li>Osaa kunnioittaa erilaisia luontosuhteita ja huomioida niiden vaikutuksia<\/li>\n<li>Osaa m\u00e4\u00e4ritell\u00e4 oman alueen Green Care -palveluita, -toimintaa ja -yrityksi\u00e4 ja verkostoja sek\u00e4 kuvailla ja luokitella niiden Green Care-sis\u00e4lt\u00f6j\u00e4<\/li>\n<li>Tiedostaa Green Care \u2013toimintaan liittyv\u00e4t laatutekij\u00e4t ja alan omat laatukriteerit<\/li>\n<\/ul>\n<p>Yleiset osaamistavoitteet:<\/p>\n<ul>\n<li>Tiedostaa kansainv\u00e4lisen toimintaymp\u00e4rist\u00f6n<\/li>\n<li>Osaa ennakoida ja arvioida kansainv\u00e4lisyyskehityksen vaikutuksia ja mahdollisuuksia omalla ammattialallaan<\/li>\n<li>Osaa hy\u00f6dynt\u00e4\u00e4 tieto- ja viestint\u00e4tekniikkaa<\/li>\n<li>Osaa hankkia, k\u00e4sitell\u00e4 ja arvioida tietoa kriittisesti<\/li>\n<li>Osaa tunnistaa tutkimus-, kehitys- ja innovaatiohankkeita<\/li>\n<\/ul>\n<p><b>Opintojakson<\/b><b> laajuus<\/b><b>\u00a0<\/b><\/p>\n<ul>\n<li>5 op (135h)<\/li>\n<li>Kuormittavuus 22,5 h \/ viikko<\/li>\n<li>Taso EQF 6<\/li>\n<\/ul>\n<p><b>Opintojakson<\/b><b> aikataulu<\/b><b>\u00a0<\/b><\/p>\n<ul>\n<li>Opintojakso 8.8.\u201316.9.2016<\/li>\n<li>Opintojaksoon liittyv\u00e4 verkkoalusta Moodle avataan 1.8.2016<\/li>\n<li>L\u00e4hip\u00e4iv\u00e4t 18.8.2016 ja 13.9.2016<\/li>\n<li>L\u00e4sn\u00e4oloa vaativat verkko-opiskelut alueryhmitt\u00e4in\n<ul>\n<li>29.8.2016 \u00a0(Rovaniemi klo 8.30-10.30, Kajaani 12-14, Kokkola 14-16)<\/li>\n<li>30.8.2016 (Mikkeli klo 8-10, Sein\u00e4joki 10-12, Jyv\u00e4skyl\u00e4 13-15, Pori 15-17)<\/li>\n<\/ul>\n<\/li>\n<\/ul>\n<p><b>Koulutuskieli<\/b><\/p>\n<ul>\n<li>Suomi<\/li>\n<li>Kirjallista materiaalia ja videoluentoja voi olla my\u00f6s\u00a0muilla kielill\u00e4<\/li>\n<\/ul>\n<p><b>Opiskelumateriaali<\/b><b>\u00a0<\/b><\/p>\n<ul>\n<li>Verkkomateriaali Moodlessa<\/li>\n<li>Green Care kirjallisuus\n<ul>\n<li>Luonnonlukutaito Luo liiketoimintaa vihre\u00e4st\u00e4 hyvinvoinnista 2013. S\u00e4rkk\u00e4,\u00a0S., Konttinen, L. &amp; Sj\u00f6stedt, T. Sitra. Erweko, Helsinki.<\/li>\n<li>Green Care \u2013toimintatavan suuntaviivat Suomessa 2014. L\u00e4\u00e4peri, Ra., Mynttinen, R., Pajala, A., Purom\u00e4ki, H., Soini, K., Sundell, S., Tarkiainen, A., T\u00f6rn, A.\u00a0&amp; Vehmasto, E. MTT.<br \/>\nURN: <a href=\"http:\/\/urn.fi\/URN:ISBN:978-952-487-509-7\">http:\/\/urn.fi\/URN:ISBN:978-952-487-509-7\u00a0<\/a>\u00a0<a href=\"http:\/\/www.mtt.fi\/mttkasvu\/pdf\/mttkasvu20.pdf\">http:\/\/www.mtt.fi\/mttkasvu\/pdf\/mttkasvu20.pdf<\/a><\/li>\n<li>Mieli ja maisemat Eko- ja ymp\u00e4rist\u00f6psykologian n\u00e4k\u00f6kulma 2005. Salonen, K.\u00a0Edita, Helsinki<\/li>\n<li>Y-sukupolvi luonnossa: luonnon merkitykset kaupungistuvassa yhteiskunnassa \u2013artikkeli. Puhakka, R. Alue- ja ymp\u00e4rist\u00f6 &#8211;\u00a0verkkolehti 1\/2014 <a href=\"http:\/\/www.ays.fi\/aluejaymparisto\/2014.php\">http:\/\/www.ays.fi\/aluejaymparisto\/2014.php<\/a><\/li>\n<\/ul>\n<\/li>\n<\/ul>\n<p><b>K\u00e4ytett\u00e4v\u00e4t ohjelmat<\/b><\/p>\n<ul>\n<li>Moodle (verkko-opiskelualusta)<\/li>\n<li>Skype for business (l\u00e4sn\u00e4oloa vaativat verkko-opinnot)<\/li>\n<li>Padlet\u00a0(teht\u00e4vien suorittamista varten)<\/li>\n<\/ul>\n<p><b>Vaadittavat e<\/b><b>delt\u00e4v\u00e4t opinnot<\/b><\/p>\n<ul>\n<li>Ei vaadittavia edelt\u00e4vi\u00e4 opintoja.<\/li>\n<li>Suositellaan aikaisemmin hankittua ammatillista koulutusta tai osaamista (esimerkiksi sosiaali- ja terveysalalta, kasvatus- ja koulutusalalta tai virkistys- ja matkailualalta)<\/li>\n<\/ul>\n<p><b>Vaadittava<\/b><b>t<\/b><b> suoritu<\/b><b>kset<\/b><\/p>\n<ul>\n<li>Osallistuminen verkossa k\u00e4yt\u00e4viin keskusteluihin ja l\u00e4hip\u00e4iviin<\/li>\n<li>Palautettava ja esitelt\u00e4v\u00e4 teht\u00e4v\u00e4t (2 kpl) sek\u00e4 ennakkoteht\u00e4v\u00e4n suorittaminen<\/li>\n<li>Itsen\u00e4inen opiskelu<\/li>\n<li>Osaamistestien l\u00e4p\u00e4iseminen hyv\u00e4ksytysti<\/li>\n<li>Itse- ja vertaisarvioinnin antaminen<\/li>\n<\/ul>\n<p><b>Arviointi<\/b><\/p>\n<ul>\n<li>Hyv\u00e4ksytty \/ hyl\u00e4tty<\/li>\n<\/ul>\n<p><b>Hyv\u00e4ksi lukeminen<\/b><b> \/ AHOT<\/b><\/p>\n<ul>\n<li>Ei suoraa hyv\u00e4ksilukumahdollisuutta<\/li>\n<li>\u00a0Aikaisemmin hankittu osaaminen on mahdollista hy\u00f6dynt\u00e4\u00e4 opintojaksolla.\u00a0Vastuuopettajat tarkastavat esitetyn aikeisemmin hankitun osaamisen ja teht\u00e4v\u00e4suoritukset joiden kautta he m\u00e4\u00e4ritt\u00e4v\u00e4t hyv\u00e4ksytyksi mahdolliset osasuoritukset tai kokonaissuorituksen opintojaksosta.<\/li>\n<li>ks. AHOT-prosessi edelliselt\u00e4 sivulta.<\/li>\n<\/ul>\n<p><b>Vastuuopettajat <\/b><\/p>\n<p>Reeta Sipola<\/p>\n<p>Sipola on agrologi YAMK, suuntautumisena maaseutuyritt\u00e4minen ja alueiden k\u00e4yt\u00f6n suunnittelu. Sipola toimii Lapin AMKin luonnonvara-alan tutkimus- ja kehitt\u00e4mistiimiss\u00e4. H\u00e4n on tutkinut villan hyvinvointivaikutuksia vuosina 2012\u20132014 ja osallistunut Green Care -toiminnan kehitt\u00e4miseen hankkeiden kautta vuodesta 2013. Sipola koordinoi Pohjois-Suomen Green Care -toimintaa osana valtakunnallista Green Care koordinaatiohanketta.<\/p>\n<p>Sanna Vinblad<\/p>\n<p>Vinblad on agrologi AMK ja on suorittanut luontoyritt\u00e4j\u00e4n ja luonto-oppaan perustutkinnon. H\u00e4n toimii Lapin AMKin luonnonvara-alan tutkimus- ja kehitt\u00e4mistiimiss\u00e4. Vinblad on kehitt\u00e4nyt Green Care -toimintaa hankkeiden kautta vuodesta 2010. H\u00e4n koordinoi Pohjois-Suomen Green Care -toimintaa osana valtakunnallista Green Care koordinaatiohanketta. Vinblad toimii puheenjohtajana Green Care Lapland alueyhdistyksess\u00e4 ja on Green Care Finland ry:n hallituksessa.<\/p>\n<p>Lis\u00e4ksi opintojaksolla on mukana alan asiantuntijoita opettamassa ja luennoimassa sek\u00e4 kertomassa hyvi\u00e4 esimerkkej\u00e4.<\/p>\n<p><b>Yhteyshenkil\u00f6<\/b><\/p>\n<p style=\"text-align: left\">Reeta Sipola<br \/>\nLapin ammattikorkeakoulu<br \/>\np. 040 704 0027, reeta.sipola@lapinamk.fi<\/p>\n","protected":false},"excerpt":{"rendered":"<p>Tule hankkimaan perustietoa Green Caresta. Tutustu opintojaksolla siihen, mik\u00e4 tekee toiminnasta Green Carea ja keit\u00e4 alalla toimii. Luonnon hyvinvointivaikutukset tulevat tutuiksi ja ymm\u00e4rr\u00e4t paremmin oman luontosuhteesi muodostumista. Perusteet &#8211;opintojakso luo perustan toimintasi kehitt\u00e4miseen ja mahdollistaa Green Care &#8211;opintojen jatkamisen. Opintojakson sis\u00e4lt\u00f6 Green Care -k\u00e4site ja -toimialan kehittyminen Green Care -peruselementit ja -perusedellytykset Green Care -menetelm\u00e4t &hellip; <\/p>\n<p class=\"link-more\"><a href=\"https:\/\/blogi.eoppimispalvelut.fi\/greencare\/1-green-care-perusteet-5op\/\" class=\"more-link\">Jatka lukemista<span class=\"screen-reader-text\"> &#8220;1. Green Care -perusteet 5 opintopistett\u00e4&#8221;<\/span><\/a><\/p>\n","protected":false},"author":1329,"featured_media":0,"parent":0,"menu_order":0,"comment_status":"closed","ping_status":"closed","template":"","meta":{"footnotes":""},"class_list":["post-134","page","type-page","status-publish","hentry"],"_links":{"self":[{"href":"https:\/\/blogi.eoppimispalvelut.fi\/greencare\/wp-json\/wp\/v2\/pages\/134","targetHints":{"allow":["GET"]}}],"collection":[{"href":"https:\/\/blogi.eoppimispalvelut.fi\/greencare\/wp-json\/wp\/v2\/pages"}],"about":[{"href":"https:\/\/blogi.eoppimispalvelut.fi\/greencare\/wp-json\/wp\/v2\/types\/page"}],"author":[{"embeddable":true,"href":"https:\/\/blogi.eoppimispalvelut.fi\/greencare\/wp-json\/wp\/v2\/users\/1329"}],"replies":[{"embeddable":true,"href":"https:\/\/blogi.eoppimispalvelut.fi\/greencare\/wp-json\/wp\/v2\/comments?post=134"}],"version-history":[{"count":15,"href":"https:\/\/blogi.eoppimispalvelut.fi\/greencare\/wp-json\/wp\/v2\/pages\/134\/revisions"}],"predecessor-version":[{"id":349,"href":"https:\/\/blogi.eoppimispalvelut.fi\/greencare\/wp-json\/wp\/v2\/pages\/134\/revisions\/349"}],"wp:attachment":[{"href":"https:\/\/blogi.eoppimispalvelut.fi\/greencare\/wp-json\/wp\/v2\/media?parent=134"}],"curies":[{"name":"wp","href":"https:\/\/api.w.org\/{rel}","templated":true}]}}