{"id":143,"date":"2016-04-28T11:50:29","date_gmt":"2016-04-28T08:50:29","guid":{"rendered":"https:\/\/blogi.eoppimispalvelut.fi\/greencare\/?page_id=143"},"modified":"2016-08-09T11:09:15","modified_gmt":"2016-08-09T08:09:15","slug":"3-green-care-menetelmat-ja-toimintamuodot-10op","status":"publish","type":"page","link":"https:\/\/blogi.eoppimispalvelut.fi\/greencare\/3-green-care-menetelmat-ja-toimintamuodot-10op\/","title":{"rendered":"3. Green Care -menetelm\u00e4t ja -toimintamuodot 10 opintopistett\u00e4"},"content":{"rendered":"<p><span class=\"TextRun SCX86936806\" xml:lang=\"FI-FI\"><span class=\"NormalTextRun SCX86936806\">Tarvitsetko<\/span><\/span><span class=\"TextRun SCX86936806\" xml:lang=\"FI-FI\"><span class=\"NormalTextRun SCX86936806\"> ty\u00f6ss\u00e4si kokonaiskuvaa <\/span><\/span><span class=\"TextRun SCX86936806\" xml:lang=\"FI-FI\"><span class=\"NormalTextRun SCX86936806\">erilais<\/span><\/span><span class=\"TextRun SCX86936806\" xml:lang=\"FI-FI\"><span class=\"NormalTextRun SCX86936806\">i<\/span><\/span><span class=\"TextRun SCX86936806\" xml:lang=\"FI-FI\"><span class=\"NormalTextRun SCX86936806\">sta<\/span><\/span> <span class=\"TextRun SCX86936806\" xml:lang=\"FI-FI\"><span class=\"NormalTextRun SCX86936806\">Green Care &#8211;<\/span><\/span><span class=\"TextRun SCX86936806\" xml:lang=\"FI-FI\"><span class=\"NormalTextRun SCX86936806\">menetelmi<\/span><\/span><span class=\"TextRun SCX86936806\" xml:lang=\"FI-FI\"><span class=\"NormalTextRun SCX86936806\">st\u00e4<\/span><\/span><span class=\"TextRun SCX86936806\" xml:lang=\"FI-FI\"><span class=\"NormalTextRun SCX86936806\"> ja <\/span><\/span><span class=\"TextRun SCX86936806\" xml:lang=\"FI-FI\"><span class=\"NormalTextRun SCX86936806\">toimintamuo<\/span><\/span><span class=\"TextRun SCX86936806\" xml:lang=\"FI-FI\"><span class=\"NormalTextRun SCX86936806\">doista<\/span><\/span><span class=\"TextRun SCX86936806\" xml:lang=\"FI-FI\"><span class=\"NormalTextRun SCX86936806\"> erityispiirteineen<\/span><\/span><span class=\"TextRun SCX86936806\" xml:lang=\"FI-FI\"><span class=\"NormalTextRun SCX86936806\">,\u00a0<\/span><\/span> <span class=\"TextRun SCX86936806\" xml:lang=\"FI-FI\"><span class=\"NormalTextRun SCX86936806\">niiden<\/span><\/span> <span class=\"TextRun SCX86936806\" xml:lang=\"FI-FI\"><span class=\"NormalTextRun SCX86936806\">vaikuttavuu<\/span><\/span><span class=\"TextRun SCX86936806\" xml:lang=\"FI-FI\"><span class=\"NormalTextRun SCX86936806\">desta<\/span><\/span><span class=\"TextRun SCX86936806\" xml:lang=\"FI-FI\"><span class=\"NormalTextRun SCX86936806\"> ja hy\u00f6dynt\u00e4mis<\/span><\/span><span class=\"TextRun SCX86936806\" xml:lang=\"FI-FI\"><span class=\"NormalTextRun SCX86936806\">mahdollisuuks<\/span><\/span><span class=\"TextRun SCX86936806\" xml:lang=\"FI-FI\"><span class=\"NormalTextRun SCX86936806\">ista? <\/span><\/span><\/p>\n<p><span class=\"TextRun SCX86936806\" xml:lang=\"FI-FI\"><span class=\"NormalTextRun SCX86936806\">T\u00e4ll\u00e4 opintojaksolla perehdyt\u00e4\u00e4n <\/span><\/span><span class=\"TextRun SCX86936806\" xml:lang=\"FI-FI\"><span class=\"NormalTextRun SCX86936806\">juuri niihin. <\/span><\/span><span class=\"TextRun SCX86936806\" xml:lang=\"FI-FI\"><span class=\"NormalTextRun SCX86936806\">Lis\u00e4ksi<\/span><\/span> <span class=\"TextRun SCX86936806\" xml:lang=\"FI-FI\"><span class=\"NormalTextRun SCX86936806\">s<\/span><\/span><span class=\"TextRun SCX86936806\" xml:lang=\"FI-FI\"><span class=\"NormalTextRun SCX86936806\">yvennyt omien tavoitteidesi kannalta <\/span><\/span><span class=\"TextRun SCX86936806\" xml:lang=\"FI-FI\"><span class=\"NormalTextRun SCX86936806\">mielenkiintoisi<\/span><\/span><span class=\"TextRun SCX86936806\" xml:lang=\"FI-FI\"><span class=\"NormalTextRun SCX86936806\">mp<\/span><\/span><span class=\"TextRun SCX86936806\" xml:lang=\"FI-FI\"><span class=\"NormalTextRun SCX86936806\">ii<\/span><\/span><span class=\"TextRun SCX86936806\" xml:lang=\"FI-FI\"><span class=\"NormalTextRun SCX86936806\">n<\/span><\/span><span class=\"TextRun SCX86936806\" xml:lang=\"FI-FI\"><span class=\"NormalTextRun SCX86936806\"> toiminta<\/span><\/span><span class=\"TextRun SCX86936806\" xml:lang=\"FI-FI\"><span class=\"NormalTextRun SCX86936806\">tapoihin<\/span><\/span><span class=\"TextRun SCX86936806\" xml:lang=\"FI-FI\"><span class=\"NormalTextRun SCX86936806\"> suhteuttaen <\/span><\/span><span class=\"TextRun SCX86936806\" xml:lang=\"FI-FI\"><span class=\"NormalTextRun SCX86936806\">niit\u00e4<\/span><\/span><span class=\"TextRun SCX86936806\" xml:lang=\"FI-FI\"><span class=\"NormalTextRun SCX86936806\"> muuhun Green <\/span><\/span><span class=\"TextRun SCX86936806\" xml:lang=\"FI-FI\"><span class=\"NormalTextRun SCX86936806\">Care <\/span><\/span><span class=\"TextRun SCX86936806\" xml:lang=\"FI-FI\"><span class=\"NormalTextRun SCX86936806\">&#8211;<\/span><\/span><span class=\"TextRun SCX86936806\" xml:lang=\"FI-FI\"><span class=\"NormalTextRun SCX86936806\">toimintaan<\/span><\/span><span class=\"TextRun SCX86936806\" xml:lang=\"FI-FI\"><span class=\"NormalTextRun SCX86936806\">. <\/span><\/span><span class=\"TextRun SCX86936806\" xml:lang=\"FI-FI\"><span class=\"NormalTextRun SCX86936806\">Ymm\u00e4rr\u00e4t <\/span><\/span><span class=\"TextRun SCX86936806\" xml:lang=\"FI-FI\"><span class=\"NormalTextRun SCX86936806\">asiakkaiden, <\/span><\/span><span class=\"TextRun SCX86936806\" xml:lang=\"FI-FI\"><span class=\"NormalTextRun SCX86936806\">laadun, <\/span><\/span><span class=\"TextRun SCX86936806\" xml:lang=\"FI-FI\"><span class=\"NormalTextRun SCX86936806\">turvallisuuden,<\/span><\/span> <span class=\"TextRun SCX86936806\" xml:lang=\"FI-FI\"><span class=\"NormalTextRun SCX86936806\">luonnon<\/span><\/span><span class=\"TextRun SCX86936806\" xml:lang=\"FI-FI\"><span class=\"NormalTextRun SCX86936806\"> ja el\u00e4inten hyvinvoinnin<\/span><\/span><span class=\"TextRun SCX86936806\" xml:lang=\"FI-FI\"><span class=\"NormalTextRun SCX86936806\"> sek\u00e4<\/span><\/span> <span class=\"TextRun SCX86936806\" xml:lang=\"FI-FI\"><span class=\"NormalTextRun SCX86936806\">vastuullisuuden <\/span><\/span><span class=\"TextRun SCX86936806\" xml:lang=\"FI-FI\"><span class=\"NormalTextRun SCX86936806\">huomioimisen merkityksen.<\/span><\/span> <span class=\"TextRun SCX86936806\" xml:lang=\"FI-FI\"><span class=\"NormalTextRun SCX86936806\">Samalla<\/span><\/span><span class=\"TextRun SCX86936806\" xml:lang=\"FI-FI\"><span class=\"NormalTextRun SCX86936806\"> tiedostat<\/span><\/span><span class=\"TextRun SCX86936806\" xml:lang=\"FI-FI\"><span class=\"NormalTextRun SCX86936806\">,<\/span><\/span><span class=\"TextRun SCX86936806\" xml:lang=\"FI-FI\"><span class=\"NormalTextRun SCX86936806\"> mill\u00e4 edellytyksill\u00e4 <\/span><\/span><span class=\"TextRun SCX86936806\" xml:lang=\"FI-FI\"><span class=\"NormalTextRun SCX86936806\">voit <\/span><\/span><span class=\"TextRun SCX86936806\" xml:lang=\"FI-FI\"><span class=\"NormalTextRun SCX86936806\">hy\u00f6d<\/span><\/span><span class=\"TextRun SCX86936806\" xml:lang=\"FI-FI\"><span class=\"NormalTextRun SCX86936806\">y<\/span><\/span><span class=\"TextRun SCX86936806\" xml:lang=\"FI-FI\"><span class=\"NormalTextRun SCX86936806\">nt\u00e4<\/span><\/span><span class=\"TextRun SCX86936806\" xml:lang=\"FI-FI\"><span class=\"NormalTextRun SCX86936806\">\u00e4 menetelmi\u00e4 ja toimintamuotoja <\/span><\/span><span class=\"TextRun SCX86936806\" xml:lang=\"FI-FI\"><span class=\"NormalTextRun SCX86936806\">ty\u00f6ss\u00e4<\/span><\/span><span class=\"TextRun SCX86936806\" xml:lang=\"FI-FI\"><span class=\"NormalTextRun SCX86936806\">s<\/span><\/span><span class=\"TextRun SCX86936806\" xml:lang=\"FI-FI\"><span class=\"NormalTextRun SCX86936806\">i<\/span><\/span><span class=\"TextRun SCX86936806\" xml:lang=\"FI-FI\"><span class=\"NormalTextRun SCX86936806\">,<\/span><\/span><span class=\"TextRun SCX86936806\" xml:lang=\"FI-FI\"><span class=\"NormalTextRun SCX86936806\"> ja tarvitsetko<\/span><\/span><span class=\"TextRun SCX86936806\" xml:lang=\"FI-FI\"><span class=\"NormalTextRun SCX86936806\"> lis\u00e4koulutusta<\/span><\/span><span class=\"TextRun SCX86936806\" xml:lang=\"FI-FI\"><span class=\"NormalTextRun SCX86936806\">.<\/span><\/span><span class=\"TextRun SCX86936806\" xml:lang=\"FI-FI\"><span class=\"NormalTextRun SCX86936806\"> T\u00e4ll\u00e4 opintojaksolla<\/span><\/span> <span class=\"TextRun SCX86936806\" xml:lang=\"FI-FI\"><span class=\"NormalTextRun SCX86936806\">tarkastellaan aihe<\/span><\/span><span class=\"TextRun SCX86936806\" xml:lang=\"FI-FI\"><span class=\"NormalTextRun SCX86936806\">piiri\u00e4<\/span><\/span><span class=\"TextRun SCX86936806\" xml:lang=\"FI-FI\"><span class=\"NormalTextRun SCX86936806\"> kokonaisvaltaisesti<\/span><\/span><span class=\"TextRun SCX86936806\" xml:lang=\"FI-FI\"><span class=\"NormalTextRun SCX86936806\"> teorian, <\/span><\/span><span class=\"TextRun SCX86936806\" xml:lang=\"FI-FI\"><span class=\"NormalTextRun SCX86936806\">k\u00e4yt\u00e4nn\u00f6n <\/span><\/span><span class=\"TextRun SCX86936806\" xml:lang=\"FI-FI\"><span class=\"NormalTextRun SCX86936806\">esimerkkien, v<\/span><\/span><span class=\"TextRun SCX86936806\" xml:lang=\"FI-FI\"><span class=\"NormalTextRun SCX86936806\">ertaisoppimisen ja<\/span><\/span> <span class=\"TextRun SCX86936806\" xml:lang=\"FI-FI\"><span class=\"NormalTextRun SCX86936806\">oman kokemuksen kautt<\/span><\/span><span class=\"TextRun SCX86936806\" xml:lang=\"FI-FI\"><span class=\"NormalTextRun SCX86936806\">a. <\/span><\/span><span class=\"TextRun SCX86936806\" xml:lang=\"FI-FI\"><span class=\"NormalTextRun SCX86936806\">S<\/span><\/span><span class=\"TextRun SCX86936806\" xml:lang=\"FI-FI\"><span class=\"NormalTextRun SCX86936806\">aat <\/span><\/span><span class=\"TextRun SCX86936806\" xml:lang=\"FI-FI\"><span class=\"NormalTextRun SCX86936806\">my\u00f6s <\/span><\/span><span class=\"TextRun SCX86936806\" xml:lang=\"FI-FI\"><span class=\"NormalTextRun SCX86936806\">valmiuksia osallistua alaan<\/span><\/span><span class=\"TextRun SCX86936806\" xml:lang=\"FI-FI\"><span class=\"NormalTextRun SCX86936806\"> l<\/span><\/span><span class=\"TextRun SCX86936806\" xml:lang=\"FI-FI\"><span class=\"NormalTextRun SCX86936806\">iittyv\u00e4\u00e4n keskusteluun.<\/span><\/span><span class=\"TextRun SCX86936806\" xml:lang=\"FI-FI\"><span class=\"NormalTextRun SCX86936806\"> Itse <\/span><\/span><span class=\"TextRun SCX86936806\" xml:lang=\"FI-FI\"><span class=\"NormalTextRun SCX86936806\">G<\/span><\/span><span class=\"TextRun SCX86936806\" xml:lang=\"FI-FI\"><span class=\"NormalTextRun SCX86936806\">reen <\/span><\/span><span class=\"TextRun SCX86936806\" xml:lang=\"FI-FI\"><span class=\"NormalTextRun SCX86936806\">Ca<\/span><\/span><span class=\"TextRun SCX86936806\" xml:lang=\"FI-FI\"><span class=\"NormalTextRun SCX86936806\">re<\/span><\/span><span class=\"TextRun SCX86936806\" xml:lang=\"FI-FI\"><span class=\"NormalTextRun SCX86936806\"> &#8211;<\/span><\/span><span class=\"TextRun SCX86936806\" xml:lang=\"FI-FI\"><span class=\"NormalTextRun SCX86936806\">toiminnan ohjaamista<\/span><\/span> <span class=\"TextRun SCX86936806\" xml:lang=\"FI-FI\"><span class=\"NormalTextRun SCX86936806\">ja toteutusta <\/span><\/span><span class=\"TextRun SCX86936806\" xml:lang=\"FI-FI\"><span class=\"NormalTextRun SCX86936806\">ei\u00a0<\/span><\/span> <span class=\"TextRun SCX86936806\" xml:lang=\"FI-FI\"><span class=\"NormalTextRun SCX86936806\">harjoitella.<\/span><\/span><\/p>\n<p><b>Opintojakson <\/b><b>sis\u00e4lt\u00f6<\/b><\/p>\n<ul>\n<li>Johdanto Green Care -menetelmiin ja -toimintamuotoihin<\/li>\n<li>Luonto hyvinvoinnin l\u00e4hteen\u00e4<\/li>\n<li>Viherymp\u00e4rist\u00f6 ja puutarha hyvinvoinnin l\u00e4hteen\u00e4<\/li>\n<li>El\u00e4imet hyvinvoinnin l\u00e4hteen\u00e4<\/li>\n<li>Maatila hyvinvoinnin l\u00e4hteen\u00e4<\/li>\n<\/ul>\n<p><b>Osaamistavoitteet<\/b><b> <\/b><\/p>\n<ul>\n<li>Tuntee Green Care -menetelmi\u00e4 ja -toimintamuotoja, osaa kuvailla niit\u00e4 (ml. keskeiset k\u00e4sitteet ja palvelutyypit) sek\u00e4 perustella, miksi ne luetaan Green Care -toiminnaksi<\/li>\n<li>Tunnistaa luonnon, viherymp\u00e4rist\u00f6n, puutarhanhoidon, el\u00e4imien ja maatilan vaikutuksia ihmisen terveyteen ja hyvinvointiin sek\u00e4 ymm\u00e4rt\u00e4\u00e4 syit\u00e4 n\u00e4iden vaikutusten takana<\/li>\n<li>Osaa vertailla Green Care -menetelmi\u00e4 ja -toimintamuotoja sek\u00e4 niiden soveltuvuutta eri k\u00e4ytt\u00f6tarkoituksiin ja asiakasryhmille<\/li>\n<li>Ymm\u00e4rt\u00e4\u00e4 luontohoivan ja -voiman eron<\/li>\n<li>Ymm\u00e4rt\u00e4\u00e4 ja osaa kertoa esimerkkej\u00e4 Green Care -menetelmien ja -toimintamuotojen toteuttamisesta\u202fasiakasl\u00e4ht\u00f6isesti huomioiden asiakkaiden hyvinvointitavoitteet, eri toimijoiden vastuut, lains\u00e4\u00e4d\u00e4nt\u00f6, turvallisuus, laatu ja kest\u00e4v\u00e4 kehitys ml. el\u00e4inten hyvinvointi<\/li>\n<li>On perehtynyt el\u00e4inten lajinmukaiseen k\u00e4ytt\u00e4ytymiseen, soveltuvuuteen Green Care -toimintaan sek\u00e4 el\u00e4inten hyvinvointiin vaikuttaviin tekij\u00f6ihin<\/li>\n<li>Osaa eritell\u00e4 tiloilla tapahtuvan Green Care -toiminnan suhteen muuhun tilan toimintaan<\/li>\n<li>Osaa soveltaa oppimaansa oman alansa tarpeisiin<\/li>\n<\/ul>\n<p>Yleiset osaamistavoitteet:<\/p>\n<ul>\n<li>Osaa hankkia, k\u00e4sitell\u00e4 ja arvioida tietoa kriittisesti<\/li>\n<li>Kykenee oppimaan toisilta ja jakamaan omaa osaamistaan<\/li>\n<li>Osaa hy\u00f6dynt\u00e4\u00e4 oppimansa tiedon omassa toiminnassaan ja yhdist\u00e4m\u00e4\u00e4n sit\u00e4 aikaisempaan osaamiseen<\/li>\n<li>Ymm\u00e4rt\u00e4\u00e4 eettisyyden ja vastuullisuuden omassa toiminnassaan<\/li>\n<li>Osaa kehitt\u00e4\u00e4 asiakasl\u00e4ht\u00f6ist\u00e4 ja kest\u00e4v\u00e4n kehityksen huomioivaa toimintaa<\/li>\n<li>Osaa tuottaa uutta tietoa ja uudistaa toimintatapoja yhdist\u00e4en eri alojen osaamista<\/li>\n<\/ul>\n<p><b>Opintojakson<\/b><b> laajuus<\/b><b>\u00a0<\/b><\/p>\n<ul>\n<li>10 op (270 h)<\/li>\n<li>Kuormittavuus 24,5 h \/ viikko<\/li>\n<li>Taso EQF 6<\/li>\n<\/ul>\n<p><b>Opintoj<\/b><b>akson<\/b><b> aikataulu<\/b><b>\u00a0<\/b><\/p>\n<ul>\n<li>Opintojakso 7.11.2016\u201310.2.2017<\/li>\n<li>Opintojaksoon liittyv\u00e4 verkkoalusta Moodle avataan 31.10.2016<\/li>\n<li>L\u00e4hip\u00e4iv\u00e4t 16.11.2016, 30.11.2016 ja 2.2.2017<\/li>\n<\/ul>\n<p><b>Koulutuskieli<\/b><\/p>\n<ul>\n<li>Suomi, osa opiskelumateriaalista englanniksi<\/li>\n<\/ul>\n<p><b>Opiskelumateriaali<\/b><b>\u00a0<\/b><\/p>\n<ul>\n<li>L\u00e4hip\u00e4ivien luentomateriaali<\/li>\n<li>Verkkoluennot ja muu verkkomateriaali Moodlessa<\/li>\n<li>Green Care -kirjallisuus ja muu aiheeseen liittyv\u00e4 kirjallisuus<\/li>\n<\/ul>\n<p><b>K\u00e4ytett\u00e4v\u00e4t ohjelmat<\/b><\/p>\n<ul>\n<li>Moodle (verkko-opiskelualusta)<\/li>\n<li>AC ja Skype for Business (l\u00e4sn\u00e4oloa vaativat verkko-opinnot)<\/li>\n<\/ul>\n<p><b>Vaadittavat e<\/b><b>delt\u00e4v\u00e4t opinnot<\/b><\/p>\n<ul>\n<li>Vaaditaan Green Care -perusteet opintojakson hyv\u00e4ksytty suoritus<\/li>\n<\/ul>\n<p><b>Vaadittavat suoritukset<\/b><\/p>\n<ul>\n<li>Osallistuminen l\u00e4hip\u00e4iviin sek\u00e4 verkossa k\u00e4yt\u00e4viin keskusteluihin<\/li>\n<li>Palautettava ja esitelt\u00e4v\u00e4 ennakkoteht\u00e4v\u00e4 sek\u00e4 oppimisteht\u00e4v\u00e4, jossa analysoidaan menetelmi\u00e4 ja toimintamuotoja omien tavoitteiden n\u00e4k\u00f6kulmasta<\/li>\n<li>Itsen\u00e4inen opiskelu<\/li>\n<li>Osaamistestien l\u00e4p\u00e4iseminen hyv\u00e4ksytysti<\/li>\n<li>Itse- ja vertaisarvioinnin antaminen<\/li>\n<\/ul>\n<p><b>Arviointi<\/b><\/p>\n<ul>\n<li>Hyv\u00e4ksytty \/ hyl\u00e4tty<\/li>\n<\/ul>\n<p><b>Hyv\u00e4ksi lukeminen \/ AHOT<\/b><\/p>\n<ul>\n<li>Ei suoraa hyv\u00e4ksilukumahdollisuutta<\/li>\n<li>\u00a0Aikaisemmin hankittu osaaminen on mahdollista hy\u00f6dynt\u00e4\u00e4 opintojaksolla.\u00a0Vastuuopettajat tarkastavat esitetyn aikeisemmin hankitun osaamisen ja teht\u00e4v\u00e4suoritukset joiden kautta he m\u00e4\u00e4ritt\u00e4v\u00e4t hyv\u00e4ksytyksi mahdolliset osasuoritukset tai kokonaissuorituksen opintojaksosta.<\/li>\n<li>ks. AHOT-prosessi edelliselt\u00e4 sivulta<\/li>\n<\/ul>\n<p><b>Vastuuopettajat\u00a0<\/b><\/p>\n<p>Ritva Mynttinen<\/p>\n<p>Ritva Mynttinen, MMM, puutarha-agronomi. Mynttinen toimii suunnittelijana Helsingin yliopiston Ruralia-instituutissa erityisesti luomuun ja luonnon hyvinvointivaikutuksiin liittyviss\u00e4 koulutus- ja kehitt\u00e4mishankkeissa. H\u00e4n on edist\u00e4nyt Green Care -toimintaa useissa alueellisissa ja valtakunnallisissa hankkeissa, ollut perustamassa Green Care Finland ry:t\u00e4 ja toiminut my\u00f6s sen hallituksessa.<\/p>\n<p>Minna H\u00f6kk\u00e4<\/p>\n<p>Minna H\u00f6kk\u00e4, sairaanhoitajaYAMK (kliinisen asiantuntijan koulutusohjelma),\u00a0 terveystieteiden maisteri. H\u00f6kk\u00e4 toimii Kajaanin ammattikorkeakoulussa sairaan- ja terveydenhoidon osaamisalueella hoitoty\u00f6n lehtorina, ja on my\u00f6s terveystieteiden tohtoriopiskelija.<\/p>\n<p>Maria Suomela<\/p>\n<p>Maria Suomela, MMM, Agronomi. Suomela toimii maatalous- ja elintarvikealan projektien suunnittelijana, hallinnoijana sek\u00e4 toteuttajana. H\u00e4n on my\u00f6s toiminut sivutoimisena tuntiopettajana SeAMKin agrologiopinnoissa. Green Care -toiminnan parissa Suomela on ty\u00f6skennellyt Etel\u00e4-Pohjanmaan alueellisissa kehitt\u00e4misprojekteissa mm. alueellisen Green Care strategian laatimiseksi ja toimialan aktivoimiseksi<\/p>\n<p>Pasi Korhonen<i>. <\/i><\/p>\n<p>Pasi Korhonen, FL. Korhonen on valmistunut maisteriksi Helsingin yliopiston maantieteen laitokselta ja jatko-opintovaiheessa\u00a0 opiskellut Teknillisess\u00e4 korkeakoulussa maisema-arkkitehtuurin ja Turun yliopistossa maiseman tutkimuksen laitoksilla. Kajaanin ammattikorkeakoulussa h\u00e4n toimii matkailun yliopettajana, p\u00e4\u00e4vastuualueinaan matkailun AMK- ja YAMK-koulutukset sek\u00e4 aktiviteettimatkailun TKI-koordinointi.<\/p>\n<p>Peter Stricker<\/p>\n<p>Peter Stricker, Sports Economist (Dipl-SpOec) University of Bayreuth, Germany. Stricker opettaa Kajaanin ammattikorkeakoulussa aktiviteettimatkailun osaamisalueella.\u00a0 H\u00e4nell\u00e4 on kokemusta ulkoilma- ja seikkailutoiminnasta, el\u00e4mystuotannosta sek\u00e4 matkailutuotteiden kehitt\u00e4misest\u00e4.<\/p>\n<p>Lis\u00e4ksi opintojaksolla on mukana aihepiirin asiantuntijoita opettamassa ja luennoimassa sek\u00e4 kertomassa hyvi\u00e4 esimerkkej\u00e4.<\/p>\n<p><b>Yhteyshenkil\u00f6<\/b><\/p>\n<p>Ritva Mynttinen<br \/>\nHelsingin yliopisto, Ruralia-instituutti<br \/>\np. 0445906832, ritva.mynttinen@helsinki.fi<\/p>\n","protected":false},"excerpt":{"rendered":"<p>Tarvitsetko ty\u00f6ss\u00e4si kokonaiskuvaa erilaisista Green Care &#8211;menetelmist\u00e4 ja toimintamuodoista erityispiirteineen,\u00a0 niiden vaikuttavuudesta ja hy\u00f6dynt\u00e4mismahdollisuuksista? T\u00e4ll\u00e4 opintojaksolla perehdyt\u00e4\u00e4n juuri niihin. Lis\u00e4ksi syvennyt omien tavoitteidesi kannalta mielenkiintoisimpiin toimintatapoihin suhteuttaen niit\u00e4 muuhun Green Care &#8211;toimintaan. Ymm\u00e4rr\u00e4t asiakkaiden, laadun, turvallisuuden, luonnon ja el\u00e4inten hyvinvoinnin sek\u00e4 vastuullisuuden huomioimisen merkityksen. Samalla tiedostat, mill\u00e4 edellytyksill\u00e4 voit hy\u00f6dynt\u00e4\u00e4 menetelmi\u00e4 ja toimintamuotoja ty\u00f6ss\u00e4si, ja &hellip; <\/p>\n<p class=\"link-more\"><a href=\"https:\/\/blogi.eoppimispalvelut.fi\/greencare\/3-green-care-menetelmat-ja-toimintamuodot-10op\/\" class=\"more-link\">Jatka lukemista<span class=\"screen-reader-text\"> &#8220;3. Green Care -menetelm\u00e4t ja -toimintamuodot 10 opintopistett\u00e4&#8221;<\/span><\/a><\/p>\n","protected":false},"author":1329,"featured_media":0,"parent":0,"menu_order":0,"comment_status":"closed","ping_status":"closed","template":"","meta":{"footnotes":""},"class_list":["post-143","page","type-page","status-publish","hentry"],"_links":{"self":[{"href":"https:\/\/blogi.eoppimispalvelut.fi\/greencare\/wp-json\/wp\/v2\/pages\/143","targetHints":{"allow":["GET"]}}],"collection":[{"href":"https:\/\/blogi.eoppimispalvelut.fi\/greencare\/wp-json\/wp\/v2\/pages"}],"about":[{"href":"https:\/\/blogi.eoppimispalvelut.fi\/greencare\/wp-json\/wp\/v2\/types\/page"}],"author":[{"embeddable":true,"href":"https:\/\/blogi.eoppimispalvelut.fi\/greencare\/wp-json\/wp\/v2\/users\/1329"}],"replies":[{"embeddable":true,"href":"https:\/\/blogi.eoppimispalvelut.fi\/greencare\/wp-json\/wp\/v2\/comments?post=143"}],"version-history":[{"count":6,"href":"https:\/\/blogi.eoppimispalvelut.fi\/greencare\/wp-json\/wp\/v2\/pages\/143\/revisions"}],"predecessor-version":[{"id":351,"href":"https:\/\/blogi.eoppimispalvelut.fi\/greencare\/wp-json\/wp\/v2\/pages\/143\/revisions\/351"}],"wp:attachment":[{"href":"https:\/\/blogi.eoppimispalvelut.fi\/greencare\/wp-json\/wp\/v2\/media?parent=143"}],"curies":[{"name":"wp","href":"https:\/\/api.w.org\/{rel}","templated":true}]}}