{"id":149,"date":"2016-04-28T11:53:37","date_gmt":"2016-04-28T08:53:37","guid":{"rendered":"https:\/\/blogi.eoppimispalvelut.fi\/greencare\/?page_id=149"},"modified":"2016-08-09T11:10:57","modified_gmt":"2016-08-09T08:10:57","slug":"5-green-care-liiketoiminnan-kehittaminen-ja-palveluiden-tuottaminen-5op","status":"publish","type":"page","link":"https:\/\/blogi.eoppimispalvelut.fi\/greencare\/5-green-care-liiketoiminnan-kehittaminen-ja-palveluiden-tuottaminen-5op\/","title":{"rendered":"5. Green Care -liiketoiminnan kehitt\u00e4minen ja -palvelumuotoilu 5 opintopistett\u00e4"},"content":{"rendered":"<p>Niin ty\u00f6ntekij\u00e4n\u00e4, yritt\u00e4j\u00e4n\u00e4 kuin ty\u00f6nantajanakin on t\u00e4rke\u00e4\u00e4 tunnistaa Green Care liiketoiminnan mahdollisuudet ja erityispiirteet. Opintojakso tarjoaa tietoa Green Care liiketoiminnan kehitt\u00e4misest\u00e4 ja palveluiden tuottamisesta sek\u00e4 niihin liittyvist\u00e4 mahdollisuuksista ja erityispiirteist\u00e4. Opintojakso tarjoaa osaamista yritt\u00e4j\u00e4m\u00e4isen Green Care toiminnan suunnitteluun ja kehitt\u00e4miseen. Saat tietoa miten palveluita voi hinnoitella, markkinoida ja myyd\u00e4, eli saat oppia Green Care -palveluiden kokonaisvaltaisesta tuottamisesta.\u00a0 Green Care -ty\u00f6kirjan t\u00e4ytt\u00e4minen tarjoaa ty\u00f6kaluja liiketoiminnan ja palvelujen kehitt\u00e4miseen ja arviointiin. Lis\u00e4ksi ty\u00f6kirja on osa Green Care laatumerkin hakuprosessia.<\/p>\n<p><b>Opintojakson <\/b><b>sis\u00e4lt\u00f6<\/b><\/p>\n<ul>\n<li>Green Care -liiketoimintamahdollisuudet<\/li>\n<li>Erilaiset liiketoimintamuodot<\/li>\n<li>Green Care -toimintaan liittyv\u00e4t rahoitusmallit<\/li>\n<li>Green Care palvelumuotoilu; hinnoittelu, jakelukanavat, markkinointi ja myynti<\/li>\n<li>Green Care -ty\u00f6kirja<\/li>\n<\/ul>\n<p><b>Osaamistavoitteet<\/b><b> <\/b><\/p>\n<ul>\n<li>Osaa arvioida Green Care -liiketoiminnan erityispiirteit\u00e4 ja kuvata markkinoiden rakennetta<\/li>\n<li>Osaa k\u00e4ytt\u00e4\u00e4 toiminnan kehitt\u00e4misen tarvittavia ty\u00f6kaluja<\/li>\n<li>Osaa kuvailla Green Care -toiminnan vaihtoehtoisia yritysmuotoja ja rahoitusmallejaOsaa muotoilla ideasta valmiin Green Care -palvelun tai kehitt\u00e4\u00e4 yrityksen\/organisaation toimintaa Green Care -palvelumuotoilun periaatteiden mukaisesti<\/li>\n<li>Osaa luoda keinoja monialaisuuden hy\u00f6dynt\u00e4miseksi Green Care -toiminnassa<\/li>\n<li>Osaa m\u00e4\u00e4ritell\u00e4 Green Care -palvelujen tuottamisen n\u00e4k\u00f6kulmasta hinnoittelun, markkinoinnin ja myynnin perusteet sek\u00e4 tunnistaa keskeiset jakelukanavat<\/li>\n<li>Osaa kertoa yritystoiminnassa vaadittavien omavalvontasuunnitelmien ja arviointien merkityksen sek\u00e4 osaa soveltaa niit\u00e4 k\u00e4yt\u00e4nt\u00f6\u00f6n<\/li>\n<li>Osaa t\u00e4ytt\u00e4\u00e4 Green Care -ty\u00f6kirjan ja hy\u00f6dynt\u00e4\u00e4 sit\u00e4 kokonaisvaltaisen yritystoiminnan suunnittelussa ja palvelujen tuottamisessa<\/li>\n<li>Osaa arvioida oman osaamisen ja valmiudet Green Care -toiminnan toteuttamiseen (n\u00e4k\u00f6kulmina kehitysty\u00f6ss\u00e4, p\u00e4\u00e4t\u00f6ksentekij\u00e4n\u00e4, yritt\u00e4j\u00e4n\u00e4, palveluntuottajana tai \/ ja ty\u00f6ntekij\u00e4n\u00e4 toimiminen)<\/li>\n<\/ul>\n<p>Yleiset osaamistavoitteet:<\/p>\n<ul>\n<li>Osaa hy\u00f6dynt\u00e4\u00e4 oppimansa tiedon omassa toiminnassa ja yhdist\u00e4\u00e4 sit\u00e4 aikaisempaan osaamiseen<\/li>\n<li>Osaa luoda verkostoja ja kumppanuuksia<\/li>\n<li>Kykenee toimimaan vaativissa asiantuntijateht\u00e4viss\u00e4, johtamisteht\u00e4viss\u00e4 tai yritt\u00e4j\u00e4n\u00e4<\/li>\n<li>Osaa kehitt\u00e4\u00e4 asiakasl\u00e4ht\u00f6ist\u00e4, kest\u00e4v\u00e4\u00e4 ja taloudellisesti kannattavaa toimintaa<\/li>\n<\/ul>\n<p><b>Opintojakson<\/b><b> laajuus<\/b><b>\u00a0<\/b><\/p>\n<ul>\n<li>5 op (135h,)<\/li>\n<li>Kuormittavuus 22,5 h \/ viikko<\/li>\n<li>Taso EQF 6<\/li>\n<\/ul>\n<p><b>Opintojakson<\/b><b> aikataulu<\/b><b>\u00a0<\/b><\/p>\n<ul>\n<li>Opintojakso 24.4.\u20132.6.2017<\/li>\n<li>Opintojaksoon liittyv\u00e4 verkkoalusta Moodle avataan 14.7.2017<\/li>\n<li>L\u00e4hip\u00e4iv\u00e4t: 17.5.2017<\/li>\n<li>L\u00e4sn\u00e4oloa vaativat verkko-opiskelut:\n<ul>\n<li>3.5.klo 12:15-16:30<\/li>\n<li>10.5 klo 13:00-16:00<\/li>\n<li>23.5. klo 13:00-16:00<\/li>\n<li>31.5. klo 12:15-16:30<\/li>\n<\/ul>\n<\/li>\n<\/ul>\n<p><b>Koulutuskieli<\/b><\/p>\n<ul>\n<li>Suomi<\/li>\n<li>Kirjallista materiaalia ja videoluentoja voi olla my\u00f6s muilla kielill\u00e4<\/li>\n<\/ul>\n<p><b>Opiskelumateriaali<\/b><b>\u00a0<\/b><\/p>\n<ul>\n<li>L\u00e4hip\u00e4ivien luentomateriaali<\/li>\n<li>Verkkomateriaali Moodlessa<\/li>\n<li>Green Care kirjallisuus<\/li>\n<\/ul>\n<p><b>K\u00e4ytett\u00e4v\u00e4t ohjelmat<\/b><\/p>\n<ul>\n<li>Moodle (verkko-opiskelualusta)<\/li>\n<li>AC\/ Skype for business (l\u00e4sn\u00e4oloa vaativat verkko-opinnot)<\/li>\n<\/ul>\n<p><b>Vaadittavat e<\/b><b>delt\u00e4v\u00e4t opinnot<\/b><\/p>\n<ul>\n<li>Vaaditaan Green Care -perusteet opintojakson hyv\u00e4ksytty suoritus<\/li>\n<\/ul>\n<p><b>Vaadittavat suoritukset<\/b><\/p>\n<ul>\n<li>Osallistuminen verkossa k\u00e4yt\u00e4viin keskusteluihin, ennalta ilmoitettuihin webinaareihin sek\u00e4 l\u00e4hip\u00e4iv\u00e4\u00e4n<\/li>\n<li>Ennakkoteht\u00e4v\u00e4 sek\u00e4 palautettava ja esitelt\u00e4v\u00e4 oppimisteht\u00e4v\u00e4<\/li>\n<li>Itsen\u00e4inen opiskelu<\/li>\n<li>Osaamistestien l\u00e4p\u00e4iseminen hyv\u00e4ksytysti<\/li>\n<li>Itse- ja vertaisarvioinnin antaminen<\/li>\n<\/ul>\n<p><b>Arviointi<\/b><\/p>\n<ul>\n<li>Hyv\u00e4ksytty \/ hyl\u00e4tty<\/li>\n<\/ul>\n<p><b>Hyv\u00e4ksi lukeminen \/ AHOT<\/b><\/p>\n<ul>\n<li>Ei suoraa hyv\u00e4ksilukumahdollisuutta<\/li>\n<li>\u00a0Aikaisemmin hankittu osaaminen on mahdollista hy\u00f6dynt\u00e4\u00e4 opintojaksolla.\u00a0Vastuuopettajat tarkastavat esitetyn aikeisemmin hankitun osaamisen ja teht\u00e4v\u00e4suoritukset joiden kautta he m\u00e4\u00e4ritt\u00e4v\u00e4t hyv\u00e4ksytyksi mahdolliset osasuoritukset tai kokonaissuorituksen opintojaksosta.<\/li>\n<li>ks. AHOT-prosessi edelliselt\u00e4 sivulta<\/li>\n<\/ul>\n<p><b>Vastuuopettajat\u00a0<\/b><\/p>\n<p>Jenny Janhunen<\/p>\n<p>Jenny Janhunen on yhteiskuntatieteiden maisteri matkailututkimuksen p\u00e4\u00e4aineesta. Janhunen ty\u00f6skentelee Sein\u00e4joen ammattikorkeakoulussa matkailun lehtorina ja Framipro -oppimisymp\u00e4rist\u00f6n pedagogisena koordinaattorina liiketoiminnan ja kulttuurin yksik\u00f6ss\u00e4. Janhunen on ollut mukana Green Care hankkeissa Lapissa ja Etel\u00e4-Pohjanmaalla vuodesta 2012 erityisosaamisena liiketoiminnan kehitt\u00e4minen ja palvelumuotoilu.<\/p>\n<p>Lis\u00e4ksi opintojaksolla on mukana alan asiantuntijoita opettamassa ja luennoimassa sek\u00e4 kertomassa hyvi\u00e4 esimerkkej\u00e4.<\/p>\n<p><b>Yhteyshenkil\u00f6t<\/b><\/p>\n<p>Jenny Janhunen<br \/>\nSein\u00e4joen ammattikorkeakoulu<br \/>\np. <span class=\"baec5a81-e4d6-4674-97f3-e9220f0136c1\">040-830 0437, <\/span>jenny.janhunen@seamk.fi<\/p>\n","protected":false},"excerpt":{"rendered":"<p>Niin ty\u00f6ntekij\u00e4n\u00e4, yritt\u00e4j\u00e4n\u00e4 kuin ty\u00f6nantajanakin on t\u00e4rke\u00e4\u00e4 tunnistaa Green Care liiketoiminnan mahdollisuudet ja erityispiirteet. Opintojakso tarjoaa tietoa Green Care liiketoiminnan kehitt\u00e4misest\u00e4 ja palveluiden tuottamisesta sek\u00e4 niihin liittyvist\u00e4 mahdollisuuksista ja erityispiirteist\u00e4. Opintojakso tarjoaa osaamista yritt\u00e4j\u00e4m\u00e4isen Green Care toiminnan suunnitteluun ja kehitt\u00e4miseen. Saat tietoa miten palveluita voi hinnoitella, markkinoida ja myyd\u00e4, eli saat oppia Green Care -palveluiden &hellip; <\/p>\n<p class=\"link-more\"><a href=\"https:\/\/blogi.eoppimispalvelut.fi\/greencare\/5-green-care-liiketoiminnan-kehittaminen-ja-palveluiden-tuottaminen-5op\/\" class=\"more-link\">Jatka lukemista<span class=\"screen-reader-text\"> &#8220;5. Green Care -liiketoiminnan kehitt\u00e4minen ja -palvelumuotoilu 5 opintopistett\u00e4&#8221;<\/span><\/a><\/p>\n","protected":false},"author":1329,"featured_media":0,"parent":0,"menu_order":0,"comment_status":"closed","ping_status":"closed","template":"","meta":{"footnotes":""},"class_list":["post-149","page","type-page","status-publish","hentry"],"_links":{"self":[{"href":"https:\/\/blogi.eoppimispalvelut.fi\/greencare\/wp-json\/wp\/v2\/pages\/149","targetHints":{"allow":["GET"]}}],"collection":[{"href":"https:\/\/blogi.eoppimispalvelut.fi\/greencare\/wp-json\/wp\/v2\/pages"}],"about":[{"href":"https:\/\/blogi.eoppimispalvelut.fi\/greencare\/wp-json\/wp\/v2\/types\/page"}],"author":[{"embeddable":true,"href":"https:\/\/blogi.eoppimispalvelut.fi\/greencare\/wp-json\/wp\/v2\/users\/1329"}],"replies":[{"embeddable":true,"href":"https:\/\/blogi.eoppimispalvelut.fi\/greencare\/wp-json\/wp\/v2\/comments?post=149"}],"version-history":[{"count":11,"href":"https:\/\/blogi.eoppimispalvelut.fi\/greencare\/wp-json\/wp\/v2\/pages\/149\/revisions"}],"predecessor-version":[{"id":353,"href":"https:\/\/blogi.eoppimispalvelut.fi\/greencare\/wp-json\/wp\/v2\/pages\/149\/revisions\/353"}],"wp:attachment":[{"href":"https:\/\/blogi.eoppimispalvelut.fi\/greencare\/wp-json\/wp\/v2\/media?parent=149"}],"curies":[{"name":"wp","href":"https:\/\/api.w.org\/{rel}","templated":true}]}}