{"id":24,"date":"2016-03-09T09:58:32","date_gmt":"2016-03-09T07:58:32","guid":{"rendered":"https:\/\/blogi.eoppimispalvelut.fi\/greencare\/?page_id=24"},"modified":"2018-11-26T10:02:09","modified_gmt":"2018-11-26T08:02:09","slug":"materiaalia","status":"publish","type":"page","link":"https:\/\/blogi.eoppimispalvelut.fi\/greencare\/materiaalia\/","title":{"rendered":"Materiaalia"},"content":{"rendered":"<p><strong>Seminaaritallenteet Vuokatin 29.10.2017 tulosseminaarista<\/strong><\/p>\n<p>Osa 1: <a href=\"https:\/\/youtu.be\/uS6HiB-cKtc\">https:\/\/youtu.be\/uS6HiB-cKtc<\/a><\/p>\n<p>Osa 2: <a href=\"https:\/\/youtu.be\/YlJ7IUGyZjw\">https:\/\/youtu.be\/YlJ7IUGyZjw<\/a><\/p>\n<p>Osa 3: <a href=\"https:\/\/youtu.be\/S6aHOuZ6b1U\">https:\/\/youtu.be\/S6aHOuZ6b1U<\/a><\/p>\n<p>&nbsp;<\/p>\n<p><strong>Koontijulkaisut:<\/strong><\/p>\n<p><strong><a href=\"http:\/\/urn.fi\/URN:ISBN:978-952-316-245-7\">Green Care Pro &#8211; Koulutusmalli yhdenmukaisen Green Care -osaamisen tuottamiseksi<\/a>\u00a0<\/strong>(10\/2018)<\/p>\n<p><strong><a href=\"http:\/\/urn.fi\/URN:ISBN:978-952-316-238-9\">N\u00e4k\u00f6kulmia Green Caren opiskeluun<\/a>\u00a0<\/strong>(10\/2018)<\/p>\n<p>&nbsp;<\/p>\n<p><strong>Artikkelit ja tiedotteet:<\/strong><\/p>\n<p><a href=\"https:\/\/blogi.eoppimispalvelut.fi\/lumenlehti\/2017\/12\/12\/green-care-koulutuksen-kehittaminen-verkostoyhteistyona\/\"><strong>Green Care -koulutuksen kehitt\u00e4minen verkostoyhteisty\u00f6n\u00e4.<\/strong>\u00a0\u00a0<\/a>(artikkeli 14.12.2017)<\/p>\n<p><a href=\"https:\/\/blogi.eoppimispalvelut.fi\/lumenlehti\/2017\/12\/13\/asiantuntijaverkosto-luontolahtoisen-kotoutumisen-tukena\/\"><strong>Asiantuntijaverkosto luontol\u00e4ht\u00f6isen kotoutumisen tukena.\u00a0<\/strong><\/a>(artikkeli 14.12.2017)<\/p>\n<p><strong><a href=\"https:\/\/blogi.eoppimispalvelut.fi\/lumenlehti\/2017\/04\/27\/green-care-palveluiden-luokitus-suomessa\/\">Green Care -palveluiden luokitus Suomessa\u00a0<\/a><\/strong>(artikkeli 27.4.2017)<\/p>\n<p><a href=\"http:\/\/www.lapinamk.fi\/fi\/Tyoelamalle\/Julkaisut\/Lapin-AMKin-julkaisut\/Hyvinvointi-ja-kulttuuri?itemid=2282&amp;showlocation=b4a505d4-bf85-4976-a01f-a519877e26be\"><strong>Opas yksil\u00f6keskeiseen luontotoiminnan suunnitteluun &#8211; Luontoa el\u00e4m\u00e4\u00e4n, luontoa kuntoutukseen -teemajulkaisu 2\/3<\/strong><\/a><\/p>\n<p><a href=\"http:\/\/www.lapinamk.fi\/fi\/Tyoelamalle\/Julkaisut\/Lapin-AMKin-julkaisut\/Hyvinvointi-ja-kulttuuri?itemid=2279&amp;showlocation=b4a505d4-bf85-4976-a01f-a519877e26be\"><strong>Osallisuutta vahvistavan, luontoon tukeutuvan kuntoutustoiminnan malli &#8211; Luontoa el\u00e4m\u00e4\u00e4n, luontoa kuntoutukseen -teemajulkaisu 1\/3<\/strong><\/a><\/p>\n<p><a href=\"http:\/\/www.lapinamk.fi\/fi\/Tyoelamalle\/Julkaisut\/Lapin-AMKin-julkaisut\/Hyvinvointi-ja-kulttuuri?itemid=2280&amp;showlocation=b4a505d4-bf85-4976-a01f-a519877e26be\"><strong>Luontoon tukeutuvaa kuntoutustoimintaa Ruotsissa &#8211; Matkaraportti Luontoa el\u00e4m\u00e4\u00e4n! -hankkeen opintomatkalta L\u00e4nsi-G\u00f6\u00f6tanmaalle ja Hallandiin<\/strong><\/a><\/p>\n<p><a href=\"https:\/\/seamk.finna.fi\/Record\/plari.111428\"><strong>140 opiskelijaa, 40 opintopistett\u00e4, 7 toimipistett\u00e4 ja 4 toimialaa : digitaalisuus osana kokemuksellista opetusta ja yhteisty\u00f6t\u00e4 green care koulutuksessa_16.12.2016<\/strong><\/a><\/p>\n<p><a href=\"https:\/\/blogi.eoppimispalvelut.fi\/lumenlehti\/2016\/12\/02\/mika-vaikuttaa-koulutusmallin-esteettomyyteen\/\"><strong>Mik\u00e4 vaikuttaa koulutusmallin esteett\u00f6myyteen?_8.12.2016<\/strong><\/a><\/p>\n<p><a href=\"https:\/\/blogi.eoppimispalvelut.fi\/greencare\/files\/2016\/10\/Tiedote-laatumerkeist\u00e4-3.10.2016.pdf\"><strong>Tiedote Green Care -laatumerkeist\u00e4_3.10.2016<\/strong><\/a><\/p>\n<p><a href=\"https:\/\/blogi.eoppimispalvelut.fi\/lumenlehti\/2016\/09\/29\/green-care-laatumerkit-takaavat-asiakkaille-toiminnan-kokonaisvaltaista-turvallisuutta\/\"><strong>Green Care -laatumerkit takaavat asiakkaille toiminnan kokonaisvaltaista turvallisuutta_29.9.2016<\/strong><\/a><\/p>\n<p><strong><a href=\"https:\/\/blogi.eoppimispalvelut.fi\/greencare\/files\/2016\/03\/Webbi-artikkeli-Vihreaa-voimaa-ja-hoivaa-Konkkolasta_Kihlstrom-Lehtonen-29.4.2016.pdf\">Vihre\u00e4\u00e4 voimaa ja hoivaa K\u00f6nkk\u00f6l\u00e4st\u00e4_29.4.2016<\/a><\/strong><\/p>\n<p><a href=\"https:\/\/blogi.eoppimispalvelut.fi\/lumenlehti\/2016\/04\/25\/luonnon-aineettomista-arvoista-hyvinvointia\/\"><strong>Luonnon aineettomista arvoista hyvinvointia_28.4.2016<\/strong><\/a><\/p>\n<p><a href=\"https:\/\/blogi.eoppimispalvelut.fi\/greencare\/files\/2016\/10\/Artikkeli-Green-Care-yhdist\u00e4\u00e4-luonnon-ja-hyvinvoinnin_3-2016.pdf\" target=\"_blank\" rel=\"noopener noreferrer\"><strong>Green Care yhdist\u00e4\u00e4 luonnon ja hyvinvoinnin_22.3.2016\u00a0<\/strong><\/a><\/p>\n<p>&nbsp;<\/p>\n<p>_____________________________________________________<\/p>\n<p><strong>Green Care -uutiskirjeet:<\/strong><\/p>\n<p>Uutiskirje toimitetaan vuoden 2017 alusta uudistuneen Green Care -portaalin kautta (ilmestyy noin 1x\/kk).<br \/>\n<strong><a href=\"http:\/\/www.gcfinland.fi\/ajankohtaista\/tilaa-uutiskirjeemme\/\">T\u00e4ll\u00e4 sivulla<\/a><\/strong> voit ilmoittautua uutiskirjeen vastaanottajaksi.<\/p>\n<p>&nbsp;<\/p>\n<p>&nbsp;<\/p>\n<p>_____________________________________________________<\/p>\n<p><a href=\"https:\/\/blogi.eoppimispalvelut.fi\/greencare\/files\/2016\/10\/Koulutushankkeesta-21.10.2016.docx\"><strong>Koulutushankkeen kuulumisia 21.10.2016\u00a0<\/strong><\/a><\/p>\n<p><strong>Tietoa koulutuksesta ja sen pilotoinnista:<br \/>\n<\/strong>(koulutusmateriaalia toimitamme vain erillisest\u00e4 pyynn\u00f6st\u00e4)<\/p>\n<p><strong><a href=\"https:\/\/blogi.eoppimispalvelut.fi\/greencare\/files\/2016\/05\/koulutuksen-teemat-uusittu-A4.pdf\">koulutuksen esittely<\/a><\/strong><\/p>\n<p><strong><a href=\"http:\/\/www.greencarelapland.fi\/wp-content\/uploads\/2016\/03\/koulutuksen-hakuinfo_8.3.2016.pdf\">koulutuksen hakuinfo_8.3.2016<\/a><\/strong><\/p>\n<p>&nbsp;<\/p>\n<p>&nbsp;<\/p>\n","protected":false},"excerpt":{"rendered":"<p>Seminaaritallenteet Vuokatin 29.10.2017 tulosseminaarista Osa 1: https:\/\/youtu.be\/uS6HiB-cKtc Osa 2: https:\/\/youtu.be\/YlJ7IUGyZjw Osa 3: https:\/\/youtu.be\/S6aHOuZ6b1U &nbsp; Koontijulkaisut: Green Care Pro &#8211; Koulutusmalli yhdenmukaisen Green Care -osaamisen tuottamiseksi\u00a0(10\/2018) N\u00e4k\u00f6kulmia Green Caren opiskeluun\u00a0(10\/2018) &nbsp; Artikkelit ja tiedotteet: Green Care -koulutuksen kehitt\u00e4minen verkostoyhteisty\u00f6n\u00e4.\u00a0\u00a0(artikkeli 14.12.2017) Asiantuntijaverkosto luontol\u00e4ht\u00f6isen kotoutumisen tukena.\u00a0(artikkeli 14.12.2017) Green Care -palveluiden luokitus Suomessa\u00a0(artikkeli 27.4.2017) Opas yksil\u00f6keskeiseen luontotoiminnan suunnitteluun &#8211; &hellip; <\/p>\n<p class=\"link-more\"><a href=\"https:\/\/blogi.eoppimispalvelut.fi\/greencare\/materiaalia\/\" class=\"more-link\">Jatka lukemista<span class=\"screen-reader-text\"> &#8220;Materiaalia&#8221;<\/span><\/a><\/p>\n","protected":false},"author":1329,"featured_media":0,"parent":0,"menu_order":0,"comment_status":"closed","ping_status":"closed","template":"","meta":{"footnotes":""},"class_list":["post-24","page","type-page","status-publish","hentry"],"_links":{"self":[{"href":"https:\/\/blogi.eoppimispalvelut.fi\/greencare\/wp-json\/wp\/v2\/pages\/24","targetHints":{"allow":["GET"]}}],"collection":[{"href":"https:\/\/blogi.eoppimispalvelut.fi\/greencare\/wp-json\/wp\/v2\/pages"}],"about":[{"href":"https:\/\/blogi.eoppimispalvelut.fi\/greencare\/wp-json\/wp\/v2\/types\/page"}],"author":[{"embeddable":true,"href":"https:\/\/blogi.eoppimispalvelut.fi\/greencare\/wp-json\/wp\/v2\/users\/1329"}],"replies":[{"embeddable":true,"href":"https:\/\/blogi.eoppimispalvelut.fi\/greencare\/wp-json\/wp\/v2\/comments?post=24"}],"version-history":[{"count":67,"href":"https:\/\/blogi.eoppimispalvelut.fi\/greencare\/wp-json\/wp\/v2\/pages\/24\/revisions"}],"predecessor-version":[{"id":808,"href":"https:\/\/blogi.eoppimispalvelut.fi\/greencare\/wp-json\/wp\/v2\/pages\/24\/revisions\/808"}],"wp:attachment":[{"href":"https:\/\/blogi.eoppimispalvelut.fi\/greencare\/wp-json\/wp\/v2\/media?parent=24"}],"curies":[{"name":"wp","href":"https:\/\/api.w.org\/{rel}","templated":true}]}}