{"id":26,"date":"2016-03-09T09:58:52","date_gmt":"2016-03-09T07:58:52","guid":{"rendered":"https:\/\/blogi.eoppimispalvelut.fi\/greencare\/?page_id=26"},"modified":"2024-02-07T10:09:34","modified_gmt":"2024-02-07T08:09:34","slug":"yhteystiedot","status":"publish","type":"page","link":"https:\/\/blogi.eoppimispalvelut.fi\/greencare\/yhteystiedot\/","title":{"rendered":"Yhteystiedot"},"content":{"rendered":"<p><strong>Green Care -koulutusverkoston yhteyshenkil\u00f6t:<\/strong><\/p>\n<p>Lapin ammattikorkeakoulu Oy (koordinointivastuu):<br \/>\nsanna.vinblad(at)lapinamk.fi<br \/>\nreeta.sipola(at)lapinamk.fi<\/p>\n<p>Jyv\u00e4skyl\u00e4n ammattikorkeakoulu Oy:<br \/>\nheidi.kihlstrom(at)jamk.fi<br \/>\nsanna.peltola(at)jamk.fi<\/p>\n<p>Kajaanin ammattikorkeakoulu Oy:<br \/>\nanu.piirainen(at)kamk.fi<\/p>\n<p>Centria-ammattikorkeakoulu Oy:<br \/>\nmarjut.levoska(at)centria.fi<\/p>\n","protected":false},"excerpt":{"rendered":"<p>Green Care -koulutusverkoston yhteyshenkil\u00f6t: Lapin ammattikorkeakoulu Oy (koordinointivastuu): sanna.vinblad(at)lapinamk.fi reeta.sipola(at)lapinamk.fi Jyv\u00e4skyl\u00e4n ammattikorkeakoulu Oy: heidi.kihlstrom(at)jamk.fi sanna.peltola(at)jamk.fi Kajaanin ammattikorkeakoulu Oy: anu.piirainen(at)kamk.fi Centria-ammattikorkeakoulu Oy: marjut.levoska(at)centria.fi<\/p>\n","protected":false},"author":1329,"featured_media":0,"parent":0,"menu_order":0,"comment_status":"closed","ping_status":"closed","template":"","meta":{"footnotes":""},"class_list":["post-26","page","type-page","status-publish","hentry"],"_links":{"self":[{"href":"https:\/\/blogi.eoppimispalvelut.fi\/greencare\/wp-json\/wp\/v2\/pages\/26","targetHints":{"allow":["GET"]}}],"collection":[{"href":"https:\/\/blogi.eoppimispalvelut.fi\/greencare\/wp-json\/wp\/v2\/pages"}],"about":[{"href":"https:\/\/blogi.eoppimispalvelut.fi\/greencare\/wp-json\/wp\/v2\/types\/page"}],"author":[{"embeddable":true,"href":"https:\/\/blogi.eoppimispalvelut.fi\/greencare\/wp-json\/wp\/v2\/users\/1329"}],"replies":[{"embeddable":true,"href":"https:\/\/blogi.eoppimispalvelut.fi\/greencare\/wp-json\/wp\/v2\/comments?post=26"}],"version-history":[{"count":20,"href":"https:\/\/blogi.eoppimispalvelut.fi\/greencare\/wp-json\/wp\/v2\/pages\/26\/revisions"}],"predecessor-version":[{"id":1054,"href":"https:\/\/blogi.eoppimispalvelut.fi\/greencare\/wp-json\/wp\/v2\/pages\/26\/revisions\/1054"}],"wp:attachment":[{"href":"https:\/\/blogi.eoppimispalvelut.fi\/greencare\/wp-json\/wp\/v2\/media?parent=26"}],"curies":[{"name":"wp","href":"https:\/\/api.w.org\/{rel}","templated":true}]}}