{"id":330,"date":"2016-06-21T12:37:03","date_gmt":"2016-06-21T09:37:03","guid":{"rendered":"https:\/\/blogi.eoppimispalvelut.fi\/greencare\/?page_id=330"},"modified":"2016-06-21T12:37:03","modified_gmt":"2016-06-21T09:37:03","slug":"green-care-korkeakoulutus-ja-ahot-prosessi","status":"publish","type":"page","link":"https:\/\/blogi.eoppimispalvelut.fi\/greencare\/green-care-korkeakoulutus-ja-ahot-prosessi\/","title":{"rendered":"Green Care -korkeakoulutus ja AHOT-prosessi"},"content":{"rendered":"<p>Green Care -korkeakoulutukseen hakeutuvilla opiskelijoilla on syv\u00e4 kiinnostus saada lis\u00e4tietoa luontol\u00e4ht\u00f6isest\u00e4 hyvinvointitoiminnasta ja sen soveltamisesta omaan toimintaan. Opiskelijalla voi olla aikaisemiin hankittua osaamista Green Care -toimintaan liittyen, jonka tunnistaminen ja tunnustaminen toteutetaan korkeakoulujen AHOT -prosessin mukaisesti monialaisen toiminnan periaatteisiin soveltaen.<\/p>\n<p>Aikaisemmin ja muualla hankitun osaamisen tunnistaminen ja tunnustaminen on mahdollista heti opintojen alkuvaiheessa, kuitenkin ennen korvattavien opintojen alkamista. T\u00e4m\u00e4 edellytt\u00e4\u00e4 aina opintojaksolle ilmoittautumista, opiskelijaksi hyv\u00e4ksymist\u00e4 ja opintoihin liittyvien maksujen suorittamista. AHOT-prosessi suoritetaan ennen opintojakson varsinaista k\u00e4ynnistymist\u00e4, joka varmistaa sen ett\u00e4 opiskelijalla on mahdollisuus suorittaa opintojakso tai sen osa normaalisti opintojen aikataulun mukaisesti, mik\u00e4li aikaisemmin hankittua osaamista ei jostain syyst\u00e4 tunnusteta osaksi suoritusta.<\/p>\n<p>Osaamisen hyv\u00e4ksymiseen vaikuttavat esitetyn osaamisen vastaavuus opintojakson osaamistavoitteisiin (osaamisen perusta ja sen vastaavuuden esitt\u00e4minen, konkreettinen kuvaus omin sanoin osaamistavoitteiden sis\u00e4ll\u00f6st\u00e4 ja kuinka ne ymm\u00e4rt\u00e4\u00e4), esitettyjen suoritusten ik\u00e4 ja laajuus.<\/p>\n<p>Prosessi:<\/p>\n<ol>\n<li>Opiskelija ilmoittautuu opintoihin.<\/li>\n<li>Opiskelija neuvottelee vastuuopettajan kanssa osaamisen tunnustamisesta.<\/li>\n<li>Opiskelija hakee osaamisen tunnustamista t\u00e4ytt\u00e4m\u00e4ll\u00e4 hakemuksen.<\/li>\n<li>Opiskelija arvioi ja kuvaa itse osaamisensa suhteessa opintojakson tavoitteisiin ja kokoaa tarvittavat dokumentit.<\/li>\n<li>Vastuuopettaja tekee p\u00e4\u00e4t\u00f6ksen suorituksen hyv\u00e4ksymisest\u00e4 \/ hylk\u00e4\u00e4misest\u00e4 tai t\u00e4ydent\u00e4misest\u00e4 n\u00e4yt\u00f6ill\u00e4.<\/li>\n<li>P\u00e4\u00e4t\u00f6ksest\u00e4 tulee tieto opiskelijan s\u00e4hk\u00f6postiin.<\/li>\n<li>Jos opiskelija ei ole tyytyv\u00e4inen p\u00e4\u00e4t\u00f6kseen, h\u00e4n voi tehd\u00e4 kirjallisen vapaamuotoisen oikaisupyynn\u00f6n.<\/li>\n<li>Todistus l\u00e4hetet\u00e4\u00e4n opiskelijalle opintojaksosta, mik\u00e4li hyv\u00e4ksyminen on koskenut koko opintojaksoa, muussa tapauksessa todistus l\u00e4hetet\u00e4\u00e4n kun koko opintojakso on suoritettu. Suoritusmerkint\u00e4 kirjataan merkill\u00e4 S -Suoritettu muulla tavalla.<\/li>\n<\/ol>\n<p><a href=\"https:\/\/blogi.eoppimispalvelut.fi\/greencare\/files\/2016\/02\/Green-Care-korkeakoulutus-AHOT-selvitys-21.6.2016.pdf\">Green Care -korkeakoulutus AHOT-selvitys 21.6.2016<\/a><\/p>\n<p><a href=\"https:\/\/blogi.eoppimispalvelut.fi\/greencare\/files\/2016\/02\/AHOT-hakemuslomake-21.6.2016.docx\">AHOT hakemuslomake 21.6.2016<\/a><\/p>\n","protected":false},"excerpt":{"rendered":"<p>Green Care -korkeakoulutukseen hakeutuvilla opiskelijoilla on syv\u00e4 kiinnostus saada lis\u00e4tietoa luontol\u00e4ht\u00f6isest\u00e4 hyvinvointitoiminnasta ja sen soveltamisesta omaan toimintaan. Opiskelijalla voi olla aikaisemiin hankittua osaamista Green Care -toimintaan liittyen, jonka tunnistaminen ja tunnustaminen toteutetaan korkeakoulujen AHOT -prosessin mukaisesti monialaisen toiminnan periaatteisiin soveltaen. Aikaisemmin ja muualla hankitun osaamisen tunnistaminen ja tunnustaminen on mahdollista heti opintojen alkuvaiheessa, kuitenkin ennen &hellip; <\/p>\n<p class=\"link-more\"><a href=\"https:\/\/blogi.eoppimispalvelut.fi\/greencare\/green-care-korkeakoulutus-ja-ahot-prosessi\/\" class=\"more-link\">Jatka lukemista<span class=\"screen-reader-text\"> &#8220;Green Care -korkeakoulutus ja AHOT-prosessi&#8221;<\/span><\/a><\/p>\n","protected":false},"author":1577,"featured_media":0,"parent":0,"menu_order":0,"comment_status":"closed","ping_status":"closed","template":"","meta":{"footnotes":""},"class_list":["post-330","page","type-page","status-publish","hentry"],"_links":{"self":[{"href":"https:\/\/blogi.eoppimispalvelut.fi\/greencare\/wp-json\/wp\/v2\/pages\/330","targetHints":{"allow":["GET"]}}],"collection":[{"href":"https:\/\/blogi.eoppimispalvelut.fi\/greencare\/wp-json\/wp\/v2\/pages"}],"about":[{"href":"https:\/\/blogi.eoppimispalvelut.fi\/greencare\/wp-json\/wp\/v2\/types\/page"}],"author":[{"embeddable":true,"href":"https:\/\/blogi.eoppimispalvelut.fi\/greencare\/wp-json\/wp\/v2\/users\/1577"}],"replies":[{"embeddable":true,"href":"https:\/\/blogi.eoppimispalvelut.fi\/greencare\/wp-json\/wp\/v2\/comments?post=330"}],"version-history":[{"count":1,"href":"https:\/\/blogi.eoppimispalvelut.fi\/greencare\/wp-json\/wp\/v2\/pages\/330\/revisions"}],"predecessor-version":[{"id":331,"href":"https:\/\/blogi.eoppimispalvelut.fi\/greencare\/wp-json\/wp\/v2\/pages\/330\/revisions\/331"}],"wp:attachment":[{"href":"https:\/\/blogi.eoppimispalvelut.fi\/greencare\/wp-json\/wp\/v2\/media?parent=330"}],"curies":[{"name":"wp","href":"https:\/\/api.w.org\/{rel}","templated":true}]}}