{"id":565,"date":"2018-08-13T10:09:17","date_gmt":"2018-08-13T07:09:17","guid":{"rendered":"https:\/\/blogi.eoppimispalvelut.fi\/greencare\/?page_id=565"},"modified":"2018-11-06T14:04:11","modified_gmt":"2018-11-06T12:04:11","slug":"565-2","status":"publish","type":"page","link":"https:\/\/blogi.eoppimispalvelut.fi\/greencare\/565-2\/","title":{"rendered":"Opintojaksot"},"content":{"rendered":"<style type=\"text\/css\">#post-grid-568 .element_0{display: block;font-size: 21px;line-height: normal;padding: 5px 10px;text-align: left;}#post-grid-568 .element_1{display: block;font-size: 12px;padding: 5px 10px;text-align: left;}#post-grid-568 .element_2{display: block;font-size: 12px;font-weight: bold;padding: 0 10px;text-align: left;}#post-grid-568 .element_0:hover{}#post-grid-568 .element_1:hover{}#post-grid-568 .element_2:hover{}#post-grid-568 .item{\r\n\t\t\tbackground:#fff;\r\n\t\r\n\t\t\t}<\/style><style type=\"text\/css\">\/*Write your CSS code here*\/<\/style><style type=\"text\/css\">#post-grid-568 .pagination .page-numbers, #post-grid-568 .pagination .pager{\r\n\t\t\r\n\t\tfont-size:17px;\t\t\r\n\t\tcolor:#fff;\t\t\r\n\t\tbackground:#646464;\r\n\t\t\r\n\t\t\r\n\t\t}#post-grid-568 .pagination .page-numbers:hover, #post-grid-568 .pagination .page-numbers.current, #post-grid-568 .pagination .pager.active{\r\n\t\tbackground:#4b4b4b;\r\n\t\t}#post-grid-568 .nav-filter .filter{\r\n\t\t\r\n\t\tfont-size:17px;\t\t\r\n\t\tcolor:#fff;\t\t\r\n\t\tbackground:#646464;\r\n\r\n\t\t}#post-grid-568 .nav-filter .filter:hover, #post-grid-568 .nav-filter .filter.active{\r\n\t\tbackground:#4b4b4b;\r\n\t\t}#post-grid-568 .owl-dots .owl-dot {\r\n\t\t\tbackground: #e6e6e6 none repeat scroll 0 0;\r\n\t\t\t\t \r\n\t\t\t}#post-grid-568 {\r\n\t\t\tpadding:10px;\r\n\t\t\tbackground: #fff url() repeat scroll 0 0;\r\n\t\t}#post-grid-568 .item .layer-media{height:auto;overflow: hidden;\r\n\t\t}#post-grid-568 .item{\r\n\t\tmargin:20px;}@media only screen and (min-width: 1024px ) {#post-grid-568 .item{height:auto;}}@media only screen and ( min-width: 768px ) and ( max-width: 1023px ) {#post-grid-568 .item{height:220px;}}@media only screen and ( min-width: 0px ) and ( max-width: 767px ){#post-grid-568 .item{height:220px;}}\r\n\t@media only screen and (min-width: 1024px ) {\r\n\t#post-grid-568 .item{width:400}\r\n\t\r\n\t}\r\n\t\r\n\t@media only screen and ( min-width: 768px ) and ( max-width: 1023px ) {\r\n\t#post-grid-568 .item{width:400}\r\n\t}\r\n\t\r\n\t@media only screen and ( min-width: 320px ) and ( max-width: 767px ) {\r\n\t#post-grid-568 .item{width:90%}\r\n\t}<\/style><div id=\"post-grid-568\" class=\"post-grid grid\"><div class=\"grid-nav-top\"><\/div><div class=\"grid-items \" id=\"\"><div  class=\"item mix skin even halfthumbleft green-care-korkeakoulutus \"><div class=\"layer-media\"><a href=\"https:\/\/blogi.eoppimispalvelut.fi\/greencare\/2018\/08\/13\/green-care-perusteet-5-op\/\"><img decoding=\"async\" alt=\"\" src=\"https:\/\/blogi.eoppimispalvelut.fi\/greencare\/files\/2018\/08\/green-care-pro-1-perusteet--e1534243645444.jpg\" \/><\/a><\/div><div class=\"layer-content\"><div class=\"element element_0 title\"  >Green Care perusteet 5 op<\/div><div class=\"element element_1 excerpt\"  >Luontosuhde, luonnon hyvinvointivaikutukset, ohjausty\u00f6. Green Care: termit ja k\u00e4sitteet, toimintakentt\u00e4 ja laatukriteerit.<\/div><a target=\"\" class=\"element element_2 read_more\"  href=\"https:\/\/blogi.eoppimispalvelut.fi\/greencare\/2018\/08\/13\/green-care-perusteet-5-op\/\">Read more.<\/a><\/div><\/div><div  class=\"item mix skin odd halfthumbleft green-care-korkeakoulutus \"><div class=\"layer-media\"><a href=\"https:\/\/blogi.eoppimispalvelut.fi\/greencare\/2018\/08\/13\/green-care-menetelmat-ja-toimintamuodot-5-op\/\"><img decoding=\"async\" alt=\"\" src=\"https:\/\/blogi.eoppimispalvelut.fi\/greencare\/files\/2018\/08\/green-care-pro-3-menetelm\u00e4t-ja-toimintamuodot.jpg\" \/><\/a><\/div><div class=\"layer-content\"><div class=\"element element_0 title\"  >Green Care -menetelm\u00e4t ja toimintamuodot 5 op<\/div><div class=\"element element_1 excerpt\"  >Green Care -menetelmien ja toimintamuotojen hyvinvointivaikutukset, menetelm\u00e4t ja toimintamuodot k\u00e4yt\u00e4nn\u00f6ss\u00e4. Laatu, vaatimukset ja verkostojen mahdollisuudet.<\/div><a target=\"\" class=\"element element_2 read_more\"  href=\"https:\/\/blogi.eoppimispalvelut.fi\/greencare\/2018\/08\/13\/green-care-menetelmat-ja-toimintamuodot-5-op\/\">Read more.<\/a><\/div><\/div><div  class=\"item mix skin even halfthumbleft green-care-korkeakoulutus \"><div class=\"layer-media\"><a href=\"https:\/\/blogi.eoppimispalvelut.fi\/greencare\/2018\/08\/13\/green-care-palvelun-tuottaminen-5-op\/\"><img decoding=\"async\" alt=\"\" src=\"https:\/\/blogi.eoppimispalvelut.fi\/greencare\/files\/2018\/08\/green-care-pro-2-Asiakkuuden-ja-toimintaymp\u00e4rist\u00f6t-e1534150065608.jpg\" \/><\/a><\/div><div class=\"layer-content\"><div class=\"element element_0 title\"  >Green Care asiakkuudet ja toimintaymp\u00e4rist\u00f6t 5 op<\/div><div class=\"element element_1 excerpt\"  >Asiakkuudet, asiakasty\u00f6n tavoitteet ja asiakkaan toimintakyky sek\u00e4 rajoitteet. Fyysinen ja sosiaalinen toimintaymp\u00e4rist\u00f6 sek\u00e4 ohjauksen merkitys. Green Care -ymp\u00e4rist\u00f6n esteett\u00f6myys ja<\/div><a target=\"\" class=\"element element_2 read_more\"  href=\"https:\/\/blogi.eoppimispalvelut.fi\/greencare\/2018\/08\/13\/green-care-palvelun-tuottaminen-5-op\/\">Read more.<\/a><\/div><\/div><div  class=\"item mix skin odd halfthumbleft green-care-korkeakoulutus \"><div class=\"layer-media\"><a href=\"https:\/\/blogi.eoppimispalvelut.fi\/greencare\/2018\/08\/13\/green-care-asiakkuudet-ja-toimintaymparistot-5-op\/\"><img decoding=\"async\" alt=\"\" src=\"https:\/\/blogi.eoppimispalvelut.fi\/greencare\/files\/2018\/08\/green-care-pro-4-palvelun-tuottaminen-e1534243716381.jpg\" \/><\/a><\/div><div class=\"layer-content\"><div class=\"element element_0 title\"  >Green Care -palvelun tuottaminen 5 op<\/div><div class=\"element element_1 excerpt\"  >Green Care \u2013palvelun kehitt\u00e4minen ja kuvaaminen, palvelun kriittinen arviointi. Palveluliiketoiminnan suunnittelu yrityksess\u00e4 tai organisaatiossa ja osaamisen suunnittelu. Green Care palvelutoiminnan<\/div><a target=\"\" class=\"element element_2 read_more\"  href=\"https:\/\/blogi.eoppimispalvelut.fi\/greencare\/2018\/08\/13\/green-care-asiakkuudet-ja-toimintaymparistot-5-op\/\">Read more.<\/a><\/div><\/div><\/div><div class=\"grid-nav-bottom\"><div class=\"pagination\"><div class=\"paginate\"><\/div ><\/div ><\/div><script>\r\n\t\tjQuery(document).ready(function($)\r\n\t\t{\r\n\t\t\t$(\"#post-grid-568 .layer-media .gallery\").owlCarousel({\r\n\t\t\t\t\r\n\t\t\t\titems : 1,\r\n\r\n\t\t\t\tnavText : [\"\",\"\"],\r\n\t\t\t\tautoplay: true,\r\n\t\t\t\tloop: true,\r\n\t\t\t\tautoHeight : true,\t\r\n\t\t\t\tnav : false,\t\r\n\t\t\t\tdots : false,\t\t\t\t\t\r\n\t\t\t\t\t\t\t\t\t\t\t\r\n\t\t\t\t\t\t\t\t\r\n\t\t\t\t});\r\n\t\t\r\n\t\t});<\/script><\/div>\n","protected":false},"excerpt":{"rendered":"","protected":false},"author":1308,"featured_media":0,"parent":0,"menu_order":0,"comment_status":"closed","ping_status":"closed","template":"","meta":{"footnotes":""},"class_list":["post-565","page","type-page","status-publish","hentry"],"_links":{"self":[{"href":"https:\/\/blogi.eoppimispalvelut.fi\/greencare\/wp-json\/wp\/v2\/pages\/565","targetHints":{"allow":["GET"]}}],"collection":[{"href":"https:\/\/blogi.eoppimispalvelut.fi\/greencare\/wp-json\/wp\/v2\/pages"}],"about":[{"href":"https:\/\/blogi.eoppimispalvelut.fi\/greencare\/wp-json\/wp\/v2\/types\/page"}],"author":[{"embeddable":true,"href":"https:\/\/blogi.eoppimispalvelut.fi\/greencare\/wp-json\/wp\/v2\/users\/1308"}],"replies":[{"embeddable":true,"href":"https:\/\/blogi.eoppimispalvelut.fi\/greencare\/wp-json\/wp\/v2\/comments?post=565"}],"version-history":[{"count":4,"href":"https:\/\/blogi.eoppimispalvelut.fi\/greencare\/wp-json\/wp\/v2\/pages\/565\/revisions"}],"predecessor-version":[{"id":775,"href":"https:\/\/blogi.eoppimispalvelut.fi\/greencare\/wp-json\/wp\/v2\/pages\/565\/revisions\/775"}],"wp:attachment":[{"href":"https:\/\/blogi.eoppimispalvelut.fi\/greencare\/wp-json\/wp\/v2\/media?parent=565"}],"curies":[{"name":"wp","href":"https:\/\/api.w.org\/{rel}","templated":true}]}}