{"id":800,"date":"2018-11-21T15:44:52","date_gmt":"2018-11-21T13:44:52","guid":{"rendered":"https:\/\/blogi.eoppimispalvelut.fi\/greencare\/?page_id=800"},"modified":"2026-02-19T09:53:01","modified_gmt":"2026-02-19T07:53:01","slug":"koulutuskalenteri-2","status":"publish","type":"page","link":"https:\/\/blogi.eoppimispalvelut.fi\/greencare\/koulutuskalenteri-2\/","title":{"rendered":"Koulutuskalenteri"},"content":{"rendered":"<p><strong>T\u00e4\u00e4lt\u00e4 l\u00f6yd\u00e4t tulevat opintojaksot, joihin voit hakeutua opiskelijaksi opintojakson j\u00e4rjest\u00e4v\u00e4n ammattikorkeakoulun kautta.<\/strong><\/p>\n<p>Opinnot ovat tarjolla kaikille Avoimen ammattikorkeakoulun opintoina. Jos olet jo opiskelijana jossain korkeakoulussa, voit tarkistaa, onko sinulla mahdollisuus opiskella Green Care -opintoja ristiinopiskelutarjonnan kautta osana nykyisi\u00e4 opintojasi.<\/p>\n<p>20 op Green Care PRO -kokonaisuuden lis\u00e4ksi on mahdollista t\u00e4ydent\u00e4\u00e4 osaamista syvent\u00e4vill\u00e4 opinnoilla, joita verkoston korkeakoulut tarjoavat omien aikautaulujensa mukaisesti.<\/p>\n<h2>Tulevat Green Care PRO -koulutukset<\/h2>\n<h3><strong>Green Care PRO perusteet\u00a0<\/strong><\/h3>\n<ul>\n<li style=\"list-style-type: none\">\n<ul>\n<li>Lapin AMK, 7.5. &#8211; 9.8.2026<br \/>\nLis\u00e4tiedot ja ilmoittautuminen 20.4.2026 saakka <a href=\"https:\/\/santsi.lapinamk.fi\/fi\/education\/5368\">t\u00e4st\u00e4 linkist\u00e4<\/a><\/li>\n<\/ul>\n<\/li>\n<\/ul>\n<h3><strong>Green Care PRO asiakkuudet ja -toimintaymp\u00e4rist\u00f6t<\/strong><\/h3>\n<ul>\n<li style=\"list-style-type: none\">\n<ul>\n<li>Lapin AMK, 20.5.-13.8.2026<br \/>\nLis\u00e4tiedot ja ilmoittautuminen tulossa pian<\/li>\n<\/ul>\n<\/li>\n<\/ul>\n<h3><strong>Green Care PRO menetelm\u00e4t ja -toimintamuodot<\/strong><\/h3>\n<ul>\n<li style=\"list-style-type: none\">\n<ul>\n<li>Lapin AMK, tulossa syksyll\u00e4 2026<\/li>\n<\/ul>\n<\/li>\n<\/ul>\n<h3><strong>Green Care PRO palvelun tuottaminen<\/strong><\/h3>\n<ul>\n<li><\/li>\n<\/ul>\n<h2>Syvent\u00e4v\u00e4t Green Care -opinnot koulutusverkoston j\u00e4senAMKeissa<\/h2>\n<h3><strong>Ohjausosaamisen opinnot (10 op)<\/strong><\/h3>\n<p><span class=\"ui-provider ef blz bma bmb bmc bmd bme bmf bmg bmh bmi bmj bmk bml bmm bmn bmo bmp bmq bmr bms bmt bmu bmv bmw bmx bmy bmz bna bnb bnc bnd bne bnf bng\" dir=\"ltr\"><strong>Lapin AMKissa<\/strong> on mahdollista Green Care Pro -opintojen lis\u00e4ksi suorittaa ohjausosaamisen opintoja 10 opintopistett\u00e4, joiden my\u00f6t\u00e4 voit hakea<strong> Green Care -korkeakouludiplomia (30 op)<\/strong> Lapin AMKista.<\/span><\/p>\n<ul>\n<li>Ohjauksen perusteet Green Care -toiminnassa (5op) 30.3. &#8211; 31.5.2026<br \/>\nLis\u00e4tiedot ja ilmoittautuminen 16.3.2026 menness\u00e4 <a href=\"https:\/\/santsi.lapinamk.fi\/fi\/education\/5372\">t\u00e4st\u00e4 linkist\u00e4<\/a><\/li>\n<li>Oman ohjausosaamisen syvent\u00e4minen Green Care -toiminnassa (5op) tulossa syksyll\u00e4 2026<\/li>\n<\/ul>\n<hr \/>\n<p><strong><br \/>\nAikaisemmin toteutetut koulutukset:<\/strong><\/p>\n<p><strong>Green Care perusteet -opintojakso<\/strong><\/p>\n<p>8\/2025, Jyv\u00e4skyl\u00e4n AMK<br \/>\n5\/2025, Lapin AMK<br \/>\n4\/2025, Centria AMK<br \/>\n3\/2025, Jyv\u00e4skyl\u00e4n AMK<br \/>\n10\/2024, Kajaanin AMK<br \/>\n5\/2024, Lapin AMK<br \/>\n1\/2024, Jyv\u00e4skyl\u00e4n AMK<br \/>\n8\/2023, Jyv\u00e4skyl\u00e4n AMK<br \/>\n5\/2023, Lapin AMK<br \/>\n9\/2022, Centria AMK<br \/>\n9\/2022, Jyv\u00e4skyl\u00e4n AMK<br \/>\n5\/2022, Lapin AMK<br \/>\n9\/2021, Centria AMK<br \/>\n5\/2021, Lapin AMK<br \/>\n1\/2021, Kajaanin AMK<br \/>\n9\/2020, Centria AMK<br \/>\n5\/2020, Lapin AMK<br \/>\n1\/2020, Jyv\u00e4skyl\u00e4n AMK<br \/>\n1\/2019, Centria AMK<br \/>\n1\/2019, SeAMK<br \/>\n2\/2019, Kajaanin AMK<br \/>\n3\/2019, Jyv\u00e4skyl\u00e4n AMK<br \/>\n4\/2019, Centria AMK<br \/>\n5\/2019, Lapin AMK<br \/>\n9\/2019, Jyv\u00e4skyl\u00e4n AMK<br \/>\n10\/2018, Lapin AMK<br \/>\n10\/2018, Jyv\u00e4skyl\u00e4n AMK<\/p>\n<p><strong>Green Care asiakkuudet ja toimintaymp\u00e4rist\u00f6t -opintojakso<\/strong><\/p>\n<p>10\/2025, Jyv\u00e4skyl\u00e4n AMK<br \/>\n5\/2025, Lapin AMK<br \/>\n5\/2025, Jyv\u00e4skyl\u00e4n AMK<br \/>\n10\/2023, Jyv\u00e4skyl\u00e4n AMK<br \/>\n6\/2023, Lapin AMK<br \/>\n10\/2022, Jyv\u00e4skyl\u00e4n AMK<br \/>\n6\/2022, Lapin AMK<br \/>\n6\/2021, Lapin AMK<br \/>\n10\/2020, Jyv\u00e4skyl\u00e4n AMK<br \/>\n2\/2020, Kajaanin AMK<br \/>\n1\/2019, Jyv\u00e4skyl\u00e4n AMK<br \/>\n4\/2019, Centria AMK<br \/>\n7\/2019, Lapin AMK<br \/>\n10\/2019, Jyv\u00e4skyl\u00e4n AMK<\/p>\n<p><strong>Green Care menetelm\u00e4t ja toimintamuodot -opintojakso<\/strong><\/p>\n<p>9\/2025, Lapin AMK<br \/>\n9\/2024, Lapin AMK<br \/>\n3\/2024, Jyv\u00e4skyl\u00e4n AMK<br \/>\n9\/2023, Lapin AMK<br \/>\n9\/2022, Lapin AMK<br \/>\n9\/2021, Lapin AMK<br \/>\n3\/2021, Kajaani<br \/>\n6\/2020, Lapin AMK<br \/>\n3\/2020, Jyv\u00e4skyl\u00e4n AMK<br \/>\n2\/2019, SeAMK<br \/>\n5\/2019, Centria AMK<br \/>\n9\/2019, Kajaanin AMK<\/p>\n<p><strong>Green Care palvelun tuottaminen<\/strong><\/p>\n<p>4\/2025, Lapin AMK<br \/>\n2\/2024, Lapin AMK<br \/>\n2\/2022, Lapin AMK<br \/>\n2\/2021, Lapin AMK<br \/>\n3\/2020, Kajaanin AMK<\/p>\n","protected":false},"excerpt":{"rendered":"<p>T\u00e4\u00e4lt\u00e4 l\u00f6yd\u00e4t tulevat opintojaksot, joihin voit hakeutua opiskelijaksi opintojakson j\u00e4rjest\u00e4v\u00e4n ammattikorkeakoulun kautta. Opinnot ovat tarjolla kaikille Avoimen ammattikorkeakoulun opintoina. Jos olet jo opiskelijana jossain korkeakoulussa, voit tarkistaa, onko sinulla mahdollisuus opiskella Green Care -opintoja ristiinopiskelutarjonnan kautta osana nykyisi\u00e4 opintojasi. 20 op Green Care PRO -kokonaisuuden lis\u00e4ksi on mahdollista t\u00e4ydent\u00e4\u00e4 osaamista syvent\u00e4vill\u00e4 opinnoilla, joita verkoston korkeakoulut &hellip; <\/p>\n<p class=\"link-more\"><a href=\"https:\/\/blogi.eoppimispalvelut.fi\/greencare\/koulutuskalenteri-2\/\" class=\"more-link\">Jatka lukemista<span class=\"screen-reader-text\"> &#8220;Koulutuskalenteri&#8221;<\/span><\/a><\/p>\n","protected":false},"author":3545,"featured_media":0,"parent":0,"menu_order":4,"comment_status":"closed","ping_status":"closed","template":"","meta":{"footnotes":""},"class_list":["post-800","page","type-page","status-publish","hentry"],"_links":{"self":[{"href":"https:\/\/blogi.eoppimispalvelut.fi\/greencare\/wp-json\/wp\/v2\/pages\/800","targetHints":{"allow":["GET"]}}],"collection":[{"href":"https:\/\/blogi.eoppimispalvelut.fi\/greencare\/wp-json\/wp\/v2\/pages"}],"about":[{"href":"https:\/\/blogi.eoppimispalvelut.fi\/greencare\/wp-json\/wp\/v2\/types\/page"}],"author":[{"embeddable":true,"href":"https:\/\/blogi.eoppimispalvelut.fi\/greencare\/wp-json\/wp\/v2\/users\/3545"}],"replies":[{"embeddable":true,"href":"https:\/\/blogi.eoppimispalvelut.fi\/greencare\/wp-json\/wp\/v2\/comments?post=800"}],"version-history":[{"count":149,"href":"https:\/\/blogi.eoppimispalvelut.fi\/greencare\/wp-json\/wp\/v2\/pages\/800\/revisions"}],"predecessor-version":[{"id":1131,"href":"https:\/\/blogi.eoppimispalvelut.fi\/greencare\/wp-json\/wp\/v2\/pages\/800\/revisions\/1131"}],"wp:attachment":[{"href":"https:\/\/blogi.eoppimispalvelut.fi\/greencare\/wp-json\/wp\/v2\/media?parent=800"}],"curies":[{"name":"wp","href":"https:\/\/api.w.org\/{rel}","templated":true}]}}