{"id":38,"date":"2026-02-18T12:25:31","date_gmt":"2026-02-18T12:25:31","guid":{"rendered":"https:\/\/blogi.eoppimispalvelut.fi\/happydesk\/?page_id=38"},"modified":"2026-04-01T09:58:31","modified_gmt":"2026-04-01T09:58:31","slug":"meista","status":"publish","type":"page","link":"https:\/\/blogi.eoppimispalvelut.fi\/happydesk\/meista\/","title":{"rendered":"Meist\u00e4"},"content":{"rendered":"\n<p class=\"has-text-align-center\">Nordic Happydesk on suomalainen yritys, joka tuo toimisto kalusteissa ja tarvikkeissa ergonomian ja k\u00e4yt\u00e4nn\u00f6llisyyden osaksi arjen ty\u00f6ymp\u00e4rist\u00f6\u00e4. Me uskomme, ett\u00e4 hyvin suunniteltu ty\u00f6tila lis\u00e4\u00e4 viihtyvyytt\u00e4, tehokkuutta ja ty\u00f6hyvinvointia \u2013 niin kotitoimistossa kuin yrityksiss\u00e4kin.<\/p>\n\n\n\n<p class=\"has-text-align-center\">Tarjoamme laajan valikoiman laadukkaita toimistotarvikkeita, ergonomisia kalusteita ja \u00e4lykk\u00e4it\u00e4 ty\u00f6pisteratkaisuja. Valikoimamme suunnittelussa painotamme toiminnallisuutta, esteettisyytt\u00e4 ja vastuullisuutta.<\/p>\n\n\n\n<p class=\"has-text-align-center\">Meid\u00e4n yrityksellemme on eritt\u00e4in t\u00e4rke\u00e4\u00e4 asiakastyytyv\u00e4isyys ja panostammekin tarjoamaamme valikoimaan suuresti. Me Nordic HappyDeskill\u00e4 teemme kaikkemme, jotta voimme tarjota &#8221;Everything for a happier workplace&#8221;.<\/p>\n\n\n\n<div class=\"wp-block-group alignfull is-content-justification-space-between is-layout-flex wp-container-core-group-is-layout-0904c582 wp-block-group-is-layout-flex\" style=\"margin-top:0;margin-bottom:0;padding-top:var(--wp--preset--spacing--50);padding-right:var(--wp--preset--spacing--30);padding-bottom:var(--wp--preset--spacing--50);padding-left:var(--wp--preset--spacing--30)\">\n<div class=\"wp-block-group wp-container-content-9cfa9a5a is-vertical is-layout-flex wp-container-core-group-is-layout-b7faace9 wp-block-group-is-layout-flex\"><h1 class=\"wp-block-site-title has-medium-font-size\"><a href=\"https:\/\/blogi.eoppimispalvelut.fi\/happydesk\" target=\"_self\" rel=\"home\">Nordic HappyDesk<\/a><\/h1>\n\n\n<p class=\"has-text-align-left\">Nordichappydesk@gmail.com<\/p>\n\n\n\n<p>Rantatie 6, <\/p>\n\n\n\n<p>96100 Arctic Valley<\/p>\n\n\n\n<p class=\"has-text-align-left has-small-font-size\">Proudly powered by <a rel=\"nofollow\" href=\"https:\/\/wordpress.org\">WordPress<\/a> <\/p>\n\n\n\n<div style=\"height:0px\" aria-hidden=\"true\" class=\"wp-block-spacer wp-container-content-541a6b20\"><\/div>\n<\/div>\n\n\n\n<div class=\"wp-block-group is-vertical is-layout-flex wp-container-core-group-is-layout-8cf370e7 wp-block-group-is-layout-flex\">\n<p class=\"has-text-align-left\">Pages<\/p>\n\n\n<nav class=\"has-small-font-size items-justified-left is-vertical no-wrap wp-block-navigation is-content-justification-left is-nowrap is-layout-flex wp-container-core-navigation-is-layout-13b8677b wp-block-navigation-is-layout-flex\" aria-label=\"Navigation\"><ul class=\"wp-block-navigation__container has-small-font-size items-justified-left is-vertical no-wrap wp-block-navigation has-small-font-size\"><li class=\"has-small-font-size wp-block-navigation-item wp-block-navigation-link\"><a class=\"wp-block-navigation-item__content\"  href=\"https:\/\/blogi.eoppimispalvelut.fi\/happydesk\/\"><span class=\"wp-block-navigation-item__label\">Etusivu<\/span><\/a><\/li><li class=\"has-small-font-size wp-block-navigation-item wp-block-navigation-link\"><a class=\"wp-block-navigation-item__content\"  href=\"https:\/\/blogi.eoppimispalvelut.fi\/happydesk\/henkilokunta\/\"><span class=\"wp-block-navigation-item__label\">Henkil\u00f6kunta<\/span><\/a><\/li><li class=\"has-small-font-size wp-block-navigation-item wp-block-navigation-link\"><a class=\"wp-block-navigation-item__content\"  href=\"https:\/\/blogi.eoppimispalvelut.fi\/happydesk\/meista\/\"><span class=\"wp-block-navigation-item__label\">Meist\u00e4<\/span><\/a><\/li><li class=\"has-small-font-size wp-block-navigation-item wp-block-navigation-link\"><a class=\"wp-block-navigation-item__content\"  href=\"https:\/\/blogi.eoppimispalvelut.fi\/happydesk\/tuotteet\/\"><span class=\"wp-block-navigation-item__label\">Tuotteet<\/span><\/a><\/li><\/ul><\/nav>\n\n\n<div style=\"height:0px\" aria-hidden=\"true\" class=\"wp-block-spacer wp-container-content-541a6b20\"><\/div>\n<\/div>\n\n\n\n<div class=\"wp-block-group is-content-justification-right is-layout-flex wp-container-core-group-is-layout-58daa69f wp-block-group-is-layout-flex\">\n<div class=\"wp-block-group is-vertical is-layout-flex wp-container-core-group-is-layout-8cf370e7 wp-block-group-is-layout-flex\">\n<p class=\"has-text-align-left\"><\/p>\n\n\n\n<div style=\"height:0px\" aria-hidden=\"true\" class=\"wp-block-spacer wp-container-content-541a6b20\"><\/div>\n<\/div>\n<\/div>\n<\/div>\n","protected":false},"excerpt":{"rendered":"<p>Nordic Happydesk on suomalainen yritys, joka tuo toimisto kalusteissa ja tarvikkeissa ergonomian ja k\u00e4yt\u00e4nn\u00f6llisyyden osaksi arjen ty\u00f6ymp\u00e4rist\u00f6\u00e4. Me uskomme, ett\u00e4 hyvin suunniteltu ty\u00f6tila lis\u00e4\u00e4 viihtyvyytt\u00e4, tehokkuutta ja ty\u00f6hyvinvointia \u2013 niin kotitoimistossa kuin yrityksiss\u00e4kin. Tarjoamme laajan valikoiman laadukkaita toimistotarvikkeita, ergonomisia kalusteita ja \u00e4lykk\u00e4it\u00e4 ty\u00f6pisteratkaisuja. Valikoimamme suunnittelussa painotamme toiminnallisuutta, esteettisyytt\u00e4 ja vastuullisuutta. Meid\u00e4n yrityksellemme on eritt\u00e4in t\u00e4rke\u00e4\u00e4 [&hellip;]<\/p>\n","protected":false},"author":54789,"featured_media":0,"parent":0,"menu_order":0,"comment_status":"closed","ping_status":"closed","template":"","meta":{"footnotes":""},"class_list":["post-38","page","type-page","status-publish","hentry"],"_links":{"self":[{"href":"https:\/\/blogi.eoppimispalvelut.fi\/happydesk\/wp-json\/wp\/v2\/pages\/38","targetHints":{"allow":["GET"]}}],"collection":[{"href":"https:\/\/blogi.eoppimispalvelut.fi\/happydesk\/wp-json\/wp\/v2\/pages"}],"about":[{"href":"https:\/\/blogi.eoppimispalvelut.fi\/happydesk\/wp-json\/wp\/v2\/types\/page"}],"author":[{"embeddable":true,"href":"https:\/\/blogi.eoppimispalvelut.fi\/happydesk\/wp-json\/wp\/v2\/users\/54789"}],"replies":[{"embeddable":true,"href":"https:\/\/blogi.eoppimispalvelut.fi\/happydesk\/wp-json\/wp\/v2\/comments?post=38"}],"version-history":[{"count":7,"href":"https:\/\/blogi.eoppimispalvelut.fi\/happydesk\/wp-json\/wp\/v2\/pages\/38\/revisions"}],"predecessor-version":[{"id":261,"href":"https:\/\/blogi.eoppimispalvelut.fi\/happydesk\/wp-json\/wp\/v2\/pages\/38\/revisions\/261"}],"wp:attachment":[{"href":"https:\/\/blogi.eoppimispalvelut.fi\/happydesk\/wp-json\/wp\/v2\/media?parent=38"}],"curies":[{"name":"wp","href":"https:\/\/api.w.org\/{rel}","templated":true}]}}