{"id":57,"date":"2026-02-18T12:43:21","date_gmt":"2026-02-18T12:43:21","guid":{"rendered":"https:\/\/blogi.eoppimispalvelut.fi\/happydesk\/?page_id=57"},"modified":"2026-04-01T09:57:57","modified_gmt":"2026-04-01T09:57:57","slug":"etusivu","status":"publish","type":"page","link":"https:\/\/blogi.eoppimispalvelut.fi\/happydesk\/","title":{"rendered":"Nordic HappyDesk"},"content":{"rendered":"\n<p class=\"has-text-align-center\"><em>&#8221;Everything for a happier workplace&#8221;<\/em><\/p>\n\n\n\n<p class=\"has-text-align-center\"><em>Me tarjoamme parhaat toimistotarvikkeet ja kalusteet jokaiseen toimistoon. Ergonomiset ja kest\u00e4v\u00e4sti valmistetut tuotteemme tekee jokaisesta toimistosta mukavamman ty\u00f6skennell\u00e4. Kannustamme kaikkia panostamaan laatuun toimistotilojen suunnittelussa ja sit\u00e4 varten olemmekin me. <\/em><\/p>\n\n\n\n<p><\/p>\n\n\n\n<p><\/p>\n\n\n\n<div class=\"wp-block-columns alignwide is-layout-flex wp-container-core-columns-is-layout-829b1d53 wp-block-columns-is-layout-flex\" style=\"margin-bottom:0\">\n<div class=\"wp-block-column has-text-color has-background has-link-color wp-elements-4438e5d6dde2db899a6d6da7d14dda3b is-layout-flow wp-block-column-is-layout-flow\" style=\"color:#000000;background-color:#ffe97d;padding-top:2em;padding-right:2em;padding-bottom:2em;padding-left:2em\">\n<h2 class=\"wp-block-heading\" id=\"single\" style=\"font-size:40px\">Koko toimistopaketti + asennus<\/h2>\n\n\n\n<p class=\"has-normal-font-size\" style=\"line-height:1.5\">Kaikki mit\u00e4 toimistoosi tarvitset<\/p>\n\n\n\n<hr class=\"wp-block-separator has-text-color has-css-opacity has-background is-style-wide\" style=\"background-color:#000000;color:#000000\" \/>\n\n\n\n<ul class=\"wp-block-list has-normal-font-size\">\n<li>5 x ergonominen s\u00e4hk\u00f6p\u00f6yt\u00e4<\/li>\n\n\n\n<li>5 x ergonominen tuoli<\/li>\n\n\n\n<li>3 x k\u00e4velymatto<\/li>\n\n\n\n<li>Sohva<\/li>\n\n\n\n<li>Matto<\/li>\n\n\n\n<li>Muistilaput, nitoja, paperit, rei&#8217;itin<\/li>\n\n\n\n<li>Vedenkeitin &amp; kahvinkeitin<\/li>\n\n\n\n<li>Ilmanraikastin<\/li>\n\n\n\n<li>Hierontatuoli<\/li>\n\n\n\n<li>J\u00e4\u00e4kaappi<\/li>\n\n\n\n<li>Kokousp\u00f6yt\u00e4 12 hl\u00f6<\/li>\n\n\n\n<li>Lattiavalaisin<\/li>\n\n\n\n<li>Sein\u00e4kello<\/li>\n\n\n\n<li>S\u00e4kkituoli<\/li>\n\n\n\n<li>Tekokasvi<\/li>\n\n\n\n<li>sis. asennus ja sis\u00e4\u00e4nkanto<\/li>\n<\/ul>\n\n\n\n<div class=\"wp-block-buttons alignfull is-horizontal is-content-justification-center is-layout-flex wp-container-core-buttons-is-layout-499968f5 wp-block-buttons-is-layout-flex\">\n<div class=\"wp-block-button has-custom-width wp-block-button__width-100\"><a class=\"wp-block-button__link has-white-color has-text-color has-background no-border-radius wp-element-button\" style=\"background-color:#000000\">5500\u20ac + alv<\/a><\/div>\n<\/div>\n<\/div>\n\n\n\n<div class=\"wp-block-column has-text-color has-background has-link-color wp-elements-f96cf4b36a00468524ebbebd1121c74b is-layout-flow wp-block-column-is-layout-flow\" style=\"color:#000000;background-color:#d1d1e1;padding-top:2em;padding-right:2em;padding-bottom:2em;padding-left:2em\">\n<h2 class=\"wp-block-heading\" id=\"family\" style=\"font-size:40px\">Alkeellinen setti<\/h2>\n\n\n\n<p class=\"has-normal-font-size\" style=\"line-height:1.5\">Jos et arvosta ty\u00f6ntekij\u00f6iden viihtyvyytt\u00e4<\/p>\n\n\n\n<hr class=\"wp-block-separator has-css-opacity is-style-wide\" \/>\n\n\n\n<ul class=\"wp-block-list has-normal-font-size\">\n<li>3 x ergonominen s\u00e4hk\u00f6p\u00f6yt\u00e4<\/li>\n\n\n\n<li>3 x ergonominen tuoli<\/li>\n\n\n\n<li>Sohva<\/li>\n\n\n\n<li>Matto<\/li>\n\n\n\n<li>Kahvinkeitin<\/li>\n\n\n\n<li>J\u00e4\u00e4kaappi<\/li>\n\n\n\n<li>Muistilaput, nitoja, paperit, rei&#8217;itin<\/li>\n\n\n\n<li>sis. asennus<\/li>\n<\/ul>\n\n\n\n<div class=\"wp-block-buttons alignfull is-horizontal is-content-justification-center is-layout-flex wp-container-core-buttons-is-layout-499968f5 wp-block-buttons-is-layout-flex\">\n<div class=\"wp-block-button has-custom-width wp-block-button__width-100 is-style-fill\"><a class=\"wp-block-button__link has-white-color has-text-color has-background no-border-radius wp-element-button\" style=\"background-color:#000000\">3900\u20ac + alv<\/a><\/div>\n<\/div>\n<\/div>\n\n\n\n<div class=\"wp-block-column has-text-color has-background has-link-color wp-elements-51d76ce2858bd560cb4c55f842e88f88 is-layout-flow wp-block-column-is-layout-flow\" style=\"color:#000000;background-color:#c0ebf1;padding-top:2em;padding-right:2em;padding-bottom:2em;padding-left:2em\">\n<h2 class=\"wp-block-heading\" id=\"patron\" style=\"font-size:40px\">Asennus + sis\u00e4\u00e4nkanto<\/h2>\n\n\n\n<p class=\"has-normal-font-size\">Erikseen ostetuille tuotteille asennus ja sis\u00e4\u00e4nkanto<\/p>\n\n\n\n<hr class=\"wp-block-separator has-css-opacity is-style-wide\" \/>\n\n\n\n<ul class=\"wp-block-list has-normal-font-size\">\n<li>1-10 kalusteelle<\/li>\n\n\n\n<li>Sis\u00e4\u00e4nkanto<\/li>\n\n\n\n<li>Asennus paikoilleen<\/li>\n\n\n\n<li>Kasaus<\/li>\n<\/ul>\n\n\n\n<div class=\"wp-block-buttons alignfull is-horizontal is-content-justification-center is-layout-flex wp-container-core-buttons-is-layout-499968f5 wp-block-buttons-is-layout-flex\">\n<div class=\"wp-block-button has-custom-width wp-block-button__width-100\"><a class=\"wp-block-button__link has-white-color has-text-color has-background no-border-radius wp-element-button\" style=\"background-color:#000000\">209\u20ac<\/a><\/div>\n<\/div>\n<\/div>\n<\/div>\n\n\n\n<p><\/p>\n\n\n\n<p><\/p>\n\n\n\n<p><\/p>\n\n\n\n<p><\/p>\n\n\n\n<p><\/p>\n\n\n\n<p><\/p>\n\n\n\n<p><\/p>\n\n\n\n<p><\/p>\n\n\n\n<p><\/p>\n\n\n\n<div class=\"wp-block-group alignfull is-content-justification-space-between is-layout-flex wp-container-core-group-is-layout-0904c582 wp-block-group-is-layout-flex\" style=\"margin-top:0;margin-bottom:0;padding-top:var(--wp--preset--spacing--50);padding-right:var(--wp--preset--spacing--30);padding-bottom:var(--wp--preset--spacing--50);padding-left:var(--wp--preset--spacing--30)\">\n<div class=\"wp-block-group wp-container-content-9cfa9a5a is-vertical is-layout-flex wp-container-core-group-is-layout-b7faace9 wp-block-group-is-layout-flex\"><h1 class=\"wp-block-site-title has-medium-font-size\"><a href=\"https:\/\/blogi.eoppimispalvelut.fi\/happydesk\" target=\"_self\" rel=\"home\">Nordic HappyDesk<\/a><\/h1>\n\n\n<p class=\"has-text-align-left\">Nordichappydesk@gmail.com<\/p>\n\n\n\n<p>Rantatie 6, <\/p>\n\n\n\n<p>96100 Arctic Valley<\/p>\n\n\n\n<p class=\"has-text-align-left has-small-font-size\">Proudly powered by <a rel=\"nofollow\" href=\"https:\/\/wordpress.org\">WordPress<\/a> <\/p>\n\n\n\n<div style=\"height:0px\" aria-hidden=\"true\" class=\"wp-block-spacer wp-container-content-541a6b20\"><\/div>\n<\/div>\n\n\n\n<div class=\"wp-block-group is-content-justification-right is-layout-flex wp-container-core-group-is-layout-58daa69f wp-block-group-is-layout-flex\">\n<div class=\"wp-block-group is-vertical is-layout-flex wp-container-core-group-is-layout-8cf370e7 wp-block-group-is-layout-flex\">\n<p class=\"has-text-align-left\">Pages<\/p>\n\n\n<nav class=\"has-small-font-size items-justified-left is-vertical no-wrap wp-block-navigation is-content-justification-left is-nowrap is-layout-flex wp-container-core-navigation-is-layout-13b8677b wp-block-navigation-is-layout-flex\" aria-label=\"Navigation\"><ul class=\"wp-block-navigation__container has-small-font-size items-justified-left is-vertical no-wrap wp-block-navigation has-small-font-size\"><li class=\"has-small-font-size wp-block-navigation-item wp-block-navigation-link\"><a class=\"wp-block-navigation-item__content\"  href=\"https:\/\/blogi.eoppimispalvelut.fi\/happydesk\/\"><span class=\"wp-block-navigation-item__label\">Etusivu<\/span><\/a><\/li><li class=\"has-small-font-size wp-block-navigation-item wp-block-navigation-link\"><a class=\"wp-block-navigation-item__content\"  href=\"https:\/\/blogi.eoppimispalvelut.fi\/happydesk\/henkilokunta\/\"><span class=\"wp-block-navigation-item__label\">Henkil\u00f6kunta<\/span><\/a><\/li><li class=\"has-small-font-size wp-block-navigation-item wp-block-navigation-link\"><a class=\"wp-block-navigation-item__content\"  href=\"https:\/\/blogi.eoppimispalvelut.fi\/happydesk\/meista\/\"><span class=\"wp-block-navigation-item__label\">Meist\u00e4<\/span><\/a><\/li><li class=\"has-small-font-size wp-block-navigation-item wp-block-navigation-link\"><a class=\"wp-block-navigation-item__content\"  href=\"https:\/\/blogi.eoppimispalvelut.fi\/happydesk\/tuotteet\/\"><span class=\"wp-block-navigation-item__label\">Tuotteet<\/span><\/a><\/li><\/ul><\/nav>\n\n\n<div style=\"height:0px\" aria-hidden=\"true\" class=\"wp-block-spacer wp-container-content-541a6b20\"><\/div>\n<\/div>\n\n\n\n<div class=\"wp-block-group is-vertical is-layout-flex wp-container-core-group-is-layout-8cf370e7 wp-block-group-is-layout-flex\">\n<p class=\"has-text-align-left\"><\/p>\n\n\n\n<div style=\"height:0px\" aria-hidden=\"true\" class=\"wp-block-spacer wp-container-content-541a6b20\"><\/div>\n<\/div>\n<\/div>\n<\/div>\n","protected":false},"excerpt":{"rendered":"<p>&#8221;Everything for a happier workplace&#8221; Me tarjoamme parhaat toimistotarvikkeet ja kalusteet jokaiseen toimistoon. Ergonomiset ja kest\u00e4v\u00e4sti valmistetut tuotteemme tekee jokaisesta toimistosta mukavamman ty\u00f6skennell\u00e4. Kannustamme kaikkia panostamaan laatuun toimistotilojen suunnittelussa ja sit\u00e4 varten olemmekin me. Koko toimistopaketti + asennus Kaikki mit\u00e4 toimistoosi tarvitset Alkeellinen setti Jos et arvosta ty\u00f6ntekij\u00f6iden viihtyvyytt\u00e4 Asennus + sis\u00e4\u00e4nkanto Erikseen ostetuille tuotteille [&hellip;]<\/p>\n","protected":false},"author":54789,"featured_media":0,"parent":0,"menu_order":0,"comment_status":"closed","ping_status":"closed","template":"","meta":{"footnotes":""},"class_list":["post-57","page","type-page","status-publish","hentry"],"_links":{"self":[{"href":"https:\/\/blogi.eoppimispalvelut.fi\/happydesk\/wp-json\/wp\/v2\/pages\/57","targetHints":{"allow":["GET"]}}],"collection":[{"href":"https:\/\/blogi.eoppimispalvelut.fi\/happydesk\/wp-json\/wp\/v2\/pages"}],"about":[{"href":"https:\/\/blogi.eoppimispalvelut.fi\/happydesk\/wp-json\/wp\/v2\/types\/page"}],"author":[{"embeddable":true,"href":"https:\/\/blogi.eoppimispalvelut.fi\/happydesk\/wp-json\/wp\/v2\/users\/54789"}],"replies":[{"embeddable":true,"href":"https:\/\/blogi.eoppimispalvelut.fi\/happydesk\/wp-json\/wp\/v2\/comments?post=57"}],"version-history":[{"count":33,"href":"https:\/\/blogi.eoppimispalvelut.fi\/happydesk\/wp-json\/wp\/v2\/pages\/57\/revisions"}],"predecessor-version":[{"id":260,"href":"https:\/\/blogi.eoppimispalvelut.fi\/happydesk\/wp-json\/wp\/v2\/pages\/57\/revisions\/260"}],"wp:attachment":[{"href":"https:\/\/blogi.eoppimispalvelut.fi\/happydesk\/wp-json\/wp\/v2\/media?parent=57"}],"curies":[{"name":"wp","href":"https:\/\/api.w.org\/{rel}","templated":true}]}}