{"id":20,"date":"2021-05-20T13:31:38","date_gmt":"2021-05-20T10:31:38","guid":{"rendered":"https:\/\/blogi.eoppimispalvelut.fi\/henkijaelama\/?page_id=20"},"modified":"2021-05-30T11:57:23","modified_gmt":"2021-05-30T08:57:23","slug":"tietoa-hankkeesta","status":"publish","type":"page","link":"https:\/\/blogi.eoppimispalvelut.fi\/henkijaelama\/tietoa-hankkeesta\/","title":{"rendered":"Tietoa hankkeesta"},"content":{"rendered":"<p>[et_pb_section fb_built=&#8221;1&#8243; _builder_version=&#8221;4.8.2&#8243; _module_preset=&#8221;default&#8221;][et_pb_row _builder_version=&#8221;4.8.2&#8243; _module_preset=&#8221;default&#8221;][et_pb_column type=&#8221;4_4&#8243; _builder_version=&#8221;4.8.2&#8243; _module_preset=&#8221;default&#8221;][et_pb_text _builder_version=&#8221;4.8.2&#8243; _module_preset=&#8221;default&#8221;]<\/p>\n<p><strong>Henki ja el\u00e4m\u00e4 \u2013 luonto toipumisen l\u00e4hteen\u00e4<\/strong><\/p>\n<p>Henki ja el\u00e4m\u00e4- hankkeen tavoitteena on edist\u00e4\u00e4 ty\u00f6el\u00e4m\u00e4n ulkopuolella olevien mielenterveyskuntoutujien toipumisprosesseja luontoperustaisten\u2013 ja voimaisten sek\u00e4 soveltavan taiteen menetelmien avulla. Hankkeen keski\u00f6ss\u00e4 on pohjoinen luonto ja vuodenkierto.<\/p>\n<p>Hankkeessa kehitet\u00e4\u00e4n ja kokeillaan uudenlaisia Green Care\u2013 toimintaan liittyvi\u00e4\u00a0 luonto\u2013 ja taidel\u00e4ht\u00f6isi\u00e4 toimintamalleja yhteisty\u00f6ss\u00e4 yhdistysten ja yritysten kanssa. Hanke toteutetaan Rovaniemen, Kemi- Tornion ja Oulun seutukunnissa.<\/p>\n<p><span style=\"font-size: 14px\">Hankkeen rahoittaa Euroopan sosiaalirahasto sek\u00e4 Oulun kaupunki. Hankkeen toiminta-aika on 1.1 2021 \u2013 30.6 2023<\/span><\/p>\n<p>[\/et_pb_text][\/et_pb_column][\/et_pb_row][et_pb_row column_structure=&#8221;1_2,1_2&#8243; _builder_version=&#8221;4.8.2&#8243; _module_preset=&#8221;default&#8221;][et_pb_column type=&#8221;1_2&#8243; _builder_version=&#8221;4.8.2&#8243; _module_preset=&#8221;default&#8221;][et_pb_text _builder_version=&#8221;4.8.2&#8243; _module_preset=&#8221;default&#8221; custom_padding=&#8221;||0px|||&#8221;]<\/p>\n<p><strong>Kohderyhm\u00e4t<\/strong><\/p>\n<p>Hankkeen kohderyhm\u00e4n\u00e4 ovat ty\u00f6ik\u00e4iset (17 &#8211; 64 -vuotiaat), ty\u00f6el\u00e4m\u00e4n ulkopuolella tai ty\u00f6tt\u00f6m\u00e4n\u00e4 olevat mielenterveyskuntoutujat sek\u00e4 mielenterveysty\u00f6t\u00e4 tekev\u00e4t alan asiantuntijat.<\/p>\n<p>V\u00e4lillisen\u00e4 kohderyhm\u00e4n\u00e4 ovat alueen luonto\u2013 ja asumispalveluita tuottavat yritykset, kuntien mielenterveyspalvelut, sosiaali\u2013 ja terveysalan j\u00e4rjest\u00f6t, maakunnalliset sosiaali\u2013 ja terveyspalveluita tuottavat tahot, mielenterveysty\u00f6n ammattilaiset, ennaltaehk\u00e4isev\u00e4\u00e4 mielenterveysty\u00f6t\u00e4 paikallisesti tekev\u00e4t sek\u00e4 varsinaisen kohderyhm\u00e4n omaiset, perheenj\u00e4senet ja verkostot.<\/p>\n<p>[\/et_pb_text][\/et_pb_column][et_pb_column type=&#8221;1_2&#8243; _builder_version=&#8221;4.8.2&#8243; _module_preset=&#8221;default&#8221;][et_pb_image src=&#8221;data:image\/svg+xml;base64,PHN2ZyB3aWR0aD0iMTA4MCIgaGVpZ2h0PSI1NDAiIHZpZXdCb3g9IjAgMCAxMDgwIDU0MCIgeG1sbnM9Imh0dHA6Ly93d3cudzMub3JnLzIwMDAvc3ZnIj4KICAgIDxnIGZpbGw9Im5vbmUiIGZpbGwtcnVsZT0iZXZlbm9kZCI+CiAgICAgICAgPHBhdGggZmlsbD0iI0VCRUJFQiIgZD0iTTAgMGgxMDgwdjU0MEgweiIvPgogICAgICAgIDxwYXRoIGQ9Ik00NDUuNjQ5IDU0MGgtOTguOTk1TDE0NC42NDkgMzM3Ljk5NSAwIDQ4Mi42NDR2LTk4Ljk5NWwxMTYuMzY1LTExNi4zNjVjMTUuNjItMTUuNjIgNDAuOTQ3LTE1LjYyIDU2LjU2OCAwTDQ0NS42NSA1NDB6IiBmaWxsLW9wYWNpdHk9Ii4xIiBmaWxsPSIjMDAwIiBmaWxsLXJ1bGU9Im5vbnplcm8iLz4KICAgICAgICA8Y2lyY2xlIGZpbGwtb3BhY2l0eT0iLjA1IiBmaWxsPSIjMDAwIiBjeD0iMzMxIiBjeT0iMTQ4IiByPSI3MCIvPgogICAgICAgIDxwYXRoIGQ9Ik0xMDgwIDM3OXYxMTMuMTM3TDcyOC4xNjIgMTQwLjMgMzI4LjQ2MiA1NDBIMjE1LjMyNEw2OTkuODc4IDU1LjQ0NmMxNS42Mi0xNS42MiA0MC45NDgtMTUuNjIgNTYuNTY4IDBMMTA4MCAzNzl6IiBmaWxsLW9wYWNpdHk9Ii4yIiBmaWxsPSIjMDAwIiBmaWxsLXJ1bGU9Im5vbnplcm8iLz4KICAgIDwvZz4KPC9zdmc+Cg==&#8221; _builder_version=&#8221;4.8.2&#8243; _module_preset=&#8221;default&#8221;][\/et_pb_image][\/et_pb_column][\/et_pb_row][\/et_pb_section]<\/p>\n","protected":false},"excerpt":{"rendered":"<p>Henki ja el\u00e4m\u00e4 \u2013 luonto toipumisen l\u00e4hteen\u00e4 Henki ja el\u00e4m\u00e4- hankkeen tavoitteena on edist\u00e4\u00e4 ty\u00f6el\u00e4m\u00e4n ulkopuolella olevien mielenterveyskuntoutujien toipumisprosesseja luontoperustaisten\u2013 ja voimaisten sek\u00e4 soveltavan taiteen menetelmien avulla. Hankkeen keski\u00f6ss\u00e4 on pohjoinen luonto ja vuodenkierto. Hankkeessa kehitet\u00e4\u00e4n ja kokeillaan uudenlaisia Green Care\u2013 toimintaan liittyvi\u00e4\u00a0 luonto\u2013 ja taidel\u00e4ht\u00f6isi\u00e4 toimintamalleja yhteisty\u00f6ss\u00e4 yhdistysten ja yritysten kanssa. Hanke toteutetaan Rovaniemen, [&hellip;]<\/p>\n","protected":false},"author":31,"featured_media":0,"parent":0,"menu_order":0,"comment_status":"closed","ping_status":"closed","template":"","meta":{"_et_pb_use_builder":"on","_et_pb_old_content":"","_et_gb_content_width":"","footnotes":""},"class_list":["post-20","page","type-page","status-publish","hentry"],"_links":{"self":[{"href":"https:\/\/blogi.eoppimispalvelut.fi\/henkijaelama\/wp-json\/wp\/v2\/pages\/20","targetHints":{"allow":["GET"]}}],"collection":[{"href":"https:\/\/blogi.eoppimispalvelut.fi\/henkijaelama\/wp-json\/wp\/v2\/pages"}],"about":[{"href":"https:\/\/blogi.eoppimispalvelut.fi\/henkijaelama\/wp-json\/wp\/v2\/types\/page"}],"author":[{"embeddable":true,"href":"https:\/\/blogi.eoppimispalvelut.fi\/henkijaelama\/wp-json\/wp\/v2\/users\/31"}],"replies":[{"embeddable":true,"href":"https:\/\/blogi.eoppimispalvelut.fi\/henkijaelama\/wp-json\/wp\/v2\/comments?post=20"}],"version-history":[{"count":7,"href":"https:\/\/blogi.eoppimispalvelut.fi\/henkijaelama\/wp-json\/wp\/v2\/pages\/20\/revisions"}],"predecessor-version":[{"id":82,"href":"https:\/\/blogi.eoppimispalvelut.fi\/henkijaelama\/wp-json\/wp\/v2\/pages\/20\/revisions\/82"}],"wp:attachment":[{"href":"https:\/\/blogi.eoppimispalvelut.fi\/henkijaelama\/wp-json\/wp\/v2\/media?parent=20"}],"curies":[{"name":"wp","href":"https:\/\/api.w.org\/{rel}","templated":true}]}}