{"id":22,"date":"2021-05-20T13:31:56","date_gmt":"2021-05-20T10:31:56","guid":{"rendered":"https:\/\/blogi.eoppimispalvelut.fi\/henkijaelama\/?page_id=22"},"modified":"2021-06-02T14:46:28","modified_gmt":"2021-06-02T11:46:28","slug":"toteuttajat-ja-yhteystiedot","status":"publish","type":"page","link":"https:\/\/blogi.eoppimispalvelut.fi\/henkijaelama\/toteuttajat-ja-yhteystiedot\/","title":{"rendered":"Toteuttajat ja yhteystiedot"},"content":{"rendered":"<p>[et_pb_section fb_built=&#8221;1&#8243; _builder_version=&#8221;4.8.2&#8243; _module_preset=&#8221;default&#8221; custom_padding=&#8221;||0px|||&#8221;][et_pb_row _builder_version=&#8221;4.8.2&#8243; _module_preset=&#8221;default&#8221;][et_pb_column _builder_version=&#8221;4.8.2&#8243; _module_preset=&#8221;default&#8221; type=&#8221;4_4&#8243;][et_pb_text _builder_version=&#8221;4.8.2&#8243; _module_preset=&#8221;default&#8221; hover_enabled=&#8221;0&#8243; sticky_enabled=&#8221;0&#8243;]<\/p>\n<p>Hanke on yhteisty\u00f6hanke, jossa toimijat kehitt\u00e4v\u00e4t yhdess\u00e4 toimintatapoja ja -malleja sek\u00e4 jakavat ja levitt\u00e4v\u00e4t hankkeessa kehitettyj\u00e4 hyvi\u00e4 k\u00e4yt\u00e4nt\u00f6j\u00e4 ja toimintamalleja uusiin toimintaymp\u00e4rist\u00f6ihin. Hankkeen p\u00e4\u00e4toteuttaja Lapin ammattikorkeakoulu hallinnoi, koordinoi, kehitt\u00e4\u00e4 ja arvioi toimintaa,hankki osatoteuttajia sek\u00e4 tuottaa asiantuntijapalveluita hankkeeseen.<\/p>\n<p>Yhteisty\u00f6hanke mahdollistaa toimijoiden erityisosaamisen ja vahvuuksien esiintulon toiminnan suunnittelussa ja toteuttamisessa. Hankkeessa toimijat oppivat toisiltaan. \u00a0Hankkeen p\u00e4\u00e4toteuttajana toimii Lapin ammattikorkeakoulu. Osatoteuttajina toimivat Mielenvireys ry, ProAgria Oulu ry ja Turkan Ratsurinne Ay.<\/p>\n<p>[\/et_pb_text][\/et_pb_column][\/et_pb_row][\/et_pb_section][et_pb_section fb_built=&#8221;1&#8243; _builder_version=&#8221;4.8.2&#8243; _module_preset=&#8221;default&#8221; custom_padding=&#8221;2px|||||&#8221;][et_pb_row column_structure=&#8221;1_3,1_3,1_3&#8243; _builder_version=&#8221;4.8.2&#8243; _module_preset=&#8221;default&#8221;][et_pb_column type=&#8221;1_3&#8243; _builder_version=&#8221;4.8.2&#8243; _module_preset=&#8221;default&#8221;][et_pb_image src=&#8221;https:\/\/blogi.eoppimispalvelut.fi\/henkijaelama\/files\/2021\/06\/LapinAMK_logo.jpg&#8221; title_text=&#8221;LapinAMK_logo&#8221; _builder_version=&#8221;4.8.2&#8243; _module_preset=&#8221;default&#8221;][\/et_pb_image][et_pb_text _builder_version=&#8221;4.8.2&#8243; _module_preset=&#8221;default&#8221; custom_padding=&#8221;71px|||3px||&#8221;]<\/p>\n<p><strong><a href=\"https:\/\/www.lapinamk.fi\/fi\">Lapin amk<\/a> <br \/><\/strong><\/p>\n<p>Projektip\u00e4\u00e4llikk\u00f6 Sanna Viinonen<\/p>\n<p>sanna.viinonen@lapinamk.fi<\/p>\n<p>puh. +358 44 478 0216<\/p>\n<p>&nbsp;<\/p>\n<p>Projektity\u00f6ntekij\u00e4 Marjukka Rasa<\/p>\n<p>marjukka.rasa@lapinamk.fi<a href=\"mailto:marjukka.rasa@lapinamk.fi\"><\/a><\/p>\n<p>puh. +358 40 619 5882<\/p>\n<p>&nbsp;<\/p>\n<p>Arvioija yliopettaja Leena Viinam\u00e4ki<\/p>\n<p>leena.viinamaki@lapinamk.fi<a href=\"mailto:leena.viinamaki@lapinamk.fi\"><\/a><\/p>\n<p>puh. +358 40 014 2445<\/p>\n<p>[\/et_pb_text][\/et_pb_column][et_pb_column type=&#8221;1_3&#8243; _builder_version=&#8221;4.8.2&#8243; _module_preset=&#8221;default&#8221;][et_pb_image src=&#8221;https:\/\/blogi.eoppimispalvelut.fi\/henkijaelama\/files\/2021\/06\/mielenvireys_logo1.jpg&#8221; title_text=&#8221;mielenvireys_logo%911%93&#8243; _builder_version=&#8221;4.8.2&#8243; _module_preset=&#8221;default&#8221;][\/et_pb_image][et_pb_text _builder_version=&#8221;4.8.2&#8243; _module_preset=&#8221;default&#8221;]<\/p>\n<p><a href=\"https:\/\/mielenvireys.fi\/henkijaelama-hanke\/\"><strong>Mielenvireys ry<\/strong><\/a><\/p>\n<p>Toiminnanjohtaja Aija Syv\u00e4kangas<\/p>\n<p>aija.syvakangas.mielenvireys@gmail.com<\/p>\n<p>puh. + 358 41 454 8261<\/p>\n<p>&nbsp;<\/p>\n<p>Projektity\u00f6ntekij\u00e4 Juha Eskola<\/p>\n<p>juhaeskola.mielenvireys@gmail.com<a href=\"mailto:juhaeskola.mielenvireys@gmail.com\"><\/a><\/p>\n<p>puh. +358 44\u00a0235 4519<\/p>\n<p>&nbsp;<\/p>\n<p>Projektity\u00f6ntekij\u00e4 Tuija Tervaskanto<\/p>\n<p>tuija.tervaskanto.mielenvireys@gmail.com<\/p>\n<p>Puh. +044 236 3219<\/p>\n<p>[\/et_pb_text][\/et_pb_column][et_pb_column type=&#8221;1_3&#8243; _builder_version=&#8221;4.8.2&#8243; _module_preset=&#8221;default&#8221;][et_pb_image src=&#8221;https:\/\/blogi.eoppimispalvelut.fi\/henkijaelama\/files\/2021\/06\/proagria-logo4v.gif&#8221; title_text=&#8221;proagria-logo4v&#8221; _builder_version=&#8221;4.8.2&#8243; _module_preset=&#8221;default&#8221;][\/et_pb_image][et_pb_text _builder_version=&#8221;4.8.2&#8243; _module_preset=&#8221;default&#8221; custom_padding=&#8221;57px|||||&#8221;]<\/p>\n<p><a href=\"https:\/\/www.proagriaoulu.fi\/\"><strong>ProAgria Oulu ry<\/strong><\/a><\/p>\n<p><span>Yritysasiantuntija<\/span> Tuula Kokko<\/p>\n<p>tuula.kokko@maajakotitalousnaiset.fi<a href=\"mailto:tuula.kokko@maajakotitalousnaiset.fi\"><\/a><\/p>\n<p>puh. +358 40 864 4946<\/p>\n<p>&nbsp;<\/p>\n<p>&nbsp;<\/p>\n<p>[\/et_pb_text][et_pb_image src=&#8221;https:\/\/blogi.eoppimispalvelut.fi\/henkijaelama\/files\/2021\/06\/turkan_ratsurinne_logo.jpg&#8221; title_text=&#8221;turkan_ratsurinne_logo&#8221; _builder_version=&#8221;4.8.2&#8243; _module_preset=&#8221;default&#8221;][\/et_pb_image][et_pb_text _builder_version=&#8221;4.8.2&#8243; _module_preset=&#8221;default&#8221;]<\/p>\n<p><a href=\"https:\/\/turkanratsurinne.fi\/\"><strong>Turkan ratsurinne Ay<\/strong><\/a><\/p>\n<p>Projektity\u00f6ntekij\u00e4 Satu Turkka<\/p>\n<p>turkanratsurinne@gmail.com<a href=\"mailto:turkanratsurinne@gmail.com\"><\/a><\/p>\n<p>puh. +358 405536088\u00a0<\/p>\n<p>[\/et_pb_text][\/et_pb_column][\/et_pb_row][\/et_pb_section]<\/p>\n","protected":false},"excerpt":{"rendered":"<p>Hanke on yhteisty\u00f6hanke, jossa toimijat kehitt\u00e4v\u00e4t yhdess\u00e4 toimintatapoja ja -malleja sek\u00e4 jakavat ja levitt\u00e4v\u00e4t hankkeessa kehitettyj\u00e4 hyvi\u00e4 k\u00e4yt\u00e4nt\u00f6j\u00e4 ja toimintamalleja uusiin toimintaymp\u00e4rist\u00f6ihin. Hankkeen p\u00e4\u00e4toteuttaja Lapin ammattikorkeakoulu hallinnoi, koordinoi, kehitt\u00e4\u00e4 ja arvioi toimintaa,hankki osatoteuttajia sek\u00e4 tuottaa asiantuntijapalveluita hankkeeseen. Yhteisty\u00f6hanke mahdollistaa toimijoiden erityisosaamisen ja vahvuuksien esiintulon toiminnan suunnittelussa ja toteuttamisessa. Hankkeessa toimijat oppivat toisiltaan. \u00a0Hankkeen p\u00e4\u00e4toteuttajana toimii [&hellip;]<\/p>\n","protected":false},"author":31,"featured_media":0,"parent":0,"menu_order":0,"comment_status":"closed","ping_status":"closed","template":"","meta":{"_et_pb_use_builder":"on","_et_pb_old_content":"","_et_gb_content_width":"","footnotes":""},"class_list":["post-22","page","type-page","status-publish","hentry"],"_links":{"self":[{"href":"https:\/\/blogi.eoppimispalvelut.fi\/henkijaelama\/wp-json\/wp\/v2\/pages\/22","targetHints":{"allow":["GET"]}}],"collection":[{"href":"https:\/\/blogi.eoppimispalvelut.fi\/henkijaelama\/wp-json\/wp\/v2\/pages"}],"about":[{"href":"https:\/\/blogi.eoppimispalvelut.fi\/henkijaelama\/wp-json\/wp\/v2\/types\/page"}],"author":[{"embeddable":true,"href":"https:\/\/blogi.eoppimispalvelut.fi\/henkijaelama\/wp-json\/wp\/v2\/users\/31"}],"replies":[{"embeddable":true,"href":"https:\/\/blogi.eoppimispalvelut.fi\/henkijaelama\/wp-json\/wp\/v2\/comments?post=22"}],"version-history":[{"count":10,"href":"https:\/\/blogi.eoppimispalvelut.fi\/henkijaelama\/wp-json\/wp\/v2\/pages\/22\/revisions"}],"predecessor-version":[{"id":139,"href":"https:\/\/blogi.eoppimispalvelut.fi\/henkijaelama\/wp-json\/wp\/v2\/pages\/22\/revisions\/139"}],"wp:attachment":[{"href":"https:\/\/blogi.eoppimispalvelut.fi\/henkijaelama\/wp-json\/wp\/v2\/media?parent=22"}],"curies":[{"name":"wp","href":"https:\/\/api.w.org\/{rel}","templated":true}]}}