{"id":24,"date":"2021-05-20T13:32:13","date_gmt":"2021-05-20T10:32:13","guid":{"rendered":"https:\/\/blogi.eoppimispalvelut.fi\/henkijaelama\/?page_id=24"},"modified":"2021-05-24T13:55:42","modified_gmt":"2021-05-24T10:55:42","slug":"yhteistyokumppanit","status":"publish","type":"page","link":"https:\/\/blogi.eoppimispalvelut.fi\/henkijaelama\/yhteistyokumppanit\/","title":{"rendered":"Yhteisty\u00f6kumppanit"},"content":{"rendered":"<p>[et_pb_section fb_built=&#8221;1&#8243; _builder_version=&#8221;4.8.2&#8243; _module_preset=&#8221;default&#8221;][et_pb_row column_structure=&#8221;1_2,1_2&#8243; _builder_version=&#8221;4.8.2&#8243; _module_preset=&#8221;default&#8221;][et_pb_column type=&#8221;1_2&#8243; _builder_version=&#8221;4.8.2&#8243; _module_preset=&#8221;default&#8221;][et_pb_text _builder_version=&#8221;4.8.2&#8243; _module_preset=&#8221;default&#8221;]<\/p>\n<p><strong>Kumppanit<\/strong><\/p>\n<p>Yhteisty\u00f6kumppaneiden rooli hankkeessa on keskeinen. Kumppanuus ja ty\u00f6skentely hankkeen aikana vaihtelee ja rooli sek\u00e4 teht\u00e4v\u00e4t pohditaan yhteisty\u00f6ss\u00e4 kumppanittain hankkeen aikana.\u00a0 Yhteisty\u00f6 rakentuu asiantuntijuudelle ja yhteiskehitt\u00e4miselle.<\/p>\n<p>Osallistujat hankkeeseen rekrytoidaan kumppaneiden toiminnoista ja verkostoista. Kumppanit tiedottavat hankkeesta j\u00e4senilleen ja asiakkailleen, jonka lis\u00e4ksi toimintaa my\u00f6s kohdennetaan sopiville ja halukkaille osallistujaryhmille. Hankkeen toimintamalleja kehitet\u00e4\u00e4n yhteisesti suunnitelleen, toteuttaen ja arvioiden. Hankkeessa mukana Lapin alueella ovat L\u00e4nsi-Pohjan sosiaali- ja terveyspalvelujen ja sairaanhoitopiirin ky,\u00a0 Rovalan Setlementti ry, Rovaniemen Neuvokas \u2013 Rovaniemen kansalaistalo, Tornion Asuntopalvelus\u00e4\u00e4ti\u00f6 sr sek\u00e4 Yhdess\u00e4 ry. Oulun seudulla kumppaneita ovat Oulun kaupunki, joka my\u00f6s osin rahoittaa hanketta sek\u00e4 Oulun A-kilta ry\u00a0 ja Luonnonvarakeskus &#8211; Luke.<\/p>\n<p>&nbsp;<\/p>\n<p>[\/et_pb_text][\/et_pb_column][et_pb_column type=&#8221;1_2&#8243; _builder_version=&#8221;4.8.2&#8243; _module_preset=&#8221;default&#8221;][et_pb_image title_text=&#8221;Lotta Talvensaari _kuva1&#8243; _builder_version=&#8221;4.8.2&#8243; _module_preset=&#8221;default&#8221;][\/et_pb_image][\/et_pb_column][\/et_pb_row][\/et_pb_section]<\/p>\n","protected":false},"excerpt":{"rendered":"<p>Kumppanit Yhteisty\u00f6kumppaneiden rooli hankkeessa on keskeinen. Kumppanuus ja ty\u00f6skentely hankkeen aikana vaihtelee ja rooli sek\u00e4 teht\u00e4v\u00e4t pohditaan yhteisty\u00f6ss\u00e4 kumppanittain hankkeen aikana.\u00a0 Yhteisty\u00f6 rakentuu asiantuntijuudelle ja yhteiskehitt\u00e4miselle. Osallistujat hankkeeseen rekrytoidaan kumppaneiden toiminnoista ja verkostoista. Kumppanit tiedottavat hankkeesta j\u00e4senilleen ja asiakkailleen, jonka lis\u00e4ksi toimintaa my\u00f6s kohdennetaan sopiville ja halukkaille osallistujaryhmille. Hankkeen toimintamalleja kehitet\u00e4\u00e4n yhteisesti suunnitelleen, toteuttaen ja [&hellip;]<\/p>\n","protected":false},"author":31,"featured_media":0,"parent":0,"menu_order":0,"comment_status":"closed","ping_status":"closed","template":"","meta":{"_et_pb_use_builder":"on","_et_pb_old_content":"","_et_gb_content_width":"","footnotes":""},"class_list":["post-24","page","type-page","status-publish","hentry"],"_links":{"self":[{"href":"https:\/\/blogi.eoppimispalvelut.fi\/henkijaelama\/wp-json\/wp\/v2\/pages\/24","targetHints":{"allow":["GET"]}}],"collection":[{"href":"https:\/\/blogi.eoppimispalvelut.fi\/henkijaelama\/wp-json\/wp\/v2\/pages"}],"about":[{"href":"https:\/\/blogi.eoppimispalvelut.fi\/henkijaelama\/wp-json\/wp\/v2\/types\/page"}],"author":[{"embeddable":true,"href":"https:\/\/blogi.eoppimispalvelut.fi\/henkijaelama\/wp-json\/wp\/v2\/users\/31"}],"replies":[{"embeddable":true,"href":"https:\/\/blogi.eoppimispalvelut.fi\/henkijaelama\/wp-json\/wp\/v2\/comments?post=24"}],"version-history":[{"count":5,"href":"https:\/\/blogi.eoppimispalvelut.fi\/henkijaelama\/wp-json\/wp\/v2\/pages\/24\/revisions"}],"predecessor-version":[{"id":77,"href":"https:\/\/blogi.eoppimispalvelut.fi\/henkijaelama\/wp-json\/wp\/v2\/pages\/24\/revisions\/77"}],"wp:attachment":[{"href":"https:\/\/blogi.eoppimispalvelut.fi\/henkijaelama\/wp-json\/wp\/v2\/media?parent=24"}],"curies":[{"name":"wp","href":"https:\/\/api.w.org\/{rel}","templated":true}]}}