{"id":26,"date":"2021-05-20T13:32:24","date_gmt":"2021-05-20T10:32:24","guid":{"rendered":"https:\/\/blogi.eoppimispalvelut.fi\/henkijaelama\/?page_id=26"},"modified":"2021-05-30T16:04:20","modified_gmt":"2021-05-30T13:04:20","slug":"opiskelijalle","status":"publish","type":"page","link":"https:\/\/blogi.eoppimispalvelut.fi\/henkijaelama\/opiskelijalle\/","title":{"rendered":"Opiskelijalle"},"content":{"rendered":"<p>[et_pb_section fb_built=&#8221;1&#8243; _builder_version=&#8221;4.8.2&#8243; _module_preset=&#8221;default&#8221;][et_pb_row _builder_version=&#8221;4.8.2&#8243; _module_preset=&#8221;default&#8221;][et_pb_column _builder_version=&#8221;4.8.2&#8243; _module_preset=&#8221;default&#8221; type=&#8221;4_4&#8243;][et_pb_text _builder_version=&#8221;4.8.2&#8243; _module_preset=&#8221;default&#8221; hover_enabled=&#8221;0&#8243; sticky_enabled=&#8221;0&#8243;]<\/p>\n<p><strong>Hankety\u00f6 on opiskelijalle hyv\u00e4 mahdollisuus laajentaa n\u00e4k\u00f6kulmaa<\/strong><\/p>\n<p>&nbsp;<\/p>\n<p>Henki ja el\u00e4m\u00e4- hankkeessa toteutetaan tutkimus-, kehitys- ja innovaatiotoimintaa Euroopan sosiaalirahaston toimintalinjan viisi mukaisesti. P\u00e4\u00e4m\u00e4\u00e4r\u00e4n\u00e4 on kansalaisten sosiaalisen osallisuuden tukeminen sek\u00e4 k\u00f6yhyyden torjuminen.<\/p>\n<p>Opiskelijalla on mahdollista kehitt\u00e4\u00e4 omaan asiantuntijuuttaan hankkeen monipuolisissa toiminnoissa yhteisty\u00f6ss\u00e4 ty\u00f6el\u00e4m\u00e4n kanssa. Erityisesti hankkeeseen kannattaa hakeutua, mik\u00e4li kuntoutus, mielenterveysty\u00f6 ja toiminnalliset menetelm\u00e4t kiinnostavat sinua. Eri alojen opiskelijat ovat tervetulleita hankkeeseemme.<\/p>\n<p>Mik\u00e4li kiinnostuit, ole rohkeasti yhteydess\u00e4 projektip\u00e4\u00e4llikk\u00f6 Sanna Viinoseen <a href=\"mailto:sanna.viinonen@lapinamk.fi\">sanna.viinonen@lapinamk.fi<\/a>\u00a0.\u00a0<span style=\"font-size: 14px\">Kerro viestiss\u00e4si miss\u00e4 ja mit\u00e4 opiskelet, miss\u00e4 vaiheessa opintojasi olisit tulossa hankkeeseen ja millainen hankety\u00f6 sinua kiinnostaa.\u00a0<\/span><\/p>\n<p>[\/et_pb_text][\/et_pb_column][\/et_pb_row][\/et_pb_section][et_pb_section fb_built=&#8221;1&#8243; _builder_version=&#8221;4.8.2&#8243; _module_preset=&#8221;default&#8221;][et_pb_row _builder_version=&#8221;4.8.2&#8243; _module_preset=&#8221;default&#8221; column_structure=&#8221;1_2,1_2&#8243;][et_pb_column _builder_version=&#8221;4.8.2&#8243; _module_preset=&#8221;default&#8221; type=&#8221;1_2&#8243;][et_pb_image src=&#8221;https:\/\/blogi.eoppimispalvelut.fi\/henkijaelama\/files\/2021\/05\/luminenpuu_pexels-artem-podrez-scaled.jpg&#8221; _builder_version=&#8221;4.8.2&#8243; _module_preset=&#8221;default&#8221; title_text=&#8221;luminenpuu_pexels-artem-podrez&#8221; hover_enabled=&#8221;0&#8243; sticky_enabled=&#8221;0&#8243;][\/et_pb_image][\/et_pb_column][et_pb_column _builder_version=&#8221;4.8.2&#8243; _module_preset=&#8221;default&#8221; type=&#8221;1_2&#8243;][et_pb_text _builder_version=&#8221;4.8.2&#8243; _module_preset=&#8221;default&#8221; hover_enabled=&#8221;0&#8243; sticky_enabled=&#8221;0&#8243;]<\/p>\n<p><strong>Harjoittelupaikka haussa? <\/strong><\/p>\n<p>Hankkeessa opiskelija voi vahvistaa laajasti ja monipuolisesti osaamistaan sosiaalialalla ja hankety\u00f6ss\u00e4. Opiskelijalla on mahdollisuus tutustua j\u00e4rjest\u00f6kentt\u00e4\u00e4n, palveluntuottajiin ja toiminnallisiin ty\u00f6menetelmiin kattavasti luontoperustaisten menetelmien ja soveltavan taiteen parissa. Teht\u00e4v\u00e4t ja harjoittelun sis\u00e4lt\u00f6 suunnitellaan opiskelijakohtaisesti ennakkoon, jolloin harjoittelun sis\u00e4lt\u00f6 voi vaihdella riippuen hankkeessa k\u00e4ynniss\u00e4 olevista toiminnoista.<\/p>\n<p>[\/et_pb_text][\/et_pb_column][\/et_pb_row][et_pb_row _builder_version=&#8221;4.8.2&#8243; _module_preset=&#8221;default&#8221; column_structure=&#8221;3_5,2_5&#8243;][et_pb_column _builder_version=&#8221;4.8.2&#8243; _module_preset=&#8221;default&#8221; type=&#8221;3_5&#8243;][et_pb_text _builder_version=&#8221;4.8.2&#8243; _module_preset=&#8221;default&#8221; hover_enabled=&#8221;0&#8243; sticky_enabled=&#8221;0&#8243;]<\/p>\n<p><strong>Opinn\u00e4ytety\u00f6 edess\u00e4?<\/strong><\/p>\n<p>Tarjoamme hankkeessa monipuolisia mahdollisuuksia eri tavoin toteutetuille opinn\u00e4ytet\u00f6ille. Opinn\u00e4ytety\u00f6si voi\u00a0 olla esimerkiksi kirjallisuuskatsaus eri aihepiireist\u00e4 hankkeen parista. Voit my\u00f6s valmistautua toiminnalliseen opinn\u00e4ytety\u00f6h\u00f6n liittyen hankkeen toimintamallien luomiseen, erilaiseen ryhm\u00e4toimintaan tai ty\u00f6menetelm\u00e4\u00e4n kuten esimerkiksi avoimet toimintap\u00e4iv\u00e4t, sosiaalinen puutarhatoiminta, el\u00e4inavusteiset menetelm\u00e4t ja erilaiset ty\u00f6pajat. Voit perehty\u00e4 luontoperustaisiin menetelmiin tai sosiaalipedagogiseen ty\u00f6otteeseen k\u00e4yt\u00e4nn\u00f6ss\u00e4.<\/p>\n<p>[\/et_pb_text][\/et_pb_column][et_pb_column _builder_version=&#8221;4.8.2&#8243; _module_preset=&#8221;default&#8221; type=&#8221;2_5&#8243;][et_pb_image src=&#8221;https:\/\/blogi.eoppimispalvelut.fi\/henkijaelama\/files\/2021\/05\/pexels_cottonbro_lampaat-scaled.jpg&#8221; _builder_version=&#8221;4.8.2&#8243; _module_preset=&#8221;default&#8221; title_text=&#8221;pexels_cottonbro_lampaat&#8221; hover_enabled=&#8221;0&#8243; sticky_enabled=&#8221;0&#8243;][\/et_pb_image][\/et_pb_column][\/et_pb_row][\/et_pb_section][et_pb_section fb_built=&#8221;1&#8243; _builder_version=&#8221;4.8.2&#8243; _module_preset=&#8221;default&#8221;][et_pb_row _builder_version=&#8221;4.8.2&#8243; _module_preset=&#8221;default&#8221; column_structure=&#8221;1_2,1_2&#8243;][et_pb_column _builder_version=&#8221;4.8.2&#8243; _module_preset=&#8221;default&#8221; type=&#8221;1_2&#8243;][et_pb_image src=&#8221;https:\/\/blogi.eoppimispalvelut.fi\/henkijaelama\/files\/2021\/05\/mutkat-scaled.jpg&#8221; _builder_version=&#8221;4.8.2&#8243; _module_preset=&#8221;default&#8221; title_text=&#8221;mutkat&#8221; hover_enabled=&#8221;0&#8243; sticky_enabled=&#8221;0&#8243;][\/et_pb_image][\/et_pb_column][et_pb_column _builder_version=&#8221;4.8.2&#8243; _module_preset=&#8221;default&#8221; type=&#8221;1_2&#8243;][et_pb_text _builder_version=&#8221;4.8.2&#8243; _module_preset=&#8221;default&#8221; hover_enabled=&#8221;0&#8243; sticky_enabled=&#8221;0&#8243;]<\/p>\n<p><strong>Opintojakson vaihtoehtoiset suoritustavat pohdinnassa?<\/strong><\/p>\n<p>Opintojaksojen suorittaminen hankkeessa yksil\u00f6llisen suunnitelman mukaisesti on mahdollista. Hankkeessamme on tehty muun muassa projektiosaamisen 5 opintopisteen kokonaisuutta, joka soveltuu hyvin eri alojen opiskelijoille. My\u00f6s toiminnallisten ja taidel\u00e4ht\u00f6isten ty\u00f6menetelmien tai asiakasty\u00f6n opinnot sek\u00e4 sosiaalipedagogiikan aihealueet laajasti soveltuvat hyvin hankkeessa teht\u00e4viksi kokonaisuuksiksi.\u00a0<\/p>\n<p>[\/et_pb_text][\/et_pb_column][\/et_pb_row][\/et_pb_section]<\/p>\n","protected":false},"excerpt":{"rendered":"<p>Hankety\u00f6 on opiskelijalle hyv\u00e4 mahdollisuus laajentaa n\u00e4k\u00f6kulmaa &nbsp; Henki ja el\u00e4m\u00e4- hankkeessa toteutetaan tutkimus-, kehitys- ja innovaatiotoimintaa Euroopan sosiaalirahaston toimintalinjan viisi mukaisesti. P\u00e4\u00e4m\u00e4\u00e4r\u00e4n\u00e4 on kansalaisten sosiaalisen osallisuuden tukeminen sek\u00e4 k\u00f6yhyyden torjuminen. Opiskelijalla on mahdollista kehitt\u00e4\u00e4 omaan asiantuntijuuttaan hankkeen monipuolisissa toiminnoissa yhteisty\u00f6ss\u00e4 ty\u00f6el\u00e4m\u00e4n kanssa. Erityisesti hankkeeseen kannattaa hakeutua, mik\u00e4li kuntoutus, mielenterveysty\u00f6 ja toiminnalliset menetelm\u00e4t kiinnostavat sinua. [&hellip;]<\/p>\n","protected":false},"author":31,"featured_media":0,"parent":0,"menu_order":0,"comment_status":"closed","ping_status":"closed","template":"","meta":{"_et_pb_use_builder":"on","_et_pb_old_content":"","_et_gb_content_width":"","footnotes":""},"class_list":["post-26","page","type-page","status-publish","hentry"],"_links":{"self":[{"href":"https:\/\/blogi.eoppimispalvelut.fi\/henkijaelama\/wp-json\/wp\/v2\/pages\/26","targetHints":{"allow":["GET"]}}],"collection":[{"href":"https:\/\/blogi.eoppimispalvelut.fi\/henkijaelama\/wp-json\/wp\/v2\/pages"}],"about":[{"href":"https:\/\/blogi.eoppimispalvelut.fi\/henkijaelama\/wp-json\/wp\/v2\/types\/page"}],"author":[{"embeddable":true,"href":"https:\/\/blogi.eoppimispalvelut.fi\/henkijaelama\/wp-json\/wp\/v2\/users\/31"}],"replies":[{"embeddable":true,"href":"https:\/\/blogi.eoppimispalvelut.fi\/henkijaelama\/wp-json\/wp\/v2\/comments?post=26"}],"version-history":[{"count":6,"href":"https:\/\/blogi.eoppimispalvelut.fi\/henkijaelama\/wp-json\/wp\/v2\/pages\/26\/revisions"}],"predecessor-version":[{"id":95,"href":"https:\/\/blogi.eoppimispalvelut.fi\/henkijaelama\/wp-json\/wp\/v2\/pages\/26\/revisions\/95"}],"wp:attachment":[{"href":"https:\/\/blogi.eoppimispalvelut.fi\/henkijaelama\/wp-json\/wp\/v2\/media?parent=26"}],"curies":[{"name":"wp","href":"https:\/\/api.w.org\/{rel}","templated":true}]}}