{"id":40,"date":"2021-05-20T13:36:32","date_gmt":"2021-05-20T10:36:32","guid":{"rendered":"https:\/\/blogi.eoppimispalvelut.fi\/henkijaelama\/?page_id=40"},"modified":"2021-10-17T08:34:09","modified_gmt":"2021-10-17T05:34:09","slug":"testisivu","status":"publish","type":"page","link":"https:\/\/blogi.eoppimispalvelut.fi\/henkijaelama\/testisivu\/","title":{"rendered":"Toiminta ja julkaisut"},"content":{"rendered":"<p>[et_pb_section fb_built=&#8221;1&#8243; _builder_version=&#8221;4.8.2&#8243; _module_preset=&#8221;default&#8221;][et_pb_row column_structure=&#8221;1_2,1_2&#8243; _builder_version=&#8221;4.8.2&#8243; _module_preset=&#8221;default&#8221;][et_pb_column type=&#8221;1_2&#8243; _builder_version=&#8221;4.8.2&#8243; _module_preset=&#8221;default&#8221;][et_pb_text _builder_version=&#8221;4.8.2&#8243; _module_preset=&#8221;default&#8221;]<\/p>\n<p><strong>RYHM\u00c4TOIMINNAT<\/strong><\/p>\n<p>\u00a0<span style=\"font-size: 14px\">Hankkeessa j\u00e4rjestet\u00e4\u00e4n ty\u00f6el\u00e4m\u00e4n ulkopuolella oleville ja ty\u00f6tt\u00f6mille\u00a0 mielenterveyskuntoutujille toiminnallisia ryhmi\u00e4. Ryhmiss\u00e4 hy\u00f6dynnet\u00e4\u00e4n luontoperusteisia ja soveltavan taiteen menetelmi\u00e4. Ryhm\u00e4t toimivat Oulun, Rovaniemen ja Kemin seutukunnissa ymp\u00e4ri vuoden.<\/span><\/p>\n<p>Mik\u00e4li kiinnostuit ja pohdit ryhmien soveltumista itsellesi, asiakkaallesi tai l\u00e4heisellesi, ota yhteytt\u00e4 hankehenkil\u00f6kuntaan. Ryhm\u00e4\u00e4n osallistuminen on osallistujille maksutonta.<\/p>\n<p>&nbsp;<\/p>\n<p><strong>ILMOITTAUTUMINEN AUKI:\u00a0<\/strong><\/p>\n<p>Talliryhm\u00e4, T:mi Minna Kreivi Keminmaan Ratsastuskeskus:\u00a0<\/p>\n<p>12.10.21 klo 10.00 &#8211; 14.00\u00a0<\/p>\n<p>14.12.21 klo 10.00-14.00\u00a0<\/p>\n<p>11.1.22 klo 10.00-14.00\u00a0<\/p>\n<p>&nbsp;<\/p>\n<p>Ota yhteys: <a href=\"mailto:Sanna.viinonen@lapinamk.fi\">Sanna.viinonen@lapinamk.fi<\/a>\u00a0tai 044 478 0216<\/p>\n<p>&nbsp;<\/p>\n<p>&nbsp;<\/p>\n<p><strong><\/strong><\/p>\n<p><strong><\/strong><\/p>\n<p><strong><\/strong><\/p>\n<p>&nbsp;<\/p>\n<p>[\/et_pb_text][\/et_pb_column][et_pb_column type=&#8221;1_2&#8243; _builder_version=&#8221;4.8.2&#8243; _module_preset=&#8221;default&#8221;][et_pb_image src=&#8221;https:\/\/blogi.eoppimispalvelut.fi\/henkijaelama\/files\/2021\/09\/vakka_hevonen.jpg&#8221; _builder_version=&#8221;4.8.2&#8243; _module_preset=&#8221;default&#8221; title_text=&#8221;vakka_hevonen&#8221; hover_enabled=&#8221;0&#8243; sticky_enabled=&#8221;0&#8243; custom_margin=&#8221;||79px|||&#8221;][\/et_pb_image][\/et_pb_column][\/et_pb_row][et_pb_row _builder_version=&#8221;4.8.2&#8243; _module_preset=&#8221;default&#8221;][et_pb_column _builder_version=&#8221;4.8.2&#8243; _module_preset=&#8221;default&#8221; type=&#8221;4_4&#8243;][et_pb_text _builder_version=&#8221;4.8.2&#8243; _module_preset=&#8221;default&#8221; hover_enabled=&#8221;0&#8243; sticky_enabled=&#8221;0&#8243;]<\/p>\n<p><strong>\u00a0<\/strong><\/p>\n<p><strong>\u00a0<\/strong><\/p>\n<p><strong>Seminaari 10.11.2021 klo 8.30 &#8211; 11.30:\u00a0<\/strong><strong>Pohjoiset mielenmaisemat voimavarana &#8211; Tutkittua ja koettua maisemasta ja paikasta<\/strong><\/p>\n<p>Henki ja el\u00e4m\u00e4 -luonto toipumisen l\u00e4hteen\u00e4 -hankkeen seminaari j\u00e4rjestet\u00e4\u00e4n Teams-yhteydell\u00e4 10.11.21 klo 8.30 &#8211; 11.30. Toivotamme tervetulleeksi kaikki aihepiirist\u00e4mme ja teemoistamme kiinnostuneet. Ilmoittaudu t\u00e4st\u00e4 <a href=\"https:\/\/link.webropolsurveys.com\/EP\/ECBA2D8A2DF5509F\">https:\/\/link.webropolsurveys.com\/EP\/ECBA2D8A2DF5509F<\/a><\/p>\n<p>Seminaarin teema on pohjoinen maisema ja paikan henki. K\u00e4sittelemme sosiaalipedagogista n\u00e4k\u00f6kulmaa sek\u00e4 kulttuurin ja taiteen mahdollisuuksia hyvinvoinnin tukena pohjoisissa maisemissa. Tarkastelemme paikkaa, maisemaa ja niiden merkityst\u00e4 ja estetiikkaa elettyn\u00e4, koettuna ja kerrottuna ihmiselle sek\u00e4 h\u00e4nen hyvinvoinnilleen.<\/p>\n<p>&nbsp;<\/p>\n<p><strong>8.30-8.40\u00a0\u00a0\u00a0\u00a0 Tervetuloa! <\/strong>Projektip\u00e4\u00e4llikk\u00f6 Sanna Viinonen<\/p>\n<p><strong>8.40-9.10\u00a0\u00a0\u00a0\u00a0 Emansipoitumista pohjoisen maisemissa sosiaalipedagogiikan keinoin,<\/strong> YTM Voitto Kuosmanen<\/p>\n<p><strong>9.15-9.45\u00a0\u00a0\u00a0\u00a0 Taiteen ja kulttuurin merkitys hyvinvoinnille, <\/strong>TaM V\u00e4it\u00f6skirjatutkija, Niina Oinas<\/p>\n<p>10.00-10.30 Mielenterveyden ja<strong> psyykkisen hyvinvoinnin n\u00e4k\u00f6kulma paikkaan, maisemaan ja kokemuksiin niist\u00e4, <\/strong>FT, KL, PsK Timo Latomaa ja PsM Jussi Tukiainen<\/p>\n<p><strong>10.40-11.20 Luonnon esteettinen kokeminen ja esteettinen hyvinvointi, <\/strong>FM v\u00e4it\u00f6skirjatutkija Tarja Rannisto<\/p>\n<p><strong>-11.30\u00a0\u00a0\u00a0\u00a0\u00a0\u00a0\u00a0\u00a0\u00a0 Tavataan uudelleen! <\/strong><\/p>\n<p><strong>\u00a0<\/strong><\/p>\n<p>Seminaari on osallistujille maksuton. Se on osa ESR-rahoitteista Henki ja el\u00e4m\u00e4 \u2013 luonto toipumisen l\u00e4hteen\u00e4 -hanketta, jonka yhten\u00e4 ajatuksena kehitt\u00e4\u00e4 ja kokeilla uusia luontoperustaisen toiminnan ty\u00f6skentelytapoja sek\u00e4 luoda maatila- ja luontopalveluyritt\u00e4jille uudenlaisia toimeentulomahdollisuuksia luontoperustaisiin menetelmiin liittyen.<\/p>\n<p>[\/et_pb_text][\/et_pb_column][\/et_pb_row][\/et_pb_section]<\/p>\n","protected":false},"excerpt":{"rendered":"<p>RYHM\u00c4TOIMINNAT \u00a0Hankkeessa j\u00e4rjestet\u00e4\u00e4n ty\u00f6el\u00e4m\u00e4n ulkopuolella oleville ja ty\u00f6tt\u00f6mille\u00a0 mielenterveyskuntoutujille toiminnallisia ryhmi\u00e4. Ryhmiss\u00e4 hy\u00f6dynnet\u00e4\u00e4n luontoperusteisia ja soveltavan taiteen menetelmi\u00e4. Ryhm\u00e4t toimivat Oulun, Rovaniemen ja Kemin seutukunnissa ymp\u00e4ri vuoden. Mik\u00e4li kiinnostuit ja pohdit ryhmien soveltumista itsellesi, asiakkaallesi tai l\u00e4heisellesi, ota yhteytt\u00e4 hankehenkil\u00f6kuntaan. Ryhm\u00e4\u00e4n osallistuminen on osallistujille maksutonta. &nbsp; ILMOITTAUTUMINEN AUKI:\u00a0 Talliryhm\u00e4, T:mi Minna Kreivi Keminmaan Ratsastuskeskus:\u00a0 12.10.21 [&hellip;]<\/p>\n","protected":false},"author":31,"featured_media":0,"parent":0,"menu_order":0,"comment_status":"closed","ping_status":"closed","template":"","meta":{"_et_pb_use_builder":"on","_et_pb_old_content":"","_et_gb_content_width":"","footnotes":""},"class_list":["post-40","page","type-page","status-publish","hentry"],"_links":{"self":[{"href":"https:\/\/blogi.eoppimispalvelut.fi\/henkijaelama\/wp-json\/wp\/v2\/pages\/40","targetHints":{"allow":["GET"]}}],"collection":[{"href":"https:\/\/blogi.eoppimispalvelut.fi\/henkijaelama\/wp-json\/wp\/v2\/pages"}],"about":[{"href":"https:\/\/blogi.eoppimispalvelut.fi\/henkijaelama\/wp-json\/wp\/v2\/types\/page"}],"author":[{"embeddable":true,"href":"https:\/\/blogi.eoppimispalvelut.fi\/henkijaelama\/wp-json\/wp\/v2\/users\/31"}],"replies":[{"embeddable":true,"href":"https:\/\/blogi.eoppimispalvelut.fi\/henkijaelama\/wp-json\/wp\/v2\/comments?post=40"}],"version-history":[{"count":18,"href":"https:\/\/blogi.eoppimispalvelut.fi\/henkijaelama\/wp-json\/wp\/v2\/pages\/40\/revisions"}],"predecessor-version":[{"id":178,"href":"https:\/\/blogi.eoppimispalvelut.fi\/henkijaelama\/wp-json\/wp\/v2\/pages\/40\/revisions\/178"}],"wp:attachment":[{"href":"https:\/\/blogi.eoppimispalvelut.fi\/henkijaelama\/wp-json\/wp\/v2\/media?parent=40"}],"curies":[{"name":"wp","href":"https:\/\/api.w.org\/{rel}","templated":true}]}}