{"id":10,"date":"2022-11-22T09:39:22","date_gmt":"2022-11-22T07:39:22","guid":{"rendered":"https:\/\/blogi.eoppimispalvelut.fi\/hennylis\/?page_id=10"},"modified":"2023-02-23T09:39:05","modified_gmt":"2023-02-23T07:39:05","slug":"yrityksemme","status":"publish","type":"page","link":"https:\/\/blogi.eoppimispalvelut.fi\/hennylis\/yrityksemme\/","title":{"rendered":"Yrityksemme"},"content":{"rendered":"\n<p>Rovalarm Opy on vuonna 2022 perustettu vartiointi- ja turvallisuusalan yritys Napalaaksossa.<\/p>\n\n\n\n<figure class=\"wp-block-image size-full is-resized\"><img loading=\"lazy\" decoding=\"async\" src=\"https:\/\/blogi.eoppimispalvelut.fi\/hennylis\/files\/2022\/11\/cropped-cropped-image.png\" alt=\"\" class=\"wp-image-60\" width=\"271\" height=\"271\" srcset=\"https:\/\/blogi.eoppimispalvelut.fi\/hennylis\/files\/2022\/11\/cropped-cropped-image.png 250w, https:\/\/blogi.eoppimispalvelut.fi\/hennylis\/files\/2022\/11\/cropped-cropped-image-150x150.png 150w, https:\/\/blogi.eoppimispalvelut.fi\/hennylis\/files\/2022\/11\/cropped-cropped-image-100x100.png 100w\" sizes=\"auto, (max-width: 271px) 100vw, 271px\" \/><\/figure>\n\n\n\n<p>Palveluitamme ovat: <\/p>\n\n\n\n<ul class=\"wp-block-list\">\n<li>Turvallisuuspaketit<\/li>\n\n\n\n<li>Vartiointikierrokset<\/li>\n\n\n\n<li>Erilaiset kurssit<\/li>\n<\/ul>\n\n\n\n<p>Lis\u00e4\u00e4 tietoa l\u00f6yd\u00e4t sivujen tuotteemme- v\u00e4lilehdelt\u00e4. <\/p>\n\n\n\n<p><\/p>\n\n\n\n<p><strong>HENKIL\u00d6ST\u00d6:<\/strong><\/p>\n\n\n\n<p>Toimitusjohtaja: Joona Ihalainen<\/p>\n\n\n\n<p>Myynti- ja markkinointitiimi: Antti Lepoj\u00e4rvi, Miska Malkam\u00e4ki, Jutta H\u00e4m\u00e4l\u00e4inen<\/p>\n\n\n\n<p>Hankintatiimi: Anna-Elina Saraj\u00e4rvi, Merette Sormunen , Meri Ilvesluoto<\/p>\n\n\n\n<p>Taloustiimi: Joshua Waaraniemi, Henna Ylisaukko-oja, Olivia Huhta<\/p>\n","protected":false},"excerpt":{"rendered":"<p>Rovalarm Opy on vuonna 2022 perustettu vartiointi- ja turvallisuusalan yritys Napalaaksossa. Palveluitamme ovat: Lis\u00e4\u00e4 tietoa l\u00f6yd\u00e4t sivujen tuotteemme- v\u00e4lilehdelt\u00e4. HENKIL\u00d6ST\u00d6: Toimitusjohtaja: Joona Ihalainen Myynti- ja markkinointitiimi: Antti Lepoj\u00e4rvi, Miska Malkam\u00e4ki, Jutta H\u00e4m\u00e4l\u00e4inen Hankintatiimi: Anna-Elina Saraj\u00e4rvi, Merette Sormunen , Meri Ilvesluoto Taloustiimi: Joshua Waaraniemi, Henna Ylisaukko-oja, Olivia Huhta<\/p>\n","protected":false},"author":20788,"featured_media":0,"parent":0,"menu_order":0,"comment_status":"closed","ping_status":"closed","template":"","meta":{"footnotes":""},"class_list":["post-10","page","type-page","status-publish","hentry"],"_links":{"self":[{"href":"https:\/\/blogi.eoppimispalvelut.fi\/hennylis\/wp-json\/wp\/v2\/pages\/10","targetHints":{"allow":["GET"]}}],"collection":[{"href":"https:\/\/blogi.eoppimispalvelut.fi\/hennylis\/wp-json\/wp\/v2\/pages"}],"about":[{"href":"https:\/\/blogi.eoppimispalvelut.fi\/hennylis\/wp-json\/wp\/v2\/types\/page"}],"author":[{"embeddable":true,"href":"https:\/\/blogi.eoppimispalvelut.fi\/hennylis\/wp-json\/wp\/v2\/users\/20788"}],"replies":[{"embeddable":true,"href":"https:\/\/blogi.eoppimispalvelut.fi\/hennylis\/wp-json\/wp\/v2\/comments?post=10"}],"version-history":[{"count":14,"href":"https:\/\/blogi.eoppimispalvelut.fi\/hennylis\/wp-json\/wp\/v2\/pages\/10\/revisions"}],"predecessor-version":[{"id":170,"href":"https:\/\/blogi.eoppimispalvelut.fi\/hennylis\/wp-json\/wp\/v2\/pages\/10\/revisions\/170"}],"wp:attachment":[{"href":"https:\/\/blogi.eoppimispalvelut.fi\/hennylis\/wp-json\/wp\/v2\/media?parent=10"}],"curies":[{"name":"wp","href":"https:\/\/api.w.org\/{rel}","templated":true}]}}