{"id":139,"date":"2022-12-01T13:25:16","date_gmt":"2022-12-01T11:25:16","guid":{"rendered":"https:\/\/blogi.eoppimispalvelut.fi\/hennylis\/?page_id=139"},"modified":"2023-04-19T13:45:37","modified_gmt":"2023-04-19T10:45:37","slug":"tuotteemme","status":"publish","type":"page","link":"https:\/\/blogi.eoppimispalvelut.fi\/hennylis\/tuotteemme\/","title":{"rendered":"Tuotteemme"},"content":{"rendered":"\n<p><a href=\"https:\/\/blogi.eoppimispalvelut.fi\/hennylis\/2022\/11\/25\/hello-world\/\">Tuotteet ja hinnasto<\/a><\/p>\n\n\n\n<p><\/p>\n\n\n\n<p>Yrityksemme myy turvallisuusalan tuotteita ja palveluita esimerkiksi monipuolisia turvallisuuspaketteja, joihin sis\u00e4ltyy valvontakameroita ja varash\u00e4lyttimi\u00e4. Tarjoamme my\u00f6s erilaisia kursseja.&nbsp;<\/p>\n\n\n\n<p><strong>Kulunvalvontapaketti (549\u20ac + ALV 24%)<\/strong><\/p>\n\n\n\n<p>Kulunvalvontalaite + 5 kpl kulunvalvontakortteja<\/p>\n\n\n\n<p><strong>Ensiapu- ja paloturvallisuuspaketti (495\u20ac + ALV 24%)<\/strong>:<\/p>\n\n\n\n<div class=\"wp-block-group\"><div class=\"wp-block-group__inner-container is-layout-constrained wp-block-group-is-layout-constrained\">\n<p>Ensiapuasema<\/p>\n\n\n\n<p>2x Jauhesammutin<\/p>\n\n\n\n<p>Sammutuspeite<\/p>\n\n\n\n<p>2x Poistumisreittikyltti<\/p>\n<\/div><\/div>\n\n\n\n<p><strong>Vartiointikierrokset:&nbsp;<\/strong><\/p>\n\n\n\n<ul class=\"wp-block-list\">\n<li>1 krt\/vrk oma seuranta, 589\u20ac\/kk&nbsp;(+ ALV 24 %)<\/li>\n\n\n\n<li>2 krt\/vrk + h\u00e4lytysp\u00e4ivystys 24\/7 889\u20ac\/kk&nbsp;(+ALV 24%)<\/li>\n<\/ul>\n\n\n\n<p>V\u00e4\u00e4r\u00e4 h\u00e4lytys 500\u20ac (+ALV 24%)<\/p>\n\n\n\n<p><strong><em>Koulutukset\/kurssit:&nbsp;<\/em><\/strong><\/p>\n\n\n\n<ul class=\"wp-block-list\">\n<li>Ensiapukurssi 60\u20ac\/ hl\u00f6 (+alv 24%)<\/li>\n\n\n\n<li>ty\u00f6turvallisuuskorttikurssi 80\u20ac\/hl\u00f6 (+ALV 24%)<\/li>\n\n\n\n<li>palo- ja turvallisuuskurssi 120\u20ac\/ hl\u00f6 (+ALV 24%)<\/li>\n<\/ul>\n\n\n\n<p><strong><em>Turvallisuuspaketit:<\/em><\/strong><\/p>\n\n\n\n<p><em>Basic safety:&nbsp;<\/em><\/p>\n\n\n\n<p>alk. 2499\u20ac (+ALV 24%) kertamaksu&nbsp;<\/p>\n\n\n<ul>\n<li style=\"text-indent: -18pt\"><span style=\"font-family: Symbol\"><span><span style=\"font: 7.0pt 'Times New Roman'\">&nbsp; &nbsp; &nbsp; &nbsp; <\/span><\/span><\/span>Sis\u00e4turvakamera 1 kpl&nbsp;<\/li>\n<li style=\"text-indent: -18pt\"><span style=\"font-family: Symbol\"><span><span style=\"font: 7.0pt 'Times New Roman'\">&nbsp; &nbsp; &nbsp; &nbsp; <\/span><\/span><\/span>Turvakamera ulkok\u00e4ytt\u00f6\u00f6n aurinkopaneelilla 1 kpl<\/li>\n<li style=\"text-indent: -18pt\">&nbsp; &nbsp; &nbsp; Turvallisuussovellus<\/li>\n<li style=\"text-indent: -18pt\">&nbsp; &nbsp; &nbsp; Varash\u00e4lytin oveen 1 kpl<\/li>\n<li style=\"text-indent: -18pt\"><span><span style=\"font: 7.0pt 'Times New Roman'\">&nbsp; &nbsp; &nbsp; &nbsp; <\/span><\/span><span style=\"font-size: revert;text-indent: -18pt\">Varash\u00e4lytin ikkunaan 1 kpl <\/span><span style=\"font-family: Symbol\"><span><span style=\"font: 7.0pt 'Times New Roman'\">&nbsp;<\/span><\/span><\/span><\/li>\n<li style=\"text-indent: -18pt\">&nbsp; &nbsp; &nbsp; \u00c4lylukko l\u00e4tk\u00e4ll\u00e4<\/li>\n<li style=\"text-indent: -18pt\">&nbsp; &nbsp; &nbsp; Liikkeentunnistin<\/li>\n<li style=\"text-indent: -18pt\">&nbsp; &nbsp; &nbsp;Tarrat 1kpl <!-- [if !supportLists]-->Yleisavaimia 2 kpl&nbsp;<\/li>\n<\/ul>\n<p><!-- \/wp:post-content --><!-- wp:paragraph --><\/p>\n<p><!-- \/wp:paragraph --><!-- wp:paragraph --><\/p>\n<p><!-- \/wp:paragraph --><!-- wp:paragraph --><\/p>\n<p><!-- \/wp:paragraph --><!-- wp:paragraph --><\/p>\n<p><!-- \/wp:paragraph --><!-- wp:paragraph --><\/p>\n<p><!-- \/wp:paragraph --><\/p>\n<p><!-- wp:paragraph --><\/p>\n<p><em>Standard safety:&nbsp;<\/em><\/p>\n<p><!-- \/wp:paragraph --><\/p>\n<p><!-- wp:paragraph --><\/p>\n<p>alk. 3499\u20ac (+ ALV 24%) kertamaksu&nbsp;<\/p>\n<p><!-- \/wp:paragraph --><\/p>\n<p><!-- wp:list --><\/p>\n<ul><!-- wp:list-item --><p><\/p>\n<li>Sis\u00e4turvakamera 2 kpl&nbsp;&nbsp;&nbsp;<\/li>\n<p><!-- \/wp:list-item --><\/p>\n<p><!-- wp:list-item --><\/p>\n<li>Turvakameroita ulkok\u00e4ytt\u00f6\u00f6n aurinkopaneelilla 2 kpl&nbsp;&nbsp;&nbsp;<\/li>\n<p><!-- \/wp:list-item --><\/p>\n<p><!-- wp:list-item --><\/p>\n<li>Turvallisuussovellus&nbsp;&nbsp;<\/li>\n<p><!-- \/wp:list-item --><\/p>\n<p><!-- wp:list-item --><\/p>\n<li>Liikkeentunnistin 2 kpl&nbsp;&nbsp;<\/li>\n<p><!-- \/wp:list-item --><\/p>\n<p><!-- wp:list-item --><\/p>\n<li>Varash\u00e4lytin oveen 2kpl&nbsp;<\/li>\n<p><!-- \/wp:list-item --><\/p>\n<p><!-- wp:list-item --><\/p>\n<li>Varash\u00e4lytin ikkunaan 2kpl&nbsp;<\/li>\n<p><!-- \/wp:list-item --><\/p>\n<p><!-- wp:list-item --><\/p>\n<li>\u00c4lylukko l\u00e4tk\u00e4ll\u00e4 2 kpl&nbsp;&nbsp;<\/li>\n<p><!-- \/wp:list-item --><\/p>\n<p><!-- wp:list-item --><\/p>\n<li>Tarrat 3kpl&nbsp;<\/li>\n<p><!-- \/wp:list-item --><\/p>\n<p><!-- wp:list-item --><\/p>\n<li>Yleisavain 3 kpl&nbsp;<\/li>\n<p><!-- \/wp:list-item --><\/p>\n<p><!-- wp:list-item --><\/p>\n<li>H\u00e4t\u00e4painike&nbsp;<\/li>\n<p><!-- \/wp:list-item --><\/p>\n<\/ul>\n<p><!-- \/wp:list --><\/p>\n<p><!-- wp:paragraph --><\/p>\n<p><em>Premium safety:&nbsp;&nbsp;<\/em><\/p>\n<p><!-- \/wp:paragraph --><\/p>\n<p><!-- wp:paragraph --><\/p>\n<p>alk. 4499\u20ac (+ALV 24%) kertamaksu&nbsp;<\/p>\n<p><!-- \/wp:paragraph --><\/p>\n<p><!-- wp:list --><\/p>\n<ul><!-- wp:list-item --><p><\/p>\n<li>Sis\u00e4turvakamera 3 kpl&nbsp;<\/li>\n<p><!-- \/wp:list-item --><\/p>\n<p><!-- wp:list-item --><\/p>\n<li>Turvakamera ulkok\u00e4ytt\u00f6\u00f6n aurinkopaneelilla 3 kpl&nbsp;<\/li>\n<p><!-- \/wp:list-item --><\/p>\n<p><!-- wp:list-item --><\/p>\n<li>Turvallisuussovellus<\/li>\n<p><!-- \/wp:list-item --><\/p>\n<p><!-- wp:list-item --><\/p>\n<li>Liikkeentunnistin 3 kpl&nbsp;<\/li>\n<p><!-- \/wp:list-item --><\/p>\n<p><!-- wp:list-item --><\/p>\n<li>\u00c4lylukko l\u00e4tk\u00e4ll\u00e4 3 kpl&nbsp;<\/li>\n<p><!-- \/wp:list-item --><\/p>\n<p><!-- wp:list-item --><\/p>\n<li>H\u00e4t\u00e4painike&nbsp;<\/li>\n<p><!-- \/wp:list-item --><\/p>\n<p><!-- wp:list-item --><\/p>\n<li>Tarrat 4 kpl&nbsp;<\/li>\n<p><!-- \/wp:list-item --><\/p>\n<p><!-- wp:list-item --><\/p>\n<li>HHL Rikosilmoitinj\u00e4rjestelm\u00e4&nbsp;<!-- wp:list -->\n<ul><!-- wp:list-item --><p><\/p>\n<li>sis\u00e4lt\u00e4\u00e4 muun muassa<!-- wp:list -->\n<ul><!-- wp:list-item --><p><\/p>\n<li>varash\u00e4lytin<\/li>\n<p><!-- \/wp:list-item --><\/p>\n<p><!-- wp:list-item --><\/p>\n<li>palovaroitin<\/li>\n<p><!-- \/wp:list-item --><\/p>\n<\/ul>\n<p><!-- \/wp:list --><\/p>\n<\/li>\n<p><!-- \/wp:list-item --><\/p>\n<\/ul>\n<p><!-- \/wp:list --><\/p>\n<\/li>\n<p><!-- \/wp:list-item --><\/p>\n<\/ul>\n<p><!-- \/wp:list --><\/p>\n<p><!-- wp:paragraph --><\/p>\n<p><strong>Kaikki paketit ovat my\u00f6s muokattavissa juuri teid\u00e4n yrityksellenne sopiviksi!<\/strong><\/p>\n<p><!-- \/wp:paragraph --><\/p>","protected":false},"excerpt":{"rendered":"<p>Tuotteet ja hinnasto Yrityksemme myy turvallisuusalan tuotteita ja palveluita esimerkiksi monipuolisia turvallisuuspaketteja, joihin sis\u00e4ltyy valvontakameroita ja varash\u00e4lyttimi\u00e4. Tarjoamme my\u00f6s erilaisia kursseja.&nbsp; Kulunvalvontapaketti (549\u20ac + ALV 24%) Kulunvalvontalaite + 5 kpl kulunvalvontakortteja Ensiapu- ja paloturvallisuuspaketti (495\u20ac + ALV 24%): Ensiapuasema 2x Jauhesammutin Sammutuspeite 2x Poistumisreittikyltti Vartiointikierrokset:&nbsp; V\u00e4\u00e4r\u00e4 h\u00e4lytys 500\u20ac (+ALV 24%) Koulutukset\/kurssit:&nbsp; Turvallisuuspaketit: Basic safety:&nbsp; alk. &hellip; <\/p>\n<p class=\"link-more\"><a href=\"https:\/\/blogi.eoppimispalvelut.fi\/hennylis\/tuotteemme\/\" class=\"more-link\">Jatka lukemista<span class=\"screen-reader-text\"> &#8220;Tuotteemme&#8221;<\/span><\/a><\/p>\n","protected":false},"author":20788,"featured_media":0,"parent":0,"menu_order":0,"comment_status":"closed","ping_status":"closed","template":"","meta":{"footnotes":""},"class_list":["post-139","page","type-page","status-publish","hentry"],"_links":{"self":[{"href":"https:\/\/blogi.eoppimispalvelut.fi\/hennylis\/wp-json\/wp\/v2\/pages\/139","targetHints":{"allow":["GET"]}}],"collection":[{"href":"https:\/\/blogi.eoppimispalvelut.fi\/hennylis\/wp-json\/wp\/v2\/pages"}],"about":[{"href":"https:\/\/blogi.eoppimispalvelut.fi\/hennylis\/wp-json\/wp\/v2\/types\/page"}],"author":[{"embeddable":true,"href":"https:\/\/blogi.eoppimispalvelut.fi\/hennylis\/wp-json\/wp\/v2\/users\/20788"}],"replies":[{"embeddable":true,"href":"https:\/\/blogi.eoppimispalvelut.fi\/hennylis\/wp-json\/wp\/v2\/comments?post=139"}],"version-history":[{"count":12,"href":"https:\/\/blogi.eoppimispalvelut.fi\/hennylis\/wp-json\/wp\/v2\/pages\/139\/revisions"}],"predecessor-version":[{"id":176,"href":"https:\/\/blogi.eoppimispalvelut.fi\/hennylis\/wp-json\/wp\/v2\/pages\/139\/revisions\/176"}],"wp:attachment":[{"href":"https:\/\/blogi.eoppimispalvelut.fi\/hennylis\/wp-json\/wp\/v2\/media?parent=139"}],"curies":[{"name":"wp","href":"https:\/\/api.w.org\/{rel}","templated":true}]}}