{"id":2,"date":"2022-11-22T07:03:51","date_gmt":"2022-11-22T07:03:51","guid":{"rendered":"https:\/\/blogi.eoppimispalvelut.fi\/hennylis\/?page_id=2"},"modified":"2022-11-29T11:06:44","modified_gmt":"2022-11-29T09:06:44","slug":"sample-page","status":"publish","type":"page","link":"https:\/\/blogi.eoppimispalvelut.fi\/hennylis\/","title":{"rendered":"Kotisivu"},"content":{"rendered":"\n<p><strong>Rovalarm Opy<\/strong><\/p>\n\n\n\n<p>Rovalarm Opy on vuonna 2022 perustettu vartiointi- ja turvallisuusalan yritys Napalaaksossa. Yrityksemme myy laadukkaita ja ekologisia vartiointi- ja turvallisuusalan tuotteita. Palveluihimme kuuluu my\u00f6s erilaisia koulutuksia ja vartiointikierroksia. <\/p>\n\n\n\n<p>Yrityksemme arvot ohjaavat toimintaamme kaikissa tilanteissa. Arvojamme ovat tunnollisuus, luotettavuus, ammattiylpeys ja intohimo ty\u00f6t\u00e4mme kohtaan. Lis\u00e4ksi arvoihimme kuuluu vahvasti hyv\u00e4 laatu, vastuullisuus, aikataulussa pysyminen sek\u00e4 hyv\u00e4 ja ammattitaitoinen henkil\u00f6kunta. <\/p>\n\n\n\n<figure class=\"wp-block-image size-full is-resized\"><img loading=\"lazy\" decoding=\"async\" src=\"https:\/\/blogi.eoppimispalvelut.fi\/hennylis\/files\/2022\/11\/image.png\" alt=\"\" class=\"wp-image-55\" width=\"309\" height=\"300\" \/><\/figure>\n\n\n\n<p><strong><em>Murtovarkaiden ja muiden ongelmien varalle<\/em><\/strong><\/p>\n\n\n\n<figure class=\"wp-block-image size-full is-resized\"><img loading=\"lazy\" decoding=\"async\" src=\"https:\/\/blogi.eoppimispalvelut.fi\/hennylis\/files\/2022\/11\/image-1.jpeg\" alt=\"\" class=\"wp-image-77\" width=\"328\" height=\"218\" \/><\/figure>\n\n\n\n<p><strong><em>Nykyteknologiaa ja -turvallisuutta<\/em><\/strong><\/p>\n\n\n\n<figure class=\"wp-block-image size-full is-resized\"><img loading=\"lazy\" decoding=\"async\" src=\"https:\/\/blogi.eoppimispalvelut.fi\/hennylis\/files\/2022\/11\/image.jpeg\" alt=\"\" class=\"wp-image-76\" width=\"329\" height=\"249\" \/><\/figure>\n\n\n\n<p><strong><em>Apunasi joka p\u00e4iv\u00e4 &#8211; miss\u00e4 vain &#8211; milloin vain<\/em><\/strong><\/p>\n\n\n\n<figure class=\"wp-block-image size-full is-resized\"><img loading=\"lazy\" decoding=\"async\" src=\"https:\/\/blogi.eoppimispalvelut.fi\/hennylis\/files\/2022\/11\/image-1.png\" alt=\"\" class=\"wp-image-74\" width=\"338\" height=\"224\" \/><\/figure>\n","protected":false},"excerpt":{"rendered":"<p>Rovalarm Opy Rovalarm Opy on vuonna 2022 perustettu vartiointi- ja turvallisuusalan yritys Napalaaksossa. Yrityksemme myy laadukkaita ja ekologisia vartiointi- ja turvallisuusalan tuotteita. Palveluihimme kuuluu my\u00f6s erilaisia koulutuksia ja vartiointikierroksia. Yrityksemme arvot ohjaavat toimintaamme kaikissa tilanteissa. Arvojamme ovat tunnollisuus, luotettavuus, ammattiylpeys ja intohimo ty\u00f6t\u00e4mme kohtaan. Lis\u00e4ksi arvoihimme kuuluu vahvasti hyv\u00e4 laatu, vastuullisuus, aikataulussa pysyminen sek\u00e4 hyv\u00e4 &hellip; <\/p>\n<p class=\"link-more\"><a href=\"https:\/\/blogi.eoppimispalvelut.fi\/hennylis\/\" class=\"more-link\">Jatka lukemista<span class=\"screen-reader-text\"> &#8220;Kotisivu&#8221;<\/span><\/a><\/p>\n","protected":false},"author":20788,"featured_media":0,"parent":0,"menu_order":0,"comment_status":"closed","ping_status":"open","template":"","meta":{"footnotes":""},"class_list":["post-2","page","type-page","status-publish","hentry"],"_links":{"self":[{"href":"https:\/\/blogi.eoppimispalvelut.fi\/hennylis\/wp-json\/wp\/v2\/pages\/2","targetHints":{"allow":["GET"]}}],"collection":[{"href":"https:\/\/blogi.eoppimispalvelut.fi\/hennylis\/wp-json\/wp\/v2\/pages"}],"about":[{"href":"https:\/\/blogi.eoppimispalvelut.fi\/hennylis\/wp-json\/wp\/v2\/types\/page"}],"author":[{"embeddable":true,"href":"https:\/\/blogi.eoppimispalvelut.fi\/hennylis\/wp-json\/wp\/v2\/users\/20788"}],"replies":[{"embeddable":true,"href":"https:\/\/blogi.eoppimispalvelut.fi\/hennylis\/wp-json\/wp\/v2\/comments?post=2"}],"version-history":[{"count":11,"href":"https:\/\/blogi.eoppimispalvelut.fi\/hennylis\/wp-json\/wp\/v2\/pages\/2\/revisions"}],"predecessor-version":[{"id":127,"href":"https:\/\/blogi.eoppimispalvelut.fi\/hennylis\/wp-json\/wp\/v2\/pages\/2\/revisions\/127"}],"wp:attachment":[{"href":"https:\/\/blogi.eoppimispalvelut.fi\/hennylis\/wp-json\/wp\/v2\/media?parent=2"}],"curies":[{"name":"wp","href":"https:\/\/api.w.org\/{rel}","templated":true}]}}