{"id":34,"date":"2022-11-22T10:47:26","date_gmt":"2022-11-22T08:47:26","guid":{"rendered":"https:\/\/blogi.eoppimispalvelut.fi\/hennylis\/?page_id=34"},"modified":"2022-12-15T14:50:23","modified_gmt":"2022-12-15T12:50:23","slug":"ota-yhteytta","status":"publish","type":"page","link":"https:\/\/blogi.eoppimispalvelut.fi\/hennylis\/ota-yhteytta\/","title":{"rendered":"Ota yhteytt\u00e4"},"content":{"rendered":"\n<p>Jos teill\u00e4 on jotain kysytt\u00e4v\u00e4\u00e4 tuotteistamme tai palveluistamme, ota rohkeasti yhteytt\u00e4! Otamme mielell\u00e4mme vastaan palautetta ja tuotekehitysideoita. Tarjouksia voi my\u00f6s l\u00e4hett\u00e4\u00e4 t\u00e4t\u00e4 kautta!<\/p>\n\n\n\n<p>Vastaamme teille mahdollisimman pian!<\/p>\n\n\n\n<p><\/p>\n\n\n\n<p><\/p>\n\n\n\n<p><\/p>\n","protected":false},"excerpt":{"rendered":"<p>Jos teill\u00e4 on jotain kysytt\u00e4v\u00e4\u00e4 tuotteistamme tai palveluistamme, ota rohkeasti yhteytt\u00e4! Otamme mielell\u00e4mme vastaan palautetta ja tuotekehitysideoita. Tarjouksia voi my\u00f6s l\u00e4hett\u00e4\u00e4 t\u00e4t\u00e4 kautta! Vastaamme teille mahdollisimman pian!<\/p>\n","protected":false},"author":20788,"featured_media":0,"parent":0,"menu_order":0,"comment_status":"closed","ping_status":"closed","template":"","meta":{"footnotes":""},"class_list":["post-34","page","type-page","status-publish","hentry"],"_links":{"self":[{"href":"https:\/\/blogi.eoppimispalvelut.fi\/hennylis\/wp-json\/wp\/v2\/pages\/34","targetHints":{"allow":["GET"]}}],"collection":[{"href":"https:\/\/blogi.eoppimispalvelut.fi\/hennylis\/wp-json\/wp\/v2\/pages"}],"about":[{"href":"https:\/\/blogi.eoppimispalvelut.fi\/hennylis\/wp-json\/wp\/v2\/types\/page"}],"author":[{"embeddable":true,"href":"https:\/\/blogi.eoppimispalvelut.fi\/hennylis\/wp-json\/wp\/v2\/users\/20788"}],"replies":[{"embeddable":true,"href":"https:\/\/blogi.eoppimispalvelut.fi\/hennylis\/wp-json\/wp\/v2\/comments?post=34"}],"version-history":[{"count":3,"href":"https:\/\/blogi.eoppimispalvelut.fi\/hennylis\/wp-json\/wp\/v2\/pages\/34\/revisions"}],"predecessor-version":[{"id":146,"href":"https:\/\/blogi.eoppimispalvelut.fi\/hennylis\/wp-json\/wp\/v2\/pages\/34\/revisions\/146"}],"wp:attachment":[{"href":"https:\/\/blogi.eoppimispalvelut.fi\/hennylis\/wp-json\/wp\/v2\/media?parent=34"}],"curies":[{"name":"wp","href":"https:\/\/api.w.org\/{rel}","templated":true}]}}