{"id":75,"date":"2018-11-15T11:18:55","date_gmt":"2018-11-15T09:18:55","guid":{"rendered":"https:\/\/blogi.eoppimispalvelut.fi\/hhekkala\/?page_id=75"},"modified":"2018-11-15T11:27:58","modified_gmt":"2018-11-15T09:27:58","slug":"tarjoukset","status":"publish","type":"page","link":"https:\/\/blogi.eoppimispalvelut.fi\/hhekkala\/","title":{"rendered":"Etusivu"},"content":{"rendered":"<p><img loading=\"lazy\" decoding=\"async\" class=\"wp-image-80 aligncenter\" src=\"https:\/\/blogi.eoppimispalvelut.fi\/hhekkala\/files\/2018\/11\/andrew-tanglao-505288-unsplash-580x380.jpg\" alt=\"\" width=\"690\" height=\"452\" srcset=\"https:\/\/blogi.eoppimispalvelut.fi\/hhekkala\/files\/2018\/11\/andrew-tanglao-505288-unsplash-580x380.jpg 580w, https:\/\/blogi.eoppimispalvelut.fi\/hhekkala\/files\/2018\/11\/andrew-tanglao-505288-unsplash-768x504.jpg 768w, https:\/\/blogi.eoppimispalvelut.fi\/hhekkala\/files\/2018\/11\/andrew-tanglao-505288-unsplash-940x616.jpg 940w\" sizes=\"(max-width: 690px) 100vw, 690px\" \/><\/p>\n<p style=\"text-align: center\">Meilt\u00e4 l\u00f6yd\u00e4t arki- ja juhlakeng\u00e4t miehille ja naisille!<\/p>\n","protected":false},"excerpt":{"rendered":"<p>Meilt\u00e4 l\u00f6yd\u00e4t arki- ja juhlakeng\u00e4t miehille ja naisille!<\/p>\n","protected":false},"author":3509,"featured_media":0,"parent":0,"menu_order":0,"comment_status":"closed","ping_status":"closed","template":"template-fullwidth.php","meta":{"_et_pb_use_builder":"","_et_pb_old_content":"","_et_gb_content_width":"","footnotes":""},"class_list":["post-75","page","type-page","status-publish","hentry"],"_links":{"self":[{"href":"https:\/\/blogi.eoppimispalvelut.fi\/hhekkala\/wp-json\/wp\/v2\/pages\/75","targetHints":{"allow":["GET"]}}],"collection":[{"href":"https:\/\/blogi.eoppimispalvelut.fi\/hhekkala\/wp-json\/wp\/v2\/pages"}],"about":[{"href":"https:\/\/blogi.eoppimispalvelut.fi\/hhekkala\/wp-json\/wp\/v2\/types\/page"}],"author":[{"embeddable":true,"href":"https:\/\/blogi.eoppimispalvelut.fi\/hhekkala\/wp-json\/wp\/v2\/users\/3509"}],"replies":[{"embeddable":true,"href":"https:\/\/blogi.eoppimispalvelut.fi\/hhekkala\/wp-json\/wp\/v2\/comments?post=75"}],"version-history":[{"count":7,"href":"https:\/\/blogi.eoppimispalvelut.fi\/hhekkala\/wp-json\/wp\/v2\/pages\/75\/revisions"}],"predecessor-version":[{"id":87,"href":"https:\/\/blogi.eoppimispalvelut.fi\/hhekkala\/wp-json\/wp\/v2\/pages\/75\/revisions\/87"}],"wp:attachment":[{"href":"https:\/\/blogi.eoppimispalvelut.fi\/hhekkala\/wp-json\/wp\/v2\/media?parent=75"}],"curies":[{"name":"wp","href":"https:\/\/api.w.org\/{rel}","templated":true}]}}