{"id":104,"date":"2021-09-23T10:11:01","date_gmt":"2021-09-23T07:11:01","guid":{"rendered":"https:\/\/blogi.eoppimispalvelut.fi\/hoksaakko\/?page_id=104"},"modified":"2022-05-16T16:38:29","modified_gmt":"2022-05-16T13:38:29","slug":"vahvaksi-oppijana","status":"publish","type":"page","link":"https:\/\/blogi.eoppimispalvelut.fi\/hoksaakko\/vahvaksi-oppijana\/","title":{"rendered":"Vahvaksi oppijana"},"content":{"rendered":"<p>V\u00e4est\u00f6st\u00e4 25 prosentilla on jonkinasteisia oppimisvaikeuksia.\u00a0 Siksi\u00a0 heill\u00e4 on erilainen tapa oppia, hahmottaa ja prosessoida\u00a0 tietoa. Oppimiseen voivat vaikuttavat my\u00f6s motivaation puute, sosiaaliset ongelmat ja yleiset el\u00e4m\u00e4nhallintaan vaikuttavat asiat.<\/p>\n<p>Lis\u00e4tietoa oppimisvaikeuksista:<\/p>\n<ul>\n<li><a style=\"font-size: 1rem\" href=\"https:\/\/www.eoliitto.fi\/\" target=\"_blank\" rel=\"noopener\">Erilaisten oppijoiden liitto<\/a><\/li>\n<li><a href=\"https:\/\/oppimisvaikeus.fi\/tietoa\/\" target=\"_blank\" rel=\"noopener\">Kuntoutuss\u00e4\u00e4ti\u00f6n oppimisvaikeus.fi<\/a><\/li>\n<\/ul>\n<p>Tutustu tarkemmin <a href=\"http:\/\/www.esok.fi\/esok-hanke\/julkaisut\/oppaat\" target=\"_blank\" rel=\"noopener\">ESOK-hankkeessa<\/a> tuotettuihin materiaaleihin:<\/p>\n<ul>\n<li><a href=\"http:\/\/esok.jyu.fi\/julkaisut\/oppaat\/luki.pdf\/\" target=\"_blank\" rel=\"noopener\">Lukemisen ja kirjoittamisen vaikeuden huomioon ottaminen korkeakouluopiskelussa<\/a><\/li>\n<li><a href=\"http:\/\/esok.jyu.fi\/julkaisut\/oppaat\/asperger\/asperger_final.pdf\/\" target=\"_blank\" rel=\"noopener\">Aspergerin oireyhtym\u00e4n huomioon ottaminen korkeakouluopiskelussa<\/a><\/li>\n<li><a href=\"http:\/\/esok.jyu.fi\/julkaisut\/oppaat\/adhd\/adhd_final.pdf\/\" target=\"_blank\" rel=\"noopener\">Aktiivisuuden ja tarkkaavuuden h\u00e4iri\u00f6n huomioon ottaminen korkeakouluopiskelussa<\/a><\/li>\n<\/ul>\n<h2>Katso my\u00f6s kokemusasiantuntijoiden puheenvuorot videoilta:<\/h2>\n<p><strong>Anna-Reeta Pakarinen Lapin amkn opiskelija: Haasteista huolimatta kohti unelmia<\/strong><br \/>[embedyt] https:\/\/www.youtube.com\/watch?v=Hmde_vuj3fw[\/embedyt]<\/p>\n<p><strong>Katri Vaarala Lapin amkista valmistunut terveydenhoitaja:\u00a0 Lukivaikeus ei est\u00e4 valmistumista<\/strong><br \/>[embedyt] https:\/\/www.youtube.com\/watch?v=Q0dJ3SNN2ec[\/embedyt]<\/p>\n<p><strong>Aapo Heinonen: ADHD on my\u00f6s vahvuus<\/strong><br \/>[embedyt] https:\/\/www.youtube.com\/watch?v=n1Ne2YqcB8g[\/embedyt]<\/p>\n<p>Kemi-Tornio alueen palvelukartta ohjauksen tueksi:<\/p>\n\n\n<p class=\"wp-block-pdfemb-pdf-embedder-viewer\"><\/p>\n","protected":false},"excerpt":{"rendered":"<p>V\u00e4est\u00f6st\u00e4 25 prosentilla on jonkinasteisia oppimisvaikeuksia.\u00a0 Siksi\u00a0 heill\u00e4 on erilainen tapa oppia, hahmottaa ja prosessoida\u00a0 tietoa. Oppimiseen voivat vaikuttavat my\u00f6s motivaation puute, sosiaaliset ongelmat ja yleiset el\u00e4m\u00e4nhallintaan vaikuttavat asiat. Lis\u00e4tietoa oppimisvaikeuksista: Erilaisten oppijoiden liitto Kuntoutuss\u00e4\u00e4ti\u00f6n oppimisvaikeus.fi Tutustu tarkemmin ESOK-hankkeessa tuotettuihin materiaaleihin: Lukemisen ja kirjoittamisen vaikeuden huomioon ottaminen korkeakouluopiskelussa Aspergerin oireyhtym\u00e4n huomioon ottaminen korkeakouluopiskelussa Aktiivisuuden ja &hellip; <\/p>\n<p class=\"link-more\"><a href=\"https:\/\/blogi.eoppimispalvelut.fi\/hoksaakko\/vahvaksi-oppijana\/\" class=\"more-link\">Jatka lukemista<span class=\"screen-reader-text\"> &#8220;Vahvaksi oppijana&#8221;<\/span><\/a><\/p>\n","protected":false},"author":177,"featured_media":0,"parent":0,"menu_order":0,"comment_status":"closed","ping_status":"closed","template":"","meta":{"footnotes":""},"class_list":["post-104","page","type-page","status-publish","hentry"],"_links":{"self":[{"href":"https:\/\/blogi.eoppimispalvelut.fi\/hoksaakko\/wp-json\/wp\/v2\/pages\/104","targetHints":{"allow":["GET"]}}],"collection":[{"href":"https:\/\/blogi.eoppimispalvelut.fi\/hoksaakko\/wp-json\/wp\/v2\/pages"}],"about":[{"href":"https:\/\/blogi.eoppimispalvelut.fi\/hoksaakko\/wp-json\/wp\/v2\/types\/page"}],"author":[{"embeddable":true,"href":"https:\/\/blogi.eoppimispalvelut.fi\/hoksaakko\/wp-json\/wp\/v2\/users\/177"}],"replies":[{"embeddable":true,"href":"https:\/\/blogi.eoppimispalvelut.fi\/hoksaakko\/wp-json\/wp\/v2\/comments?post=104"}],"version-history":[{"count":23,"href":"https:\/\/blogi.eoppimispalvelut.fi\/hoksaakko\/wp-json\/wp\/v2\/pages\/104\/revisions"}],"predecessor-version":[{"id":423,"href":"https:\/\/blogi.eoppimispalvelut.fi\/hoksaakko\/wp-json\/wp\/v2\/pages\/104\/revisions\/423"}],"wp:attachment":[{"href":"https:\/\/blogi.eoppimispalvelut.fi\/hoksaakko\/wp-json\/wp\/v2\/media?parent=104"}],"curies":[{"name":"wp","href":"https:\/\/api.w.org\/{rel}","templated":true}]}}