{"id":126,"date":"2021-09-23T11:41:21","date_gmt":"2021-09-23T08:41:21","guid":{"rendered":"https:\/\/blogi.eoppimispalvelut.fi\/hoksaakko\/?page_id=126"},"modified":"2021-12-14T15:47:46","modified_gmt":"2021-12-14T13:47:46","slug":"hengahdyshetkia","status":"publish","type":"page","link":"https:\/\/blogi.eoppimispalvelut.fi\/hoksaakko\/hengahdyshetkia\/","title":{"rendered":"Heng\u00e4hdyshetki\u00e4"},"content":{"rendered":"<p><a href=\"https:\/\/blogi.eoppimispalvelut.fi\/hoksaakko\/hengahdyshetkia\/hengahdyshetkia-2\/\"><img loading=\"lazy\" decoding=\"async\" class=\"alignnone wp-image-289 size-full\" src=\"https:\/\/blogi.eoppimispalvelut.fi\/hoksaakko\/files\/2021\/11\/Hengahdyshetkia.png\" alt=\"Vaihtoehtoinen teksti: Kuuden ruudun sarjakuva nimelt\u00e4 Heng\u00e4hdyshetki\u00e4. Ensimm\u00e4inen ruutu: Tekstilaatikko:Kokouksessa... Harakka sek\u00e4 Tutor-opiskelijat kokoustavat p\u00f6yd\u00e4n \u00e4\u00e4rell\u00e4. Toinen ruutu: Tutor-opiskelijat l\u00e4htev\u00e4t kokoushuoneesta. Harakka pit\u00e4\u00e4 verryttelypaussin hartaan kokouksen j\u00e4lkeen. Kolmas ruutu: Tekstilaatikko: Koulun tilaisuudessa... On pian Poron vuoro siirty\u00e4 esiintymislavalle pit\u00e4m\u00e4\u00e4n puhe. Harakka n\u00e4ytt\u00e4\u00e4 Porolle peukkua sanoen: &quot;5 minuuttia ja sitten sinun vuoro!&quot; Poroa hiukan hermostuttaa. Nelj\u00e4s ruutu: Poro p\u00e4\u00e4tt\u00e4\u00e4 syv\u00e4hengitt\u00e4\u00e4 ennen omaa esitysvuoroaan. Poro ajatuskupla: &quot;Kyll\u00e4 t\u00e4m\u00e4 t\u00e4st\u00e4. Hyvin se menee.&quot; Viides ruutu: Tekstilaatikko: Kurssia arvioimassa.... Harakka p\u00e4ivitt\u00e4\u00e4 tietokoneella opiskelijoiden kurssiarviointeja. Harakka toteaa tyytyv\u00e4isen\u00e4 itselleen: &quot;Hyvinh\u00e4n t\u00e4st\u00e4 lukukaudesta on suoriuduttu. Kuudes ruutu: Poro on tarkistamassa omia kurssiarvioitaan. Poro on mieliss\u00e4\u00e4n tuloksista: &quot;No niin, ei kun vaan katsetta seuaaviin teht\u00e4viin.&quot; Sarjakuvan loppu.\" width=\"1300\" height=\"1630\" srcset=\"https:\/\/blogi.eoppimispalvelut.fi\/hoksaakko\/files\/2021\/11\/Hengahdyshetkia.png 1300w, https:\/\/blogi.eoppimispalvelut.fi\/hoksaakko\/files\/2021\/11\/Hengahdyshetkia-239x300.png 239w, https:\/\/blogi.eoppimispalvelut.fi\/hoksaakko\/files\/2021\/11\/Hengahdyshetkia-817x1024.png 817w, https:\/\/blogi.eoppimispalvelut.fi\/hoksaakko\/files\/2021\/11\/Hengahdyshetkia-768x963.png 768w, https:\/\/blogi.eoppimispalvelut.fi\/hoksaakko\/files\/2021\/11\/Hengahdyshetkia-1225x1536.png 1225w\" sizes=\"auto, (max-width: 767px) 89vw, (max-width: 1000px) 54vw, (max-width: 1071px) 543px, 580px\" \/><\/a><\/p>\n<p><a href=\"https:\/\/blogi.eoppimispalvelut.fi\/hoksaakko\/files\/2021\/12\/hengahdyshetkia_harakka.png\"><img loading=\"lazy\" decoding=\"async\" class=\"alignnone wp-image-372 size-full\" src=\"https:\/\/blogi.eoppimispalvelut.fi\/hoksaakko\/files\/2021\/12\/hengahdyshetkia_harakka.png\" alt=\"\" width=\"900\" height=\"867\" srcset=\"https:\/\/blogi.eoppimispalvelut.fi\/hoksaakko\/files\/2021\/12\/hengahdyshetkia_harakka.png 900w, https:\/\/blogi.eoppimispalvelut.fi\/hoksaakko\/files\/2021\/12\/hengahdyshetkia_harakka-300x289.png 300w, https:\/\/blogi.eoppimispalvelut.fi\/hoksaakko\/files\/2021\/12\/hengahdyshetkia_harakka-768x740.png 768w\" sizes=\"auto, (max-width: 767px) 89vw, (max-width: 1000px) 54vw, (max-width: 1071px) 543px, 580px\" \/><\/a><\/p>\n<p><a href=\"https:\/\/blogi.eoppimispalvelut.fi\/hoksaakko\/files\/2021\/12\/hanke_koiranhengahdyshetki.png\"><img loading=\"lazy\" decoding=\"async\" class=\"alignnone wp-image-387 size-full\" src=\"https:\/\/blogi.eoppimispalvelut.fi\/hoksaakko\/files\/2021\/12\/hanke_koiranhengahdyshetki.png\" alt=\"Vaihtoehtoinen teksti: Nelj\u00e4n ruudun sarjakuva nimelt\u00e4 Koiran heng\u00e4hdyshetki. Ensimm\u00e4inen ruutu: Koira on juuri istunut sohvalle lev\u00e4ht\u00e4m\u00e4\u00e4n. Toinen ruutu: Koiralla on hankaluuksia rentoutua, sill\u00e4 mietteet kiireist\u00e4 ja t\u00f6iden m\u00e4\u00e4r\u00e4st\u00e4 tulevat v\u00e4kisin ajatuksiin. Kolmas ruutu: Koira l\u00e4htee asunnostaan ulos y\u00f6n pime\u00e4\u00e4n. Nelj\u00e4s ruutu: Koira haukkaa raitista happea ja h\u00e4nen mielens\u00e4 tyyntyy. Sarjakuvan loppu.\" width=\"1080\" height=\"1080\" srcset=\"https:\/\/blogi.eoppimispalvelut.fi\/hoksaakko\/files\/2021\/12\/hanke_koiranhengahdyshetki.png 1080w, https:\/\/blogi.eoppimispalvelut.fi\/hoksaakko\/files\/2021\/12\/hanke_koiranhengahdyshetki-300x300.png 300w, https:\/\/blogi.eoppimispalvelut.fi\/hoksaakko\/files\/2021\/12\/hanke_koiranhengahdyshetki-1024x1024.png 1024w, https:\/\/blogi.eoppimispalvelut.fi\/hoksaakko\/files\/2021\/12\/hanke_koiranhengahdyshetki-150x150.png 150w, https:\/\/blogi.eoppimispalvelut.fi\/hoksaakko\/files\/2021\/12\/hanke_koiranhengahdyshetki-768x768.png 768w, https:\/\/blogi.eoppimispalvelut.fi\/hoksaakko\/files\/2021\/12\/hanke_koiranhengahdyshetki-100x100.png 100w\" sizes=\"auto, (max-width: 767px) 89vw, (max-width: 1000px) 54vw, (max-width: 1071px) 543px, 580px\" \/><\/a><\/p>\n<p>&nbsp;<\/p>\n","protected":false},"excerpt":{"rendered":"<p>&nbsp;<\/p>\n","protected":false},"author":177,"featured_media":0,"parent":0,"menu_order":0,"comment_status":"closed","ping_status":"closed","template":"","meta":{"footnotes":""},"class_list":["post-126","page","type-page","status-publish","hentry"],"_links":{"self":[{"href":"https:\/\/blogi.eoppimispalvelut.fi\/hoksaakko\/wp-json\/wp\/v2\/pages\/126","targetHints":{"allow":["GET"]}}],"collection":[{"href":"https:\/\/blogi.eoppimispalvelut.fi\/hoksaakko\/wp-json\/wp\/v2\/pages"}],"about":[{"href":"https:\/\/blogi.eoppimispalvelut.fi\/hoksaakko\/wp-json\/wp\/v2\/types\/page"}],"author":[{"embeddable":true,"href":"https:\/\/blogi.eoppimispalvelut.fi\/hoksaakko\/wp-json\/wp\/v2\/users\/177"}],"replies":[{"embeddable":true,"href":"https:\/\/blogi.eoppimispalvelut.fi\/hoksaakko\/wp-json\/wp\/v2\/comments?post=126"}],"version-history":[{"count":11,"href":"https:\/\/blogi.eoppimispalvelut.fi\/hoksaakko\/wp-json\/wp\/v2\/pages\/126\/revisions"}],"predecessor-version":[{"id":393,"href":"https:\/\/blogi.eoppimispalvelut.fi\/hoksaakko\/wp-json\/wp\/v2\/pages\/126\/revisions\/393"}],"wp:attachment":[{"href":"https:\/\/blogi.eoppimispalvelut.fi\/hoksaakko\/wp-json\/wp\/v2\/media?parent=126"}],"curies":[{"name":"wp","href":"https:\/\/api.w.org\/{rel}","templated":true}]}}