{"id":152,"date":"2021-09-23T12:59:46","date_gmt":"2021-09-23T09:59:46","guid":{"rendered":"https:\/\/blogi.eoppimispalvelut.fi\/hoksaakko\/?page_id=152"},"modified":"2022-01-24T12:59:32","modified_gmt":"2022-01-24T10:59:32","slug":"lukukauden-aloitus","status":"publish","type":"page","link":"https:\/\/blogi.eoppimispalvelut.fi\/hoksaakko\/","title":{"rendered":"Lukukauden aloitus"},"content":{"rendered":"<p>N\u00e4ill\u00e4 blogisivujen hoksautuksilla kuvataideopiskelijoiden Ruusu Lohen, Eerika Kumpulan, Emma Karppisen ja Jaana Saarenp\u00e4\u00e4n luomat hahmot Poro, Ilves, Koira ja Harakka auttavat sinua opetukseen ja omaan ty\u00f6hyvinvointiin liittyviss\u00e4 asioissa sivun yl\u00e4reunan mukaisten teemojen avulla.<\/p>\n<div style=\"width: 525px;\" class=\"wp-video\"><video class=\"wp-video-shortcode\" id=\"video-152-1\" width=\"525\" height=\"525\" preload=\"metadata\" controls=\"controls\"><source type=\"video\/mp4\" src=\"https:\/\/blogi.eoppimispalvelut.fi\/hoksaakko\/files\/2021\/08\/Opintojen-aloittaminen_.mp4?_=1\" \/><a href=\"https:\/\/blogi.eoppimispalvelut.fi\/hoksaakko\/files\/2021\/08\/Opintojen-aloittaminen_.mp4\">https:\/\/blogi.eoppimispalvelut.fi\/hoksaakko\/files\/2021\/08\/Opintojen-aloittaminen_.mp4<\/a><\/video><\/div>\n<p>Ryhm\u00e4\u00e4n kuulumisen tunne on meille jokaiselle t\u00e4rke\u00e4\u00e4. Opiskeljoiden onnistunut ryhm\u00e4ytyminen saa aikaan hyv\u00e4n ja luottamuksellisen ilmapiirin,\u00a0 joka edist\u00e4\u00e4 opintojen sujuvuutta.<\/p>\n<p>Opiskelijat ovat saapuneet uuden \u00e4\u00e4relle aloittamaan opintonsa.<\/p>\n<p>Harakka opettaa ensimm\u00e4isen vuoden opiskelijaryhm\u00e4\u00e4. Uusi ymp\u00e4rist\u00f6 n\u00e4ytt\u00e4\u00e4 kuitenkin j\u00e4nnitt\u00e4v\u00e4n jokaista p\u00f6yd\u00e4n takana istuvaa.<\/p>\n<h2 class=\"entry-title\">TUTUSTUMINEN JA YHDESS\u00c4 TOIMIMINEN \u2013 ryhm\u00e4ytyminen<\/h2>\n<p><a name=\"koira\"><\/a><br \/>\n<a href=\"https:\/\/blogi.eoppimispalvelut.fi\/hoksaakko\/files\/2021\/08\/Ryhmayttaminenosa1.png\"><img loading=\"lazy\" decoding=\"async\" class=\"aligncenter wp-image-56\" src=\"https:\/\/blogi.eoppimispalvelut.fi\/hoksaakko\/files\/2021\/08\/Ryhmayttaminenosa1.png\" alt=\"Vaihtoehtoinen teksti: Viiden ruudun sarjakuva. Ensimm\u00e4inen ruutu: Harakka pit\u00e4\u00e4 ensimm\u00e4ist\u00e4 luentoa opiskelijaryhm\u00e4lle. Harakka puhekupla: &quot;No niin, tervetuloa kaikki!&quot; Toinen ruutu: Harakka esittelee itsens\u00e4: &quot;T\u00e4n\u00e4\u00e4n on teid\u00e4n ensimm\u00e4inen p\u00e4iv\u00e4 koulussa! Min\u00e4 olen Harakka, teid\u00e4n opettajanne!&quot; Kolmas ruutu: Harakka kehottaa opiskelijoita esitt\u00e4ytym\u00e4\u00e4n: &quot;Mit\u00e4 jos jokainen esittelisi itsens\u00e4. Kuka haluaisi aloittaa?&quot; Nelj\u00e4s ruutu: Opiskelijaryhm\u00e4st\u00e4 kukaan ei n\u00e4yt\u00e4 valppaana esitt\u00e4ytym\u00e4\u00e4n ensimm\u00e4isen\u00e4. Heit\u00e4 hermostuttaa ja he vilkuilevat luokkahuoneen kattoa. Viides ruutu: Harakka huomaa luokkaan tulleen hiljaisuuden. Ajatuskupla: &quot;Onpas hiljaista...&quot;\" width=\"725\" height=\"1026\" srcset=\"https:\/\/blogi.eoppimispalvelut.fi\/hoksaakko\/files\/2021\/08\/Ryhmayttaminenosa1.png 2480w, https:\/\/blogi.eoppimispalvelut.fi\/hoksaakko\/files\/2021\/08\/Ryhmayttaminenosa1-212x300.png 212w, https:\/\/blogi.eoppimispalvelut.fi\/hoksaakko\/files\/2021\/08\/Ryhmayttaminenosa1-724x1024.png 724w, https:\/\/blogi.eoppimispalvelut.fi\/hoksaakko\/files\/2021\/08\/Ryhmayttaminenosa1-768x1086.png 768w, https:\/\/blogi.eoppimispalvelut.fi\/hoksaakko\/files\/2021\/08\/Ryhmayttaminenosa1-1086x1536.png 1086w, https:\/\/blogi.eoppimispalvelut.fi\/hoksaakko\/files\/2021\/08\/Ryhmayttaminenosa1-1448x2048.png 1448w\" sizes=\"auto, (max-width: 725px) 100vw, 725px\" \/><\/a><\/p>\n<p>&nbsp;<\/p>\n<p>Hyvi\u00e4 harjoitevideoita l\u00f6yd\u00e4t t\u00e4\u00e4lt\u00e4:<\/p>\n<p><strong>Vahvuudet opiskelumotivaation tukena: <\/strong><a style=\"font-size: 1rem\" href=\"https:\/\/dreambroker.com\/channel\/6dkcfqxa\/yumjb06x\" target=\"_blank\" rel=\"noopener\">https:\/\/dreambroker.com\/channel\/6dkcfqxa\/yumjb06x<\/a><span style=\"font-size: 1rem\">\u00a0 \u00a0 \u00a0 \u00a0 \u00a0 \u00a0 \u00a0 \u00a0 \u00a0 \u00a0 \u00a0 \u00a0 \u00a0 \u00a0\u00a0<\/span><\/p>\n<p><strong>Ryhm\u00e4n roolit<\/strong>: <a href=\"https:\/\/dreambroker.com\/channel\/6dkcfqxa\/bcjeqxpd\" target=\"_blank\" rel=\"noopener\">https:\/\/dreambroker.com\/channel\/6dkcfqxa\/bcjeqxpd<\/a><\/p>\n<p><strong>Ty\u00f6el\u00e4m\u00e4taitojen aikajana:\u00a0<\/strong> <a href=\"https:\/\/dreambroker.com\/channel\/6dkcfqxa\/3ov6zb2t\" target=\"_blank\" rel=\"noopener\">https:\/\/dreambroker.com\/channel\/6dkcfqxa\/3ov6zb2t<\/a><\/p>\n<p>&nbsp;<\/p>\n<p><a style=\"font-size: 1rem\" href=\"https:\/\/blogi.eoppimispalvelut.fi\/hoksaakko\/files\/2021\/08\/Ryhmayttaminenosa2.png\"><img loading=\"lazy\" decoding=\"async\" class=\"aligncenter wp-image-77 size-full\" src=\"https:\/\/blogi.eoppimispalvelut.fi\/hoksaakko\/files\/2021\/08\/Ryhmayttaminenosa2.png\" alt=\"Vaihtoehtoinen teksti: Nelj\u00e4n ruudun sarjakuva nimelt\u00e4 Ryhm\u00e4ytt\u00e4minen osa 2. Ensimm\u00e4inen ruutu: Harakka kertoo opiskelijoille, mit\u00e4 tehd\u00e4\u00e4n tunnilla seuraavaksi. Harakka puhekupla: &quot;Seuraavaksi ohjelmassa on yhteinen ryhm\u00e4ytymistilaisuus. Tavataan kaikki liikuntasalissa tauon j\u00e4lkeen.&quot; Toinen ruutu: Liikuntasalissa, Harakka huomaa, ettei kukaan uusista opiskelijoista ole saapunut paikalle. Harakka ajatuskupla: &quot;Minnek\u00f6h\u00e4n kaikki oikein j\u00e4iv\u00e4t?&quot; Kolmas ruutu: Harakka huomaa opiskelijoilta saapuneet viestit. Viestien sis\u00e4lt\u00f6: &quot;Miss\u00e4 liikuntasali on? En l\u00f6yd\u00e4 sit\u00e4.&quot; &quot;Eksyin, tulen my\u00f6h\u00e4ss\u00e4...&quot; &quot;Voisitko opastaa, miss\u00e4 sali on?&quot; Nelj\u00e4s ruutu: Harakka huomaa tehneens\u00e4 virheen. Puhekupla: &quot;Voi ei! Unohdin kertoa, miss\u00e4 liikuntasali on!&quot; Sarjakuva jatkuu seuraavassa osassa.\" width=\"2480\" height=\"3508\" srcset=\"https:\/\/blogi.eoppimispalvelut.fi\/hoksaakko\/files\/2021\/08\/Ryhmayttaminenosa2.png 2480w, https:\/\/blogi.eoppimispalvelut.fi\/hoksaakko\/files\/2021\/08\/Ryhmayttaminenosa2-212x300.png 212w, https:\/\/blogi.eoppimispalvelut.fi\/hoksaakko\/files\/2021\/08\/Ryhmayttaminenosa2-724x1024.png 724w, https:\/\/blogi.eoppimispalvelut.fi\/hoksaakko\/files\/2021\/08\/Ryhmayttaminenosa2-768x1086.png 768w, https:\/\/blogi.eoppimispalvelut.fi\/hoksaakko\/files\/2021\/08\/Ryhmayttaminenosa2-1086x1536.png 1086w, https:\/\/blogi.eoppimispalvelut.fi\/hoksaakko\/files\/2021\/08\/Ryhmayttaminenosa2-1448x2048.png 1448w\" sizes=\"auto, (max-width: 767px) 89vw, (max-width: 1000px) 54vw, (max-width: 1071px) 543px, 580px\" \/><\/a><\/p>\n<p>Opiskelijat aloittavat opiskelun uudessa ymp\u00e4rist\u00f6ss\u00e4 ja ensimm\u00e4isin\u00e4 viikkoina voi olla vaikea l\u00f6yt\u00e4\u00e4 lukuj\u00e4rjestyksess\u00e4 mainittuja tiloja. Muistutathan opiskelijoitasi Tuudosta l\u00f6ytyv\u00e4st\u00e4 lukuj\u00e4rjestyksest\u00e4, joka n\u00e4ytt\u00e4\u00e4 my\u00f6s luokkatilan sijainnin.<a href=\"https:\/\/blogi.eoppimispalvelut.fi\/hoksaakko\/files\/2021\/08\/Ryhmayttaminenosa3.png\"><img loading=\"lazy\" decoding=\"async\" class=\"wp-image-81 size-large aligncenter\" src=\"https:\/\/blogi.eoppimispalvelut.fi\/hoksaakko\/files\/2021\/08\/Ryhmayttaminenosa3-724x1024.png\" alt=\"Vaihtoehtoinen teksti: Nelj\u00e4n ruudun sarjakuva nimelt\u00e4 Ryhm\u00e4ytt\u00e4minen osa 3. Ensimm\u00e4inen ruutu: Kaikki opiskelijat ovat saapuneet liikuntasaliin. Harakka puhekupla: &quot;Nyt kaikki ovat paikalla!&quot; Toinen ruutu: Harakka selitt\u00e4\u00e4 opiskelijoille tutustumisleikin s\u00e4\u00e4nn\u00f6t. Puhekupla: &quot;Aloitetaan ensin pelill\u00e4, mink\u00e4 nimi on solmu! Kaikki pit\u00e4v\u00e4t k\u00e4sist\u00e4 kiinni ja menev\u00e4t solmuun. Yksi pelaaja valitaan selvitt\u00e4m\u00e4\u00e4n solmu.&quot; Kolmas ruutu: Opiskelijat aloittavat leikin ja heit\u00e4 naurattaa. Harakka seuraa peli\u00e4 taaempana. Nelj\u00e4s ruutu: L\u00e4hempi kuva Harakasta. Harakka on tyytyv\u00e4inen opiskelijoiden menoon. Ajatuskupla: &quot;Nyt kaikilla n\u00e4ytt\u00e4isi olevan hauskaa.&quot; Sarjakuvan loppu.\" width=\"525\" height=\"743\" srcset=\"https:\/\/blogi.eoppimispalvelut.fi\/hoksaakko\/files\/2021\/08\/Ryhmayttaminenosa3-724x1024.png 724w, https:\/\/blogi.eoppimispalvelut.fi\/hoksaakko\/files\/2021\/08\/Ryhmayttaminenosa3-212x300.png 212w, https:\/\/blogi.eoppimispalvelut.fi\/hoksaakko\/files\/2021\/08\/Ryhmayttaminenosa3-768x1086.png 768w, https:\/\/blogi.eoppimispalvelut.fi\/hoksaakko\/files\/2021\/08\/Ryhmayttaminenosa3-1086x1536.png 1086w, https:\/\/blogi.eoppimispalvelut.fi\/hoksaakko\/files\/2021\/08\/Ryhmayttaminenosa3-1448x2048.png 1448w\" sizes=\"auto, (max-width: 525px) 100vw, 525px\" \/><\/a><\/p>\n<p>&nbsp;<\/p>\n","protected":false},"excerpt":{"rendered":"<p>N\u00e4ill\u00e4 blogisivujen hoksautuksilla kuvataideopiskelijoiden Ruusu Lohen, Eerika Kumpulan, Emma Karppisen ja Jaana Saarenp\u00e4\u00e4n luomat hahmot Poro, Ilves, Koira ja Harakka auttavat sinua opetukseen ja omaan ty\u00f6hyvinvointiin liittyviss\u00e4 asioissa sivun yl\u00e4reunan mukaisten teemojen avulla. Ryhm\u00e4\u00e4n kuulumisen tunne on meille jokaiselle t\u00e4rke\u00e4\u00e4. Opiskeljoiden onnistunut ryhm\u00e4ytyminen saa aikaan hyv\u00e4n ja luottamuksellisen ilmapiirin,\u00a0 joka edist\u00e4\u00e4 opintojen sujuvuutta. Opiskelijat ovat &hellip; <\/p>\n<p class=\"link-more\"><a href=\"https:\/\/blogi.eoppimispalvelut.fi\/hoksaakko\/\" class=\"more-link\">Jatka lukemista<span class=\"screen-reader-text\"> &#8220;Lukukauden aloitus&#8221;<\/span><\/a><\/p>\n","protected":false},"author":177,"featured_media":0,"parent":0,"menu_order":0,"comment_status":"closed","ping_status":"closed","template":"","meta":{"footnotes":""},"class_list":["post-152","page","type-page","status-publish","hentry"],"_links":{"self":[{"href":"https:\/\/blogi.eoppimispalvelut.fi\/hoksaakko\/wp-json\/wp\/v2\/pages\/152","targetHints":{"allow":["GET"]}}],"collection":[{"href":"https:\/\/blogi.eoppimispalvelut.fi\/hoksaakko\/wp-json\/wp\/v2\/pages"}],"about":[{"href":"https:\/\/blogi.eoppimispalvelut.fi\/hoksaakko\/wp-json\/wp\/v2\/types\/page"}],"author":[{"embeddable":true,"href":"https:\/\/blogi.eoppimispalvelut.fi\/hoksaakko\/wp-json\/wp\/v2\/users\/177"}],"replies":[{"embeddable":true,"href":"https:\/\/blogi.eoppimispalvelut.fi\/hoksaakko\/wp-json\/wp\/v2\/comments?post=152"}],"version-history":[{"count":37,"href":"https:\/\/blogi.eoppimispalvelut.fi\/hoksaakko\/wp-json\/wp\/v2\/pages\/152\/revisions"}],"predecessor-version":[{"id":157,"href":"https:\/\/blogi.eoppimispalvelut.fi\/hoksaakko\/wp-json\/wp\/v2\/pages\/152\/revisions\/157"}],"wp:attachment":[{"href":"https:\/\/blogi.eoppimispalvelut.fi\/hoksaakko\/wp-json\/wp\/v2\/media?parent=152"}],"curies":[{"name":"wp","href":"https:\/\/api.w.org\/{rel}","templated":true}]}}