{"id":242,"date":"2021-10-08T12:48:54","date_gmt":"2021-10-08T09:48:54","guid":{"rendered":"https:\/\/blogi.eoppimispalvelut.fi\/hoksaakko\/?page_id=242"},"modified":"2025-04-29T11:24:36","modified_gmt":"2025-04-29T08:24:36","slug":"uraohjaus","status":"publish","type":"page","link":"https:\/\/blogi.eoppimispalvelut.fi\/hoksaakko\/uraohjaus\/","title":{"rendered":"Uraohjaus"},"content":{"rendered":"<p>Uraohjauksella tarkoitetaan ohjattavan ja ohjaajan v\u00e4list\u00e4 ohjattavan uran ja ty\u00f6el\u00e4m\u00e4n suunnitteluun liittyv\u00e4\u00e4 yhteisty\u00f6prosessia, joka perustuu luottamukselliseen vuorovaikutussuhteeseen. Se\u00a0on t\u00e4rke\u00e4 osa ammattikorkeakouluopiskelijan ohjausta ja opintoja. Uraohjauksella voidaan auttaa yksil\u00f6it\u00e4 mukautumaan ty\u00f6el\u00e4m\u00e4n muuttuviin vaatimuksiin sek\u00e4 ohjaamaan heit\u00e4 p\u00e4\u00e4t\u00f6ksentekoprosesseissa.<\/p>\n<p>Leena Penttinen on Jyv\u00e4skyl\u00e4n yliopiston erityisasiantuntija, KT, korkeakouluopiskelijoiden ohjauksen tutkija sek\u00e4 Uraohjaajat ja -valmentajat ry:n puheenjohtaja. H\u00e4n on ollut mukana valmistelemassa uutta ELO-strategiaa. H\u00e4n avaa alla olevilla videoilla opiskelijan ura- ja ty\u00f6llistymisvalmiuksien tukemista opintopolulla.<\/p>\n<p>Videot on toteutettu <a href=\"https:\/\/www.hdl.fi\/blog\/hyvinvointia-korkeakouluopintoihin\/\" target=\"_blank\" rel=\"noopener\">Hyvinvointia korkeakouluopintoihin hankkeessa<\/a>:<\/p>\n<p><img loading=\"lazy\" decoding=\"async\" class=\"alignnone wp-image-148\" src=\"https:\/\/blogi.eoppimispalvelut.fi\/hoksaakko\/files\/2021\/09\/logot-300x34.jpg\" alt=\"Hankkeen toimijoiden logot. Lapin amk, Vamos, DIak, ODL ja EU\" width=\"729\" height=\"83\" srcset=\"https:\/\/blogi.eoppimispalvelut.fi\/hoksaakko\/files\/2021\/09\/logot-300x34.jpg 300w, https:\/\/blogi.eoppimispalvelut.fi\/hoksaakko\/files\/2021\/09\/logot-1024x115.jpg 1024w, https:\/\/blogi.eoppimispalvelut.fi\/hoksaakko\/files\/2021\/09\/logot-768x86.jpg 768w, https:\/\/blogi.eoppimispalvelut.fi\/hoksaakko\/files\/2021\/09\/logot-1536x173.jpg 1536w, https:\/\/blogi.eoppimispalvelut.fi\/hoksaakko\/files\/2021\/09\/logot.jpg 1635w\" sizes=\"auto, (max-width: 729px) 100vw, 729px\" \/><\/p>\n<p>Miksi tulevaisuuden suunnittelu on niin haastavaa 2000-luvulla \u2013 mist\u00e4 rakentuu korkeakoulutuksen pedagoginen ty\u00f6el\u00e4m\u00e4horisontti?<\/p>\n<p>[embedyt] https:\/\/www.youtube.com\/watch?v=UEJQ3XmsWYo[\/embedyt]<\/p>\n<p>Mist\u00e4 urataitoja oman el\u00e4m\u00e4n, koulutus ja ty\u00f6uran suunnanottoihin &amp; ohjaajalle avaimia ymm\u00e4rt\u00e4\u00e4 tuen tarpeita?<\/p>\n<p>[embedyt] https:\/\/www.youtube.com\/watch?v=5lGVh9qWE1U[\/embedyt]<\/p>\n<p>Miten tukea opiskelijaa urasuunnittelussa ja ura- sek\u00e4 ty\u00f6llistymistaitojen kehitt\u00e4misess\u00e4?<\/p>\n<p><iframe loading=\"lazy\" title=\"23 9 Opiskelijan Uraohjaus osa 3\" width=\"525\" height=\"295\" src=\"https:\/\/www.youtube.com\/embed\/Li61vdxPfRI?feature=oembed\" frameborder=\"0\" allow=\"accelerometer; autoplay; clipboard-write; encrypted-media; gyroscope; picture-in-picture; web-share\" referrerpolicy=\"strict-origin-when-cross-origin\" allowfullscreen><\/iframe><\/p>\n<p>\u00a0<\/p>\n<p>\u00a0<\/p>\n\n\n<p><\/p>\n","protected":false},"excerpt":{"rendered":"<p>Uraohjauksella tarkoitetaan ohjattavan ja ohjaajan v\u00e4list\u00e4 ohjattavan uran ja ty\u00f6el\u00e4m\u00e4n suunnitteluun liittyv\u00e4\u00e4 yhteisty\u00f6prosessia, joka perustuu luottamukselliseen vuorovaikutussuhteeseen. Se\u00a0on t\u00e4rke\u00e4 osa ammattikorkeakouluopiskelijan ohjausta ja opintoja. Uraohjauksella voidaan auttaa yksil\u00f6it\u00e4 mukautumaan ty\u00f6el\u00e4m\u00e4n muuttuviin vaatimuksiin sek\u00e4 ohjaamaan heit\u00e4 p\u00e4\u00e4t\u00f6ksentekoprosesseissa. Leena Penttinen on Jyv\u00e4skyl\u00e4n yliopiston erityisasiantuntija, KT, korkeakouluopiskelijoiden ohjauksen tutkija sek\u00e4 Uraohjaajat ja -valmentajat ry:n puheenjohtaja. H\u00e4n on ollut &hellip; <\/p>\n<p class=\"link-more\"><a href=\"https:\/\/blogi.eoppimispalvelut.fi\/hoksaakko\/uraohjaus\/\" class=\"more-link\">Jatka lukemista<span class=\"screen-reader-text\"> &#8220;Uraohjaus&#8221;<\/span><\/a><\/p>\n","protected":false},"author":177,"featured_media":0,"parent":0,"menu_order":0,"comment_status":"closed","ping_status":"closed","template":"","meta":{"footnotes":""},"class_list":["post-242","page","type-page","status-publish","hentry"],"_links":{"self":[{"href":"https:\/\/blogi.eoppimispalvelut.fi\/hoksaakko\/wp-json\/wp\/v2\/pages\/242","targetHints":{"allow":["GET"]}}],"collection":[{"href":"https:\/\/blogi.eoppimispalvelut.fi\/hoksaakko\/wp-json\/wp\/v2\/pages"}],"about":[{"href":"https:\/\/blogi.eoppimispalvelut.fi\/hoksaakko\/wp-json\/wp\/v2\/types\/page"}],"author":[{"embeddable":true,"href":"https:\/\/blogi.eoppimispalvelut.fi\/hoksaakko\/wp-json\/wp\/v2\/users\/177"}],"replies":[{"embeddable":true,"href":"https:\/\/blogi.eoppimispalvelut.fi\/hoksaakko\/wp-json\/wp\/v2\/comments?post=242"}],"version-history":[{"count":13,"href":"https:\/\/blogi.eoppimispalvelut.fi\/hoksaakko\/wp-json\/wp\/v2\/pages\/242\/revisions"}],"predecessor-version":[{"id":430,"href":"https:\/\/blogi.eoppimispalvelut.fi\/hoksaakko\/wp-json\/wp\/v2\/pages\/242\/revisions\/430"}],"wp:attachment":[{"href":"https:\/\/blogi.eoppimispalvelut.fi\/hoksaakko\/wp-json\/wp\/v2\/media?parent=242"}],"curies":[{"name":"wp","href":"https:\/\/api.w.org\/{rel}","templated":true}]}}