{"id":246,"date":"2021-10-08T12:55:58","date_gmt":"2021-10-08T09:55:58","guid":{"rendered":"https:\/\/blogi.eoppimispalvelut.fi\/hoksaakko\/?page_id=246"},"modified":"2021-12-20T16:02:58","modified_gmt":"2021-12-20T14:02:58","slug":"selkea-tehtavananto","status":"publish","type":"page","link":"https:\/\/blogi.eoppimispalvelut.fi\/hoksaakko\/selkea-tehtavananto\/","title":{"rendered":"Selke\u00e4 teht\u00e4v\u00e4nanto"},"content":{"rendered":"<p>Opiskelijapalautteiden mukaan teht\u00e4v\u00e4nannot ovat joskus vaikeasti ymm\u00e4rrett\u00e4vi\u00e4 ja sekavia.<\/p>\n<p>Hanna M\u00e4nnikk\u00f6lahti, suomen kielen opettaja ja selkokielen asiantuntija, perehdytt\u00e4\u00e4 meid\u00e4t videolla hyv\u00e4n ja selke\u00e4n teht\u00e4v\u00e4nannon kirjoittamiseen lehtori Anna-Maija Tapoj\u00e4rven kanssa.<\/p>\n<p>Video on toteutettu <a href=\"https:\/\/www.hdl.fi\/blog\/hyvinvointia-korkeakouluopintoihin\/\" target=\"_blank\" rel=\"noopener\">Hyvinvointia korkeakoulun opintoihin hankkeessa<\/a>:<\/p>\n<p><img loading=\"lazy\" decoding=\"async\" class=\"alignnone wp-image-148\" src=\"https:\/\/blogi.eoppimispalvelut.fi\/hoksaakko\/files\/2021\/09\/logot-300x34.jpg\" alt=\"Hankkeen toimijoiden logot. Lapin amk, Vamos, DIak, ODL ja EU\" width=\"729\" height=\"83\" srcset=\"https:\/\/blogi.eoppimispalvelut.fi\/hoksaakko\/files\/2021\/09\/logot-300x34.jpg 300w, https:\/\/blogi.eoppimispalvelut.fi\/hoksaakko\/files\/2021\/09\/logot-1024x115.jpg 1024w, https:\/\/blogi.eoppimispalvelut.fi\/hoksaakko\/files\/2021\/09\/logot-768x86.jpg 768w, https:\/\/blogi.eoppimispalvelut.fi\/hoksaakko\/files\/2021\/09\/logot-1536x173.jpg 1536w, https:\/\/blogi.eoppimispalvelut.fi\/hoksaakko\/files\/2021\/09\/logot.jpg 1635w\" sizes=\"auto, (max-width: 729px) 100vw, 729px\" \/><\/p>\n<p>[embedyt] https:\/\/www.youtube.com\/watch?v=8QoXRlyhJtk[\/embedyt]<\/p>\n<p>Videolla k\u00e4ytetty teht\u00e4v\u00e4nanto alkuper\u00e4isen\u00e4 ja selke\u00e4mp\u00e4n\u00e4 versiona: [pdf-embedder url=&#8221;https:\/\/blogi.eoppimispalvelut.fi\/hoksaakko\/files\/2021\/09\/Tulevaisuuden-digiosaaminen-Alkuperainen-tehtava-ja-selkeampi-versio.docx.pdf&#8221; title=&#8221;Tulevaisuuden digiosaaminen (Alkuper\u00e4inen teht\u00e4v\u00e4 ja selke\u00e4mpi versio).docx&#8221;]<\/p>\n<p>Vinkkej\u00e4 selke\u00e4\u00e4n teht\u00e4v\u00e4nantoon: [pdf-embedder url=&#8221;https:\/\/blogi.eoppimispalvelut.fi\/hoksaakko\/files\/2021\/09\/Vinkkeja-selkeaan-tehtavanantoon.pdf&#8221; title=&#8221;Vinkkej\u00e4 selke\u00e4\u00e4n teht\u00e4v\u00e4nantoon&#8221;]<\/p>\n<p>Lis\u00e4tietoa selkokielest\u00e4 ja selkokirjoista:\u00a0<a href=\"https:\/\/selkokeskus.fi\/\" target=\"_blank\" rel=\"noopener\">Selkokeskus<\/a><a title=\"https:\/\/selkokeskus.fi\/\" href=\"https:\/\/selkokeskus.fi\/\" target=\"_blank\" rel=\"noopener noreferrer\" aria-label=\"Link selkokeskus.fi.\">.<\/a><\/p>\n","protected":false},"excerpt":{"rendered":"<p>Opiskelijapalautteiden mukaan teht\u00e4v\u00e4nannot ovat joskus vaikeasti ymm\u00e4rrett\u00e4vi\u00e4 ja sekavia. Hanna M\u00e4nnikk\u00f6lahti, suomen kielen opettaja ja selkokielen asiantuntija, perehdytt\u00e4\u00e4 meid\u00e4t videolla hyv\u00e4n ja selke\u00e4n teht\u00e4v\u00e4nannon kirjoittamiseen lehtori Anna-Maija Tapoj\u00e4rven kanssa. Video on toteutettu Hyvinvointia korkeakoulun opintoihin hankkeessa: [embedyt] https:\/\/www.youtube.com\/watch?v=8QoXRlyhJtk[\/embedyt] Videolla k\u00e4ytetty teht\u00e4v\u00e4nanto alkuper\u00e4isen\u00e4 ja selke\u00e4mp\u00e4n\u00e4 versiona: [pdf-embedder url=&#8221;https:\/\/blogi.eoppimispalvelut.fi\/hoksaakko\/files\/2021\/09\/Tulevaisuuden-digiosaaminen-Alkuperainen-tehtava-ja-selkeampi-versio.docx.pdf&#8221; title=&#8221;Tulevaisuuden digiosaaminen (Alkuper\u00e4inen teht\u00e4v\u00e4 ja selke\u00e4mpi versio).docx&#8221;] Vinkkej\u00e4 &hellip; <\/p>\n<p class=\"link-more\"><a href=\"https:\/\/blogi.eoppimispalvelut.fi\/hoksaakko\/selkea-tehtavananto\/\" class=\"more-link\">Jatka lukemista<span class=\"screen-reader-text\"> &#8220;Selke\u00e4 teht\u00e4v\u00e4nanto&#8221;<\/span><\/a><\/p>\n","protected":false},"author":177,"featured_media":0,"parent":0,"menu_order":0,"comment_status":"closed","ping_status":"closed","template":"","meta":{"footnotes":""},"class_list":["post-246","page","type-page","status-publish","hentry"],"_links":{"self":[{"href":"https:\/\/blogi.eoppimispalvelut.fi\/hoksaakko\/wp-json\/wp\/v2\/pages\/246","targetHints":{"allow":["GET"]}}],"collection":[{"href":"https:\/\/blogi.eoppimispalvelut.fi\/hoksaakko\/wp-json\/wp\/v2\/pages"}],"about":[{"href":"https:\/\/blogi.eoppimispalvelut.fi\/hoksaakko\/wp-json\/wp\/v2\/types\/page"}],"author":[{"embeddable":true,"href":"https:\/\/blogi.eoppimispalvelut.fi\/hoksaakko\/wp-json\/wp\/v2\/users\/177"}],"replies":[{"embeddable":true,"href":"https:\/\/blogi.eoppimispalvelut.fi\/hoksaakko\/wp-json\/wp\/v2\/comments?post=246"}],"version-history":[{"count":7,"href":"https:\/\/blogi.eoppimispalvelut.fi\/hoksaakko\/wp-json\/wp\/v2\/pages\/246\/revisions"}],"predecessor-version":[{"id":414,"href":"https:\/\/blogi.eoppimispalvelut.fi\/hoksaakko\/wp-json\/wp\/v2\/pages\/246\/revisions\/414"}],"wp:attachment":[{"href":"https:\/\/blogi.eoppimispalvelut.fi\/hoksaakko\/wp-json\/wp\/v2\/media?parent=246"}],"curies":[{"name":"wp","href":"https:\/\/api.w.org\/{rel}","templated":true}]}}