{"id":301,"date":"2021-11-16T13:48:30","date_gmt":"2021-11-16T11:48:30","guid":{"rendered":"https:\/\/blogi.eoppimispalvelut.fi\/hoksaakko\/?page_id=301"},"modified":"2021-12-16T20:39:04","modified_gmt":"2021-12-16T18:39:04","slug":"psyykkinen-ymparisto","status":"publish","type":"page","link":"https:\/\/blogi.eoppimispalvelut.fi\/hoksaakko\/psyykkinen-ymparisto\/","title":{"rendered":"Psyykkinen ymp\u00e4rist\u00f6 hyvinvoinnin tukena"},"content":{"rendered":"<p><a href=\"https:\/\/blogi.eoppimispalvelut.fi\/hyvinvointiakorkeakouluopintoihin\/?attachment_id=603\" data-slb-active=\"1\" data-slb-asset=\"618077604\" data-slb-internal=\"603\" data-slb-group=\"601\"><img loading=\"lazy\" decoding=\"async\" class=\"alignnone wp-image-603 size-medium\" src=\"https:\/\/blogi.eoppimispalvelut.fi\/hyvinvointiakorkeakouluopintoihin\/files\/2021\/11\/psyykkinenymparisto_sarjakuva2-900x900.png\" alt=\"Psyykkinen ymp\u00e4rist\u00f6 sarjakuva. Ensimm\u00e4inen ruutu: Harakka k\u00e4velee k\u00e4yt\u00e4v\u00e4ll\u00e4 kohti luentosalia. H\u00e4n toivottaa vastaan tulevalle p\u00f6ll\u00f6lle: &quot;Hyv\u00e4\u00e4 huomenta!&quot;. P\u00f6ll\u00f6 vastaa: &quot;Oikein hyv\u00e4\u00e4 huomenta!&quot;. Toinen ruutu: Harakka jatkaa matkaa ja tapaa kaksi opiskelijaa ja sanoo heille: &quot;Huomenta teille kahdelle!&quot;.Opiskelijat vastaavat: &quot;Huomenta!&quot;. Kolmas ruutu: Harakka tapaa penkill\u00e4 istuvan kameleontin ja sanoo h\u00e4nelle: &quot;Huomenta sinullekin!&quot;. Kameleontti nostaa p\u00e4\u00e4ns\u00e4 ja vastaa: &quot;Hyv\u00e4\u00e4 huomenta!&quot;. Nelj\u00e4s ruutu: Harakka menee luentosalin ovesta sis\u00e4\u00e4n ja ajattelee: &quot;Sitten eikun uutta p\u00e4iv\u00e4\u00e4 kohden!&quot;. Sarjakuvan loppu.\" width=\"900\" height=\"900\" \/><\/a><\/p>\n<p>Psyykkiseen opiskelu- ja ty\u00f6ymp\u00e4rist\u00f6\u00f6n vaikuttaa siihen kuuluvien henkil\u00f6iden kognitiiviset ja emotionaaliset taidot. Kognitiiviset taidot tarkoittavat tiedon k\u00e4sittelyyn liityvi\u00e4 toimintoja kuten oppiminen, muistaminen ja tarkkaavaisuus. Emotionaalisiin taitoihin kuuluu esimerkiksi tunnes\u00e4\u00e4tely, eli taito tunnistaa omia ja toisten tunteita.\u00a0 Psyykkist\u00e4 kuormittumista aiheuttaa muun muassa opiskeluun ja ty\u00f6h\u00f6n liittyv\u00e4 stressi. Esteett\u00f6m\u00e4ll\u00e4 psyykkisell\u00e4 opiskeluymp\u00e4rist\u00f6ll\u00e4 on mahdollista vaikuttaa positiivisesti psyykkiseen hyvinvointiin.<\/p>\n<p>Lue psyykkisest\u00e4 esteett\u00f6myydest\u00e4 lis\u00e4\u00e4 t\u00e4st\u00e4 linkist\u00e4:\u00a0<a href=\"https:\/\/www.vates.fi\/tietopaketit\/tyoelaman-saavutettavuus\/sosiaalinen-ja-psyykkinen-esteettomyys.html\">https:\/\/www.vates.fi\/tietopaketit\/tyoelaman-saavutettavuus\/sosiaalinen-ja-psyykkinen-esteettomyys.html<\/a><\/p>\n","protected":false},"excerpt":{"rendered":"<p>Psyykkiseen opiskelu- ja ty\u00f6ymp\u00e4rist\u00f6\u00f6n vaikuttaa siihen kuuluvien henkil\u00f6iden kognitiiviset ja emotionaaliset taidot. Kognitiiviset taidot tarkoittavat tiedon k\u00e4sittelyyn liityvi\u00e4 toimintoja kuten oppiminen, muistaminen ja tarkkaavaisuus. Emotionaalisiin taitoihin kuuluu esimerkiksi tunnes\u00e4\u00e4tely, eli taito tunnistaa omia ja toisten tunteita.\u00a0 Psyykkist\u00e4 kuormittumista aiheuttaa muun muassa opiskeluun ja ty\u00f6h\u00f6n liittyv\u00e4 stressi. Esteett\u00f6m\u00e4ll\u00e4 psyykkisell\u00e4 opiskeluymp\u00e4rist\u00f6ll\u00e4 on mahdollista vaikuttaa positiivisesti psyykkiseen hyvinvointiin. &hellip; <\/p>\n<p class=\"link-more\"><a href=\"https:\/\/blogi.eoppimispalvelut.fi\/hoksaakko\/psyykkinen-ymparisto\/\" class=\"more-link\">Jatka lukemista<span class=\"screen-reader-text\"> &#8220;Psyykkinen ymp\u00e4rist\u00f6 hyvinvoinnin tukena&#8221;<\/span><\/a><\/p>\n","protected":false},"author":7683,"featured_media":0,"parent":0,"menu_order":0,"comment_status":"closed","ping_status":"closed","template":"","meta":{"footnotes":""},"class_list":["post-301","page","type-page","status-publish","hentry"],"_links":{"self":[{"href":"https:\/\/blogi.eoppimispalvelut.fi\/hoksaakko\/wp-json\/wp\/v2\/pages\/301","targetHints":{"allow":["GET"]}}],"collection":[{"href":"https:\/\/blogi.eoppimispalvelut.fi\/hoksaakko\/wp-json\/wp\/v2\/pages"}],"about":[{"href":"https:\/\/blogi.eoppimispalvelut.fi\/hoksaakko\/wp-json\/wp\/v2\/types\/page"}],"author":[{"embeddable":true,"href":"https:\/\/blogi.eoppimispalvelut.fi\/hoksaakko\/wp-json\/wp\/v2\/users\/7683"}],"replies":[{"embeddable":true,"href":"https:\/\/blogi.eoppimispalvelut.fi\/hoksaakko\/wp-json\/wp\/v2\/comments?post=301"}],"version-history":[{"count":5,"href":"https:\/\/blogi.eoppimispalvelut.fi\/hoksaakko\/wp-json\/wp\/v2\/pages\/301\/revisions"}],"predecessor-version":[{"id":404,"href":"https:\/\/blogi.eoppimispalvelut.fi\/hoksaakko\/wp-json\/wp\/v2\/pages\/301\/revisions\/404"}],"wp:attachment":[{"href":"https:\/\/blogi.eoppimispalvelut.fi\/hoksaakko\/wp-json\/wp\/v2\/media?parent=301"}],"curies":[{"name":"wp","href":"https:\/\/api.w.org\/{rel}","templated":true}]}}