{"id":302,"date":"2021-11-16T13:48:30","date_gmt":"2021-11-16T11:48:30","guid":{"rendered":"https:\/\/blogi.eoppimispalvelut.fi\/hoksaakko\/?page_id=302"},"modified":"2021-12-16T20:39:42","modified_gmt":"2021-12-16T18:39:42","slug":"sosiaalinen-ymparisto","status":"publish","type":"page","link":"https:\/\/blogi.eoppimispalvelut.fi\/hoksaakko\/sosiaalinen-ymparisto\/","title":{"rendered":"Sosiaalinen ymp\u00e4rist\u00f6 hyvinvoinnin tukena"},"content":{"rendered":"<p><a href=\"https:\/\/blogi.eoppimispalvelut.fi\/hyvinvointiakorkeakouluopintoihin\/?attachment_id=570\" data-slb-active=\"1\" data-slb-asset=\"49168080\" data-slb-internal=\"570\" data-slb-group=\"573\"><img loading=\"lazy\" decoding=\"async\" class=\"aligncenter wp-image-570 size-full\" src=\"https:\/\/blogi.eoppimispalvelut.fi\/hyvinvointiakorkeakouluopintoihin\/files\/2021\/11\/Sosiaalinen-ymparisto_.png\" alt=\"Vaihtoehtoinen teksti: Kolmen ruudun sarjakuva nimelt\u00e4 Sosiaalinen ymp\u00e4rist\u00f6. Ensimm\u00e4inen ruutu: Ilves ja Koira ovat juuri saapumassa Poron luokse kyl\u00e4\u00e4n. Poro onkin ulko-ovella ottamassa vieraitaan vastaan. Tekstilaatikko: Sosiaalinen ymp\u00e4rist\u00f6 koostuu ihmisist\u00e4, joiden kanssa olemme tekemisiss\u00e4. Toinen ruutu: Poron olohuoneessa j\u00e4rjestet\u00e4\u00e4n elokuvailtaa. Poro laittaa herkkukulhoa p\u00f6yd\u00e4lle, Koira saapuu olohuoneeseen makeispussin kanssa ja Ilves laittaa ulkotakkiaan naulakkoon. Tekstilaatikko: T\u00e4ll\u00e4 tarkoitetaan t\u00e4rkeit\u00e4 ihmissuhteita ja sosiaalisia tilanteita. Kolmas ruutu: Ilves, Koira sek\u00e4 Poro istuvat television \u00e4\u00e4rell\u00e4 ja keskustelevat toistensa kanssa. Tekstilaatikko: Sosiaalisissa tilanteissa muodostuvat tietyt kanssak\u00e4ymisen tavat. Sarjakuvan loppu.\" width=\"1080\" height=\"1080\" \/><\/a><\/p>\n<p style=\"background: white;margin: 0cm 0cm 18.0pt 0cm\"><span style=\"font-family: 'Helvetica',sans-serif;color: #1f4147\">Sosiaalinen opiskeluymp\u00e4rist\u00f6 muodostuu ihmisist\u00e4, joiden kanssa olemme tekemisiss\u00e4. T\u00e4h\u00e4n ymp\u00e4rist\u00f6\u00f6n kuuluu kaikki l\u00e4heisimm\u00e4t ihmiset ja sosiaaliset verkostot, jotka muodostamme opiskeluel\u00e4m\u00e4ss\u00e4. Hyv\u00e4 sosiaalinen ymp\u00e4rist\u00f6 on t\u00e4rke\u00e4 hyvinvoinnille ja, sen tunnusmerkkej\u00e4 ovat muun muassa huolenpito, turvallisuus, avoimuus ja kunnioittava vuorovaikutus. Sosiaalisesti esteett\u00f6m\u00e4ss\u00e4 opiskeluymp\u00e4rist\u00f6ss\u00e4 on ilmapiiri, jossa jokainen voi olla ilman pelkoa syrjinn\u00e4st\u00e4, v\u00e4heksymisest\u00e4 tai kiusaamisesta.<\/span><\/p>\n<p style=\"background: white;text-align: start;margin: 0cm 0cm 18.0pt 0cm\"><span style=\"font-family: 'Helvetica',sans-serif;color: #1f4147\">Lue lis\u00e4\u00e4 esteett\u00f6m\u00e4st\u00e4 sosiaalisesta ymp\u00e4rist\u00f6st\u00e4 t\u00e4st\u00e4 linkist\u00e4:\u00a0<a href=\"https:\/\/www.vates.fi\/tietopaketit\/tyoelaman-saavutettavuus\/sosiaalinen-ja-psyykkinen-esteettomyys.html\"><span style=\"color: #112d32;text-decoration: none\">https:\/\/www.vates.fi\/tietopaketit\/tyoelaman-saavutettavuus\/sosiaalinen-ja-psyykkinen-esteettomyys.html<\/span><\/a><\/span><\/p>\n<p>&nbsp;<\/p>\n","protected":false},"excerpt":{"rendered":"<p>Sosiaalinen opiskeluymp\u00e4rist\u00f6 muodostuu ihmisist\u00e4, joiden kanssa olemme tekemisiss\u00e4. T\u00e4h\u00e4n ymp\u00e4rist\u00f6\u00f6n kuuluu kaikki l\u00e4heisimm\u00e4t ihmiset ja sosiaaliset verkostot, jotka muodostamme opiskeluel\u00e4m\u00e4ss\u00e4. Hyv\u00e4 sosiaalinen ymp\u00e4rist\u00f6 on t\u00e4rke\u00e4 hyvinvoinnille ja, sen tunnusmerkkej\u00e4 ovat muun muassa huolenpito, turvallisuus, avoimuus ja kunnioittava vuorovaikutus. Sosiaalisesti esteett\u00f6m\u00e4ss\u00e4 opiskeluymp\u00e4rist\u00f6ss\u00e4 on ilmapiiri, jossa jokainen voi olla ilman pelkoa syrjinn\u00e4st\u00e4, v\u00e4heksymisest\u00e4 tai kiusaamisesta. Lue lis\u00e4\u00e4 &hellip; <\/p>\n<p class=\"link-more\"><a href=\"https:\/\/blogi.eoppimispalvelut.fi\/hoksaakko\/sosiaalinen-ymparisto\/\" class=\"more-link\">Jatka lukemista<span class=\"screen-reader-text\"> &#8220;Sosiaalinen ymp\u00e4rist\u00f6 hyvinvoinnin tukena&#8221;<\/span><\/a><\/p>\n","protected":false},"author":7683,"featured_media":0,"parent":0,"menu_order":0,"comment_status":"closed","ping_status":"closed","template":"","meta":{"footnotes":""},"class_list":["post-302","page","type-page","status-publish","hentry"],"_links":{"self":[{"href":"https:\/\/blogi.eoppimispalvelut.fi\/hoksaakko\/wp-json\/wp\/v2\/pages\/302","targetHints":{"allow":["GET"]}}],"collection":[{"href":"https:\/\/blogi.eoppimispalvelut.fi\/hoksaakko\/wp-json\/wp\/v2\/pages"}],"about":[{"href":"https:\/\/blogi.eoppimispalvelut.fi\/hoksaakko\/wp-json\/wp\/v2\/types\/page"}],"author":[{"embeddable":true,"href":"https:\/\/blogi.eoppimispalvelut.fi\/hoksaakko\/wp-json\/wp\/v2\/users\/7683"}],"replies":[{"embeddable":true,"href":"https:\/\/blogi.eoppimispalvelut.fi\/hoksaakko\/wp-json\/wp\/v2\/comments?post=302"}],"version-history":[{"count":6,"href":"https:\/\/blogi.eoppimispalvelut.fi\/hoksaakko\/wp-json\/wp\/v2\/pages\/302\/revisions"}],"predecessor-version":[{"id":405,"href":"https:\/\/blogi.eoppimispalvelut.fi\/hoksaakko\/wp-json\/wp\/v2\/pages\/302\/revisions\/405"}],"wp:attachment":[{"href":"https:\/\/blogi.eoppimispalvelut.fi\/hoksaakko\/wp-json\/wp\/v2\/media?parent=302"}],"curies":[{"name":"wp","href":"https:\/\/api.w.org\/{rel}","templated":true}]}}