{"id":303,"date":"2021-11-16T13:48:30","date_gmt":"2021-11-16T11:48:30","guid":{"rendered":"https:\/\/blogi.eoppimispalvelut.fi\/hoksaakko\/?page_id=303"},"modified":"2021-12-16T20:37:22","modified_gmt":"2021-12-16T18:37:22","slug":"viestinta","status":"publish","type":"page","link":"https:\/\/blogi.eoppimispalvelut.fi\/hoksaakko\/viestinta\/","title":{"rendered":"Viestint\u00e4"},"content":{"rendered":"<p><a href=\"https:\/\/blogi.eoppimispalvelut.fi\/hyvinvointiakorkeakouluopintoihin\/?attachment_id=571\" data-slb-active=\"1\" data-slb-asset=\"1441222957\" data-slb-internal=\"571\" data-slb-group=\"575\"><img loading=\"lazy\" decoding=\"async\" class=\"aligncenter wp-image-571 size-full\" src=\"https:\/\/blogi.eoppimispalvelut.fi\/hyvinvointiakorkeakouluopintoihin\/files\/2021\/11\/viestinta.png\" alt=\"Vaihtoehtoinen teksti: Kahden ruudun sarjakuva nimelt\u00e4 Viestint\u00e4. Ensimm\u00e4inen ruutu: Koira ja Ilves opiskelevat lukusalissa. Koira kysyy: &quot;Sanoiko opettaja, ett\u00e4 t\u00e4m\u00e4 teht\u00e4v\u00e4 pit\u00e4\u00e4 tehd\u00e4 ensin vai..?&quot; Ilves vastaa: &quot;En ole ihan varma...&quot; Tekstilaatikko: Tiedonv\u00e4lityksen tulee olla selke\u00e4, jotta ymm\u00e4rt\u00e4isimme toisiamme ilman v\u00e4\u00e4ri\u00e4 tulkintoja. Toinen ruutu: Koira ja Ilves p\u00e4\u00e4tt\u00e4v\u00e4t yhdess\u00e4 l\u00e4hett\u00e4\u00e4 kysymyst\u00e4 opettajalle puhelimella. Ilves puhekupla: &quot;... Joten kysyt\u00e4\u00e4n varmuuden vuoksi!&quot; Koira puhekupla: &quot;Joo!&quot; Tekstilaatikko: T\u00e4ll\u00e4 tavoin v\u00e4lltymme ongelmilta ja ty\u00f6skentely toimii sujuvammin. Sarjakuvan loppu.\" width=\"1080\" height=\"1080\" \/><\/a><\/p>\n<p>&nbsp;<\/p>\n<p><a href=\"https:\/\/blogi.eoppimispalvelut.fi\/hoksaakko\/files\/2021\/12\/hyvaviesti.png\"><img loading=\"lazy\" decoding=\"async\" class=\"aligncenter size-full wp-image-375\" src=\"https:\/\/blogi.eoppimispalvelut.fi\/hoksaakko\/files\/2021\/12\/hyvaviesti.png\" alt=\"\" width=\"900\" height=\"860\" srcset=\"https:\/\/blogi.eoppimispalvelut.fi\/hoksaakko\/files\/2021\/12\/hyvaviesti.png 900w, https:\/\/blogi.eoppimispalvelut.fi\/hoksaakko\/files\/2021\/12\/hyvaviesti-300x287.png 300w, https:\/\/blogi.eoppimispalvelut.fi\/hoksaakko\/files\/2021\/12\/hyvaviesti-768x734.png 768w\" sizes=\"auto, (max-width: 767px) 89vw, (max-width: 1000px) 54vw, (max-width: 1071px) 543px, 580px\" \/><\/a><\/p>\n<p>&nbsp;<\/p>\n","protected":false},"excerpt":{"rendered":"<p>&nbsp; &nbsp;<\/p>\n","protected":false},"author":7683,"featured_media":0,"parent":0,"menu_order":0,"comment_status":"closed","ping_status":"closed","template":"","meta":{"footnotes":""},"class_list":["post-303","page","type-page","status-publish","hentry"],"_links":{"self":[{"href":"https:\/\/blogi.eoppimispalvelut.fi\/hoksaakko\/wp-json\/wp\/v2\/pages\/303","targetHints":{"allow":["GET"]}}],"collection":[{"href":"https:\/\/blogi.eoppimispalvelut.fi\/hoksaakko\/wp-json\/wp\/v2\/pages"}],"about":[{"href":"https:\/\/blogi.eoppimispalvelut.fi\/hoksaakko\/wp-json\/wp\/v2\/types\/page"}],"author":[{"embeddable":true,"href":"https:\/\/blogi.eoppimispalvelut.fi\/hoksaakko\/wp-json\/wp\/v2\/users\/7683"}],"replies":[{"embeddable":true,"href":"https:\/\/blogi.eoppimispalvelut.fi\/hoksaakko\/wp-json\/wp\/v2\/comments?post=303"}],"version-history":[{"count":7,"href":"https:\/\/blogi.eoppimispalvelut.fi\/hoksaakko\/wp-json\/wp\/v2\/pages\/303\/revisions"}],"predecessor-version":[{"id":402,"href":"https:\/\/blogi.eoppimispalvelut.fi\/hoksaakko\/wp-json\/wp\/v2\/pages\/303\/revisions\/402"}],"wp:attachment":[{"href":"https:\/\/blogi.eoppimispalvelut.fi\/hoksaakko\/wp-json\/wp\/v2\/media?parent=303"}],"curies":[{"name":"wp","href":"https:\/\/api.w.org\/{rel}","templated":true}]}}