{"id":95,"date":"2021-09-23T10:05:14","date_gmt":"2021-09-23T07:05:14","guid":{"rendered":"https:\/\/blogi.eoppimispalvelut.fi\/hoksaakko\/?page_id=95"},"modified":"2022-05-16T16:58:41","modified_gmt":"2022-05-16T13:58:41","slug":"opiskelijan-polku","status":"publish","type":"page","link":"https:\/\/blogi.eoppimispalvelut.fi\/hoksaakko\/opiskelijan-polku\/","title":{"rendered":"Oppijan polkua"},"content":{"rendered":"<p><a href=\"https:\/\/blogi.eoppimispalvelut.fi\/hoksaakko\/opiskelijan-polku\/hanke_oppijanpolku\/\" rel=\"attachment wp-att-284\"><img loading=\"lazy\" decoding=\"async\" class=\"alignnone wp-image-284 size-full\" src=\"https:\/\/blogi.eoppimispalvelut.fi\/hoksaakko\/files\/2021\/10\/hanke_oppijanpolku.png\" alt=\"Vaihtoehtoinen teksti: Nelj\u00e4n ruudun sarjakuva nimelt\u00e4 Oppijan polku. Ensimm\u00e4inen ruutu: Ilvest\u00e4 ep\u00e4ilytt\u00e4\u00e4 omat taidot kurssinsa suorittamisessa, h\u00e4nen mieleens\u00e4 piirtyy kuva eritt\u00e4in monimutkaisesta polusta maaliin saakka. Ilves puhekupla: &quot;Miten min\u00e4 oikein p\u00e4\u00e4sen t\u00e4m\u00e4n kurssin l\u00e4pi? En osaa t\u00e4st\u00e4 aiheesta mit\u00e4\u00e4n... P\u00e4\u00e4senk\u00f6h\u00e4n etenem\u00e4\u00e4n opinnoissani?&quot; Toinen ruutu: Ensimm\u00e4isell\u00e4 luennolla Harakka kertoo enemm\u00e4n kurssista: &quot;Tervetuloa kurssille! T\u00e4m\u00e4 on varmasti monelle vieras aihe, joten aloitetaan ensin perusasioista.&quot; Ilves huokaisee auditorion takarivilt\u00e4: &quot;Ahaa, minun ei tarvitsekaan viel\u00e4 osata t\u00e4t\u00e4 t\u00e4ysin. Mik\u00e4 helpotus!&quot; Kolmas ruutu: Kurssi on hiukan edennyt, Ilves tekee teht\u00e4vi\u00e4 yhdess\u00e4 opiskelijatoverinsa kanssa. Ilveksell\u00e4 on yh\u00e4 hankaluuksia kurssin kanssa: &quot;Min\u00e4 en kyll\u00e4 ymm\u00e4rt\u00e4nyt t\u00e4t\u00e4 asiaa viel\u00e4...&quot; Opiskelijatoveri rohkaisee kannettavansa \u00e4\u00e4rest\u00e4: &quot;En ihan min\u00e4k\u00e4\u00e4n, mutta voidaan tutkia sit\u00e4 yhdess\u00e4.&quot; Nelj\u00e4s ruutu: Ilves on luennolla tyytyv\u00e4inen, h\u00e4nen mielikuvansa monimutkaisesta reitist\u00e4 on selvennyt yksinkertaisemmaksi suorittaa. Ilves ajatuskupla: &quot;Nyt min\u00e4 alan oppia! Kurssi sujuukin oikein hyvin!&quot; Sarjakuvan loppu.\" width=\"1400\" height=\"1800\" srcset=\"https:\/\/blogi.eoppimispalvelut.fi\/hoksaakko\/files\/2021\/10\/hanke_oppijanpolku.png 1400w, https:\/\/blogi.eoppimispalvelut.fi\/hoksaakko\/files\/2021\/10\/hanke_oppijanpolku-233x300.png 233w, https:\/\/blogi.eoppimispalvelut.fi\/hoksaakko\/files\/2021\/10\/hanke_oppijanpolku-796x1024.png 796w, https:\/\/blogi.eoppimispalvelut.fi\/hoksaakko\/files\/2021\/10\/hanke_oppijanpolku-768x987.png 768w, https:\/\/blogi.eoppimispalvelut.fi\/hoksaakko\/files\/2021\/10\/hanke_oppijanpolku-1195x1536.png 1195w\" sizes=\"auto, (max-width: 767px) 89vw, (max-width: 1000px) 54vw, (max-width: 1071px) 543px, 580px\" \/><\/a><\/p>\n\n\n<p>Tutustu  <a rel=\"noreferrer noopener\" href=\"https:\/\/evermade-hdl.s3.eu-central-1.amazonaws.com\/wp-content\/uploads\/2021\/11\/23173138\/Avaimia-opiskelijoiden-hyvinvointiin-tyokirja.pdf\" target=\"_blank\">Avaimia opiskelijoiden hyvinvointiin- Hyvinvointiakorkeakouluopintoihin- hankkeen (2021-2022) ty\u00f6kirjaan<\/a>. Ty\u00f6kirja on rakennettu opiskelijan hyvinvoinnin teemojen mukaisesti: opiskelukyky, el\u00e4m\u00e4nhallinta ja yhteis\u00f6llisyys. . Erityisesti t\u00e4m\u00e4 ty\u00f6kirja soveltuu korkeakoulujen opetushenkil\u00f6kunnan ja opiskelijahyvinvoinnista vastaavien henkil\u00f6iden k\u00e4ytt\u00f6\u00f6n, mutta ty\u00f6kirja sopii my\u00f6s kaikkien aiheesta kiinnostuneiden ja opiskelijoiden hyvinvoinnin kanssa toimivien k\u00e4ytt\u00f6\u00f6n.<\/p>\n","protected":false},"excerpt":{"rendered":"<p>Tutustu Avaimia opiskelijoiden hyvinvointiin- Hyvinvointiakorkeakouluopintoihin- hankkeen (2021-2022) ty\u00f6kirjaan. Ty\u00f6kirja on rakennettu opiskelijan hyvinvoinnin teemojen mukaisesti: opiskelukyky, el\u00e4m\u00e4nhallinta ja yhteis\u00f6llisyys. . Erityisesti t\u00e4m\u00e4 ty\u00f6kirja soveltuu korkeakoulujen opetushenkil\u00f6kunnan ja opiskelijahyvinvoinnista vastaavien henkil\u00f6iden k\u00e4ytt\u00f6\u00f6n, mutta ty\u00f6kirja sopii my\u00f6s kaikkien aiheesta kiinnostuneiden ja opiskelijoiden hyvinvoinnin kanssa toimivien k\u00e4ytt\u00f6\u00f6n.<\/p>\n","protected":false},"author":177,"featured_media":0,"parent":0,"menu_order":0,"comment_status":"closed","ping_status":"closed","template":"","meta":{"footnotes":""},"class_list":["post-95","page","type-page","status-publish","hentry"],"_links":{"self":[{"href":"https:\/\/blogi.eoppimispalvelut.fi\/hoksaakko\/wp-json\/wp\/v2\/pages\/95","targetHints":{"allow":["GET"]}}],"collection":[{"href":"https:\/\/blogi.eoppimispalvelut.fi\/hoksaakko\/wp-json\/wp\/v2\/pages"}],"about":[{"href":"https:\/\/blogi.eoppimispalvelut.fi\/hoksaakko\/wp-json\/wp\/v2\/types\/page"}],"author":[{"embeddable":true,"href":"https:\/\/blogi.eoppimispalvelut.fi\/hoksaakko\/wp-json\/wp\/v2\/users\/177"}],"replies":[{"embeddable":true,"href":"https:\/\/blogi.eoppimispalvelut.fi\/hoksaakko\/wp-json\/wp\/v2\/comments?post=95"}],"version-history":[{"count":47,"href":"https:\/\/blogi.eoppimispalvelut.fi\/hoksaakko\/wp-json\/wp\/v2\/pages\/95\/revisions"}],"predecessor-version":[{"id":424,"href":"https:\/\/blogi.eoppimispalvelut.fi\/hoksaakko\/wp-json\/wp\/v2\/pages\/95\/revisions\/424"}],"wp:attachment":[{"href":"https:\/\/blogi.eoppimispalvelut.fi\/hoksaakko\/wp-json\/wp\/v2\/media?parent=95"}],"curies":[{"name":"wp","href":"https:\/\/api.w.org\/{rel}","templated":true}]}}