{"id":11,"date":"2017-05-02T08:37:30","date_gmt":"2017-05-02T05:37:30","guid":{"rendered":"https:\/\/blogi.eoppimispalvelut.fi\/hyvinvointiteknologia2017\/?page_id=11"},"modified":"2017-06-23T11:03:21","modified_gmt":"2017-06-23T08:03:21","slug":"opettajien-ajatuksia","status":"publish","type":"page","link":"https:\/\/blogi.eoppimispalvelut.fi\/hyvinvointiteknologia2017\/opettajien-ajatuksia\/","title":{"rendered":"Opettajat ja materiaalit"},"content":{"rendered":"<p>&nbsp;<\/p>\n<h1>Kirjallisuutta hyvinvointiteknolgiaan (l\u00e4hinn\u00e4 v\u00e4ikk\u00e4reit\u00e4 ja joitain graduja)<\/h1>\n<p>T\u00e4ss\u00e4 kaksi linkki\u00e4 tutkimusaineistoihin ja alla ainakin yksi poimittu l\u00e4hde<\/p>\n<p><a href=\"http:\/\/search.ndltd.org\/search.php?q=health+technology&amp;source_set_names=&amp;year_start=2012&amp;year_end=&amp;language%5B%5D=english\">http:\/\/search.ndltd.org\/search.php?q=health+technology&amp;source_set_names=&amp;year_start=2012&amp;year_end=&amp;language%5B%5D=english<\/a><\/p>\n<p><a href=\"http:\/\/pqdtopen.proquest.com\/results.html?QryTxt=health+technology&amp;fromyear=2012&amp;toyear=2017&amp;author=&amp;Title=&amp;pubnum=&amp;school=&amp;advisor=&amp;keywords\">http:\/\/pqdtopen.proquest.com\/results.html?QryTxt=health+technology&amp;fromyear=2012&amp;toyear=2017&amp;author=&amp;Title=&amp;pubnum=&amp;school=&amp;advisor=&amp;keywords<\/a>=<\/p>\n<p>Aino Ahtinen (2015): Mobile Applications to Support Physical Exercise \u2013 Motivational Factors and Design Strategies<\/p>\n<p>-Mira<\/p>\n","protected":false},"excerpt":{"rendered":"<p>&nbsp; Kirjallisuutta hyvinvointiteknolgiaan (l\u00e4hinn\u00e4 v\u00e4ikk\u00e4reit\u00e4 ja joitain graduja) T\u00e4ss\u00e4 kaksi linkki\u00e4 tutkimusaineistoihin ja alla ainakin yksi poimittu l\u00e4hde http:\/\/search.ndltd.org\/search.php?q=health+technology&amp;source_set_names=&amp;year_start=2012&amp;year_end=&amp;language%5B%5D=english http:\/\/pqdtopen.proquest.com\/results.html?QryTxt=health+technology&amp;fromyear=2012&amp;toyear=2017&amp;author=&amp;Title=&amp;pubnum=&amp;school=&amp;advisor=&amp;keywords= Aino Ahtinen (2015): Mobile Applications to Support Physical Exercise \u2013 Motivational Factors and Design Strategies -Mira<\/p>\n","protected":false},"author":1329,"featured_media":0,"parent":0,"menu_order":0,"comment_status":"closed","ping_status":"closed","template":"","meta":{"footnotes":""},"class_list":["post-11","page","type-page","status-publish","hentry"],"_links":{"self":[{"href":"https:\/\/blogi.eoppimispalvelut.fi\/hyvinvointiteknologia2017\/wp-json\/wp\/v2\/pages\/11","targetHints":{"allow":["GET"]}}],"collection":[{"href":"https:\/\/blogi.eoppimispalvelut.fi\/hyvinvointiteknologia2017\/wp-json\/wp\/v2\/pages"}],"about":[{"href":"https:\/\/blogi.eoppimispalvelut.fi\/hyvinvointiteknologia2017\/wp-json\/wp\/v2\/types\/page"}],"author":[{"embeddable":true,"href":"https:\/\/blogi.eoppimispalvelut.fi\/hyvinvointiteknologia2017\/wp-json\/wp\/v2\/users\/1329"}],"replies":[{"embeddable":true,"href":"https:\/\/blogi.eoppimispalvelut.fi\/hyvinvointiteknologia2017\/wp-json\/wp\/v2\/comments?post=11"}],"version-history":[{"count":5,"href":"https:\/\/blogi.eoppimispalvelut.fi\/hyvinvointiteknologia2017\/wp-json\/wp\/v2\/pages\/11\/revisions"}],"predecessor-version":[{"id":564,"href":"https:\/\/blogi.eoppimispalvelut.fi\/hyvinvointiteknologia2017\/wp-json\/wp\/v2\/pages\/11\/revisions\/564"}],"wp:attachment":[{"href":"https:\/\/blogi.eoppimispalvelut.fi\/hyvinvointiteknologia2017\/wp-json\/wp\/v2\/media?parent=11"}],"curies":[{"name":"wp","href":"https:\/\/api.w.org\/{rel}","templated":true}]}}