{"id":126,"date":"2017-05-09T16:10:14","date_gmt":"2017-05-09T13:10:14","guid":{"rendered":"https:\/\/blogi.eoppimispalvelut.fi\/hyvinvointiteknologia2017\/?page_id=126"},"modified":"2017-06-23T11:12:58","modified_gmt":"2017-06-23T08:12:58","slug":"tehtavat","status":"publish","type":"page","link":"https:\/\/blogi.eoppimispalvelut.fi\/hyvinvointiteknologia2017\/tehtavat\/","title":{"rendered":"Teht\u00e4v\u00e4t"},"content":{"rendered":"<p><strong><u>Teht\u00e4v\u00e4 1<\/u><\/strong><\/p>\n<p><strong>Hyvinvointiteknologia (ml. liikuntateknologia ja hoitoteknologia) maailmalla (RYHM\u00c4N\u00c4 JULKAISETTE YHTEENS\u00c4 6 BLOGIA) <\/strong><\/p>\n<ol>\n<li>Etsi oman mielenkiinnon mukaan kirjoituksia\/ohjelmia maailmalta. Yritt\u00e4k\u00e4\u00e4 l\u00f6yt\u00e4\u00e4 tieteellisi\u00e4 artikkeleita ja v\u00e4it\u00f6skirjoja some ja populaarimedian (lehtijutut, tv-ohjelmat, podcastit, ym.) juttujen lis\u00e4ksi. Kirjoita lyhyt blogi, miss\u00e4 kerrot lyhyesti tuotteesta\/applikaatiosta\/palvelusta JA analysoi kriittisesti tuotteen\/applikaation\/palvelun hy\u00f6dynnett\u00e4vyytt\u00e4\/toimivuutta (omasta n\u00e4k\u00f6kulmasta tai kirjallisuutta hy\u00f6dynt\u00e4en). Jos juttu on esim. viitannut tieteellisen artikkeliin, tarkista mit\u00e4 on mahdollisesti j\u00e4tetty kertomatta somessa\/populaarisessa mediassa (muista <u>linkitt\u00e4\u00e4<\/u> alkuper\u00e4iset l\u00e4hteet teid\u00e4n blogiinne!!!).<\/li>\n<li>L\u00f6yt\u00e4k\u00e4\u00e4 hyvinvointiteknologian firma tai asiantuntija. Suunnittele ja toteuta joko opintok\u00e4ynti tai haastattelu. Kirjoita k\u00e4ynnist\u00e4\/haastattelusta lyhyt blogi (vaihtoehtona: tehk\u00e4\u00e4 lyhyt esim. n 5 min video). L\u00e4hestymistapa vapaa!<\/li>\n<\/ol>\n<p><span style=\"color: #0000ff\"><em>*Jotta blogi pysyy aktiivisena, koittakaa julkaista 2 blogia kes\u00e4kuussa, 2 hein\u00e4kuussa ja 2 elokuun alussa (kaikki blogit mielell\u00e4\u00e4n ennen <strong>18.8.2017!!<\/strong>).<\/em><\/span><\/p>\n<p>&nbsp;<\/p>\n<hr \/>\n<p><strong><u>Teht\u00e4v\u00e4 2<\/u><\/strong><\/p>\n<p><strong>Liikuntateknologian\/hoitoteknologian applikaation\/palvelun\/laitteen arviointi (JOKAINEN RYHM\u00c4L\u00c4INEN KIRJOITTAA <u>YHDEN<\/u> BLOGIN).<\/strong> Etsi oman mielenkiinnon mukaan yksi liikunta-, hoito-, hyvinvointiteknologian applikaatio\/palvelu\/laite. Jos on mahdollista, k\u00e4yt\u00e4 kyseist\u00e4 applikaatiota, palvelua tai laitetta ainakin viikon verran. Kirjoita applikaatiosta\/laitteesta blogipostaus. <span style=\"color: #ff0000\">Tavalliset sykemittarit, verenpainemittarit, l\u00e4mp\u00f6mittarit ym. <strong>EIV\u00c4T<\/strong> sovellu t\u00e4h\u00e4n teht\u00e4v\u00e4\u00e4n.<\/span> Yritt\u00e4k\u00e4\u00e4 l\u00f6yt\u00e4\u00e4 jotain uutta\/erilaista!<\/p>\n<p>Pohdi seuraavia asioita blogissanne:<\/p>\n<ol>\n<li>Teoriatausta \u2013 Miksi ja mill\u00e4 perusteella applikaatio\/palvelu\/laite toimii (K\u00e4yt\u00e4 l\u00e4hteit\u00e4! . n\u00e4it\u00e4 kannattaa lis\u00e4t\u00e4 blogiin <u>linkkin\u00e4<\/u>!)<\/li>\n<li>Liikuntateknologia liikuttajana &#8211; yrit\u00e4 ajatella kyseist\u00e4 applikaatiota\/palvelua\/laitetta valmennus\/liikuntaohjaus\/personal trainer\/asiakas n\u00e4k\u00f6kulmasta \u2013 onko se oikeasti hy\u00f6dyllist\u00e4\/t\u00e4rke\u00e4\u00e4?<\/li>\n<li>Applikaation \/ palvelun \/ laitteen arviointi (Voitte halutessa k\u00e4ytt\u00e4\u00e4 UTAUT malli teknologian hyv\u00e4ksynn\u00e4st\u00e4 kts. esim. <a href=\"https:\/\/jyx.jyu.fi\/dspace\/bitstream\/handle\/123456789\/41388\/Taru%20Holm.pdf?sequ\"><em>https:\/\/jyx.jyu.fi\/dspace\/bitstream\/handle\/123456789\/41388\/Taru%20Holm.pdf?sequ<\/em><\/a>). Arvioinnin pit\u00e4isi sis\u00e4lt\u00e4\u00e4 v\u00e4hint\u00e4\u00e4n hy\u00f6dyt ja mahdolliset haitat\/haasteet!<\/li>\n<\/ol>\n<p><span style=\"color: #0000ff\"><em>*T\u00e4m\u00e4 blogi vaikka<strong> hein\u00e4kuun loppuun menness\u00e4.<\/strong><\/em><\/span><\/p>\n<p>&nbsp;<\/p>\n<hr \/>\n<p><strong><u>Teht\u00e4v\u00e4 3 (\u201dloppuraportti\u201d)<\/u><\/strong><\/p>\n<p><strong>VIDEOPRESENTAATIO (JOKAINEN RYHM\u00c4 ESITT\u00c4\u00c4 YHDEN VIDEON):<\/strong><\/p>\n<p>Tehk\u00e4\u00e4 videoesitys esim. omassa ty\u00f6ss\u00e4\/el\u00e4m\u00e4ss\u00e4 k\u00e4ytetyst\u00e4 tai uudesta liikunta-, hoito- tai hyvinvointiin liittyv\u00e4st\u00e4 teknologiasta. Kerro esim. teknologian hy\u00f6dyist\u00e4 ja haitoista\/haasteista, tulevaisuudesta ja toiveistanne.<\/p>\n<p><strong>Esityksen pituus: 3-5 minuuttia<\/strong><\/p>\n<p><strong>Mit\u00e4 on syyt\u00e4 ottaa huomioon videossa?<\/strong><br \/>\n1) Mik\u00e4? Kuka? Miten? Miksi? Milloin?<br \/>\nProsessi: mihin prosessiin laite liittyy ja miten?<\/p>\n<p>2) Mik\u00e4 laitteessa toimii? Mit\u00e4 pit\u00e4isi kehitet\u00e4\u00e4n? mm. lainauksia k\u00e4ytt\u00e4jilt\u00e4, n\u00e4ytet\u00e4\u00e4n laitteen toimintaa jne.<\/p>\n<p><strong>Tee hyv\u00e4 k\u00e4sikirjoitus videoprojektistasi<\/strong><br \/>\nMit\u00e4 kuvaat ja miksi?<br \/>\nMik\u00e4 on jokaisen videop\u00e4tk\u00e4n tavoite?<br \/>\nMiten koukutat katsojan?<br \/>\nTuleeko ajatus tarpeeksi ymm\u00e4rrett\u00e4v\u00e4sti esille?<br \/>\nVoitko kuvakulmalla korostaa jotain tietty\u00e4 asiaa videossasi?<br \/>\nTunnetilat -&gt; miten vedota katsojan tunteisiin (kuvakulmat, \u00e4\u00e4net\u2026)<br \/>\nLeikittele ja ole rohkea!<\/p>\n<p>Esimerkki k\u00e4sikirjoituksesta:<\/p>\n<p><img loading=\"lazy\" decoding=\"async\" class=\"alignnone wp-image-562\" src=\"https:\/\/blogi.eoppimispalvelut.fi\/hyvinvointiteknologia2017\/files\/2017\/05\/k\u00e4sikirjoitus-300x212.jpg\" alt=\"\" width=\"394\" height=\"256\" \/><\/p>\n<p><span style=\"color: #0000ff\"><em>*<strong>Esitykset julkaistava blogisivuilla 18.8.2017 menness\u00e4<\/strong>, jotta kaikki ehtiv\u00e4t katsoa niit\u00e4 ja kommentoida <strong>ennen seminaaria 28.8.2017.<\/strong> <\/em><\/span><\/p>\n<p>&nbsp;<\/p>\n<hr \/>\n<p><strong><u>Teht\u00e4v\u00e4 4 (arviointi)<\/u><\/strong><\/p>\n<p><strong>Itsearviointi:<\/strong>\u00a0<em>Itsearviointia voidaan tarkastella oman osaamisen kehitt\u00e4misen ja reflektoinnin n\u00e4k\u00f6kulmasta.\u00a0<strong>Kirjoita n.\u00a01 sivu omasta oppimisesta\/aktiivisuudesta:<\/strong><\/em><\/p>\n<ul>\n<li>Kuinka koet onnistuneesi opintojaksolla ja omassa ryhm\u00e4ss\u00e4?<\/li>\n<li>Miten kuvailisit omaa ty\u00f6skentely\u00e4si ja aktiivisuuttasi opintojaksolla?<\/li>\n<li>Millainen on ollut oma osuutesi ryhm\u00e4n ty\u00f6skentelyn onnistumisessa?<\/li>\n<li>Mit\u00e4 asioita olet kokenut opintojaksolla itsellesi merkityksellesi ja mist\u00e4 opit?<\/li>\n<li>Mit\u00e4 oppimisteht\u00e4v\u00e4t ja i-linkki tapaamiset ovat antaneet sinulle itsellesi sinun oppimista ajatellen?<\/li>\n<li>Onko pedagogiset menetelm\u00e4t ollut mielest\u00e4si oppimisen kannalta relevantteja?<\/li>\n<li>Mit\u00e4 olisit tehnyt toisin?<\/li>\n<li>Olisitko tarvinnut enemm\u00e4n opettajan\/ohjaan roolia?<\/li>\n<li>Mink\u00e4 arvosanan antaisit itsellesi 0-5? Vertaa osaamistasi kriteereihin ja lyhyt perustelu.<\/li>\n<\/ul>\n<p><strong>Ryhm\u00e4arviointi:\u00a0<\/strong><em>Vertaisarviointi on arviointimenetelm\u00e4, jossa ammatillisesti samanvertaiset opiskelijat arvioivat vertaisensa ty\u00f6t\u00e4, yhteisesti sovittujen kriteereiden mukaan. arviointi on ammatillista, ohjauksellista ja rehellist\u00e4.\u00a0<\/em><em>Vertaisarviointi antaa mahdollisuuden niin kollegiaalisen palautteen antamiselle kuin vastaanottamiselle, jossa opiskelijat auttavat itse\u00e4\u00e4n ja toinen toisiaan oppimisen tavoitteiden saavuttamisessa. Kuinka koet onnistuneesi opintojaksolla ja omassa ryhm\u00e4ss\u00e4?\u00a0<\/em><em>Vertaisarvioinnin kautta opiskelijat tutustuvat muiden t\u00f6ihin syv\u00e4llisemmin kuin muutoin Vertaisarvioinnista on hy\u00f6ty\u00e4 opiskelijoille my\u00f6s tulevaisuudessa, koska ty\u00f6el\u00e4m\u00e4ss\u00e4 odotetaan erilaisia ryhm\u00e4ty\u00f6skentelyvalmiuksia esim. projektipalavereissa.\u00a0<strong>Kirjoita n.\u00a01 sivu:<\/strong><\/em><\/p>\n<ul>\n<li>Miten kuvailisit opiskelijakollegasi ty\u00f6skentely\u00e4 ja aktiivisuutta opintojaksolla?<\/li>\n<li>Millainen on ollut kollegasi osuus ryhm\u00e4n ty\u00f6skentelyn onnistumisessa?<\/li>\n<li>Mitk\u00e4 ovat kollegasi vahvuudet. Perustele. (Mit\u00e4 he tekiv\u00e4t hyvin ja miksi)<\/li>\n<li>Heikkoudet. Perustelu.<\/li>\n<li>Ehdotukset. Perustele.<\/li>\n<\/ul>\n<p><span style=\"color: #0000ff\"><em>*Arvioinnit <strong>palautetaan moodleen 31.8.2017 menness\u00e4<\/strong>.<\/em><\/span><\/p>\n<p><strong><span style=\"color: #ff0000\">LINKKI T\u00c4H\u00c4N\u00a0<\/span><\/strong><\/p>\n<p>&nbsp;<\/p>\n<hr \/>\n<p>&nbsp;<\/p>\n<p><strong>Osaamisen tueksi: <\/strong><\/p>\n<p><span style=\"color: #0000ff\"><strong>Jokainen ryhm\u00e4 k\u00e4y lukemassa toisten blogeja ja kommentoimassa seuraavanlaisesti:<\/strong><\/span><\/p>\n<p><strong>Ryhm\u00e4 1<\/strong> seuraa 2,3; <strong>ryhm\u00e4 2<\/strong> seuraa 3,4; <strong>ryhm\u00e4 3<\/strong> seuraa 4,5; <strong>ryhm\u00e4 4<\/strong> seuraa 5,6; <strong>ryhm\u00e4 5<\/strong> seuraa 6,7; <strong>ryhm\u00e4 6 <\/strong>seuraa 7,8; <strong>ryhm\u00e4 7 <\/strong>seuraa 8,9; <strong>ryhm\u00e4 8 <\/strong>seuraa 9,10; <strong>ryhm\u00e4 9 <\/strong>seuraa 10, 1; <strong>ryhm\u00e4 10 <\/strong>seuraa 1.<\/p>\n<p><em>Mielenkiinnon mukaan voitte vierailla my\u00f6s muissa ryhmiss\u00e4 ja saada uusia vaikutteita ja kommentoida.<\/em><\/p>\n","protected":false},"excerpt":{"rendered":"<p>Teht\u00e4v\u00e4 1 Hyvinvointiteknologia (ml. liikuntateknologia ja hoitoteknologia) maailmalla (RYHM\u00c4N\u00c4 JULKAISETTE YHTEENS\u00c4 6 BLOGIA) Etsi oman mielenkiinnon mukaan kirjoituksia\/ohjelmia maailmalta. Yritt\u00e4k\u00e4\u00e4 l\u00f6yt\u00e4\u00e4 tieteellisi\u00e4 artikkeleita ja v\u00e4it\u00f6skirjoja some ja populaarimedian (lehtijutut, tv-ohjelmat, podcastit, ym.) juttujen lis\u00e4ksi. Kirjoita lyhyt blogi, miss\u00e4 kerrot lyhyesti &hellip; <a href=\"https:\/\/blogi.eoppimispalvelut.fi\/hyvinvointiteknologia2017\/tehtavat\/\">Continue reading <span class=\"meta-nav\">&rarr;<\/span><\/a><\/p>\n","protected":false},"author":1824,"featured_media":0,"parent":0,"menu_order":0,"comment_status":"closed","ping_status":"closed","template":"","meta":{"footnotes":""},"class_list":["post-126","page","type-page","status-publish","hentry"],"_links":{"self":[{"href":"https:\/\/blogi.eoppimispalvelut.fi\/hyvinvointiteknologia2017\/wp-json\/wp\/v2\/pages\/126","targetHints":{"allow":["GET"]}}],"collection":[{"href":"https:\/\/blogi.eoppimispalvelut.fi\/hyvinvointiteknologia2017\/wp-json\/wp\/v2\/pages"}],"about":[{"href":"https:\/\/blogi.eoppimispalvelut.fi\/hyvinvointiteknologia2017\/wp-json\/wp\/v2\/types\/page"}],"author":[{"embeddable":true,"href":"https:\/\/blogi.eoppimispalvelut.fi\/hyvinvointiteknologia2017\/wp-json\/wp\/v2\/users\/1824"}],"replies":[{"embeddable":true,"href":"https:\/\/blogi.eoppimispalvelut.fi\/hyvinvointiteknologia2017\/wp-json\/wp\/v2\/comments?post=126"}],"version-history":[{"count":12,"href":"https:\/\/blogi.eoppimispalvelut.fi\/hyvinvointiteknologia2017\/wp-json\/wp\/v2\/pages\/126\/revisions"}],"predecessor-version":[{"id":567,"href":"https:\/\/blogi.eoppimispalvelut.fi\/hyvinvointiteknologia2017\/wp-json\/wp\/v2\/pages\/126\/revisions\/567"}],"wp:attachment":[{"href":"https:\/\/blogi.eoppimispalvelut.fi\/hyvinvointiteknologia2017\/wp-json\/wp\/v2\/media?parent=126"}],"curies":[{"name":"wp","href":"https:\/\/api.w.org\/{rel}","templated":true}]}}