{"id":146,"date":"2017-05-10T09:01:37","date_gmt":"2017-05-10T06:01:37","guid":{"rendered":"https:\/\/blogi.eoppimispalvelut.fi\/hyvinvointiteknologia2017\/?page_id=146"},"modified":"2017-08-28T17:44:36","modified_gmt":"2017-08-28T14:44:36","slug":"ryhmat","status":"publish","type":"page","link":"https:\/\/blogi.eoppimispalvelut.fi\/hyvinvointiteknologia2017\/ryhmat\/","title":{"rendered":"Ryhm\u00e4t"},"content":{"rendered":"<p><span style=\"color: #000000\"><strong>Ryhm\u00e4 1<\/strong><\/span><\/p>\n<p><span style=\"color: #000000\">Sini Stenius,<\/span><br \/>\n<span style=\"color: #000000\"> Minna Suoper\u00e4,<\/span><br \/>\n<span style=\"color: #000000\"> Svanberg Marja-Leena<\/span><\/p>\n<hr \/>\n<p><span style=\"color: #000000\"><strong>Ryhm\u00e4 2<\/strong><\/span><br \/>\n<span style=\"color: #000000\"> Maarit Nevala,<\/span><br \/>\n<span style=\"color: #000000\"> Ylikitti Henna<\/span><\/p>\n<hr \/>\n<p><span style=\"color: #000000\"><strong>Ryhm\u00e4 3<\/strong><\/span><\/p>\n<p><span style=\"color: #000000\">Alatalo-Keskitalo Jessica,<\/span><br \/>\n<span style=\"color: #000000\"> Porkka-Karjalainen Pauliina,<\/span><br \/>\n<span style=\"color: #000000\"> Sundvik Johanna<\/span><\/p>\n<hr \/>\n<p><span style=\"color: #000000\"><strong>Ryhm\u00e4 4<\/strong><\/span><\/p>\n<p><span style=\"color: #000000\">Katri Huhtala,<\/span><br \/>\n<span style=\"color: #000000\"> Riikka Korhonen-Huttunen,<\/span><br \/>\n<span style=\"color: #000000\"> Jaana Kreivi-Lepp\u00e4nen<\/span><\/p>\n<hr \/>\n<p><span style=\"color: #000000\"><strong>Ryhm\u00e4 5<\/strong><\/span><\/p>\n<p><span style=\"color: #000000\">Karoliina Lappalaien,<\/span><br \/>\n<span style=\"color: #000000\"> Riikka Peura,<\/span><br \/>\n<span style=\"color: #000000\"> Mervi Tuohimaa<\/span><\/p>\n<hr \/>\n<p><span style=\"color: #000000\"><strong>Ryhm\u00e4 6<\/strong><\/span><\/p>\n<p><span style=\"color: #000000\">Paula Anttila,<\/span><br \/>\n<span style=\"color: #000000\"> Elisa H\u00f6gman,<\/span><\/p>\n<hr \/>\n<p><span style=\"color: #000000\"><strong>Ryhm\u00e4 7<\/strong><\/span><\/p>\n<p><span style=\"color: #000000\">Tero Nikkarinen,<\/span><br \/>\n<span style=\"color: #000000\"> Anna Mursu,<\/span><br \/>\n<span style=\"color: #000000\"> Pia Viitala<\/span><\/p>\n<hr \/>\n<p><span style=\"color: #000000\"><strong>Ryhm\u00e4 8<\/strong><\/span><\/p>\n<p><span style=\"color: #000000\">Julia Kampman, julia.kampman@kamk.fi<\/span><br \/>\n<span style=\"color: #000000\"> Emma Leinonen,emmaleinonen@kamk.fi<\/span><br \/>\n<span style=\"color: #000000\"> Henna Salom\u00e4ki,hennasalomaki1@kamk.fi<\/span><br \/>\n<span style=\"color: #000000\"> Atte Haataja, attehaataja@kamk.fi<\/span><\/p>\n<hr \/>\n<p><span style=\"color: #000000\"><strong>Ryhm\u00e4 9<\/strong><\/span><\/p>\n<p><span style=\"color: #000000\">Toni Ojala toniojala@kamk.fi<\/span><br \/>\n<span style=\"color: #000000\"> Eeva Tallqvist eevatallqvist@kamk.fi<\/span><\/p>\n<hr \/>\n<p><span style=\"color: #000000\"><strong>Ryhm\u00e4 10<\/strong><\/span><\/p>\n<p><span style=\"color: #000000\">Siv Aro, sivaro@kamk.fi<\/span><\/p>\n<p>&nbsp;<\/p>\n","protected":false},"excerpt":{"rendered":"<p>Ryhm\u00e4 1 Sini Stenius, Minna Suoper\u00e4, Svanberg Marja-Leena Ryhm\u00e4 2 Maarit Nevala, Ylikitti Henna Ryhm\u00e4 3 Alatalo-Keskitalo Jessica, Porkka-Karjalainen Pauliina, Sundvik Johanna Ryhm\u00e4 4 Katri Huhtala, Riikka Korhonen-Huttunen, Jaana Kreivi-Lepp\u00e4nen Ryhm\u00e4 5 Karoliina Lappalaien, Riikka Peura, Mervi Tuohimaa Ryhm\u00e4 6 &hellip; <a href=\"https:\/\/blogi.eoppimispalvelut.fi\/hyvinvointiteknologia2017\/ryhmat\/\">Continue reading <span class=\"meta-nav\">&rarr;<\/span><\/a><\/p>\n","protected":false},"author":1824,"featured_media":0,"parent":0,"menu_order":0,"comment_status":"closed","ping_status":"closed","template":"","meta":{"footnotes":""},"class_list":["post-146","page","type-page","status-publish","hentry"],"_links":{"self":[{"href":"https:\/\/blogi.eoppimispalvelut.fi\/hyvinvointiteknologia2017\/wp-json\/wp\/v2\/pages\/146","targetHints":{"allow":["GET"]}}],"collection":[{"href":"https:\/\/blogi.eoppimispalvelut.fi\/hyvinvointiteknologia2017\/wp-json\/wp\/v2\/pages"}],"about":[{"href":"https:\/\/blogi.eoppimispalvelut.fi\/hyvinvointiteknologia2017\/wp-json\/wp\/v2\/types\/page"}],"author":[{"embeddable":true,"href":"https:\/\/blogi.eoppimispalvelut.fi\/hyvinvointiteknologia2017\/wp-json\/wp\/v2\/users\/1824"}],"replies":[{"embeddable":true,"href":"https:\/\/blogi.eoppimispalvelut.fi\/hyvinvointiteknologia2017\/wp-json\/wp\/v2\/comments?post=146"}],"version-history":[{"count":15,"href":"https:\/\/blogi.eoppimispalvelut.fi\/hyvinvointiteknologia2017\/wp-json\/wp\/v2\/pages\/146\/revisions"}],"predecessor-version":[{"id":909,"href":"https:\/\/blogi.eoppimispalvelut.fi\/hyvinvointiteknologia2017\/wp-json\/wp\/v2\/pages\/146\/revisions\/909"}],"wp:attachment":[{"href":"https:\/\/blogi.eoppimispalvelut.fi\/hyvinvointiteknologia2017\/wp-json\/wp\/v2\/media?parent=146"}],"curies":[{"name":"wp","href":"https:\/\/api.w.org\/{rel}","templated":true}]}}