{"id":149,"date":"2017-05-10T09:10:18","date_gmt":"2017-05-10T06:10:18","guid":{"rendered":"https:\/\/blogi.eoppimispalvelut.fi\/hyvinvointiteknologia2017\/?page_id=149"},"modified":"2017-05-10T09:10:18","modified_gmt":"2017-05-10T06:10:18","slug":"yleista","status":"publish","type":"page","link":"https:\/\/blogi.eoppimispalvelut.fi\/hyvinvointiteknologia2017\/yleista\/","title":{"rendered":"Yleist\u00e4"},"content":{"rendered":"<p><strong>Oppimisteht\u00e4v\u00e4t tukevat hyvinvointiteknologian teemoja:<\/strong><\/p>\n<p>Hyvinvointiteknologian n\u00e4k\u00f6kulma ja sovellukset<\/p>\n<ul>\n<li>terveyden,<\/li>\n<li>liikunnan<\/li>\n<li>hyvinvoinnin edist\u00e4misess\u00e4<\/li>\n<li>palvelumuotoilu hyvinvointiteknologian suunnittelussa ja toteutuksessa.<\/li>\n<\/ul>\n<p>Liikunta- ja hyvinvointiteknologia on yksi kasvavista teknologia-alueista maailmanlaajuisesti. Sosiaali- ja terveydenhoitoalan n\u00e4k\u00f6kulmasta hyvinvointiteknologialla tarkoitetaan nykyaikaisen teknologian hy\u00f6dynt\u00e4mist\u00e4 ihmisen toimintakyvyn ja terveyden edist\u00e4miseksi ja yll\u00e4pit\u00e4miseksi sek\u00e4 omien ty\u00f6prosessien auttamista uusilla teknologisilla v\u00e4lineill\u00e4.<\/p>\n<p><strong>Osaamistavoitteet:\u00a0<\/strong><\/p>\n<p>Opiskelija:<\/p>\n<ol>\n<li>Osaa arvioida teknologian tarjoamia mahdollisuuksia hyvinvoinnin ja terveyden edist\u00e4misess\u00e4<\/li>\n<li>Osaa soveltaa teknologiapohjaisia hyvinvointipalveluiden kehitt\u00e4misen mahdollisuuksia ja innovaatioita<\/li>\n<li>Osaa arvioida teknologisia sovelluksia erilaisissa hyvinvointipalveluiden konteksteissa<\/li>\n<li>Osaa arvioida ja kehitt\u00e4\u00e4 palveluita ja toimintoja asiakasl\u00e4ht\u00f6isyyden n\u00e4k\u00f6kulmasta ja asiakkaan hyvinvointiin vaikuttaen.<\/li>\n<\/ol>\n<p>&nbsp;<\/p>\n<p><strong>Arviointi:<\/strong><\/p>\n<p>Opintojakso arvioidaan asteikolla 0-5.Numeraalisesti arvioitavat tuotokset = Blogikirjoistukset ja videopresentaatio sek\u00e4 itse- ja vertaisarviointi.<\/p>\n<p>Osaamisen arviointikriteerit Tyydytt\u00e4v\u00e4 T 1-2Hyv\u00e4 3-4Kiitett\u00e4v\u00e4 K5<\/p>\n<p>1 =Tuottaa ja arvioi hyvinvointiteknologiaan liittyv\u00e4\u00e4 tietoa laaja-alaisesti ty\u00f6el\u00e4m\u00e4n asiantuntijuuttaan kehitt\u00e4en.<\/p>\n<p>2 =Hy\u00f6dynt\u00e4\u00e4 kotimaisia ja kansainv\u00e4lisi\u00e4 tietol\u00e4hteit\u00e4 kriittisesti, laaja-alaisesti ja monipuolisesti<\/p>\n<p>3 =Kehitt\u00e4\u00e4 oman yksikk\u00f6ns\u00e4 palvelu- ja asiakasprosesseja hyvinvointiteknologian n\u00e4k\u00f6kulmasta vastuullisesti eri n\u00e4k\u00f6kulmia huomioon ottaen.<\/p>\n<p>4 = Osallistaa asiantuntijana ryhm\u00e4n j\u00e4seni\u00e4 hyvinvointiteknologian kehitt\u00e4misess\u00e4 ja toimii yhteistoiminnassa henkil\u00f6st\u00f6n ja asiakkaiden kanssa<\/p>\n<p>5 = Viestii selke\u00e4sti ja analyyttisesti sek\u00e4 suullisesti, videoin ett\u00e4 kirjallisesti.<\/p>\n<p>&nbsp;<\/p>\n<p><strong>Kirjallisuutta:<\/strong><\/p>\n<ol>\n<li>Et\u00e4isyys ei ole este: HYTeklan<\/li>\n<li>The integration and<\/li>\n<li>Tunnisteteknologiaa hyv\u00f6dyntyv\u00e4t oppimiskonsepti p\u00e4iv\u00e4kotiymp\u00e4rist\u00f6ss\u00e4<\/li>\n<li>\u00c4lyvaatteen kehityskaari ja \u00e4lyk\u00e4s potilasvaate<\/li>\n<li>Future devise<\/li>\n<li>Hyvinvointitknologa sosiaali- ja terveysalalla, hy\u00f6ty<\/li>\n<\/ol>\n","protected":false},"excerpt":{"rendered":"<p>Oppimisteht\u00e4v\u00e4t tukevat hyvinvointiteknologian teemoja: Hyvinvointiteknologian n\u00e4k\u00f6kulma ja sovellukset terveyden, liikunnan hyvinvoinnin edist\u00e4misess\u00e4 palvelumuotoilu hyvinvointiteknologian suunnittelussa ja toteutuksessa. Liikunta- ja hyvinvointiteknologia on yksi kasvavista teknologia-alueista maailmanlaajuisesti. Sosiaali- ja terveydenhoitoalan n\u00e4k\u00f6kulmasta hyvinvointiteknologialla tarkoitetaan nykyaikaisen teknologian hy\u00f6dynt\u00e4mist\u00e4 ihmisen toimintakyvyn ja terveyden edist\u00e4miseksi ja &hellip; <a href=\"https:\/\/blogi.eoppimispalvelut.fi\/hyvinvointiteknologia2017\/yleista\/\">Continue reading <span class=\"meta-nav\">&rarr;<\/span><\/a><\/p>\n","protected":false},"author":1824,"featured_media":0,"parent":0,"menu_order":0,"comment_status":"closed","ping_status":"closed","template":"","meta":{"footnotes":""},"class_list":["post-149","page","type-page","status-publish","hentry"],"_links":{"self":[{"href":"https:\/\/blogi.eoppimispalvelut.fi\/hyvinvointiteknologia2017\/wp-json\/wp\/v2\/pages\/149","targetHints":{"allow":["GET"]}}],"collection":[{"href":"https:\/\/blogi.eoppimispalvelut.fi\/hyvinvointiteknologia2017\/wp-json\/wp\/v2\/pages"}],"about":[{"href":"https:\/\/blogi.eoppimispalvelut.fi\/hyvinvointiteknologia2017\/wp-json\/wp\/v2\/types\/page"}],"author":[{"embeddable":true,"href":"https:\/\/blogi.eoppimispalvelut.fi\/hyvinvointiteknologia2017\/wp-json\/wp\/v2\/users\/1824"}],"replies":[{"embeddable":true,"href":"https:\/\/blogi.eoppimispalvelut.fi\/hyvinvointiteknologia2017\/wp-json\/wp\/v2\/comments?post=149"}],"version-history":[{"count":1,"href":"https:\/\/blogi.eoppimispalvelut.fi\/hyvinvointiteknologia2017\/wp-json\/wp\/v2\/pages\/149\/revisions"}],"predecessor-version":[{"id":150,"href":"https:\/\/blogi.eoppimispalvelut.fi\/hyvinvointiteknologia2017\/wp-json\/wp\/v2\/pages\/149\/revisions\/150"}],"wp:attachment":[{"href":"https:\/\/blogi.eoppimispalvelut.fi\/hyvinvointiteknologia2017\/wp-json\/wp\/v2\/media?parent=149"}],"curies":[{"name":"wp","href":"https:\/\/api.w.org\/{rel}","templated":true}]}}