{"id":152,"date":"2017-05-10T09:12:15","date_gmt":"2017-05-10T06:12:15","guid":{"rendered":"https:\/\/blogi.eoppimispalvelut.fi\/hyvinvointiteknologia2017\/?page_id=152"},"modified":"2017-08-23T14:31:58","modified_gmt":"2017-08-23T11:31:58","slug":"ritva","status":"publish","type":"page","link":"https:\/\/blogi.eoppimispalvelut.fi\/hyvinvointiteknologia2017\/ritva\/","title":{"rendered":"Ritva Taipale"},"content":{"rendered":"<hr \/>\n<h1><span style=\"color: #ff00ff\">Kes\u00e4lll\u00e4 2017 bongattu:<\/span><\/h1>\n<h1><a href=\"https:\/\/www.dezeen.com\/2017\/06\/01\/mit-researchers-tattoo-inks-act-health-trackers-design-technology\/\">MIT researchers develop tattoo inks that could act as health trackers<\/a><\/h1>\n<h1><a href=\"http:\/\/www.npr.org\/sections\/health-shots\/2017\/08\/22\/538153337\/smart-pill-bottles-arent-enough-to-help-the-medicine-go-down\">&#8216;Smart&#8217; Pill Bottles Aren&#8217;t Enough To Help The Medicine Go Down<\/a><\/h1>\n<h1><a href=\"http:\/\/www.npr.org\/sections\/13.7\/2017\/07\/17\/537667988\/technology-can-be-a-tool-a-teacher-a-trickster\">Technology Can Be A Tool, A Teacher, A Trickster<\/a><\/h1>\n<h1><a href=\"http:\/\/www.npr.org\/sections\/alltechconsidered\/2017\/08\/14\/541699733\/our-homes-may-get-smarter-but-have-we-thought-it-through\">Our Homes May Get Smarter, But Have We Thought It Through?<\/a><\/h1>\n<h1 id=\"headline\" class=\"headline\"><a href=\"https:\/\/www.nytimes.com\/2017\/08\/09\/business\/heart-and-asthma-monitors-theres-an-app-for-that.html?rref=collection%2Fsectioncollection%2Ftechnology&amp;action=click&amp;contentCollection=technology&amp;region=stream&amp;module=stream_unit&amp;version=latest&amp;contentPlacement=59&amp;pgtype=sectionfront\">Heart and Asthma Monitors? There\u2019s an App for That<\/a><\/h1>\n<hr \/>\n<p><iframe loading=\"lazy\" title=\"Ritvan video Hyvinvointiteknologia 2017\" width=\"584\" height=\"329\" src=\"https:\/\/www.youtube.com\/embed\/cGuERytLrJA?feature=oembed\" frameborder=\"0\" allow=\"accelerometer; autoplay; clipboard-write; encrypted-media; gyroscope; picture-in-picture; web-share\" referrerpolicy=\"strict-origin-when-cross-origin\" allowfullscreen><\/iframe><\/p>\n<p>ritva.taipale@kamk.fi<\/p>\n<hr \/>\n<p><strong>Lukekaa:<\/strong><\/p>\n<p><a href=\"http:\/\/www.lts.fi\/sites\/default\/files\/page_attachment\/lt_5-14_12-17_lowres.pdf\">Moilanen P (2014) <em>Kannustin, koriste vai kuntoilijan kaveri? Liikuntateknologia on yh\u00e4 useamman arkea<\/em>. Liikunta &amp; Tiede 51(5): 12-17.<\/a><\/p>\n<p>Valleala R, Nurkkala V-M, Kalermo-Poranen J, Hakkarainen A ja Linnamo V. (2016) Teknologian maholllisuuksia. Kirjassa\u00a0Huippu-urheiluvalmennus teoria ja k\u00e4yt\u00e4nt\u00f6 p\u00e4ivitt\u00e4isvalmennuksessa (eds.\u00a0Meo A, Nummela A, Kalaja S ja H\u00e4kkinen K.) VK-Kustannus Oy. 603-622.<\/p>\n<p><a href=\"https:\/\/vttblog.com\/2016\/08\/04\/korvaako-urheiluteknologia-valmentajan\/\">Alahuhta P (2016) \u00a0Korvaako urheiluteknologia valmentajan?<\/a><\/p>\n<hr \/>\n<p><strong>Webinaarin ohjelma 13.6.2017<\/strong><\/p>\n<p><strong><a href=\"https:\/\/edukainuu-my.sharepoint.com\/personal\/ritva_taipale_kamk_fi\/_layouts\/15\/guestaccess.aspx?docid=0970049b3ec2748acb980c65be6027d79&amp;authkey=Aa3vi0-G9PpnDbaPA1mIxxs\">Linkki PowerPoint esitykseen<\/a><\/strong><\/p>\n<p>1630 Tervetuloa (muistutuksia + oppimisk\u00e4ynti vaihtoehto)<\/p>\n<p>16.40 Lyhyt luento (+ keskustelu) + Mit\u00e4 l\u00f6ytyy blogista?<\/p>\n<p>17.30 Mik\u00e4li ei ole kysytt\u00e4v\u00e4\u00e4\/kommentoitavaa -&gt; Hyv\u00e4\u00e4 kes\u00e4\u00e4!<\/p>\n<p>&nbsp;<\/p>\n<hr \/>\n<p><strong>Oppimisk\u00e4ynti vaihtoehto (Vuokatissa):<\/strong><\/p>\n<h2><a href=\"http:\/\/www.vuokattisport.fi\/tilat-ja-palvelut\/tilat-ja-palvelut-etusivu\/yhteystiedot2\/uutiset\/uutiset\/seminaari--paaseeko-teknologian-avulla-palkintopallille-talviurheilussa-\">Seminaari: P\u00e4\u00e4seek\u00f6 teknologian avulla palkintopallille talviurheilussa?<\/a><\/h2>\n<p>&nbsp;<\/p>\n<p>&nbsp;<\/p>\n<h1><\/h1>\n<p>&nbsp;<\/p>\n","protected":false},"excerpt":{"rendered":"<p>Kes\u00e4lll\u00e4 2017 bongattu: MIT researchers develop tattoo inks that could act as health trackers &#8216;Smart&#8217; Pill Bottles Aren&#8217;t Enough To Help The Medicine Go Down Technology Can Be A Tool, A Teacher, A Trickster Our Homes May Get Smarter, But &hellip; <a href=\"https:\/\/blogi.eoppimispalvelut.fi\/hyvinvointiteknologia2017\/ritva\/\">Continue reading <span class=\"meta-nav\">&rarr;<\/span><\/a><\/p>\n","protected":false},"author":1824,"featured_media":0,"parent":0,"menu_order":0,"comment_status":"closed","ping_status":"closed","template":"","meta":{"footnotes":""},"class_list":["post-152","page","type-page","status-publish","hentry"],"_links":{"self":[{"href":"https:\/\/blogi.eoppimispalvelut.fi\/hyvinvointiteknologia2017\/wp-json\/wp\/v2\/pages\/152","targetHints":{"allow":["GET"]}}],"collection":[{"href":"https:\/\/blogi.eoppimispalvelut.fi\/hyvinvointiteknologia2017\/wp-json\/wp\/v2\/pages"}],"about":[{"href":"https:\/\/blogi.eoppimispalvelut.fi\/hyvinvointiteknologia2017\/wp-json\/wp\/v2\/types\/page"}],"author":[{"embeddable":true,"href":"https:\/\/blogi.eoppimispalvelut.fi\/hyvinvointiteknologia2017\/wp-json\/wp\/v2\/users\/1824"}],"replies":[{"embeddable":true,"href":"https:\/\/blogi.eoppimispalvelut.fi\/hyvinvointiteknologia2017\/wp-json\/wp\/v2\/comments?post=152"}],"version-history":[{"count":23,"href":"https:\/\/blogi.eoppimispalvelut.fi\/hyvinvointiteknologia2017\/wp-json\/wp\/v2\/pages\/152\/revisions"}],"predecessor-version":[{"id":902,"href":"https:\/\/blogi.eoppimispalvelut.fi\/hyvinvointiteknologia2017\/wp-json\/wp\/v2\/pages\/152\/revisions\/902"}],"wp:attachment":[{"href":"https:\/\/blogi.eoppimispalvelut.fi\/hyvinvointiteknologia2017\/wp-json\/wp\/v2\/media?parent=152"}],"curies":[{"name":"wp","href":"https:\/\/api.w.org\/{rel}","templated":true}]}}