{"id":156,"date":"2017-05-10T09:12:50","date_gmt":"2017-05-10T06:12:50","guid":{"rendered":"https:\/\/blogi.eoppimispalvelut.fi\/hyvinvointiteknologia2017\/?page_id=156"},"modified":"2017-06-23T11:20:59","modified_gmt":"2017-06-23T08:20:59","slug":"mira-alhonsuo","status":"publish","type":"page","link":"https:\/\/blogi.eoppimispalvelut.fi\/hyvinvointiteknologia2017\/mira-alhonsuo\/","title":{"rendered":"Mira Alhonsuo"},"content":{"rendered":"<p>Heippahei kaikille!<\/p>\n<p>Olen Mira Alhonsuo, Lapin yliopiston Taiteiden tiedekunnasta ja valmistunut Taiteen maisteriksi 2014 Teollisen muotoilun koulutusohjelmasta, jossa valitsin tieni palvelumuotoilun pariin. Olen kuluneet nelj\u00e4 vuotta keskittynyt p\u00e4\u00e4s\u00e4\u00e4nt\u00f6isesti terveydenhuollon palveluihin ja niiden tutkimiseen sek\u00e4 kehitt\u00e4miseen muotoiliun menetelmill\u00e4. T\u00e4ll\u00e4 hetkell\u00e4 ty\u00f6skentelen palvelumuotoilijana ja jatko-opiskelijana CRICS-hankkeessa (Critical Communication, Safety and Human-centred Services of the Future), jossa minun ty\u00f6maanani on tarkastella tulevaisuuden sairaalapalveluita.<\/p>\n<p><img loading=\"lazy\" decoding=\"async\" class=\"alignnone size-medium wp-image-571\" src=\"https:\/\/blogi.eoppimispalvelut.fi\/hyvinvointiteknologia2017\/files\/2017\/05\/Mira-Alhuonsuo-480x480_2-300x300.jpg\" alt=\"\" width=\"300\" height=\"300\" srcset=\"https:\/\/blogi.eoppimispalvelut.fi\/hyvinvointiteknologia2017\/files\/2017\/05\/Mira-Alhuonsuo-480x480_2-300x300.jpg 300w, https:\/\/blogi.eoppimispalvelut.fi\/hyvinvointiteknologia2017\/files\/2017\/05\/Mira-Alhuonsuo-480x480_2-150x150.jpg 150w, https:\/\/blogi.eoppimispalvelut.fi\/hyvinvointiteknologia2017\/files\/2017\/05\/Mira-Alhuonsuo-480x480_2.jpg 480w\" sizes=\"auto, (max-width: 300px) 100vw, 300px\" \/><\/p>\n<p>Mukavaa kes\u00e4\u00e4 kaikille ja iloa opiskeluun!<\/p>\n<p>Terveisin, Mira Alhonsuo \/\/ mira.alhonsuo(at)ulapland.fi<\/p>\n","protected":false},"excerpt":{"rendered":"<p>Heippahei kaikille! Olen Mira Alhonsuo, Lapin yliopiston Taiteiden tiedekunnasta ja valmistunut Taiteen maisteriksi 2014 Teollisen muotoilun koulutusohjelmasta, jossa valitsin tieni palvelumuotoilun pariin. Olen kuluneet nelj\u00e4 vuotta keskittynyt p\u00e4\u00e4s\u00e4\u00e4nt\u00f6isesti terveydenhuollon palveluihin ja niiden tutkimiseen sek\u00e4 kehitt\u00e4miseen muotoiliun menetelmill\u00e4. T\u00e4ll\u00e4 hetkell\u00e4 ty\u00f6skentelen &hellip; <a href=\"https:\/\/blogi.eoppimispalvelut.fi\/hyvinvointiteknologia2017\/mira-alhonsuo\/\">Continue reading <span class=\"meta-nav\">&rarr;<\/span><\/a><\/p>\n","protected":false},"author":1824,"featured_media":0,"parent":0,"menu_order":0,"comment_status":"closed","ping_status":"closed","template":"","meta":{"footnotes":""},"class_list":["post-156","page","type-page","status-publish","hentry"],"_links":{"self":[{"href":"https:\/\/blogi.eoppimispalvelut.fi\/hyvinvointiteknologia2017\/wp-json\/wp\/v2\/pages\/156","targetHints":{"allow":["GET"]}}],"collection":[{"href":"https:\/\/blogi.eoppimispalvelut.fi\/hyvinvointiteknologia2017\/wp-json\/wp\/v2\/pages"}],"about":[{"href":"https:\/\/blogi.eoppimispalvelut.fi\/hyvinvointiteknologia2017\/wp-json\/wp\/v2\/types\/page"}],"author":[{"embeddable":true,"href":"https:\/\/blogi.eoppimispalvelut.fi\/hyvinvointiteknologia2017\/wp-json\/wp\/v2\/users\/1824"}],"replies":[{"embeddable":true,"href":"https:\/\/blogi.eoppimispalvelut.fi\/hyvinvointiteknologia2017\/wp-json\/wp\/v2\/comments?post=156"}],"version-history":[{"count":3,"href":"https:\/\/blogi.eoppimispalvelut.fi\/hyvinvointiteknologia2017\/wp-json\/wp\/v2\/pages\/156\/revisions"}],"predecessor-version":[{"id":572,"href":"https:\/\/blogi.eoppimispalvelut.fi\/hyvinvointiteknologia2017\/wp-json\/wp\/v2\/pages\/156\/revisions\/572"}],"wp:attachment":[{"href":"https:\/\/blogi.eoppimispalvelut.fi\/hyvinvointiteknologia2017\/wp-json\/wp\/v2\/media?parent=156"}],"curies":[{"name":"wp","href":"https:\/\/api.w.org\/{rel}","templated":true}]}}