{"id":172,"date":"2017-05-10T12:27:18","date_gmt":"2017-05-10T09:27:18","guid":{"rendered":"https:\/\/blogi.eoppimispalvelut.fi\/hyvinvointiteknologia2017\/?page_id=172"},"modified":"2017-06-13T12:36:21","modified_gmt":"2017-06-13T09:36:21","slug":"kuntosali-ja-kuntotestaus","status":"publish","type":"page","link":"https:\/\/blogi.eoppimispalvelut.fi\/hyvinvointiteknologia2017\/kuntosali-ja-kuntotestaus\/","title":{"rendered":"Kuntosali ja kuntotestaus"},"content":{"rendered":"<p>Voit tehd\u00e4 k\u00e4yt\u00e4nn\u00f6ss\u00e4 mist\u00e4 tahansa kuntosalilaitteesta testauslaite. \u00a0Haluatko seurata miten jalkavoimasi ovat kehittyneet? Varmista, ett\u00e4 kuntosalilaitteen asetukset (esim. selk\u00e4noja) ovat aina samoja ja k\u00e4yt\u00f6 toistuvasti samaa laitetta tekem\u00e4\u00e4n esim. spesivisell\u00e4 kuormalla toistoja uupumukseen asti.<\/p>\n<p>Kuntosalilaitteissa on nyky\u00e4\u00e4n useasti erilaisia ohjelmia \/ mahdollisuus ladata harjoittelun infot omalle k\u00e4nnyk\u00e4lle\/pilvipalveluun.<\/p>\n<hr \/>\n<p><strong>Kuntosali- ja testauslaitteet<\/strong><\/p>\n<p>*<a href=\"http:\/\/www.hur.fi\/fi\">HUR<\/a><\/p>\n<p>*<a href=\"https:\/\/www.fysioline.fi\/\">Fysioline<\/a><\/p>\n<hr \/>\n<p><strong>Erikoisempia testauslaitteita<\/strong><\/p>\n<p>*<a href=\"http:\/\/www.sport.fi\/system\/resources\/W1siZiIsIjIwMTQvMTAvMjEvMTVfMjlfMTlfODM5X09sbGlPaHRvbmVuX0hVX1ZpZXJ1bWFraV9Db2FjaHRlY2gucGRmIl1d\/OlliOhtonen_HU_Vierumaki_Coachtech.pdf\">Coachtech<\/a><\/p>\n","protected":false},"excerpt":{"rendered":"<p>Voit tehd\u00e4 k\u00e4yt\u00e4nn\u00f6ss\u00e4 mist\u00e4 tahansa kuntosalilaitteesta testauslaite. \u00a0Haluatko seurata miten jalkavoimasi ovat kehittyneet? Varmista, ett\u00e4 kuntosalilaitteen asetukset (esim. selk\u00e4noja) ovat aina samoja ja k\u00e4yt\u00f6 toistuvasti samaa laitetta tekem\u00e4\u00e4n esim. spesivisell\u00e4 kuormalla toistoja uupumukseen asti. Kuntosalilaitteissa on nyky\u00e4\u00e4n useasti erilaisia ohjelmia &hellip; <a href=\"https:\/\/blogi.eoppimispalvelut.fi\/hyvinvointiteknologia2017\/kuntosali-ja-kuntotestaus\/\">Continue reading <span class=\"meta-nav\">&rarr;<\/span><\/a><\/p>\n","protected":false},"author":1824,"featured_media":0,"parent":0,"menu_order":0,"comment_status":"closed","ping_status":"closed","template":"","meta":{"footnotes":""},"class_list":["post-172","page","type-page","status-publish","hentry"],"_links":{"self":[{"href":"https:\/\/blogi.eoppimispalvelut.fi\/hyvinvointiteknologia2017\/wp-json\/wp\/v2\/pages\/172","targetHints":{"allow":["GET"]}}],"collection":[{"href":"https:\/\/blogi.eoppimispalvelut.fi\/hyvinvointiteknologia2017\/wp-json\/wp\/v2\/pages"}],"about":[{"href":"https:\/\/blogi.eoppimispalvelut.fi\/hyvinvointiteknologia2017\/wp-json\/wp\/v2\/types\/page"}],"author":[{"embeddable":true,"href":"https:\/\/blogi.eoppimispalvelut.fi\/hyvinvointiteknologia2017\/wp-json\/wp\/v2\/users\/1824"}],"replies":[{"embeddable":true,"href":"https:\/\/blogi.eoppimispalvelut.fi\/hyvinvointiteknologia2017\/wp-json\/wp\/v2\/comments?post=172"}],"version-history":[{"count":3,"href":"https:\/\/blogi.eoppimispalvelut.fi\/hyvinvointiteknologia2017\/wp-json\/wp\/v2\/pages\/172\/revisions"}],"predecessor-version":[{"id":475,"href":"https:\/\/blogi.eoppimispalvelut.fi\/hyvinvointiteknologia2017\/wp-json\/wp\/v2\/pages\/172\/revisions\/475"}],"wp:attachment":[{"href":"https:\/\/blogi.eoppimispalvelut.fi\/hyvinvointiteknologia2017\/wp-json\/wp\/v2\/media?parent=172"}],"curies":[{"name":"wp","href":"https:\/\/api.w.org\/{rel}","templated":true}]}}