{"id":176,"date":"2017-05-10T12:28:04","date_gmt":"2017-05-10T09:28:04","guid":{"rendered":"https:\/\/blogi.eoppimispalvelut.fi\/hyvinvointiteknologia2017\/?page_id=176"},"modified":"2017-05-29T15:19:50","modified_gmt":"2017-05-29T12:19:50","slug":"valmennus","status":"publish","type":"page","link":"https:\/\/blogi.eoppimispalvelut.fi\/hyvinvointiteknologia2017\/valmennus\/","title":{"rendered":"Valmennus \/Personal Training"},"content":{"rendered":"<p><strong>Valmennus \/ Personal Training<\/strong><\/p>\n<hr \/>\n<p><em><strong>Liikeanalyysi\u00e4 varten:<\/strong><\/em> Valmentajat useasti k\u00e4ytt\u00e4v\u00e4t videoanalyysi\u00e4 esim. tekniikkaa hiotessa\/opettaessa. Useimmiten videon p\u00e4\u00e4lle pystyy piirt\u00e4m\u00e4\u00e4n ja\/tai nauhoittamaan palautetta, jotta analyysi\u00e4 voi l\u00e4hett\u00e4\u00e4 esim. s\u00e4hk\u00f6postitse valmennettavalle.<\/p>\n<p><a href=\"https:\/\/www.coachseye.com\/\">Coach&#8217;s eye<\/a><\/p>\n<p><a href=\"https:\/\/www.hudl.com\/\">Hudl<\/a><\/p>\n<p><a href=\"http:\/\/www.dartfish.com\/?df_source=Adwords&amp;utm_source=Adwords&amp;utm_medium=Adwords&amp;utm_campaign=ADWDD&amp;gclid=CMrPz4mK5dMCFRjGsgodKQAPCQ\">Dartfish<\/a><\/p>\n<hr \/>\n<p>*<strong><a href=\"http:\/\/www.fibion.me\/fi\/\">FIBION<\/a>\u00a0<\/strong>&#8211; Istumis- ja arkiaktiivisuusanalyysi. Pid\u00e4t pient\u00e4 mittalaitetta taskussasi viikon ajan ja saat raportin omasta aktiivisuudesta (tai inaktiivisuudesta). Monesti ihmiset harrastavat liikuntaa esim. ty\u00f6n ulkopuolella, mutta t\u00f6iss\u00e4 joko istuvat tai ovat muutenkin staattisessa asennossa pitki\u00e4 jaksoja. Lihakset ja elimist\u00f6 kaipaavat liikett\u00e4 ja t\u00e4m\u00e4n palvelun tarkoitus on auttaa ihmisi\u00e4 hahmottamaan heid\u00e4n inaktiivisuuttaan ja tekem\u00e4\u00e4n muutoksia, jotta terveys ja vireystila paranee. (Fibionin yksi perustajista on kirjoittanut inaktiivisuudesta kirjan <a href=\"http:\/\/www.fitrakauppa.fi\/luomuliikunnan-vallankumous.html\">Luomuliikunann vallankumous<\/a>).<\/p>\n<p><iframe loading=\"lazy\" title=\"Fibion - The Professional Sitting and Activity Analysis.\" width=\"584\" height=\"329\" src=\"https:\/\/www.youtube.com\/embed\/7hKd313m9Ps?feature=oembed\" frameborder=\"0\" allow=\"accelerometer; autoplay; clipboard-write; encrypted-media; gyroscope; picture-in-picture; web-share\" referrerpolicy=\"strict-origin-when-cross-origin\" allowfullscreen><\/iframe><\/p>\n<hr \/>\n<p><em><strong>Liikepankkeja:\u00a0<\/strong><\/em>N\u00e4ist\u00e4 liikepankeista pystyy valitsemaan tietyille lihasryhmille voima-\/lihskuntoharjoittelun liikkeit\u00e4 ja laatimaan ohjelmia esim. asiakkaita varten. Jossain ty\u00f6kaluissa saattaa olla my\u00f6s harjoittelup\u00e4iv\u00e4kirjan k\u00e4ytt\u00f6mahdollisuus.<\/p>\n<p>*<a href=\"http:\/\/www.sportyplanner.fi\/#!\/\">sportyplanner<\/a><\/p>\n<p>*<a href=\"http:\/\/www.physiotools.com\/fi#\">Physiotools<\/a><\/p>\n<hr \/>\n<p><em><strong>Verkkovalmennus:\u00a0<\/strong><\/em>Verkkovalmennus ja muita teknologian avulla toteutetut palvelut liss\u00e4\u00e4ntyv\u00e4t kovaa vauhtia. Haluatko hy\u00f6dynt\u00e4\u00e4 valmentaja X:n osaamista omasta olohuoneesta tai ty\u00f6matkalla? Sopiiko aikatauluusi paremmin ravintoneuvontaa Skypen kautta? Nyky\u00e4\u00e4n tarvitset vain verkkoyhteyden tai mahdollisuus tallentaa videoita\/\u00e4\u00e4nitteit\u00e4 omalle laitteelle.<\/p>\n<p><a href=\"http:\/\/www.negharfonooni.com\/\">Neghar Fonooni<\/a>\u00a0&#8211; Kahvakuula, jooga ja ravinto-ohjeet (ensimm\u00e4inen &#8220;verkkovalmennus&#8221; johon itse tutustuin)<\/p>\n<p>*<strong><a href=\"https:\/\/www.rightonme.fi\/\">RightOnMe<\/a>\u00a0<\/strong>&#8211; Uusi verkkovalmennus (KAMKin omia valmentamassa!)<\/p>\n","protected":false},"excerpt":{"rendered":"<p>Valmennus \/ Personal Training Liikeanalyysi\u00e4 varten: Valmentajat useasti k\u00e4ytt\u00e4v\u00e4t videoanalyysi\u00e4 esim. tekniikkaa hiotessa\/opettaessa. Useimmiten videon p\u00e4\u00e4lle pystyy piirt\u00e4m\u00e4\u00e4n ja\/tai nauhoittamaan palautetta, jotta analyysi\u00e4 voi l\u00e4hett\u00e4\u00e4 esim. s\u00e4hk\u00f6postitse valmennettavalle. Coach&#8217;s eye Hudl Dartfish *FIBION\u00a0&#8211; Istumis- ja arkiaktiivisuusanalyysi. Pid\u00e4t pient\u00e4 mittalaitetta taskussasi &hellip; <a href=\"https:\/\/blogi.eoppimispalvelut.fi\/hyvinvointiteknologia2017\/valmennus\/\">Continue reading <span class=\"meta-nav\">&rarr;<\/span><\/a><\/p>\n","protected":false},"author":1824,"featured_media":0,"parent":0,"menu_order":0,"comment_status":"closed","ping_status":"closed","template":"","meta":{"footnotes":""},"class_list":["post-176","page","type-page","status-publish","hentry"],"_links":{"self":[{"href":"https:\/\/blogi.eoppimispalvelut.fi\/hyvinvointiteknologia2017\/wp-json\/wp\/v2\/pages\/176","targetHints":{"allow":["GET"]}}],"collection":[{"href":"https:\/\/blogi.eoppimispalvelut.fi\/hyvinvointiteknologia2017\/wp-json\/wp\/v2\/pages"}],"about":[{"href":"https:\/\/blogi.eoppimispalvelut.fi\/hyvinvointiteknologia2017\/wp-json\/wp\/v2\/types\/page"}],"author":[{"embeddable":true,"href":"https:\/\/blogi.eoppimispalvelut.fi\/hyvinvointiteknologia2017\/wp-json\/wp\/v2\/users\/1824"}],"replies":[{"embeddable":true,"href":"https:\/\/blogi.eoppimispalvelut.fi\/hyvinvointiteknologia2017\/wp-json\/wp\/v2\/comments?post=176"}],"version-history":[{"count":9,"href":"https:\/\/blogi.eoppimispalvelut.fi\/hyvinvointiteknologia2017\/wp-json\/wp\/v2\/pages\/176\/revisions"}],"predecessor-version":[{"id":317,"href":"https:\/\/blogi.eoppimispalvelut.fi\/hyvinvointiteknologia2017\/wp-json\/wp\/v2\/pages\/176\/revisions\/317"}],"wp:attachment":[{"href":"https:\/\/blogi.eoppimispalvelut.fi\/hyvinvointiteknologia2017\/wp-json\/wp\/v2\/media?parent=176"}],"curies":[{"name":"wp","href":"https:\/\/api.w.org\/{rel}","templated":true}]}}